{"id":3684,"date":"2019-08-19T22:33:07","date_gmt":"2019-08-19T20:33:07","guid":{"rendered":"http:\/\/www.ub.edu\/risknat\/capacitat-formativa\/"},"modified":"2023-07-30T14:00:37","modified_gmt":"2023-07-30T12:00:37","slug":"capacidad-formativa","status":"publish","type":"page","link":"https:\/\/www.ub.edu\/risknat\/capacidad-formativa\/?lang=es","title":{"rendered":"Capacidad formativa"},"content":{"rendered":"<div class=\"fusion-fullwidth fullwidth-box fusion-builder-row-1 nonhundred-percent-fullwidth non-hundred-percent-height-scrolling\" style=\"--awb-background-position:left top;--awb-border-sizes-top:0px;--awb-border-sizes-bottom:0px;--awb-border-sizes-left:0px;--awb-border-sizes-right:0px;--awb-border-radius-top-left:0px;--awb-border-radius-top-right:0px;--awb-border-radius-bottom-right:0px;--awb-border-radius-bottom-left:0px;--awb-padding-top:90px;--awb-padding-bottom:50px;\" ><div class=\"fusion-builder-row fusion-row\"><div class=\"fusion-layout-column fusion_builder_column fusion-builder-column-0 fusion_builder_column_1_6 1_6 fusion-one-sixth fusion-column-first fusion-no-small-visibility\" style=\"--awb-bg-size:cover;width:13.3333%; margin-right: 4%;\"><div class=\"fusion-column-wrapper fusion-flex-column-wrapper-legacy\"><div class=\"fusion-clearfix\"><\/div><\/div><\/div><div class=\"fusion-layout-column fusion_builder_column fusion-builder-column-1 fusion_builder_column_2_3 2_3 fusion-two-third\" style=\"--awb-bg-size:cover;--awb-margin-bottom:30px;width:65.3333%; margin-right: 4%;\"><div class=\"fusion-column-wrapper fusion-flex-column-wrapper-legacy\"><div class=\"fusion-text fusion-text-1\"><p>Uno de los principales factores de cohesi\u00f3n del grupo es la implicaci\u00f3n directa, la coordinaci\u00f3n y la docencia en la especialidad de Riesgos geol\u00f3gicos del m\u00e1ster oficial Recursos minerales y Riesgos geol\u00f3gicos. La docencia se realiza en colaboraci\u00f3n entre la UB y la UAB, y ha sido acreditada por AQU Catalunya como m\u00e1ster de excelencia en 2022. Los miembros de RISKNAT imparten docencia en las asignaturas metodol\u00f3gicas de SIG y Teledetecci\u00f3n y han sido asesores de un m\u00ednimo de 33 trabajos de final de m\u00e1ster (TFM) de 2017 a 2022, algunos de los cuales dieron lugar a publicaciones especializadas. La mayor\u00eda de los miembros de RISKNAT tambi\u00e9n participan en el Programa de Doctorado de Ciencias de la Tierra de la UB, que ha sido distinguido con Menci\u00f3n hacia la Excelencia por el Ministerio de Educaci\u00f3n.<\/p>\n<div class='yrm-content yrm-content-1 yrm-content-hide  ' id='yrm-m41It' data-id='1' data-show-status='false' data-after-action='' style=\"visibility: hidden;height: 0;\">\n\t\t\t<div id='yrm-inner-content-yrm-m41It' class='yrm-inner-content-wrapper yrm-cntent-1'>Participamos en una nueva estructura de master sobre la Direcci\u00f3n Estrat\u00e9gica de Seguridad (Facultad de Derecho, UB) como profesores invitados. En este master coordinamos una asignatura (3 ECTS) titulada Emergencias medioambientales desde el curso 2022-23.<\/p>\n<p>Algunos miembros tambi\u00e9n participan en otros m\u00e1steres como: M\u00e1ster en Ciencia y Gesti\u00f3n Integrada del Agua (UB, coordinado tambi\u00e9n por la Facultad de Ciencias de la Tierra), M\u00e1ster en Gesti\u00f3n de \u00c1reas de Monta\u00f1a (UdL-UB-UAB-) . UdG-URV) y M\u00e1ster de Formaci\u00f3n del Profesorado de Secundaria Obligatoria y Bachillerato, Formaci\u00f3n Profesional y Ense\u00f1anza de Idiomas (UB) y algunos tambi\u00e9n han impartido conferencias en el M\u00e1ster Universitario de Ingenier\u00eda Naval y Oce\u00e1nica, impartido en la Facultad de N\u00e1utica de Barcelona de la UPC y en el curso Observando los polos: pasado, presente y futuro de la Universidad Internacional Menedez Pelayo (UIMP).<\/p>\n<p>Los miembros del grupo tambi\u00e9n han participado en redes de formaci\u00f3n innovadoras Marie Sk\u0142odowska-Curie financiadas por la CE, como SLATE (https:\/\/www.itn-slate.eu\/), donde 15 estudiantes internacionales completaron un doctorado con un enfoque com\u00fan en los peligros geol\u00f3gicos en alta mar. Tambi\u00e9n han impartido cursos espec\u00edficos sobre riesgos geol\u00f3gicos en alta mar en Corea.<\/div>\n\t\t<\/div><div class='yrm-btn-wrapper yrm-btn-wrapper-1 yrm-more-button-wrapper  '\n\t\tdata-custom-more-class-name='' data-custom-less-class-name=''><span title='' data-less-title='' data-more-title='' class='yrm-toggle-expand  yrm-toggle-expand-1 ' data-rel='yrm-m41It' data-more='m\u00e1s texto' data-less='menos texto'><span class='yrm-text-wrapper yrm-text-wrapper-custom-dimensions'><span class=\"yrm-button-text-1 yrm-button-text-span\">m\u00e1s texto<\/span><\/span><\/span><\/div>\n<p>Uno de los retos de RISKNAT es hacer que nuestros resultados reviertan en los an\u00e1lisis de peligrosidad y, para ello, buscamos la formaci\u00f3n de j\u00f3venes investigadores tanto en el suministro de datos sobre los par\u00e1metros relacionados con los procesos como en el an\u00e1lisis de peligros (por ejemplo, el consorcio del grupo Fault2Sha ILP, y la red europea de formaci\u00f3n en ITN SLATE).<\/p>\n<\/div><div class=\"fusion-clearfix\"><\/div><\/div><\/div><div class=\"fusion-layout-column fusion_builder_column fusion-builder-column-2 fusion_builder_column_1_6 1_6 fusion-one-sixth fusion-column-last fusion-no-small-visibility\" style=\"--awb-bg-size:cover;width:13.3333%;\"><div class=\"fusion-column-wrapper fusion-flex-column-wrapper-legacy\"><div class=\"fusion-sep-clear\"><\/div><div class=\"fusion-separator fusion-full-width-sep\" style=\"margin-left: auto;margin-right: auto;margin-top:20px;width:100%;\"><\/div><div class=\"fusion-sep-clear\"><\/div><div class=\"fusion-clearfix\"><\/div><\/div><\/div><\/div><\/div>\n","protected":false},"excerpt":{"rendered":"","protected":false},"author":1,"featured_media":0,"parent":0,"menu_order":0,"comment_status":"closed","ping_status":"closed","template":"100-width.php","meta":{"footnotes":""},"class_list":["post-3684","page","type-page","status-publish","hentry"],"_links":{"self":[{"href":"https:\/\/www.ub.edu\/risknat\/wp-json\/wp\/v2\/pages\/3684","targetHints":{"allow":["GET"]}}],"collection":[{"href":"https:\/\/www.ub.edu\/risknat\/wp-json\/wp\/v2\/pages"}],"about":[{"href":"https:\/\/www.ub.edu\/risknat\/wp-json\/wp\/v2\/types\/page"}],"author":[{"embeddable":true,"href":"https:\/\/www.ub.edu\/risknat\/wp-json\/wp\/v2\/users\/1"}],"replies":[{"embeddable":true,"href":"https:\/\/www.ub.edu\/risknat\/wp-json\/wp\/v2\/comments?post=3684"}],"version-history":[{"count":12,"href":"https:\/\/www.ub.edu\/risknat\/wp-json\/wp\/v2\/pages\/3684\/revisions"}],"predecessor-version":[{"id":5435,"href":"https:\/\/www.ub.edu\/risknat\/wp-json\/wp\/v2\/pages\/3684\/revisions\/5435"}],"wp:attachment":[{"href":"https:\/\/www.ub.edu\/risknat\/wp-json\/wp\/v2\/media?parent=3684"}],"curies":[{"name":"wp","href":"https:\/\/api.w.org\/{rel}","templated":true}]}}