{"id":4413,"date":"2023-03-01T17:50:58","date_gmt":"2023-03-01T16:50:58","guid":{"rendered":"http:\/\/www.ub.edu\/risknat\/?page_id=4413"},"modified":"2023-07-27T01:40:53","modified_gmt":"2023-07-26T23:40:53","slug":"sistemes-daigues-subterranies-en-zones-marines","status":"publish","type":"page","link":"https:\/\/www.ub.edu\/risknat\/sistemes-daigues-subterranies-en-zones-marines\/","title":{"rendered":"Sistemes d&#8217;aig\u00fces subterr\u00e0nies en zones marines"},"content":{"rendered":"<p><div class=\"fusion-fullwidth fullwidth-box fusion-builder-row-1 nonhundred-percent-fullwidth non-hundred-percent-height-scrolling\" style=\"--awb-background-position:left top;--awb-border-sizes-top:0px;--awb-border-sizes-bottom:0px;--awb-border-sizes-left:0px;--awb-border-sizes-right:0px;--awb-border-radius-top-left:0px;--awb-border-radius-top-right:0px;--awb-border-radius-bottom-right:0px;--awb-border-radius-bottom-left:0px;--awb-padding-top:90px;--awb-padding-bottom:50px;\" ><div class=\"fusion-builder-row fusion-row\"><div class=\"fusion-layout-column fusion_builder_column fusion-builder-column-0 fusion_builder_column_1_6 1_6 fusion-one-sixth fusion-column-first fusion-no-small-visibility\" style=\"--awb-bg-blend:overlay;--awb-bg-size:cover;width:13.3333%; margin-right: 4%;\"><div class=\"fusion-column-wrapper fusion-flex-column-wrapper-legacy\"><div class=\"fusion-clearfix\"><\/div><\/div><\/div><div class=\"fusion-layout-column fusion_builder_column fusion-builder-column-1 fusion_builder_column_2_3 2_3 fusion-two-third\" style=\"--awb-bg-blend:overlay;--awb-bg-size:cover;--awb-margin-bottom:30px;width:65.3333%; margin-right: 4%;\"><div class=\"fusion-column-wrapper fusion-flex-column-wrapper-legacy\"><div class=\"fusion-text fusion-text-1\"><p>Els sistemes d&#8217;aig\u00fces subterr\u00e0nies en zones submarines (OGS) es poden considerar un recurs. Tot i aix\u00f2, quan estan contaminats, tamb\u00e9 poden representar un perill a causa del transport cap a la plataforma continental de nutrients, metalls, carboni, microbis, etc.<\/p>\n<\/div><div class=\"fusion-clearfix\"><\/div><\/div><\/div><div class=\"fusion-layout-column fusion_builder_column fusion-builder-column-2 fusion_builder_column_1_6 1_6 fusion-one-sixth fusion-column-last fusion-no-small-visibility\" style=\"--awb-bg-blend:overlay;--awb-bg-size:cover;width:13.3333%;\"><div class=\"fusion-column-wrapper fusion-flex-column-wrapper-legacy\"><div class=\"fusion-clearfix\"><\/div><\/div><\/div><div class=\"fusion-layout-column fusion_builder_column fusion-builder-column-3 fusion_builder_column_1_6 1_6 fusion-one-sixth fusion-column-first fusion-no-small-visibility\" style=\"--awb-bg-blend:overlay;--awb-bg-size:cover;width:13.3333%; margin-right: 4%;\"><div class=\"fusion-column-wrapper fusion-flex-column-wrapper-legacy\"><div class=\"fusion-clearfix\"><\/div><\/div><\/div><div class=\"fusion-layout-column fusion_builder_column fusion-builder-column-4 fusion_builder_column_2_3 2_3 fusion-two-third\" style=\"--awb-bg-blend:overlay;--awb-bg-size:cover;--awb-margin-bottom:30px;width:65.3333%; margin-right: 4%;\"><div class=\"fusion-column-wrapper fusion-flex-column-wrapper-legacy\"><div class=\"fusion-text fusion-text-2\"><p><b>Objectius<\/b><\/p>\n<p>1) determinar fins a quin punt l&#8217;explotaci\u00f3 de sistemes d&#8217;aig\u00fces subterr\u00e0nies en zones submarines (OGS) podria afectar els ecosistemes costaners i avaluar-ne la geometria, la distribuci\u00f3, les caracter\u00edstiques i la din\u00e0mica de flux.<\/p>\n<p>2) entendre l&#8217;efecte dels lixiviats transportats pels abocaments d&#8217;aig\u00fces subterr\u00e0nies submarines a la plataforma continental i el seu efecte potencial sobre l&#8217;ecosistema submar\u00ed. Apuntem a diversos llocs d&#8217;estudi al mar Mediterrani.<\/p>\n<\/div><div class=\"fusion-clearfix\"><\/div><\/div><\/div><div class=\"fusion-layout-column fusion_builder_column fusion-builder-column-5 fusion_builder_column_1_6 1_6 fusion-one-sixth fusion-column-last fusion-no-small-visibility\" style=\"--awb-bg-blend:overlay;--awb-bg-size:cover;width:13.3333%;\"><div class=\"fusion-column-wrapper fusion-flex-column-wrapper-legacy\"><div class=\"fusion-clearfix\"><\/div><\/div><\/div><div class=\"fusion-layout-column fusion_builder_column fusion-builder-column-6 fusion_builder_column_1_6 1_6 fusion-one-sixth fusion-column-first fusion-no-small-visibility\" style=\"--awb-bg-blend:overlay;--awb-bg-size:cover;width:13.3333%; margin-right: 4%;\"><div class=\"fusion-column-wrapper fusion-flex-column-wrapper-legacy\"><div class=\"fusion-clearfix\"><\/div><\/div><\/div><div class=\"fusion-layout-column fusion_builder_column fusion-builder-column-7 fusion_builder_column_2_3 2_3 fusion-two-third\" style=\"--awb-bg-blend:overlay;--awb-bg-size:cover;--awb-margin-bottom:30px;width:65.3333%; margin-right: 4%;\"><div class=\"fusion-column-wrapper fusion-flex-column-wrapper-legacy\"><div class=\"fusion-text fusion-text-3\"><p><strong style=\"color: var(--awb-text-color); font-family: var(--awb-text-font-family); font-size: var(--awb-font-size); font-style: var(--awb-text-font-style); letter-spacing: var(--awb-letter-spacing); text-align: var(--awb-content-alignment); text-transform: var(--awb-text-transform); background-color: var(--awb-bg-color);\">Col\u00b7laboracions<\/strong><\/p>\n<div class='yrm-content yrm-content-1 yrm-content-hide  ' id='yrm-PiXhf' data-id='1' data-show-status='false' data-after-action='' style=\"visibility: hidden;height: 0;\">\n\t\t\t<div id='yrm-inner-content-yrm-PiXhf' class='yrm-inner-content-wrapper yrm-cntent-1'>La nostra recerca es beneficia d&#8217;esfor\u00e7os col\u00b7laboratius multidisciplinaris transfronterers a trav\u00e9s del projecte SHAREMED finan\u00e7at per INTERREG. En col\u00b7laboraci\u00f3 amb OGS, U. Malta, MIO, NIB i altres socis, hem desenvolupat un <em>Atles d&#8217;amenaces i riscos per al medi ambient del mar Mediterrani<\/em> i estem desenvolupant un sistema d&#8217;observaci\u00f3 per modelar el transport de contaminants i nutrients. A m\u00e9s, en col\u00b7laboraci\u00f3 amb la Universit\u00e0 ta&#8217; Malta-UM (Aaron Micallef) i Geomar (Marion Jegen, Amir Haroon), hem modelat i quantificat l&#8217;abocament d&#8217;aigua continental a la plataforma continental de Malta. Estem planejant d&#8217;estendre aquest tipus d&#8217;estudi a la costa catalana a trav\u00e9s dels nous projectes finan\u00e7ats per HORIZON AquaINFRA i iCatmar (Institut Catal\u00e0 de Governaci\u00f3 Marina). En el marc d&#8217;AquaINFRA i en col\u00b7laboraci\u00f3 amb el CREAF (Llu\u00eds Pesquer, Kaori Otsu, Ester Prat) i la Universit\u00e0 ta&#8217; Malta-UM (Aaron Micallef), continuem el desenvolupament del model de transport de nutrients i contaminants, centrant-nos en l&#8217;aportaci\u00f3 d&#8217;aig\u00fces fluvials i subterr\u00e0nies. Paral\u00b7lelament a aix\u00f2, Xavier Garcia forma part del comit\u00e8 gestor de l&#8217;acci\u00f3 OFF-SOURCE finan\u00e7ada per COST, que se centra a estudiar el potencial, en quant a recurs, de l&#8217;explotaci\u00f3 de jaciments d&#8217;aigua dol\u00e7a marina.<\/div>\n\t\t<\/div><div class='yrm-btn-wrapper yrm-btn-wrapper-1 yrm-more-button-wrapper  '\n\t\tdata-custom-more-class-name='' data-custom-less-class-name=''><span title='' data-less-title='' data-more-title='' class='yrm-toggle-expand  yrm-toggle-expand-1 ' data-rel='yrm-PiXhf' data-more='m\u00e9s text' data-less='menys text'><span class='yrm-text-wrapper yrm-text-wrapper-custom-dimensions'><span class=\"yrm-button-text-1 yrm-button-text-span\">m\u00e9s text<\/span><\/span><\/span><\/div>\n<\/div><div class=\"fusion-clearfix\"><\/div><\/div><\/div><div class=\"fusion-layout-column fusion_builder_column fusion-builder-column-8 fusion_builder_column_1_6 1_6 fusion-one-sixth fusion-column-last fusion-no-small-visibility\" style=\"--awb-bg-blend:overlay;--awb-bg-size:cover;width:13.3333%;\"><div class=\"fusion-column-wrapper fusion-flex-column-wrapper-legacy\"><div class=\"fusion-clearfix\"><\/div><\/div><\/div><div class=\"fusion-layout-column fusion_builder_column fusion-builder-column-9 fusion_builder_column_1_6 1_6 fusion-one-sixth fusion-column-first fusion-no-small-visibility\" style=\"--awb-bg-blend:overlay;--awb-bg-size:cover;width:13.3333%; margin-right: 4%;\"><div class=\"fusion-column-wrapper fusion-flex-column-wrapper-legacy\"><div class=\"fusion-sep-clear\"><\/div><div class=\"fusion-separator fusion-full-width-sep\" style=\"margin-left: auto;margin-right: auto;margin-top:20px;width:100%;\"><\/div><div class=\"fusion-sep-clear\"><\/div><div class=\"fusion-clearfix\"><\/div><\/div><\/div><\/div><\/div><div class=\"fusion-fullwidth fullwidth-box fusion-builder-row-2 fusion-flex-container has-pattern-background has-mask-background nonhundred-percent-fullwidth non-hundred-percent-height-scrolling\" style=\"--awb-border-radius-top-left:0px;--awb-border-radius-top-right:0px;--awb-border-radius-bottom-right:0px;--awb-border-radius-bottom-left:0px;\" ><div class=\"fusion-builder-row fusion-row fusion-flex-align-items-flex-start\" style=\"max-width:1144px;margin-left: calc(-4% \/ 2 );margin-right: calc(-4% \/ 2 );\"><div class=\"fusion-layout-column fusion_builder_column fusion-builder-column-10 fusion_builder_column_1_1 1_1 fusion-flex-column\" style=\"--awb-bg-size:cover;--awb-width-large:100%;--awb-margin-top-large:0px;--awb-spacing-right-large:1.92%;--awb-margin-bottom-large:20px;--awb-spacing-left-large:1.92%;--awb-width-medium:100%;--awb-order-medium:0;--awb-spacing-right-medium:1.92%;--awb-spacing-left-medium:1.92%;--awb-width-small:100%;--awb-order-small:0;--awb-spacing-right-small:1.92%;--awb-spacing-left-small:1.92%;\"><div class=\"fusion-column-wrapper fusion-column-has-shadow fusion-flex-justify-content-flex-start fusion-content-layout-column\"><div class=\"awb-gallery-wrapper awb-gallery-wrapper-1 button-span-no\" style=\"--more-btn-alignment:center;\" data-limit=\"6\" data-page=\"1\"><div style=\"margin:-5px;--awb-aspect-ratio:1 \/ 1;--awb-bordersize:0px;\" class=\"fusion-gallery fusion-gallery-container fusion-grid-3 fusion-columns-total-3 fusion-gallery-layout-grid fusion-gallery-1 has-aspect-ratio\"><div style=\"padding:5px;\" class=\"fusion-grid-column fusion-gallery-column fusion-gallery-column-3 hover-type-zoomin\"><div class=\"fusion-gallery-image\"><a href=\"https:\/\/www.ub.edu\/risknat\/wp-content\/uploads\/2022\/08\/00_Blank-e1677853497534.png\" data-title=\"00_Blank\" title=\"00_Blank\" rel=\"noreferrer\" data-rel=\"iLightbox[gallery_image_1]\" class=\"fusion-lightbox\" target=\"_self\"><img decoding=\"async\" data-src=\"https:\/\/www.ub.edu\/risknat\/wp-content\/uploads\/2022\/08\/00_Blank-e1677853497534.png\" width=\"154\" height=\"154\" alt=\"\" title=\"00_Blank\" aria-label=\"00_Blank\" class=\"img-responsive wp-image-4056 lazyload\" data-srcset=\"https:\/\/www.ub.edu\/risknat\/wp-content\/uploads\/2022\/08\/00_Blank-e1677853497534-66x66.png 66w, https:\/\/www.ub.edu\/risknat\/wp-content\/uploads\/2022\/08\/00_Blank-e1677853497534-150x150.png 150w, https:\/\/www.ub.edu\/risknat\/wp-content\/uploads\/2022\/08\/00_Blank-e1677853497534.png 154w\" data-sizes=\"(max-width: 154px) 100vw, 154px\" src=\"data:image\/svg+xml;base64,PHN2ZyB3aWR0aD0iMSIgaGVpZ2h0PSIxIiB4bWxucz0iaHR0cDovL3d3dy53My5vcmcvMjAwMC9zdmciPjwvc3ZnPg==\" style=\"--smush-placeholder-width: 154px; --smush-placeholder-aspect-ratio: 154\/154;\" \/><\/a><\/div><\/div><div style=\"padding:5px;\" class=\"fusion-grid-column fusion-gallery-column fusion-gallery-column-3 hover-type-zoomin\"><div class=\"fusion-gallery-image\"><a href=\"https:\/\/www.ub.edu\/risknat\/wp-content\/uploads\/2023\/07\/CampanyaSALTFLU2012-OGSExplora-scaled.jpg\" data-title=\"clica per +\" title=\"clica per +\" data-caption=\"Campanya SALTFLU2012 OGS RV Explora\" rel=\"noreferrer\" data-rel=\"iLightbox[gallery_image_1]\" class=\"fusion-lightbox\" target=\"_self\"><img decoding=\"async\" data-src=\"https:\/\/www.ub.edu\/risknat\/wp-content\/uploads\/2023\/07\/CampanyaSALTFLU2012-OGSExplora-scaled.jpg\" width=\"2560\" height=\"1920\" alt=\"\" title=\"clica per +\" aria-label=\"clica per +\" class=\"img-responsive wp-image-5331 lazyload\" data-srcset=\"https:\/\/www.ub.edu\/risknat\/wp-content\/uploads\/2023\/07\/CampanyaSALTFLU2012-OGSExplora-200x150.jpg 200w, https:\/\/www.ub.edu\/risknat\/wp-content\/uploads\/2023\/07\/CampanyaSALTFLU2012-OGSExplora-400x300.jpg 400w, https:\/\/www.ub.edu\/risknat\/wp-content\/uploads\/2023\/07\/CampanyaSALTFLU2012-OGSExplora-600x450.jpg 600w, https:\/\/www.ub.edu\/risknat\/wp-content\/uploads\/2023\/07\/CampanyaSALTFLU2012-OGSExplora-800x600.jpg 800w, https:\/\/www.ub.edu\/risknat\/wp-content\/uploads\/2023\/07\/CampanyaSALTFLU2012-OGSExplora-1200x900.jpg 1200w, https:\/\/www.ub.edu\/risknat\/wp-content\/uploads\/2023\/07\/CampanyaSALTFLU2012-OGSExplora-scaled.jpg 2560w\" data-sizes=\"(min-width: 2200px) 100vw, (min-width: 784px) 363px, (min-width: 712px) 545px, (min-width: 640px) 712px,\" src=\"data:image\/svg+xml;base64,PHN2ZyB3aWR0aD0iMSIgaGVpZ2h0PSIxIiB4bWxucz0iaHR0cDovL3d3dy53My5vcmcvMjAwMC9zdmciPjwvc3ZnPg==\" style=\"--smush-placeholder-width: 2560px; --smush-placeholder-aspect-ratio: 2560\/1920;\" \/><\/a><\/div><\/div><div style=\"padding:5px;\" class=\"fusion-grid-column fusion-gallery-column fusion-gallery-column-3 hover-type-zoomin\"><div class=\"fusion-gallery-image\"><a href=\"https:\/\/www.ub.edu\/risknat\/wp-content\/uploads\/2023\/02\/FonsBlau.jpg\" data-title=\"fons blau\" title=\"fons blau\" rel=\"noreferrer\" data-rel=\"iLightbox[gallery_image_1]\" class=\"fusion-lightbox\" target=\"_self\"><img decoding=\"async\" data-src=\"https:\/\/www.ub.edu\/risknat\/wp-content\/uploads\/2023\/02\/FonsBlau.jpg\" width=\"496\" height=\"620\" alt=\"\" title=\"fons blau\" aria-label=\"fons blau\" class=\"img-responsive wp-image-4265 lazyload\" data-srcset=\"https:\/\/www.ub.edu\/risknat\/wp-content\/uploads\/2023\/02\/FonsBlau-200x250.jpg 200w, https:\/\/www.ub.edu\/risknat\/wp-content\/uploads\/2023\/02\/FonsBlau-400x500.jpg 400w, https:\/\/www.ub.edu\/risknat\/wp-content\/uploads\/2023\/02\/FonsBlau.jpg 496w\" data-sizes=\"(min-width: 2200px) 100vw, (min-width: 784px) 363px, (min-width: 712px) 545px, (min-width: 640px) 712px,\" src=\"data:image\/svg+xml;base64,PHN2ZyB3aWR0aD0iMSIgaGVpZ2h0PSIxIiB4bWxucz0iaHR0cDovL3d3dy53My5vcmcvMjAwMC9zdmciPjwvc3ZnPg==\" style=\"--smush-placeholder-width: 496px; --smush-placeholder-aspect-ratio: 496\/620;\" \/><\/a><\/div><\/div><div class=\"clearfix\"><\/div><\/div><\/div><\/div><\/div><\/div><\/div><\/p>\n","protected":false},"excerpt":{"rendered":"","protected":false},"author":4,"featured_media":0,"parent":0,"menu_order":0,"comment_status":"closed","ping_status":"closed","template":"100-width.php","meta":{"footnotes":""},"class_list":["post-4413","page","type-page","status-publish","hentry"],"_links":{"self":[{"href":"https:\/\/www.ub.edu\/risknat\/wp-json\/wp\/v2\/pages\/4413","targetHints":{"allow":["GET"]}}],"collection":[{"href":"https:\/\/www.ub.edu\/risknat\/wp-json\/wp\/v2\/pages"}],"about":[{"href":"https:\/\/www.ub.edu\/risknat\/wp-json\/wp\/v2\/types\/page"}],"author":[{"embeddable":true,"href":"https:\/\/www.ub.edu\/risknat\/wp-json\/wp\/v2\/users\/4"}],"replies":[{"embeddable":true,"href":"https:\/\/www.ub.edu\/risknat\/wp-json\/wp\/v2\/comments?post=4413"}],"version-history":[{"count":10,"href":"https:\/\/www.ub.edu\/risknat\/wp-json\/wp\/v2\/pages\/4413\/revisions"}],"predecessor-version":[{"id":5368,"href":"https:\/\/www.ub.edu\/risknat\/wp-json\/wp\/v2\/pages\/4413\/revisions\/5368"}],"wp:attachment":[{"href":"https:\/\/www.ub.edu\/risknat\/wp-json\/wp\/v2\/media?parent=4413"}],"curies":[{"name":"wp","href":"https:\/\/api.w.org\/{rel}","templated":true}]}}