{"id":4624,"date":"2023-03-04T14:15:26","date_gmt":"2023-03-04T13:15:26","guid":{"rendered":"http:\/\/www.ub.edu\/risknat\/?page_id=4624"},"modified":"2023-09-15T19:03:40","modified_gmt":"2023-09-15T17:03:40","slug":"analisi-de-perillositat-sismica-sha","status":"publish","type":"page","link":"https:\/\/www.ub.edu\/risknat\/analisi-de-perillositat-sismica-sha\/","title":{"rendered":"An\u00e0lisi de<br> perillositat s\u00edsmica (SHA)"},"content":{"rendered":"<p><div class=\"fusion-fullwidth fullwidth-box fusion-builder-row-1 nonhundred-percent-fullwidth non-hundred-percent-height-scrolling\" style=\"--awb-background-position:left top;--awb-border-sizes-top:0px;--awb-border-sizes-bottom:0px;--awb-border-sizes-left:0px;--awb-border-sizes-right:0px;--awb-border-radius-top-left:0px;--awb-border-radius-top-right:0px;--awb-border-radius-bottom-right:0px;--awb-border-radius-bottom-left:0px;--awb-padding-top:90px;--awb-padding-bottom:50px;\" ><div class=\"fusion-builder-row fusion-row\"><div class=\"fusion-layout-column fusion_builder_column fusion-builder-column-0 fusion_builder_column_1_6 1_6 fusion-one-sixth fusion-column-first fusion-no-small-visibility\" style=\"--awb-bg-blend:overlay;--awb-bg-size:cover;width:13.3333%; margin-right: 4%;\"><div class=\"fusion-column-wrapper fusion-flex-column-wrapper-legacy\"><div class=\"fusion-clearfix\"><\/div><\/div><\/div><div class=\"fusion-layout-column fusion_builder_column fusion-builder-column-1 fusion_builder_column_2_3 2_3 fusion-two-third\" style=\"--awb-bg-blend:overlay;--awb-bg-size:cover;--awb-margin-bottom:30px;width:65.3333%; margin-right: 4%;\"><div class=\"fusion-column-wrapper fusion-flex-column-wrapper-legacy\"><div class=\"fusion-text fusion-text-1\"><p>A la majoria de pa\u00efsos, les an\u00e0lisis de perillositat s\u00edsmica (SHA) encara es basen \u00fanicament en la sismicitat hist\u00f2rica i instrumental. No obstant, aquesta aproximaci\u00f3 \u00e9s insuficient per descriure la perillositat s\u00edsmica, especialment en zones de deformaci\u00f3 lenta, on falles molt perilloses poden romandre en silenci durant llargs per\u00edodes i, per tant, queden amagades a la percepci\u00f3 humana. Idealment, els registres de sismicitat hist\u00f2rica i instrumental haurien de complementar-se amb dades paleosismol\u00f2giques per acotar millor el perill s\u00edsmic d&#8217;una regi\u00f3 determinada.<\/p>\n<\/div><div class=\"fusion-clearfix\"><\/div><\/div><\/div><div class=\"fusion-layout-column fusion_builder_column fusion-builder-column-2 fusion_builder_column_1_6 1_6 fusion-one-sixth fusion-column-last fusion-no-small-visibility\" style=\"--awb-bg-blend:overlay;--awb-bg-size:cover;width:13.3333%;\"><div class=\"fusion-column-wrapper fusion-flex-column-wrapper-legacy\"><div class=\"fusion-clearfix\"><\/div><\/div><\/div><div class=\"fusion-layout-column fusion_builder_column fusion-builder-column-3 fusion_builder_column_1_6 1_6 fusion-one-sixth fusion-column-first fusion-no-small-visibility\" style=\"--awb-bg-blend:overlay;--awb-bg-size:cover;width:13.3333%; margin-right: 4%;\"><div class=\"fusion-column-wrapper fusion-flex-column-wrapper-legacy\"><div class=\"fusion-clearfix\"><\/div><\/div><\/div><div class=\"fusion-layout-column fusion_builder_column fusion-builder-column-4 fusion_builder_column_2_3 2_3 fusion-two-third\" style=\"--awb-bg-blend:overlay;--awb-bg-size:cover;--awb-margin-bottom:30px;width:65.3333%; margin-right: 4%;\"><div class=\"fusion-column-wrapper fusion-flex-column-wrapper-legacy\"><div class=\"fusion-text fusion-text-2\"><h3 data-fontsize=\"24\" style=\"--fontSize:24; line-height: 1.4;\" data-lineheight=\"33.6px\" class=\"fusion-responsive-typography-calculated\">Els nostres objectius principals s\u00f3n:<\/h3>\n<p style=\"color: var(--awb-text-color); font-family: var(--awb-text-font-family); font-size: var(--awb-font-size); font-style: var(--awb-text-font-style); font-weight: var(--awb-text-font-weight); letter-spacing: var(--awb-letter-spacing); text-align: var(--awb-content-alignment); text-transform: var(--awb-text-transform); background-color: var(--awb-bg-color);\">\n<ol>\n<li>\n<p style=\"color: var(--awb-text-color); font-family: var(--awb-text-font-family); font-size: var(--awb-font-size); font-style: var(--awb-text-font-style); font-weight: var(--awb-text-font-weight); letter-spacing: var(--awb-letter-spacing); text-align: var(--awb-content-alignment); text-transform: var(--awb-text-transform); background-color: var(--awb-bg-color); display: inline !important;\">explorar l&#8217;impacte d&#8217;utilitzar dades paleos\u00edsmiques i un enfocament de sistema a la zona de cisalla B\u00e8tica oriental sobre l&#8217;an\u00e0lisi probabilista de risc s\u00edsmic (SHA) i els models dependents del temps.<\/p>\n<\/li>\n<li>elaborar mapes de risc s\u00edsmic m\u00e9s realistes per ser considerats en la limitaci\u00f3 dels codis s\u00edsmics, com ara la inclusi\u00f3 de l&#8217;EUROCODE8 al codi espanyol.<\/li>\n<\/ol>\n<ol>\n<\/ol>\n<p><strong> <\/strong><\/p>\n<\/div><div class=\"fusion-clearfix\"><\/div><\/div><\/div><div class=\"fusion-layout-column fusion_builder_column fusion-builder-column-5 fusion_builder_column_1_6 1_6 fusion-one-sixth fusion-column-last fusion-no-small-visibility\" style=\"--awb-bg-blend:overlay;--awb-bg-size:cover;width:13.3333%;\"><div class=\"fusion-column-wrapper fusion-flex-column-wrapper-legacy\"><div class=\"fusion-clearfix\"><\/div><\/div><\/div><div class=\"fusion-layout-column fusion_builder_column fusion-builder-column-6 fusion_builder_column_1_6 1_6 fusion-one-sixth fusion-column-first fusion-no-small-visibility\" style=\"--awb-bg-blend:overlay;--awb-bg-size:cover;width:13.3333%; margin-right: 4%;\"><div class=\"fusion-column-wrapper fusion-flex-column-wrapper-legacy\"><div class=\"fusion-clearfix\"><\/div><\/div><\/div><div class=\"fusion-layout-column fusion_builder_column fusion-builder-column-7 fusion_builder_column_2_3 2_3 fusion-two-third\" style=\"--awb-bg-blend:overlay;--awb-bg-size:cover;--awb-margin-bottom:30px;width:65.3333%; margin-right: 4%;\"><div class=\"fusion-column-wrapper fusion-flex-column-wrapper-legacy\"><div class=\"fusion-text fusion-text-3\"><h3 data-fontsize=\"24\" style=\"--fontSize:24; line-height: 1.4;\" data-lineheight=\"33.6px\" class=\"fusion-responsive-typography-calculated\">Col\u00b7laboracions<\/h3>\n<div class='yrm-content yrm-content-1 yrm-content-hide  ' id='yrm-xCbaD' data-id='1' data-show-status='false' data-after-action='' style=\"visibility: hidden;height: 0;\">\n\t\t\t<div id='yrm-inner-content-yrm-xCbaD' class='yrm-inner-content-wrapper yrm-cntent-1'>La nostra recerca es beneficia d&#8217;una fruct\u00edfera col\u00b7laboraci\u00f3 amb el jove grup de treball de la <i>European Science Comission<\/i> Fault2SHA (fault2sha.net) en el qual col\u00b7laborem amb O.Scotti (IRSN), B.Pace (UdS Quietti), L.Benedetti (CEREGE), L. .Peruzza (OGS), J.Mayordomo (IGME), entre d&#8217;altres. Actualment formem part del comit\u00e8 executiu d&#8217;aquest grup (M.Ortu\u00f1o), hem liderat activament el laboratori de camp de la zona de cisalla de les B\u00e8tiques Orientals (EBSZ), un dels dos d&#8217;aquest consorci, i vam organitzar una de les reunions anuals de Fault2SHA. a Barcelona l&#8217;any 2019.<\/div>\n\t\t<\/div><div class='yrm-btn-wrapper yrm-btn-wrapper-1 yrm-more-button-wrapper  '\n\t\tdata-custom-more-class-name='' data-custom-less-class-name=''><span title='' data-less-title='' data-more-title='' class='yrm-toggle-expand  yrm-toggle-expand-1 ' data-rel='yrm-xCbaD' data-more='m\u00e9s text' data-less='menys text'><span class='yrm-text-wrapper yrm-text-wrapper-custom-dimensions'><span class=\"yrm-button-text-1 yrm-button-text-span\">m\u00e9s text<\/span><\/span><\/span><\/div>\n<p><strong> <\/strong><\/p>\n<\/div><div class=\"fusion-clearfix\"><\/div><\/div><\/div><div class=\"fusion-layout-column fusion_builder_column fusion-builder-column-8 fusion_builder_column_1_6 1_6 fusion-one-sixth fusion-column-last fusion-no-small-visibility\" style=\"--awb-bg-blend:overlay;--awb-bg-size:cover;width:13.3333%;\"><div class=\"fusion-column-wrapper fusion-flex-column-wrapper-legacy\"><div class=\"fusion-sep-clear\"><\/div><div class=\"fusion-separator fusion-full-width-sep\" style=\"margin-left: auto;margin-right: auto;margin-top:20px;width:100%;\"><\/div><div class=\"fusion-sep-clear\"><\/div><div class=\"fusion-clearfix\"><\/div><\/div><\/div><\/div><\/div><div class=\"fusion-fullwidth fullwidth-box fusion-builder-row-2 fusion-flex-container has-pattern-background has-mask-background nonhundred-percent-fullwidth non-hundred-percent-height-scrolling\" style=\"--awb-border-radius-top-left:0px;--awb-border-radius-top-right:0px;--awb-border-radius-bottom-right:0px;--awb-border-radius-bottom-left:0px;\" ><div class=\"fusion-builder-row fusion-row fusion-flex-align-items-flex-start\" style=\"max-width:1144px;margin-left: calc(-4% \/ 2 );margin-right: calc(-4% \/ 2 );\"><div class=\"fusion-layout-column fusion_builder_column fusion-builder-column-9 fusion_builder_column_1_1 1_1 fusion-flex-column\" style=\"--awb-bg-size:cover;--awb-width-large:100%;--awb-margin-top-large:0px;--awb-spacing-right-large:1.92%;--awb-margin-bottom-large:20px;--awb-spacing-left-large:1.92%;--awb-width-medium:100%;--awb-order-medium:0;--awb-spacing-right-medium:1.92%;--awb-spacing-left-medium:1.92%;--awb-width-small:100%;--awb-order-small:0;--awb-spacing-right-small:1.92%;--awb-spacing-left-small:1.92%;\"><div class=\"fusion-column-wrapper fusion-column-has-shadow fusion-flex-justify-content-flex-start fusion-content-layout-column\"><div class=\"awb-gallery-wrapper awb-gallery-wrapper-1 button-span-no\" style=\"--more-btn-alignment:center;\" data-limit=\"6\" data-page=\"1\"><div style=\"margin:-5px;--awb-aspect-ratio:1 \/ 1;--awb-bordersize:0px;\" class=\"fusion-gallery fusion-gallery-container fusion-grid-3 fusion-columns-total-3 fusion-gallery-layout-grid fusion-gallery-1 has-aspect-ratio\"><div style=\"padding:5px;\" class=\"fusion-grid-column fusion-gallery-column fusion-gallery-column-3 hover-type-zoomin\"><div class=\"fusion-gallery-image\"><a href=\"https:\/\/www.ub.edu\/risknat\/wp-content\/uploads\/2022\/08\/00_Blank_02.jpg\" rel=\"noreferrer\" data-rel=\"iLightbox[gallery_image_1]\" class=\"fusion-lightbox\" target=\"_self\"><img decoding=\"async\" data-src=\"https:\/\/www.ub.edu\/risknat\/wp-content\/uploads\/2022\/08\/00_Blank_02.jpg\" width=\"190\" height=\"187\" alt=\"\" title=\"00_Blank_02\" aria-label=\"00_Blank_02\" class=\"img-responsive wp-image-4060 lazyload\" data-srcset=\"https:\/\/www.ub.edu\/risknat\/wp-content\/uploads\/2022\/08\/00_Blank_02-66x66.jpg 66w, https:\/\/www.ub.edu\/risknat\/wp-content\/uploads\/2022\/08\/00_Blank_02.jpg 190w\" data-sizes=\"(max-width: 190px) 100vw, 190px\" src=\"data:image\/svg+xml;base64,PHN2ZyB3aWR0aD0iMSIgaGVpZ2h0PSIxIiB4bWxucz0iaHR0cDovL3d3dy53My5vcmcvMjAwMC9zdmciPjwvc3ZnPg==\" style=\"--smush-placeholder-width: 190px; --smush-placeholder-aspect-ratio: 190\/187;\" \/><\/a><\/div><\/div><div style=\"padding:5px;\" class=\"fusion-grid-column fusion-gallery-column fusion-gallery-column-3 hover-type-zoomin\"><div class=\"fusion-gallery-image\"><a href=\"https:\/\/www.ub.edu\/risknat\/wp-content\/uploads\/2023\/09\/PGA1.png\" rel=\"noreferrer\" data-rel=\"iLightbox[gallery_image_1]\" class=\"fusion-lightbox\" target=\"_self\"><img decoding=\"async\" data-src=\"https:\/\/www.ub.edu\/risknat\/wp-content\/uploads\/2023\/09\/PGA1.png\" width=\"5484\" height=\"3264\" alt=\"\" title=\"PGA1\" aria-label=\"PGA1\" class=\"img-responsive wp-image-5592 lazyload\" data-srcset=\"https:\/\/www.ub.edu\/risknat\/wp-content\/uploads\/2023\/09\/PGA1-200x119.png 200w, https:\/\/www.ub.edu\/risknat\/wp-content\/uploads\/2023\/09\/PGA1-400x238.png 400w, https:\/\/www.ub.edu\/risknat\/wp-content\/uploads\/2023\/09\/PGA1-600x357.png 600w, https:\/\/www.ub.edu\/risknat\/wp-content\/uploads\/2023\/09\/PGA1-800x476.png 800w, https:\/\/www.ub.edu\/risknat\/wp-content\/uploads\/2023\/09\/PGA1-1200x714.png 1200w, https:\/\/www.ub.edu\/risknat\/wp-content\/uploads\/2023\/09\/PGA1.png 5484w\" data-sizes=\"(min-width: 2200px) 100vw, (min-width: 784px) 363px, (min-width: 712px) 545px, (min-width: 640px) 712px,\" src=\"data:image\/svg+xml;base64,PHN2ZyB3aWR0aD0iMSIgaGVpZ2h0PSIxIiB4bWxucz0iaHR0cDovL3d3dy53My5vcmcvMjAwMC9zdmciPjwvc3ZnPg==\" style=\"--smush-placeholder-width: 5484px; --smush-placeholder-aspect-ratio: 5484\/3264;\" \/><\/a><\/div><\/div><div style=\"padding:5px;\" class=\"fusion-grid-column fusion-gallery-column fusion-gallery-column-3 hover-type-zoomin\"><div class=\"fusion-gallery-image\"><a href=\"https:\/\/www.ub.edu\/risknat\/wp-content\/uploads\/2023\/02\/FonsBlau.jpg\" rel=\"noreferrer\" data-rel=\"iLightbox[gallery_image_1]\" class=\"fusion-lightbox\" target=\"_self\"><img decoding=\"async\" data-src=\"https:\/\/www.ub.edu\/risknat\/wp-content\/uploads\/2023\/02\/FonsBlau.jpg\" width=\"496\" height=\"620\" alt=\"\" title=\"fons blau\" aria-label=\"fons blau\" class=\"img-responsive wp-image-4265 lazyload\" data-srcset=\"https:\/\/www.ub.edu\/risknat\/wp-content\/uploads\/2023\/02\/FonsBlau-200x250.jpg 200w, https:\/\/www.ub.edu\/risknat\/wp-content\/uploads\/2023\/02\/FonsBlau-400x500.jpg 400w, https:\/\/www.ub.edu\/risknat\/wp-content\/uploads\/2023\/02\/FonsBlau.jpg 496w\" data-sizes=\"(min-width: 2200px) 100vw, (min-width: 784px) 363px, (min-width: 712px) 545px, (min-width: 640px) 712px,\" src=\"data:image\/svg+xml;base64,PHN2ZyB3aWR0aD0iMSIgaGVpZ2h0PSIxIiB4bWxucz0iaHR0cDovL3d3dy53My5vcmcvMjAwMC9zdmciPjwvc3ZnPg==\" style=\"--smush-placeholder-width: 496px; --smush-placeholder-aspect-ratio: 496\/620;\" \/><\/a><\/div><\/div><div class=\"clearfix\"><\/div><\/div><\/div><\/div><\/div><\/div><\/div><\/p>\n","protected":false},"excerpt":{"rendered":"","protected":false},"author":4,"featured_media":0,"parent":0,"menu_order":0,"comment_status":"closed","ping_status":"closed","template":"100-width.php","meta":{"footnotes":""},"class_list":["post-4624","page","type-page","status-publish","hentry"],"_links":{"self":[{"href":"https:\/\/www.ub.edu\/risknat\/wp-json\/wp\/v2\/pages\/4624","targetHints":{"allow":["GET"]}}],"collection":[{"href":"https:\/\/www.ub.edu\/risknat\/wp-json\/wp\/v2\/pages"}],"about":[{"href":"https:\/\/www.ub.edu\/risknat\/wp-json\/wp\/v2\/types\/page"}],"author":[{"embeddable":true,"href":"https:\/\/www.ub.edu\/risknat\/wp-json\/wp\/v2\/users\/4"}],"replies":[{"embeddable":true,"href":"https:\/\/www.ub.edu\/risknat\/wp-json\/wp\/v2\/comments?post=4624"}],"version-history":[{"count":5,"href":"https:\/\/www.ub.edu\/risknat\/wp-json\/wp\/v2\/pages\/4624\/revisions"}],"predecessor-version":[{"id":5598,"href":"https:\/\/www.ub.edu\/risknat\/wp-json\/wp\/v2\/pages\/4624\/revisions\/5598"}],"wp:attachment":[{"href":"https:\/\/www.ub.edu\/risknat\/wp-json\/wp\/v2\/media?parent=4624"}],"curies":[{"name":"wp","href":"https:\/\/api.w.org\/{rel}","templated":true}]}}