{"id":4754,"date":"2023-03-05T18:53:31","date_gmt":"2023-03-05T17:53:31","guid":{"rendered":"http:\/\/www.ub.edu\/risknat\/laboratorio-de-mecanica-de-suelos-y-geotermia\/"},"modified":"2023-07-31T07:56:04","modified_gmt":"2023-07-31T05:56:04","slug":"laboratorio-de-mecanica-de-suelos-y-geotermia","status":"publish","type":"page","link":"https:\/\/www.ub.edu\/risknat\/laboratorio-de-mecanica-de-suelos-y-geotermia\/?lang=es","title":{"rendered":"Laboratorio de mec\u00e1nica de suelos y geotermia"},"content":{"rendered":"<p><div class=\"fusion-fullwidth fullwidth-box fusion-builder-row-1 nonhundred-percent-fullwidth non-hundred-percent-height-scrolling\" style=\"--awb-background-position:left top;--awb-border-sizes-top:0px;--awb-border-sizes-bottom:0px;--awb-border-sizes-left:0px;--awb-border-sizes-right:0px;--awb-border-radius-top-left:0px;--awb-border-radius-top-right:0px;--awb-border-radius-bottom-right:0px;--awb-border-radius-bottom-left:0px;--awb-padding-top:90px;--awb-padding-bottom:50px;\" ><div class=\"fusion-builder-row fusion-row\"><div class=\"fusion-layout-column fusion_builder_column fusion-builder-column-0 fusion_builder_column_1_6 1_6 fusion-one-sixth fusion-column-first fusion-no-small-visibility\" style=\"--awb-bg-blend:overlay;--awb-bg-size:cover;width:13.3333%; margin-right: 4%;\"><div class=\"fusion-column-wrapper fusion-flex-column-wrapper-legacy\"><div class=\"fusion-clearfix\"><\/div><\/div><\/div><div class=\"fusion-layout-column fusion_builder_column fusion-builder-column-1 fusion_builder_column_2_3 2_3 fusion-two-third\" style=\"--awb-bg-blend:overlay;--awb-bg-size:cover;--awb-margin-bottom:30px;width:65.3333%; margin-right: 4%;\"><div class=\"fusion-column-wrapper fusion-flex-column-wrapper-legacy\"><div class=\"fusion-text fusion-text-1\"><p>El laboratorio de mec\u00e1nica de suelos y geotermia se sit\u00faa en el ICM-CSIC. Se compone de un marco de carga GDS de 50 kN totalmente automatizado que se utiliza para determinar la resistencia a la cizalla triaxial, as\u00ed como para efectuar experimentos de consolidaci\u00f3n a velocidad de deformaci\u00f3n controlada que permiten una presi\u00f3n de confinamiento m\u00e1xima de 22 MPa. Una c\u00e9lula de consolidaci\u00f3n de Rowe &amp; Barden permite la determinaci\u00f3n de las caracter\u00edsticas de compresibilidad\/permeabilidad de sedimentos de grano fino a presiones de confinamiento de hasta 2 MPa.<\/p>\n<div class='yrm-content yrm-content-1 yrm-content-hide  ' id='yrm-Qy1Wj' data-id='1' data-show-status='false' data-after-action='' style=\"visibility: hidden;height: 0;\">\n\t\t\t<div id='yrm-inner-content-yrm-Qy1Wj' class='yrm-inner-content-wrapper yrm-cntent-1'>El laboratorio tambi\u00e9n est\u00e1 equipado con un medidor de conductividad t\u00e9rmica Teka Berlin TK04 y 6 registradores de datos de temperatura miniaturizados Antares para estudios geot\u00e9rmicos en sedimentos de grano fino.<\/div>\n\t\t<\/div><div class='yrm-btn-wrapper yrm-btn-wrapper-1 yrm-more-button-wrapper  '\n\t\tdata-custom-more-class-name='' data-custom-less-class-name=''><span title='' data-less-title='' data-more-title='' class='yrm-toggle-expand  yrm-toggle-expand-1 ' data-rel='yrm-Qy1Wj' data-more='m\u00e1s texto' data-less='menos texto'><span class='yrm-text-wrapper yrm-text-wrapper-custom-dimensions'><span class=\"yrm-button-text-1 yrm-button-text-span\">m\u00e1s texto<\/span><\/span><\/span><\/div>\n<\/div><div class=\"fusion-clearfix\"><\/div><\/div><\/div><div class=\"fusion-layout-column fusion_builder_column fusion-builder-column-2 fusion_builder_column_1_6 1_6 fusion-one-sixth fusion-column-last fusion-no-small-visibility\" style=\"--awb-bg-blend:overlay;--awb-bg-size:cover;width:13.3333%;\"><div class=\"fusion-column-wrapper fusion-flex-column-wrapper-legacy\"><div class=\"fusion-sep-clear\"><\/div><div class=\"fusion-separator fusion-full-width-sep\" style=\"margin-left: auto;margin-right: auto;margin-top:20px;width:100%;\"><\/div><div class=\"fusion-sep-clear\"><\/div><div class=\"fusion-clearfix\"><\/div><\/div><\/div><\/div><\/div><div class=\"fusion-fullwidth fullwidth-box fusion-builder-row-2 fusion-flex-container has-pattern-background has-mask-background nonhundred-percent-fullwidth non-hundred-percent-height-scrolling\" style=\"--awb-border-radius-top-left:0px;--awb-border-radius-top-right:0px;--awb-border-radius-bottom-right:0px;--awb-border-radius-bottom-left:0px;\" ><div class=\"fusion-builder-row fusion-row fusion-flex-align-items-flex-start\" style=\"max-width:1144px;margin-left: calc(-4% \/ 2 );margin-right: calc(-4% \/ 2 );\"><div class=\"fusion-layout-column fusion_builder_column fusion-builder-column-3 fusion_builder_column_1_1 1_1 fusion-flex-column\" style=\"--awb-bg-size:cover;--awb-width-large:100%;--awb-margin-top-large:0px;--awb-spacing-right-large:1.92%;--awb-margin-bottom-large:20px;--awb-spacing-left-large:1.92%;--awb-width-medium:100%;--awb-order-medium:0;--awb-spacing-right-medium:1.92%;--awb-spacing-left-medium:1.92%;--awb-width-small:100%;--awb-order-small:0;--awb-spacing-right-small:1.92%;--awb-spacing-left-small:1.92%;\"><div class=\"fusion-column-wrapper fusion-column-has-shadow fusion-flex-justify-content-flex-start fusion-content-layout-column\"><div class=\"awb-gallery-wrapper awb-gallery-wrapper-1 button-span-no\" style=\"--more-btn-alignment:center;\" data-limit=\"6\" data-page=\"1\"><div style=\"margin:-5px;--awb-aspect-ratio:1 \/ 1;--awb-bordersize:0px;\" class=\"fusion-gallery fusion-gallery-container fusion-grid-3 fusion-columns-total-9 fusion-gallery-layout-grid fusion-gallery-1 has-aspect-ratio\"><div style=\"padding:5px;\" class=\"fusion-grid-column fusion-gallery-column fusion-gallery-column-3 hover-type-zoomin\"><div class=\"fusion-gallery-image\"><a href=\"https:\/\/www.ub.edu\/risknat\/wp-content\/uploads\/2023\/03\/CampanyaCORIBAR2013-multicorer-scaled.jpg\" data-caption=\"Campanya CORIBAR 2013 multicorer\" rel=\"noreferrer\" data-rel=\"iLightbox[gallery_image_1]\" class=\"fusion-lightbox\" target=\"_self\"><img decoding=\"async\" data-src=\"https:\/\/www.ub.edu\/risknat\/wp-content\/uploads\/2023\/03\/CampanyaCORIBAR2013-multicorer-scaled.jpg\" width=\"2560\" height=\"1920\" alt=\"\" title=\"clica per +\" aria-label=\"clica per +\" class=\"img-responsive wp-image-5041 lazyload\" data-srcset=\"https:\/\/www.ub.edu\/risknat\/wp-content\/uploads\/2023\/03\/CampanyaCORIBAR2013-multicorer-200x150.jpg 200w, https:\/\/www.ub.edu\/risknat\/wp-content\/uploads\/2023\/03\/CampanyaCORIBAR2013-multicorer-400x300.jpg 400w, https:\/\/www.ub.edu\/risknat\/wp-content\/uploads\/2023\/03\/CampanyaCORIBAR2013-multicorer-600x450.jpg 600w, https:\/\/www.ub.edu\/risknat\/wp-content\/uploads\/2023\/03\/CampanyaCORIBAR2013-multicorer-800x600.jpg 800w, https:\/\/www.ub.edu\/risknat\/wp-content\/uploads\/2023\/03\/CampanyaCORIBAR2013-multicorer-1200x900.jpg 1200w, https:\/\/www.ub.edu\/risknat\/wp-content\/uploads\/2023\/03\/CampanyaCORIBAR2013-multicorer-scaled.jpg 2560w\" data-sizes=\"(min-width: 2200px) 100vw, (min-width: 784px) 363px, (min-width: 712px) 545px, (min-width: 640px) 712px,\" src=\"data:image\/svg+xml;base64,PHN2ZyB3aWR0aD0iMSIgaGVpZ2h0PSIxIiB4bWxucz0iaHR0cDovL3d3dy53My5vcmcvMjAwMC9zdmciPjwvc3ZnPg==\" style=\"--smush-placeholder-width: 2560px; --smush-placeholder-aspect-ratio: 2560\/1920;\" \/><\/a><\/div><\/div><div style=\"padding:5px;\" class=\"fusion-grid-column fusion-gallery-column fusion-gallery-column-3 hover-type-zoomin\"><div class=\"fusion-gallery-image\"><a href=\"https:\/\/www.ub.edu\/risknat\/wp-content\/uploads\/2023\/03\/CampanyaCORIBAR2013-Sarta-de-perforacio-del-MeBo70-scaled.jpg\" data-caption=\"Campanya CORIBAR 2013 Sarta de perforaci\u00f3 del MeBo70\" rel=\"noreferrer\" data-rel=\"iLightbox[gallery_image_1]\" class=\"fusion-lightbox\" target=\"_self\"><img decoding=\"async\" data-src=\"https:\/\/www.ub.edu\/risknat\/wp-content\/uploads\/2023\/03\/CampanyaCORIBAR2013-Sarta-de-perforacio-del-MeBo70-scaled.jpg\" width=\"2560\" height=\"1920\" alt=\"\" title=\"clica per +\" aria-label=\"clica per +\" class=\"img-responsive wp-image-5044 lazyload\" data-srcset=\"https:\/\/www.ub.edu\/risknat\/wp-content\/uploads\/2023\/03\/CampanyaCORIBAR2013-Sarta-de-perforacio-del-MeBo70-200x150.jpg 200w, https:\/\/www.ub.edu\/risknat\/wp-content\/uploads\/2023\/03\/CampanyaCORIBAR2013-Sarta-de-perforacio-del-MeBo70-400x300.jpg 400w, https:\/\/www.ub.edu\/risknat\/wp-content\/uploads\/2023\/03\/CampanyaCORIBAR2013-Sarta-de-perforacio-del-MeBo70-600x450.jpg 600w, https:\/\/www.ub.edu\/risknat\/wp-content\/uploads\/2023\/03\/CampanyaCORIBAR2013-Sarta-de-perforacio-del-MeBo70-800x600.jpg 800w, https:\/\/www.ub.edu\/risknat\/wp-content\/uploads\/2023\/03\/CampanyaCORIBAR2013-Sarta-de-perforacio-del-MeBo70-1200x900.jpg 1200w, https:\/\/www.ub.edu\/risknat\/wp-content\/uploads\/2023\/03\/CampanyaCORIBAR2013-Sarta-de-perforacio-del-MeBo70-scaled.jpg 2560w\" data-sizes=\"(min-width: 2200px) 100vw, (min-width: 784px) 363px, (min-width: 712px) 545px, (min-width: 640px) 712px,\" src=\"data:image\/svg+xml;base64,PHN2ZyB3aWR0aD0iMSIgaGVpZ2h0PSIxIiB4bWxucz0iaHR0cDovL3d3dy53My5vcmcvMjAwMC9zdmciPjwvc3ZnPg==\" style=\"--smush-placeholder-width: 2560px; --smush-placeholder-aspect-ratio: 2560\/1920;\" \/><\/a><\/div><\/div><div style=\"padding:5px;\" class=\"fusion-grid-column fusion-gallery-column fusion-gallery-column-3 hover-type-zoomin\"><div class=\"fusion-gallery-image\"><a href=\"https:\/\/www.ub.edu\/risknat\/wp-content\/uploads\/2023\/03\/CampanyaCORIBAR2013-Sea-bed-drill-rig-MEBO70-scaled.jpg\" data-caption=\"Campanya CORIBAR 2013 Sea bed drill rig MEBO70\" rel=\"noreferrer\" data-rel=\"iLightbox[gallery_image_1]\" class=\"fusion-lightbox\" target=\"_self\"><img decoding=\"async\" data-src=\"https:\/\/www.ub.edu\/risknat\/wp-content\/uploads\/2023\/03\/CampanyaCORIBAR2013-Sea-bed-drill-rig-MEBO70-scaled.jpg\" width=\"2560\" height=\"1920\" alt=\"\" title=\"clica per +\" aria-label=\"clica per +\" class=\"img-responsive wp-image-5047 lazyload\" data-srcset=\"https:\/\/www.ub.edu\/risknat\/wp-content\/uploads\/2023\/03\/CampanyaCORIBAR2013-Sea-bed-drill-rig-MEBO70-200x150.jpg 200w, https:\/\/www.ub.edu\/risknat\/wp-content\/uploads\/2023\/03\/CampanyaCORIBAR2013-Sea-bed-drill-rig-MEBO70-400x300.jpg 400w, https:\/\/www.ub.edu\/risknat\/wp-content\/uploads\/2023\/03\/CampanyaCORIBAR2013-Sea-bed-drill-rig-MEBO70-600x450.jpg 600w, https:\/\/www.ub.edu\/risknat\/wp-content\/uploads\/2023\/03\/CampanyaCORIBAR2013-Sea-bed-drill-rig-MEBO70-800x600.jpg 800w, https:\/\/www.ub.edu\/risknat\/wp-content\/uploads\/2023\/03\/CampanyaCORIBAR2013-Sea-bed-drill-rig-MEBO70-1200x900.jpg 1200w, https:\/\/www.ub.edu\/risknat\/wp-content\/uploads\/2023\/03\/CampanyaCORIBAR2013-Sea-bed-drill-rig-MEBO70-scaled.jpg 2560w\" data-sizes=\"(min-width: 2200px) 100vw, (min-width: 784px) 363px, (min-width: 712px) 545px, (min-width: 640px) 712px,\" src=\"data:image\/svg+xml;base64,PHN2ZyB3aWR0aD0iMSIgaGVpZ2h0PSIxIiB4bWxucz0iaHR0cDovL3d3dy53My5vcmcvMjAwMC9zdmciPjwvc3ZnPg==\" style=\"--smush-placeholder-width: 2560px; --smush-placeholder-aspect-ratio: 2560\/1920;\" \/><\/a><\/div><\/div><div class=\"clearfix\"><\/div><div style=\"padding:5px;\" class=\"fusion-grid-column fusion-gallery-column fusion-gallery-column-3 hover-type-zoomin\"><div class=\"fusion-gallery-image\"><a href=\"https:\/\/www.ub.edu\/risknat\/wp-content\/uploads\/2023\/03\/CampanyaINSIGHT2018-etiquetant-i-preparant-un-testimoni-per-al-seu-emmagatzemament-scaled.jpg\" data-caption=\"CampanyaINSIGHT2018 etiquetant i preparant un testimoni per al seu emmagatzemament\" rel=\"noreferrer\" data-rel=\"iLightbox[gallery_image_1]\" class=\"fusion-lightbox\" target=\"_self\"><img decoding=\"async\" data-src=\"https:\/\/www.ub.edu\/risknat\/wp-content\/uploads\/2023\/03\/CampanyaINSIGHT2018-etiquetant-i-preparant-un-testimoni-per-al-seu-emmagatzemament-scaled.jpg\" width=\"2560\" height=\"1920\" alt=\"\" title=\"clica per +\" aria-label=\"clica per +\" class=\"img-responsive wp-image-5050 lazyload\" data-srcset=\"https:\/\/www.ub.edu\/risknat\/wp-content\/uploads\/2023\/03\/CampanyaINSIGHT2018-etiquetant-i-preparant-un-testimoni-per-al-seu-emmagatzemament-200x150.jpg 200w, https:\/\/www.ub.edu\/risknat\/wp-content\/uploads\/2023\/03\/CampanyaINSIGHT2018-etiquetant-i-preparant-un-testimoni-per-al-seu-emmagatzemament-400x300.jpg 400w, https:\/\/www.ub.edu\/risknat\/wp-content\/uploads\/2023\/03\/CampanyaINSIGHT2018-etiquetant-i-preparant-un-testimoni-per-al-seu-emmagatzemament-600x450.jpg 600w, https:\/\/www.ub.edu\/risknat\/wp-content\/uploads\/2023\/03\/CampanyaINSIGHT2018-etiquetant-i-preparant-un-testimoni-per-al-seu-emmagatzemament-800x600.jpg 800w, https:\/\/www.ub.edu\/risknat\/wp-content\/uploads\/2023\/03\/CampanyaINSIGHT2018-etiquetant-i-preparant-un-testimoni-per-al-seu-emmagatzemament-1200x900.jpg 1200w, https:\/\/www.ub.edu\/risknat\/wp-content\/uploads\/2023\/03\/CampanyaINSIGHT2018-etiquetant-i-preparant-un-testimoni-per-al-seu-emmagatzemament-scaled.jpg 2560w\" data-sizes=\"(min-width: 2200px) 100vw, (min-width: 784px) 363px, (min-width: 712px) 545px, (min-width: 640px) 712px,\" src=\"data:image\/svg+xml;base64,PHN2ZyB3aWR0aD0iMSIgaGVpZ2h0PSIxIiB4bWxucz0iaHR0cDovL3d3dy53My5vcmcvMjAwMC9zdmciPjwvc3ZnPg==\" style=\"--smush-placeholder-width: 2560px; --smush-placeholder-aspect-ratio: 2560\/1920;\" \/><\/a><\/div><\/div><div style=\"padding:5px;\" class=\"fusion-grid-column fusion-gallery-column fusion-gallery-column-3 hover-type-zoomin\"><div class=\"fusion-gallery-image\"><a href=\"https:\/\/www.ub.edu\/risknat\/wp-content\/uploads\/2023\/03\/CampanyaSALTFLU2012-extraient-fluids-intersticials-2-scaled.jpg\" data-caption=\"Campanya SALTFLU 2012 extraient fluids intersticials (2)\" rel=\"noreferrer\" data-rel=\"iLightbox[gallery_image_1]\" class=\"fusion-lightbox\" target=\"_self\"><img decoding=\"async\" data-src=\"https:\/\/www.ub.edu\/risknat\/wp-content\/uploads\/2023\/03\/CampanyaSALTFLU2012-extraient-fluids-intersticials-2-scaled.jpg\" width=\"2560\" height=\"1920\" alt=\"\" title=\"clica per +\" aria-label=\"clica per +\" class=\"img-responsive wp-image-5053 lazyload\" data-srcset=\"https:\/\/www.ub.edu\/risknat\/wp-content\/uploads\/2023\/03\/CampanyaSALTFLU2012-extraient-fluids-intersticials-2-200x150.jpg 200w, https:\/\/www.ub.edu\/risknat\/wp-content\/uploads\/2023\/03\/CampanyaSALTFLU2012-extraient-fluids-intersticials-2-400x300.jpg 400w, https:\/\/www.ub.edu\/risknat\/wp-content\/uploads\/2023\/03\/CampanyaSALTFLU2012-extraient-fluids-intersticials-2-600x450.jpg 600w, https:\/\/www.ub.edu\/risknat\/wp-content\/uploads\/2023\/03\/CampanyaSALTFLU2012-extraient-fluids-intersticials-2-800x600.jpg 800w, https:\/\/www.ub.edu\/risknat\/wp-content\/uploads\/2023\/03\/CampanyaSALTFLU2012-extraient-fluids-intersticials-2-1200x900.jpg 1200w, https:\/\/www.ub.edu\/risknat\/wp-content\/uploads\/2023\/03\/CampanyaSALTFLU2012-extraient-fluids-intersticials-2-scaled.jpg 2560w\" data-sizes=\"(min-width: 2200px) 100vw, (min-width: 784px) 363px, (min-width: 712px) 545px, (min-width: 640px) 712px,\" src=\"data:image\/svg+xml;base64,PHN2ZyB3aWR0aD0iMSIgaGVpZ2h0PSIxIiB4bWxucz0iaHR0cDovL3d3dy53My5vcmcvMjAwMC9zdmciPjwvc3ZnPg==\" style=\"--smush-placeholder-width: 2560px; --smush-placeholder-aspect-ratio: 2560\/1920;\" \/><\/a><\/div><\/div><div style=\"padding:5px;\" class=\"fusion-grid-column fusion-gallery-column fusion-gallery-column-3 hover-type-zoomin\"><div class=\"fusion-gallery-image\"><a href=\"https:\/\/www.ub.edu\/risknat\/wp-content\/uploads\/2023\/03\/CampanyaSALTFLU2012-extraient-fluids-intersticials-scaled.jpg\" data-caption=\"CampanyaSALTFLU2012 extraient fluids intersticials\" rel=\"noreferrer\" data-rel=\"iLightbox[gallery_image_1]\" class=\"fusion-lightbox\" target=\"_self\"><img decoding=\"async\" data-src=\"https:\/\/www.ub.edu\/risknat\/wp-content\/uploads\/2023\/03\/CampanyaSALTFLU2012-extraient-fluids-intersticials-scaled.jpg\" width=\"2560\" height=\"1920\" alt=\"\" title=\"clica per +\" aria-label=\"clica per +\" class=\"img-responsive wp-image-5056 lazyload\" data-srcset=\"https:\/\/www.ub.edu\/risknat\/wp-content\/uploads\/2023\/03\/CampanyaSALTFLU2012-extraient-fluids-intersticials-200x150.jpg 200w, https:\/\/www.ub.edu\/risknat\/wp-content\/uploads\/2023\/03\/CampanyaSALTFLU2012-extraient-fluids-intersticials-400x300.jpg 400w, https:\/\/www.ub.edu\/risknat\/wp-content\/uploads\/2023\/03\/CampanyaSALTFLU2012-extraient-fluids-intersticials-600x450.jpg 600w, https:\/\/www.ub.edu\/risknat\/wp-content\/uploads\/2023\/03\/CampanyaSALTFLU2012-extraient-fluids-intersticials-800x600.jpg 800w, https:\/\/www.ub.edu\/risknat\/wp-content\/uploads\/2023\/03\/CampanyaSALTFLU2012-extraient-fluids-intersticials-1200x900.jpg 1200w, https:\/\/www.ub.edu\/risknat\/wp-content\/uploads\/2023\/03\/CampanyaSALTFLU2012-extraient-fluids-intersticials-scaled.jpg 2560w\" data-sizes=\"(min-width: 2200px) 100vw, (min-width: 784px) 363px, (min-width: 712px) 545px, (min-width: 640px) 712px,\" src=\"data:image\/svg+xml;base64,PHN2ZyB3aWR0aD0iMSIgaGVpZ2h0PSIxIiB4bWxucz0iaHR0cDovL3d3dy53My5vcmcvMjAwMC9zdmciPjwvc3ZnPg==\" style=\"--smush-placeholder-width: 2560px; --smush-placeholder-aspect-ratio: 2560\/1920;\" \/><\/a><\/div><\/div><div class=\"clearfix\"><\/div><div style=\"padding:5px;\" class=\"fusion-grid-column fusion-gallery-column fusion-gallery-column-3 hover-type-zoomin awb-gallery-item-hidden\"><div class=\"fusion-gallery-image\"><a href=\"https:\/\/www.ub.edu\/risknat\/wp-content\/uploads\/2023\/03\/IODPExp308-Golf-de-Mexic-Joides-Resolution-2-scaled.jpg\" data-caption=\"IODP Exp308 Golf de M\u00e8xic Joides Resolution (2)\" rel=\"noreferrer\" data-rel=\"iLightbox[gallery_image_1]\" class=\"fusion-lightbox\" target=\"_self\"><img decoding=\"async\" data-src=\"https:\/\/www.ub.edu\/risknat\/wp-content\/uploads\/2023\/03\/IODPExp308-Golf-de-Mexic-Joides-Resolution-2-scaled.jpg\" width=\"2560\" height=\"1920\" alt=\"\" title=\"clica per +\" aria-label=\"clica per +\" class=\"img-responsive wp-image-5062 lazyload\" data-srcset=\"https:\/\/www.ub.edu\/risknat\/wp-content\/uploads\/2023\/03\/IODPExp308-Golf-de-Mexic-Joides-Resolution-2-200x150.jpg 200w, https:\/\/www.ub.edu\/risknat\/wp-content\/uploads\/2023\/03\/IODPExp308-Golf-de-Mexic-Joides-Resolution-2-400x300.jpg 400w, https:\/\/www.ub.edu\/risknat\/wp-content\/uploads\/2023\/03\/IODPExp308-Golf-de-Mexic-Joides-Resolution-2-600x450.jpg 600w, https:\/\/www.ub.edu\/risknat\/wp-content\/uploads\/2023\/03\/IODPExp308-Golf-de-Mexic-Joides-Resolution-2-800x600.jpg 800w, https:\/\/www.ub.edu\/risknat\/wp-content\/uploads\/2023\/03\/IODPExp308-Golf-de-Mexic-Joides-Resolution-2-1200x900.jpg 1200w, https:\/\/www.ub.edu\/risknat\/wp-content\/uploads\/2023\/03\/IODPExp308-Golf-de-Mexic-Joides-Resolution-2-scaled.jpg 2560w\" data-sizes=\"(min-width: 2200px) 100vw, (min-width: 784px) 363px, (min-width: 712px) 545px, (min-width: 640px) 712px,\" src=\"data:image\/svg+xml;base64,PHN2ZyB3aWR0aD0iMSIgaGVpZ2h0PSIxIiB4bWxucz0iaHR0cDovL3d3dy53My5vcmcvMjAwMC9zdmciPjwvc3ZnPg==\" style=\"--smush-placeholder-width: 2560px; --smush-placeholder-aspect-ratio: 2560\/1920;\" \/><\/a><\/div><\/div><div style=\"padding:5px;\" class=\"fusion-grid-column fusion-gallery-column fusion-gallery-column-3 hover-type-zoomin awb-gallery-item-hidden\"><div class=\"fusion-gallery-image\"><a href=\"https:\/\/www.ub.edu\/risknat\/wp-content\/uploads\/2023\/03\/IODPExp308-Golf-de-Mexic-sondes-DVTPP-i-T2P-scaled.jpg\" data-caption=\"IODP Exp308 Golf de M\u00e8xic sondes DVTPP i T2P\" rel=\"noreferrer\" data-rel=\"iLightbox[gallery_image_1]\" class=\"fusion-lightbox\" target=\"_self\"><img decoding=\"async\" data-src=\"https:\/\/www.ub.edu\/risknat\/wp-content\/uploads\/2023\/03\/IODPExp308-Golf-de-Mexic-sondes-DVTPP-i-T2P-scaled.jpg\" width=\"2560\" height=\"1920\" alt=\"\" title=\"clica per +\" aria-label=\"clica per +\" class=\"img-responsive wp-image-5065 lazyload\" data-srcset=\"https:\/\/www.ub.edu\/risknat\/wp-content\/uploads\/2023\/03\/IODPExp308-Golf-de-Mexic-sondes-DVTPP-i-T2P-200x150.jpg 200w, https:\/\/www.ub.edu\/risknat\/wp-content\/uploads\/2023\/03\/IODPExp308-Golf-de-Mexic-sondes-DVTPP-i-T2P-400x300.jpg 400w, https:\/\/www.ub.edu\/risknat\/wp-content\/uploads\/2023\/03\/IODPExp308-Golf-de-Mexic-sondes-DVTPP-i-T2P-600x450.jpg 600w, https:\/\/www.ub.edu\/risknat\/wp-content\/uploads\/2023\/03\/IODPExp308-Golf-de-Mexic-sondes-DVTPP-i-T2P-800x600.jpg 800w, https:\/\/www.ub.edu\/risknat\/wp-content\/uploads\/2023\/03\/IODPExp308-Golf-de-Mexic-sondes-DVTPP-i-T2P-1200x900.jpg 1200w, https:\/\/www.ub.edu\/risknat\/wp-content\/uploads\/2023\/03\/IODPExp308-Golf-de-Mexic-sondes-DVTPP-i-T2P-scaled.jpg 2560w\" data-sizes=\"(min-width: 2200px) 100vw, (min-width: 784px) 363px, (min-width: 712px) 545px, (min-width: 640px) 712px,\" src=\"data:image\/svg+xml;base64,PHN2ZyB3aWR0aD0iMSIgaGVpZ2h0PSIxIiB4bWxucz0iaHR0cDovL3d3dy53My5vcmcvMjAwMC9zdmciPjwvc3ZnPg==\" style=\"--smush-placeholder-width: 2560px; --smush-placeholder-aspect-ratio: 2560\/1920;\" \/><\/a><\/div><\/div><div style=\"padding:5px;\" class=\"fusion-grid-column fusion-gallery-column fusion-gallery-column-3 hover-type-zoomin awb-gallery-item-hidden\"><div class=\"fusion-gallery-image\"><a href=\"https:\/\/www.ub.edu\/risknat\/wp-content\/uploads\/2023\/03\/Mostres-de-sediment-assecant-se-al-forn-scaled.jpg\" data-caption=\"Mostres de sediment assecant-se al forn\" rel=\"noreferrer\" data-rel=\"iLightbox[gallery_image_1]\" class=\"fusion-lightbox\" target=\"_self\"><img decoding=\"async\" data-src=\"https:\/\/www.ub.edu\/risknat\/wp-content\/uploads\/2023\/03\/Mostres-de-sediment-assecant-se-al-forn-scaled.jpg\" width=\"2560\" height=\"1244\" alt=\"\" title=\"clica per +\" aria-label=\"clica per +\" class=\"img-responsive wp-image-5068 lazyload\" data-srcset=\"https:\/\/www.ub.edu\/risknat\/wp-content\/uploads\/2023\/03\/Mostres-de-sediment-assecant-se-al-forn-200x97.jpg 200w, https:\/\/www.ub.edu\/risknat\/wp-content\/uploads\/2023\/03\/Mostres-de-sediment-assecant-se-al-forn-400x194.jpg 400w, https:\/\/www.ub.edu\/risknat\/wp-content\/uploads\/2023\/03\/Mostres-de-sediment-assecant-se-al-forn-600x292.jpg 600w, https:\/\/www.ub.edu\/risknat\/wp-content\/uploads\/2023\/03\/Mostres-de-sediment-assecant-se-al-forn-800x389.jpg 800w, https:\/\/www.ub.edu\/risknat\/wp-content\/uploads\/2023\/03\/Mostres-de-sediment-assecant-se-al-forn-1200x583.jpg 1200w, https:\/\/www.ub.edu\/risknat\/wp-content\/uploads\/2023\/03\/Mostres-de-sediment-assecant-se-al-forn-scaled.jpg 2560w\" data-sizes=\"(min-width: 2200px) 100vw, (min-width: 784px) 363px, (min-width: 712px) 545px, (min-width: 640px) 712px,\" src=\"data:image\/svg+xml;base64,PHN2ZyB3aWR0aD0iMSIgaGVpZ2h0PSIxIiB4bWxucz0iaHR0cDovL3d3dy53My5vcmcvMjAwMC9zdmciPjwvc3ZnPg==\" style=\"--smush-placeholder-width: 2560px; --smush-placeholder-aspect-ratio: 2560\/1244;\" \/><\/a><\/div><\/div><div class=\"clearfix\"><\/div><\/div><div class=\"fusion-loading-container fusion-clearfix awb-gallery-posts-loading-container\">\n\t\t\t\t<div class=\"fusion-loading-spinner\">\n\t\t\t\t\t<div class=\"fusion-spinner-1\"><\/div>\n\t\t\t\t\t<div class=\"fusion-spinner-2\"><\/div>\n\t\t\t\t\t<div class=\"fusion-spinner-3\"><\/div>\n\t\t\t\t<\/div><div class=\"fusion-loading-msg\"><em>Loading the next set of gallery items...<\/em><\/div><\/div><div class=\"awb-gallery-buttons\"><a href=\"#\" class=\"fusion-button button-flat button-default fusion-button-default-size awb-gallery-load-more-btn\">Load More<\/a><\/div><\/div><\/div><\/div><\/div><\/div><\/p>\n","protected":false},"excerpt":{"rendered":"","protected":false},"author":4,"featured_media":0,"parent":0,"menu_order":0,"comment_status":"closed","ping_status":"closed","template":"100-width.php","meta":{"footnotes":""},"class_list":["post-4754","page","type-page","status-publish","hentry"],"_links":{"self":[{"href":"https:\/\/www.ub.edu\/risknat\/wp-json\/wp\/v2\/pages\/4754","targetHints":{"allow":["GET"]}}],"collection":[{"href":"https:\/\/www.ub.edu\/risknat\/wp-json\/wp\/v2\/pages"}],"about":[{"href":"https:\/\/www.ub.edu\/risknat\/wp-json\/wp\/v2\/types\/page"}],"author":[{"embeddable":true,"href":"https:\/\/www.ub.edu\/risknat\/wp-json\/wp\/v2\/users\/4"}],"replies":[{"embeddable":true,"href":"https:\/\/www.ub.edu\/risknat\/wp-json\/wp\/v2\/comments?post=4754"}],"version-history":[{"count":8,"href":"https:\/\/www.ub.edu\/risknat\/wp-json\/wp\/v2\/pages\/4754\/revisions"}],"predecessor-version":[{"id":5516,"href":"https:\/\/www.ub.edu\/risknat\/wp-json\/wp\/v2\/pages\/4754\/revisions\/5516"}],"wp:attachment":[{"href":"https:\/\/www.ub.edu\/risknat\/wp-json\/wp\/v2\/media?parent=4754"}],"curies":[{"name":"wp","href":"https:\/\/api.w.org\/{rel}","templated":true}]}}