{"id":253,"date":"2011-12-01T12:16:11","date_gmt":"2011-12-01T12:16:11","guid":{"rendered":"http:\/\/www.ub.edu\/xdl\/mundet\/?page_id=253"},"modified":"2015-04-27T13:51:20","modified_gmt":"2015-04-27T13:51:20","slug":"serveis-linguistics","status":"publish","type":"page","link":"https:\/\/www.ub.edu\/rodamundet\/serveis-linguistics","title":{"rendered":"Serveis Ling\u00fc\u00edstics"},"content":{"rendered":"<p>Els <strong>Serveis Ling\u00fc\u00edstics (SL)<\/strong> tenen per missi\u00f3 la promoci\u00f3 de la formaci\u00f3 en llengua catalana i l\u2019assessorament ling\u00fc\u00edstic multiling\u00fce per a les activitats acad\u00e8miques, t\u00e8cniques i administratives de la comunitat universit\u00e0ria, segons explicita l\u2019article 6.5 de l\u2019Estatut de la Universitat de Barcelona. A m\u00e9s de contribuir a la plena normalitzaci\u00f3 ling\u00fc\u00edstica del catal\u00e0, s\u2019ocupa de la comunicaci\u00f3 multiling\u00fce en l\u2019\u00e0mbit universitari; s\u00f3n l\u00ednies priorit\u00e0ries la gesti\u00f3 del castell\u00e0 i l\u2019angl\u00e8s com a lleng\u00fces de treball dins l\u2019espai europeu d\u2019educaci\u00f3 superior, la revisi\u00f3 dels textos cient\u00edfics del PDI en angl\u00e8s, l\u2019acollida i la iniciaci\u00f3 de l\u2019alumnat nouvingut en la comprensi\u00f3 oral i escrita del catal\u00e0, i l\u2019aprenentatge de la llengua catalana, tant en cursos presencials com a trav\u00e9s del Campus Virtual per a tots els col\u00b7lectius.<\/p>\n<p>Els SL estan organitzats en tres unitats de treball (<a href=\"http:\/\/www.ub.edu\/sl\/ca\/assessweb.htm\">Assessorament Ling\u00fc\u00edstic i Terminologia<\/a>, <a href=\"http:\/\/www.ub.edu\/sl\/ca\/formacio.htm\">Formaci\u00f3 i Documentaci\u00f3<\/a>, i <a href=\"http:\/\/www.ub.edu\/sl\/ca\/dinamitzacio.htm\">Dinamitzaci\u00f3 i Socioling\u00fc\u00edstica<\/a>) i disposen tamb\u00e9 de sis <a href=\"http:\/\/www.ub.edu\/sl\/ca\/puntsatencio.htm\">punts d\u2019atenci\u00f3 als usuaris<\/a> ubicats als diversos campus i sis espais d\u2019<a href=\"http:\/\/www.ub.edu\/sl\/ca\/fl\/servei3.htm\">autoaprenentatge multiling\u00fce<\/a> (cinc d\u2019aquests espais integrats a les biblioteques).<\/p>\n<p><strong>Contacte<\/strong><br \/>\nServeis Ling\u00fc\u00edstics<br \/>\nEdifici de Llevant<br \/>\nPasseig de la Vall d\u2019Hebron, 171<br \/>\n08035 Barcelona<br \/>\n93 402 10 37<br \/>\n<a href=\"mailto:xdmundet@ub.edu\">xdmundet@ub.edu<\/a><\/p>\n<p>Horari d&#8217;atenci\u00f3:<br \/>\nDe dilluns a divendres, de 9.30 a 13.30 h<\/p>\n","protected":false},"excerpt":{"rendered":"<p>Els Serveis Ling\u00fc\u00edstics (SL) tenen per missi\u00f3 la promoci\u00f3 de la formaci\u00f3 en llengua catalana i l\u2019assessorament ling\u00fc\u00edstic multiling\u00fce per a les activitats acad\u00e8miques, t\u00e8cniques i administratives de la comunitat <a class=\"more-link\" href=\"https:\/\/www.ub.edu\/rodamundet\/serveis-linguistics\">Continua llegint &rarr;<\/a><\/p>\n","protected":false},"author":1,"featured_media":0,"parent":0,"menu_order":0,"comment_status":"closed","ping_status":"closed","template":"","meta":{"footnotes":""},"class_list":["post-253","page","type-page","status-publish","hentry"],"_links":{"self":[{"href":"https:\/\/www.ub.edu\/rodamundet\/wp-json\/wp\/v2\/pages\/253","targetHints":{"allow":["GET"]}}],"collection":[{"href":"https:\/\/www.ub.edu\/rodamundet\/wp-json\/wp\/v2\/pages"}],"about":[{"href":"https:\/\/www.ub.edu\/rodamundet\/wp-json\/wp\/v2\/types\/page"}],"author":[{"embeddable":true,"href":"https:\/\/www.ub.edu\/rodamundet\/wp-json\/wp\/v2\/users\/1"}],"replies":[{"embeddable":true,"href":"https:\/\/www.ub.edu\/rodamundet\/wp-json\/wp\/v2\/comments?post=253"}],"version-history":[{"count":6,"href":"https:\/\/www.ub.edu\/rodamundet\/wp-json\/wp\/v2\/pages\/253\/revisions"}],"predecessor-version":[{"id":255,"href":"https:\/\/www.ub.edu\/rodamundet\/wp-json\/wp\/v2\/pages\/253\/revisions\/255"}],"wp:attachment":[{"href":"https:\/\/www.ub.edu\/rodamundet\/wp-json\/wp\/v2\/media?parent=253"}],"curies":[{"name":"wp","href":"https:\/\/api.w.org\/{rel}","templated":true}]}}