{"id":257,"date":"2011-12-01T12:20:32","date_gmt":"2011-12-01T12:20:32","guid":{"rendered":"http:\/\/www.ub.edu\/xdl\/mundet\/?page_id=257"},"modified":"2020-01-28T09:45:35","modified_gmt":"2020-01-28T09:45:35","slug":"assessorament","status":"publish","type":"page","link":"https:\/\/www.ub.edu\/rodamundet\/assessorament","title":{"rendered":"Assessorament ling\u00fc\u00edstic i terminologia"},"content":{"rendered":"<p>El <strong>professorat<\/strong>, el <strong>personal d\u2019administraci\u00f3 i serveis<\/strong> i <strong>l\u2019alumnat<\/strong> de la Universitat de Barcelona poden acollir-se a l\u2019oferta de serveis d\u2019assessorament ling\u00fc\u00edstic i terminol\u00f2gic dels Serveis Ling\u00fc\u00edstics per garantir la qualitat ling\u00fc\u00edstica en tots els \u00e0mbits universitaris. D\u2019acord amb el <em><a href=\"http:\/\/diposit.ub.edu\/dspace\/bitstream\/2445\/57506\/1\/PNLUB.pdf\" target=\"_blank\" rel=\"noopener noreferrer\">Pla de dinamitzaci\u00f3 ling\u00fc\u00edstica de la Universitat de Barcelona<\/a><\/em> (1989), aquest assessorament es concreta en:<\/p>\n<ul>\n<li><a href=\"http:\/\/www.ub.edu\/sl\/ca\/alt\/serveis\/cit\">correcci\u00f3 i traducci\u00f3<\/a> de textos<\/li>\n<li>elaboraci\u00f3 de <a href=\"http:\/\/www.ub.edu\/sl\/ca\/alt\/serveis\/vocabularis\">vocabularis i diccionaris<\/a> terminol\u00f2gics<\/li>\n<li>resoluci\u00f3 de <a href=\"http:\/\/www.ub.edu\/sl\/ca\/alt\/serveis\/consultes\">consultes<\/a> ling\u00fc\u00edstiques i terminol\u00f2giques<\/li>\n<li><a href=\"http:\/\/www.ub.edu\/sl\/ca\/alt\/serveis\/denominacions\">normalitzaci\u00f3 de denominacions<\/a> de c\u00e0rrecs, funcions, unitats i espais dela UB<\/li>\n<li><a href=\"http:\/\/www.ub.edu\/sl\/ca\/alt\/serveis\/disseny\">disseny de documents<\/a> amb estructures molt fixades<\/li>\n<li>establiment dels <a href=\"http:\/\/www.ub.edu\/sl\/ca\/alt\/serveis\/criteris\">criteris ling\u00fc\u00edstics<\/a> propis dela UB<\/li>\n<li>creaci\u00f3 de <a href=\"http:\/\/www.ub.edu\/sl\/ca\/alt\/recursos\">recursos ling\u00fc\u00edstics<\/a> d\u2019ajuda a la redacci\u00f3, a la millora de la qualitat ling\u00fc\u00edstica i a la cerca d\u2019informaci\u00f3<\/li>\n<\/ul>\n","protected":false},"excerpt":{"rendered":"<p>El professorat, el personal d\u2019administraci\u00f3 i serveis i l\u2019alumnat de la Universitat de Barcelona poden acollir-se a l\u2019oferta de serveis d\u2019assessorament ling\u00fc\u00edstic i terminol\u00f2gic dels Serveis Ling\u00fc\u00edstics per garantir la <a class=\"more-link\" href=\"https:\/\/www.ub.edu\/rodamundet\/assessorament\">Continua llegint &rarr;<\/a><\/p>\n","protected":false},"author":1,"featured_media":0,"parent":0,"menu_order":0,"comment_status":"closed","ping_status":"closed","template":"","meta":{"footnotes":""},"class_list":["post-257","page","type-page","status-publish","hentry"],"_links":{"self":[{"href":"https:\/\/www.ub.edu\/rodamundet\/wp-json\/wp\/v2\/pages\/257","targetHints":{"allow":["GET"]}}],"collection":[{"href":"https:\/\/www.ub.edu\/rodamundet\/wp-json\/wp\/v2\/pages"}],"about":[{"href":"https:\/\/www.ub.edu\/rodamundet\/wp-json\/wp\/v2\/types\/page"}],"author":[{"embeddable":true,"href":"https:\/\/www.ub.edu\/rodamundet\/wp-json\/wp\/v2\/users\/1"}],"replies":[{"embeddable":true,"href":"https:\/\/www.ub.edu\/rodamundet\/wp-json\/wp\/v2\/comments?post=257"}],"version-history":[{"count":7,"href":"https:\/\/www.ub.edu\/rodamundet\/wp-json\/wp\/v2\/pages\/257\/revisions"}],"predecessor-version":[{"id":4587,"href":"https:\/\/www.ub.edu\/rodamundet\/wp-json\/wp\/v2\/pages\/257\/revisions\/4587"}],"wp:attachment":[{"href":"https:\/\/www.ub.edu\/rodamundet\/wp-json\/wp\/v2\/media?parent=257"}],"curies":[{"name":"wp","href":"https:\/\/api.w.org\/{rel}","templated":true}]}}