{"id":5355,"date":"2021-03-03T13:38:19","date_gmt":"2021-03-03T13:38:19","guid":{"rendered":"https:\/\/www.ub.edu\/rodamundet\/?page_id=5355"},"modified":"2023-03-31T09:59:30","modified_gmt":"2023-03-31T09:59:30","slug":"concurs-musical-primavera-de-la-llengua","status":"publish","type":"page","link":"https:\/\/www.ub.edu\/rodamundet\/concurs-musical-primavera-de-la-llengua","title":{"rendered":"Bases 3a Edici\u00f3 Concurs Musical Primavera de la Llengua a Mundet"},"content":{"rendered":"\n<p>La Comissi\u00f3 de Dinamitzaci\u00f3 Ling\u00fc\u00edstica i Cultural de la Facultat d\u2019Educaci\u00f3 i la Comissi\u00f3 de Dinamitzaci\u00f3 Ling\u00fc\u00edstica de la Facultat de Psicologia, juntament amb els Serveis Ling\u00fc\u00edstics de la UB, convoquen la 3a edici\u00f3 del Concurs Musical Primavera de la Llengua a Mundet. Les comissions promouen activament la participaci\u00f3 dels estudiants a les facultats en temes ling\u00fc\u00edstics, culturals i d\u2019impacte social, i \u00e9s amb aquest objectiu que es crea i convoca el concurs.<\/p>\n\n\n\n<p><strong>1. PARTICIPANTS.<\/strong>&nbsp;Pot participar en aquest concurs l\u2019alumnat de qualsevol dels graus, m\u00e0sters o t\u00edtols propis que imparteix la Facultat d\u2019Educaci\u00f3 i la Facultat de Psicologia de la Universitat de Barcelona. S\u2019hi pot participar de forma individual o en grups de fins a 5 persones.<\/p>\n\n\n\n<p><strong>2. TEM\u00c0TICA.<\/strong>&nbsp;El tema principal \u00e9s la cultura musical catalana en tots els seus \u00e0mbits i perspectives.<\/p>\n\n\n\n<p><strong>3. OBRES.&nbsp;<\/strong>Cada participant pot presentar com a m\u00e0xim un v\u00eddeo original, d\u2019entre 1 i 3 minuts de durada aproximadament, amb la interpretaci\u00f3 en catal\u00e0 d\u2019una can\u00e7\u00f3 pr\u00f2pia o d\u2019una versi\u00f3 d\u2019una can\u00e7\u00f3 existent. El v\u00eddeo no es pot haver presentat pr\u00e8viament en altres concursos, plataformes o qualsevol mitj\u00e0 digital.<\/p>\n\n\n\n<p>Els participants es responsabilitzaran totalment de ser els \u00fanics autors del material presentat, de garantir que no existeixen drets a tercers, i de tota possible reclamaci\u00f3 per drets d\u2019imatge sobre les obres presentades al concurs.<\/p>\n\n\n\n<p><strong>4. PRESENTACI\u00d3.<\/strong>&nbsp;Nom\u00e9s s\u2019acceptaran v\u00eddeos del col\u00b7lectiu d\u2019estudiants de la Facultat d\u2019Educaci\u00f3 i de la Facultat de Psicologia del Campus Mundet. Si es tracta d\u2019un grup, almenys un dels components ha de ser estudiant del Campus.<\/p>\n\n\n\n<p><strong>5. ENVIAMENT. <\/strong>S\u2019han d\u2019enviar les obres a <a href=\"mailto:suport.dt.educacio@ub.edu\">suport.dt.educacio@ub.edu<\/a>, amb la informaci\u00f3 seg\u00fcent:<\/p>\n\n\n\n<p>1. ASSUMPTE: 3r Concurs Musical de Mundet<\/p>\n\n\n\n<p>2. NOM:<\/p>\n\n\n\n<p>3. COGNOMS:<\/p>\n\n\n\n<p>4. CAN\u00c7\u00d3 INTERPRETADA:<\/p>\n\n\n\n<p>5. AUTOR\/A DE LA CAN\u00c7\u00d3<\/p>\n\n\n\n<p>5. CORREU ELECTR\u00d2NIC:<\/p>\n\n\n\n<p>6. NIUB:<\/p>\n\n\n\n<p>7. TEL\u00c8FON:<\/p>\n\n\n\n<p>Els v\u00eddeos es penjaran de manera individual (com un&nbsp;<em>post&nbsp;<\/em>cadascun) a la p\u00e0gina d\u2019Instagram del concurs (<a href=\"https:\/\/www.instagram.com\/p\/CqU43hsNvON\/\">concursmusical<\/a>) amb el nom del participant, la can\u00e7\u00f3 interpretada i l\u2019autor de la can\u00e7\u00f3. Tamb\u00e9 es difondran a trav\u00e9s del blog RodaMundet i les xarxes socials del Campus.<\/p>\n\n\n\n<p><strong>6. DATES CLAU: FASES DEL CONCURS<\/strong><\/p>\n\n\n\n<p><strong>1.&nbsp;<\/strong>El per\u00edode per presentar les obres \u00e9s del 24 de mar\u00e7 al 15 d\u2019abril de 2023 a les 23:59. No s\u2019admetran v\u00eddeos presentats amb posterioritat a aquesta data.<\/p>\n\n\n\n<p><strong>2.<\/strong>&nbsp;Del 18 al 27 d\u2019abril de 2023 a les 23:59 es podr\u00e0 votar per decidir guanyador a trav\u00e9s del perfil d\u2019Instagram del concurs, fent&nbsp;<em>likes&nbsp;<\/em>a les publicacions del compte d\u2019Instagram.<\/p>\n\n\n\n<p><strong>3.&nbsp;<\/strong>El 28 d\u2019abril de 2023 s\u2019anunciar\u00e0 el guanyador del concurs a trav\u00e9s de les xarxes, i l\u2019organitzaci\u00f3 s\u2019hi posar\u00e0 en contacte per concretar els detalls del premi.<\/p>\n\n\n\n<p><strong>7. PREMI.&nbsp;<\/strong>L\u2019estudiant o grup guanyador tindr\u00e0 com a premi l\u2019oportunitat de gravar un tema amb l\u2019equip de v\u00eddeo i sonoritzaci\u00f3 de la Facultat d\u2019Informaci\u00f3 i Mitjans Audiovisuals (FIMA) de la Universitat de Barcelona, en col\u00b7laboraci\u00f3 amb docents i estudiants del grau de Comunicaci\u00f3 Audiovisual. La gravaci\u00f3 es difondr\u00e0 a tota la UB, a trav\u00e9s de tots els seus mitjans, el mes de juny, coincidint amb la finalitzaci\u00f3 del curs.<\/p>\n\n\n\n<p>Abans de la gravaci\u00f3 i edici\u00f3 del v\u00eddeo, que es far\u00e0 durant la primera setmana de juny, la persona o persones guanyadores es reuniran amb un responsable de la FIMA per concretar el tema musical i els detalls del v\u00eddeo (cal que els guanyadors aportin una idea pr\u00e8via).<\/p>\n\n\n\n<p><strong>8. JURAT.<\/strong>&nbsp;El jurat ser\u00e0 el p\u00fablic de la p\u00e0gina d\u2019Instagram. Es votar\u00e0 mitjan\u00e7ant els&nbsp;<em>likes<\/em>; per tant, el v\u00eddeo participant amb m\u00e9s&nbsp;<em>likes&nbsp;<\/em>ser\u00e0 el guanyador del concurs.<\/p>\n\n\n\n<p><strong>9. ACCEPTACI\u00d3 DE LES BASES.&nbsp;<\/strong>La participaci\u00f3 en aquest concurs suposa l\u2019acceptaci\u00f3 completa de totes i cadascuna d\u2019aquestes bases i del dictamen inapel\u00b7lable del jurat.<\/p>\n\n\n\n<p>Barcelona, mar\u00e7 de 2023<\/p>\n\n\n\n<p>Comissi\u00f3 de Dinamitzaci\u00f3 Ling\u00fc\u00edstica i Cultural de la Facultat d\u2019Educaci\u00f3, Comissi\u00f3 de Dinamitzaci\u00f3 Ling\u00fc\u00edstica de la Facultat de Psicologia, Serveis Ling\u00fc\u00edstics de Mundet<\/p>\n","protected":false},"excerpt":{"rendered":"<p>La Comissi\u00f3 de Dinamitzaci\u00f3 Ling\u00fc\u00edstica i Cultural de la Facultat d\u2019Educaci\u00f3 i la Comissi\u00f3 de Dinamitzaci\u00f3 Ling\u00fc\u00edstica de la Facultat de Psicologia, juntament amb els Serveis Ling\u00fc\u00edstics de la UB, <a class=\"more-link\" href=\"https:\/\/www.ub.edu\/rodamundet\/concurs-musical-primavera-de-la-llengua\">Continua llegint &rarr;<\/a><\/p>\n","protected":false},"author":1,"featured_media":0,"parent":0,"menu_order":0,"comment_status":"closed","ping_status":"closed","template":"","meta":{"footnotes":""},"class_list":["post-5355","page","type-page","status-publish","hentry"],"_links":{"self":[{"href":"https:\/\/www.ub.edu\/rodamundet\/wp-json\/wp\/v2\/pages\/5355","targetHints":{"allow":["GET"]}}],"collection":[{"href":"https:\/\/www.ub.edu\/rodamundet\/wp-json\/wp\/v2\/pages"}],"about":[{"href":"https:\/\/www.ub.edu\/rodamundet\/wp-json\/wp\/v2\/types\/page"}],"author":[{"embeddable":true,"href":"https:\/\/www.ub.edu\/rodamundet\/wp-json\/wp\/v2\/users\/1"}],"replies":[{"embeddable":true,"href":"https:\/\/www.ub.edu\/rodamundet\/wp-json\/wp\/v2\/comments?post=5355"}],"version-history":[{"count":8,"href":"https:\/\/www.ub.edu\/rodamundet\/wp-json\/wp\/v2\/pages\/5355\/revisions"}],"predecessor-version":[{"id":6579,"href":"https:\/\/www.ub.edu\/rodamundet\/wp-json\/wp\/v2\/pages\/5355\/revisions\/6579"}],"wp:attachment":[{"href":"https:\/\/www.ub.edu\/rodamundet\/wp-json\/wp\/v2\/media?parent=5355"}],"curies":[{"name":"wp","href":"https:\/\/api.w.org\/{rel}","templated":true}]}}