{"id":5384,"date":"2021-03-09T11:29:03","date_gmt":"2021-03-09T11:29:03","guid":{"rendered":"https:\/\/www.ub.edu\/rodamundet\/?page_id=5384"},"modified":"2021-03-09T11:29:04","modified_gmt":"2021-03-09T11:29:04","slug":"suggeriments-2","status":"publish","type":"page","link":"https:\/\/www.ub.edu\/rodamundet\/suggeriments-2","title":{"rendered":"Suggeriments"},"content":{"rendered":"\n<ul class=\"wp-block-list\"><li>Quins altres apartats voldries trobar-hi?<\/li><li>Quina informaci\u00f3 t\u2019agradaria que publiqu\u00e9ssim?<\/li><li>Trobes que el contingut del blog \u00e9s interessant?<\/li><li>Quines activitats creus que podr\u00edem organitzar?<\/li><li>Qu\u00e8 et semblen les preguntes de la RodaGimcana?<\/li><\/ul>\n\n\n\n<p><strong>Pots donar-nos la teva opini\u00f3 sobre el blog i fer-nos arribar els suggeriments que creguis oportuns escrivint-nos a xdmundet@ub.edu.<\/strong><\/p>\n","protected":false},"excerpt":{"rendered":"<p>Quins altres apartats voldries trobar-hi? Quina informaci\u00f3 t\u2019agradaria que publiqu\u00e9ssim? Trobes que el contingut del blog \u00e9s interessant? Quines activitats creus que podr\u00edem organitzar? Qu\u00e8 et semblen les preguntes de <a class=\"more-link\" href=\"https:\/\/www.ub.edu\/rodamundet\/suggeriments-2\">Continua llegint &rarr;<\/a><\/p>\n","protected":false},"author":1,"featured_media":0,"parent":0,"menu_order":0,"comment_status":"closed","ping_status":"closed","template":"","meta":{"footnotes":""},"class_list":["post-5384","page","type-page","status-publish","hentry"],"_links":{"self":[{"href":"https:\/\/www.ub.edu\/rodamundet\/wp-json\/wp\/v2\/pages\/5384","targetHints":{"allow":["GET"]}}],"collection":[{"href":"https:\/\/www.ub.edu\/rodamundet\/wp-json\/wp\/v2\/pages"}],"about":[{"href":"https:\/\/www.ub.edu\/rodamundet\/wp-json\/wp\/v2\/types\/page"}],"author":[{"embeddable":true,"href":"https:\/\/www.ub.edu\/rodamundet\/wp-json\/wp\/v2\/users\/1"}],"replies":[{"embeddable":true,"href":"https:\/\/www.ub.edu\/rodamundet\/wp-json\/wp\/v2\/comments?post=5384"}],"version-history":[{"count":1,"href":"https:\/\/www.ub.edu\/rodamundet\/wp-json\/wp\/v2\/pages\/5384\/revisions"}],"predecessor-version":[{"id":5385,"href":"https:\/\/www.ub.edu\/rodamundet\/wp-json\/wp\/v2\/pages\/5384\/revisions\/5385"}],"wp:attachment":[{"href":"https:\/\/www.ub.edu\/rodamundet\/wp-json\/wp\/v2\/media?parent=5384"}],"curies":[{"name":"wp","href":"https:\/\/api.w.org\/{rel}","templated":true}]}}