{"id":796,"date":"2012-02-28T09:51:26","date_gmt":"2012-02-28T09:51:26","guid":{"rendered":"http:\/\/www.ub.edu\/xdl\/mundet\/?page_id=796"},"modified":"2026-02-25T08:56:26","modified_gmt":"2026-02-25T08:56:26","slug":"premi-emili-mira-i-lopez","status":"publish","type":"page","link":"https:\/\/www.ub.edu\/rodamundet\/premi-emili-mira-i-lopez","title":{"rendered":"Bases del Premi Emili Mira i L\u00f3pez 2026"},"content":{"rendered":"\n<p class=\"has-text-align-center\"><strong>XXI PREMI EMILI MIRA I L\u00d3PEZ A LA QUALITAT LING\u00dc\u00cdSTICA<\/strong><\/p>\n\n\n\n<p><strong>Objectius<\/strong><\/p>\n\n\n\n<p>Les comissions de dinamitzaci\u00f3 ling\u00fc\u00edstica i cultural de les facultats d\u2019Educaci\u00f3 i Psicologia, juntament amb els Serveis Ling\u00fc\u00edstics de la UB, convoquen la vint-i-unena edici\u00f3 del Premi Emili Mira i L\u00f3pez a la qualitat ling\u00fc\u00edstica amb l\u2019objectiu de fomentar la creativitat entre l\u2019alumnat i difondre&#8217;n les creacions entre tots els col\u00b7lectius del campus.<\/p>\n\n\n\n<p><strong>Participaci\u00f3<\/strong><\/p>\n\n\n\n<p>Per participar-hi cal presentar una obra liter\u00e0ria de petit format.<\/p>\n\n\n\n<p>Hi ha dues categories: una per al text escrit i una altra per a l\u2019oral. Per al text escrit, s\u2019inclou qualsevol g\u00e8nere literari: conte, poesia, narraci\u00f3, c\u00f2mic, assaig, carta, article period\u00edstic, poema visual, etc. Per al text oral, es poden presentar v\u00eddeos amb text en catal\u00e0.<\/p>\n\n\n\n<p>Es valora la qualitat ling\u00fc\u00edstica, l\u2019originalitat i la creativitat.<\/p>\n\n\n\n<p>Els treballs han de ser in\u00e8dits i en catal\u00e0.<\/p>\n\n\n\n<p>La tem\u00e0tica per a la vint-i-unena edici\u00f3 del premi \u00e9s <em>Gaud\u00ed. Inspira&#8217;t en una obra de l&#8217;arquitecte per situar-hi la teva hist\u00f2ria<\/em>, en homenatge al centenari de la mort d&#8217;Antoni Gaud\u00ed.<\/p>\n\n\n\n<p><strong>Destinataris<\/strong><\/p>\n\n\n\n<p>Pot participar-hi l\u2019alumnat matriculat en alguna assignatura dels graus, postgraus, m\u00e0sters o programes de doctorat de les facultats convocants (Psicologia i Educaci\u00f3).<\/p>\n\n\n\n<p><strong>Caracter\u00edstiques<\/strong><\/p>\n\n\n\n<p>L\u2019extensi\u00f3 de les obres pot ser variable depenent del g\u00e8nere escollit. Per a la categoria de text escrit hi ha un m\u00e0xim de 800 paraules. Per a la categoria de text escrit la durada m\u00e0xima \u00e9s de dos minuts.<\/p>\n\n\n\n<p>L\u2019autoria pot ser individual o col\u00b7lectiva. Les obres han de ser in\u00e8dites i no han d\u2019haver estat premiades en altres concursos. Cada participant pot presentar-ne tres com a m\u00e0xim, totes amb el mateix pseud\u00f2nim.<\/p>\n\n\n\n<p>No es valorar\u00e0 cap proposta que s&#8217;hagi generat totalment amb intel\u00b7lig\u00e8ncia artificial generativa. En cas d&#8217;haver-la fet servir com a suport o per millorar l&#8217;obra, cal fer-ho constar i indicar quines eines s&#8217;han utilitzat i amb quin prop\u00f2sit.<\/p>\n\n\n\n<p><strong>Presentaci\u00f3 de les obres<\/strong><\/p>\n\n\n\n<p>Les obres s\u2019han d\u2019enviar per correu electr\u00f2nic a sl.mundet@ub.edu indicant el t\u00edtol, un pseud\u00f2nim i les dades personals seg\u00fcents: nom i cognoms, tel\u00e8fon, estudis en curs i NIUB. En el cas que l\u2019obra sigui col\u00b7lectiva, cal indicar un sol pseud\u00f2nim i les dades personals de tots els autors. Si el treball que es presenta \u00e9s un v\u00eddeo, en el correu cal indicar-hi les mateixes dades i l\u2019enlla\u00e7 a aquest v\u00eddeo, que pr\u00e8viament heu d\u2019haver penjat amb visualitzaci\u00f3 p\u00fablica al YouTube.<\/p>\n\n\n\n<p>Rebreu un correu de confirmaci\u00f3 i posteriorment les vostres obres es poden publicar al blog RodaMundet: www.ub.edu\/rodamundet.<\/p>\n\n\n\n<p>La Comissi\u00f3 es reserva el dret de no acceptar a concurs els treballs que no tinguin una qualitat ling\u00fc\u00edstica suficient o que no s\u2019ajustin a les bases. En el cas dels textos escrits, abans d\u2019enviar-los s\u2019han d\u2019haver revisat amb un verificador ortogr\u00e0fic.<\/p>\n\n\n\n<p><strong>Premis<\/strong><\/p>\n\n\n\n<p>S\u2019atorguen dos premis per a cada categoria: el premi per a l\u2019obra guanyadora de cada categoria \u00e9s de 200 \u20ac i per a l\u2019obra finalista, 150 \u20ac. Les persones premiades tamb\u00e9 reben un diploma acreditatiu.<\/p>\n\n\n\n<p><strong>Termini<\/strong><\/p>\n\n\n\n<p>El termini de presentaci\u00f3 d\u2019originals s\u2019acaba el 30 de mar\u00e7 del 2026.<\/p>\n\n\n\n<p><\/p>\n","protected":false},"excerpt":{"rendered":"<p>XXI PREMI EMILI MIRA I L\u00d3PEZ A LA QUALITAT LING\u00dc\u00cdSTICA Objectius Les comissions de dinamitzaci\u00f3 ling\u00fc\u00edstica i cultural de les facultats d\u2019Educaci\u00f3 i Psicologia, juntament amb els Serveis Ling\u00fc\u00edstics de <a class=\"more-link\" href=\"https:\/\/www.ub.edu\/rodamundet\/premi-emili-mira-i-lopez\">Continua llegint &rarr;<\/a><\/p>\n","protected":false},"author":1,"featured_media":0,"parent":0,"menu_order":0,"comment_status":"closed","ping_status":"closed","template":"","meta":{"footnotes":""},"class_list":["post-796","page","type-page","status-publish","hentry"],"_links":{"self":[{"href":"https:\/\/www.ub.edu\/rodamundet\/wp-json\/wp\/v2\/pages\/796","targetHints":{"allow":["GET"]}}],"collection":[{"href":"https:\/\/www.ub.edu\/rodamundet\/wp-json\/wp\/v2\/pages"}],"about":[{"href":"https:\/\/www.ub.edu\/rodamundet\/wp-json\/wp\/v2\/types\/page"}],"author":[{"embeddable":true,"href":"https:\/\/www.ub.edu\/rodamundet\/wp-json\/wp\/v2\/users\/1"}],"replies":[{"embeddable":true,"href":"https:\/\/www.ub.edu\/rodamundet\/wp-json\/wp\/v2\/comments?post=796"}],"version-history":[{"count":39,"href":"https:\/\/www.ub.edu\/rodamundet\/wp-json\/wp\/v2\/pages\/796\/revisions"}],"predecessor-version":[{"id":6961,"href":"https:\/\/www.ub.edu\/rodamundet\/wp-json\/wp\/v2\/pages\/796\/revisions\/6961"}],"wp:attachment":[{"href":"https:\/\/www.ub.edu\/rodamundet\/wp-json\/wp\/v2\/media?parent=796"}],"curies":[{"name":"wp","href":"https:\/\/api.w.org\/{rel}","templated":true}]}}