{"id":2,"date":"2023-11-03T13:25:42","date_gmt":"2023-11-03T12:25:42","guid":{"rendered":"https:\/\/www.ub.edu\/ruralcit\/?page_id=2"},"modified":"2024-02-09T13:19:37","modified_gmt":"2024-02-09T12:19:37","slug":"pagina-ejemplo","status":"publish","type":"page","link":"https:\/\/www.ub.edu\/ruralcit\/","title":{"rendered":""},"content":{"rendered":"\n<p class=\"has-black-color has-text-color has-link-color wp-elements-1bc3cadd552c9fdb234fcd81507971a7\">Este proyecto aborda las representaciones, experiencias y pr\u00e1cticas de ciudadan\u00eda en los entornos rurales en Espa\u00f1a. Ante la creciente entrada en el debate y la agenda p\u00fablica de las principales problem\u00e1ticas demogr\u00e1ficas, econ\u00f3micas, pol\u00edticas, sociales y culturales relacionadas con la vida rural, la investigaci\u00f3n se pregunta qu\u00e9 significa y qu\u00e9 tiene de espec\u00edfico en el momento actual la condici\u00f3n de ciudadan\u00eda en los entornos rurales. El acentuado envejecimiento de la poblaci\u00f3n rural, el avance de la despoblaci\u00f3n, la decreciente rentabilidad de las actividades econ\u00f3micas familiares del sector primario y las limitaciones de oferta y acceso a los servicios p\u00fablicos educativos, sanitarios, gerontol\u00f3gicos o tambi\u00e9n culturales, ponen sobre la mesa la creciente desigualdad de acceso a los derechos de ciudadan\u00eda para los habitantes de dichos entornos. Nos planteamos abordar el an\u00e1lisis y las respuestas a los desaf\u00edos socioecon\u00f3micos y sociopol\u00edticos a los que se enfrentan estas poblaciones desde la perspectiva de las pr\u00e1cticas que definen la pertenencia y participaci\u00f3n en sociedad, poniendo la mirada en un espacio tradicionalmente situado en una posici\u00f3n perif\u00e9rica de la ciudadan\u00eda y en situaci\u00f3n de patente desventaja. Para atender a este objetivo general, se plantean cinco hitos espec\u00edficos, que pretenden concretar algunas dimensiones de an\u00e1lisis ante la amplitud del objeto de estudio:<\/p>\n\n\n\n<p class=\"has-black-color has-text-color has-link-color wp-elements-f07482c1a4b1e5cea159da7cdcf1b0e4\">1) Identificar las principales narrativas sobre la experiencia de ciudadan\u00eda en los entornos rurales, con especial atenci\u00f3n a las dimensiones de g\u00e9nero e intergeneracional.<\/p>\n\n\n\n<p class=\"has-black-color has-text-color has-link-color wp-elements-f8260ac54c79f1f4fab1ee1840d3b645\">2) Definir el paisaje emocional de la ciudadan\u00eda en los entornos rurales, bajo la hip\u00f3tesis de que las pr\u00e1cticas y experiencias de ciudadan\u00eda est\u00e1n marcadas por expresiones emocionales que funcionan como marcadores de posiciones sociales estructurales.<\/p>\n\n\n\n<p class=\"has-black-color has-text-color has-link-color wp-elements-92d569ea4a59025a868b42b598a3c8b7\">3) Estudiar los efectos de la entrada de lo rural en la agenda pol\u00edtica, tanto desde la hip\u00f3tesis de la creciente politizaci\u00f3n de las demandas de la poblaci\u00f3n de entornos rurales como desde la despolitizaci\u00f3n ante el sentimiento de agravio y abandono.<\/p>\n\n\n\n<p class=\"has-black-color has-text-color has-link-color wp-elements-06b9667c0ae9e1c112a7fbff2fee699c\">4) Analizar el creciente papel de la tecnolog\u00eda en las pr\u00e1cticas de ciudadan\u00eda, como potenciales facilitadores de la vida en los entornos rurales que podr\u00edan verse como una oportunidad de integraci\u00f3n ante los procesos e incertidumbre actuales.<\/p>\n\n\n\n<p class=\"has-black-color has-text-color has-link-color wp-elements-f1a72d5f2a3757b13f82684c14f2f970\">5) Estudiar la proyecci\u00f3n hacia el futuro y el planteamiento de alternativas, con especial atenci\u00f3n a las relaciones intergeneracionales y a la continuidad de las actividades econ\u00f3micas y la vida en los entornos rurales.<\/p>\n\n\n\n<p class=\"has-black-color has-text-color has-link-color wp-elements-afa2b8a19955ec42c31e99017cc94a0c\">Mediante una metodolog\u00eda cualitativa de estudio de casos, en este proyecto abordaremos la comparaci\u00f3n entre dos entornos de la Espa\u00f1a interior: un entorno en riesgo extremo de despoblaci\u00f3n y un territorio caracterizado una din\u00e1mica actividad agroindustrial, aunque no ajeno a los procesos sociodemogr\u00e1ficos de despoblaci\u00f3n e incertidumbre ante el futuro.<br>El proyecto se orienta hacia la aportaci\u00f3n de conocimiento para la sociedad, con el fin de contribuir a la visibilizaci\u00f3n de un problema central de sostenibilidad social y futuro para nuestra sociedad, con impacto m\u00e1s all\u00e1 de los propios entornos estudiados.<\/p>\n","protected":false},"excerpt":{"rendered":"<p>Este proyecto aborda las representaciones, experiencias y pr\u00e1cticas de ciudadan\u00eda en los entornos rurales en Espa\u00f1a. Ante la creciente entrada en el debate y la agenda p\u00fablica de las principales problem\u00e1ticas demogr\u00e1ficas, econ\u00f3micas, pol\u00edticas, sociales y culturales relacionadas con la vida rural, la investigaci\u00f3n se pregunta qu\u00e9 significa y qu\u00e9 [&hellip;]<\/p>\n","protected":false},"author":1,"featured_media":0,"parent":0,"menu_order":0,"comment_status":"closed","ping_status":"open","template":"","meta":{"_themeisle_gutenberg_block_has_review":false,"footnotes":""},"class_list":["post-2","page","type-page","status-publish","hentry"],"_links":{"self":[{"href":"https:\/\/www.ub.edu\/ruralcit\/wp-json\/wp\/v2\/pages\/2","targetHints":{"allow":["GET"]}}],"collection":[{"href":"https:\/\/www.ub.edu\/ruralcit\/wp-json\/wp\/v2\/pages"}],"about":[{"href":"https:\/\/www.ub.edu\/ruralcit\/wp-json\/wp\/v2\/types\/page"}],"author":[{"embeddable":true,"href":"https:\/\/www.ub.edu\/ruralcit\/wp-json\/wp\/v2\/users\/1"}],"replies":[{"embeddable":true,"href":"https:\/\/www.ub.edu\/ruralcit\/wp-json\/wp\/v2\/comments?post=2"}],"version-history":[{"count":2,"href":"https:\/\/www.ub.edu\/ruralcit\/wp-json\/wp\/v2\/pages\/2\/revisions"}],"predecessor-version":[{"id":72,"href":"https:\/\/www.ub.edu\/ruralcit\/wp-json\/wp\/v2\/pages\/2\/revisions\/72"}],"wp:attachment":[{"href":"https:\/\/www.ub.edu\/ruralcit\/wp-json\/wp\/v2\/media?parent=2"}],"curies":[{"name":"wp","href":"https:\/\/api.w.org\/{rel}","templated":true}]}}