{"id":1265,"date":"2023-12-04T20:40:53","date_gmt":"2023-12-04T18:40:53","guid":{"rendered":"https:\/\/www.ub.edu\/sdm\/tertulias\/presentacion\/"},"modified":"2024-08-26T19:04:59","modified_gmt":"2024-08-26T17:04:59","slug":"presentacion","status":"publish","type":"page","link":"https:\/\/www.ub.edu\/sdm\/ca\/tertulias\/presentacion\/","title":{"rendered":"Presentaci\u00f3"},"content":{"rendered":"<section class=\"wpb-content-wrapper\"><p>[vc_row css=&#8221;.vc_custom_1701777486157{padding-top: 30px !important;padding-bottom: 0px !important;}&#8221;][vc_column css=&#8221;.vc_custom_1701777891808{padding-top: 10px !important;padding-right: 10px !important;padding-bottom: 10px !important;padding-left: 10px !important;}&#8221;]<h2 style=\"text-align:left;\" class=\"ts-custom-heading \" >PRESENTACI\u00d3 I CONCEPTE DE LES TERT\u00daLIES<\/h2>\n[\/vc_column][\/vc_row][vc_row css=&#8221;.vc_custom_1708877982611{padding-top: 30px !important;padding-bottom: 5px !important;}&#8221;][vc_column][vc_column_text]<\/p>\n<p class=\"texto\" style=\"text-align: justify;\" align=\"left\">Aquestes tert\u00falies van n\u00e9ixer dels esmorzars a les vuit del mat\u00ed, que f\u00e8iem 4 amics, enamorats de la nostra professi\u00f3, tres dels quals eren exalumnes meus, al bar de la Facultat de Farm\u00e0cia de la Universitat de Barcelona, \u200b\u200ben els quals es comentaven incid\u00e8ncies, not\u00edcies i nous decrets en relaci\u00f3 amb la ind\u00fastria farmac\u00e8utica<\/p>\n<p style=\"text-align: justify;\"><span class=\"texto\">Aquests alumnes amics, eren<\/span>\u00a0<span style=\"color: #800080;\">Jos\u00e9 Maria Adalid, Rafael Beaus y Ram\u00f3n Esquerdo<\/span><span class=\"texto\">, tres grans professionals de la ind\u00fastria farmac\u00e8utica, sense els quals no haur\u00edem pogut inaugurar les \u201ctert\u00falies amb els amics del professor Ramon Salazar\u201d.<\/span><\/p>\n<p class=\"texto\" style=\"text-align: justify;\">A la primera tert\u00falia oficial vaig exposar l&#8217;objectiu de les tert\u00falies i deia: \u201cAmb vosaltres arribarem a la fi del m\u00f3n, \u00e9s a dir, a con\u00e8ixer millor tots els processos cient\u00edfics, tecnol\u00f2gics i legals relacionats amb el medicament i la nostra amistat pot ser eterna\u201d.<\/p>\n<p>Aquestes tert\u00falies s\u00f3n una reuni\u00f3 d&#8217;amics, professionals de la ind\u00fastria qu\u00edmica farmac\u00e8utica que tenen inter\u00e8s per aprendre i compartir els seus coneixements.<\/p>\n<p>No hi ha un inter\u00e8s cremat\u00edstic, o d&#8217;influ\u00e8ncia pol\u00edtica, l&#8217;\u00fanic inter\u00e8s \u00e9s continuar sent amics i mitjan\u00e7ant aquestes tert\u00falies millorar cient\u00edficament i humanament.<\/p>\n<p style=\"text-align: justify;\">Dels estudis duts a terme en aquests esmorzars tecnol\u00f2gics es va arribar a les seg\u00fcents conclusions:<\/p>\n<ul>\n<li>Les tert\u00falies es faran cada trimestre, el primer dijous a la tarda de 19-21 hores.<\/li>\n<li>Els assistents a les tert\u00falies han de ser amics del professor Ramon Salazar.<\/li>\n<li>El nombre de tertulians ha de ser limitat.<\/li>\n<li>Les reunions han de ser democr\u00e0tiques i tots els presents poden donar la seva opini\u00f3, \u00e9s a dir, hi ha d&#8217;haver un di\u00e0leg obert. Cal no oblidar que els protagonistes s\u00f3n tots els tertulians.<\/li>\n<li>Hi haur\u00e0 a cada tert\u00falia un secretari o responsable d&#8217;escriure el resum de la sessi\u00f3 que li succeir\u00e0 un altre tertuli\u00e0 segons l&#8217;abecedari.<\/li>\n<li>Les tert\u00falies es faran a una aula de la Facultat de Farm\u00e0cia de la Universitat de Barcelona.<\/li>\n<li>Es proposa convidar a cada tert\u00falia, una personalitat de la ind\u00fastria farmac\u00e8utica entenent per personalitat aquella persona que creguem que s\u00e0piga m\u00e9s del tema que decidim abordar, incloent-hi els amics tertulians.<\/li>\n<li>Abans i durant la tert\u00falia hi haur\u00e0 un aperitiu i els tertulians podran aixecar-se, menjar i beure durant la xerrada\/confer\u00e8ncia, de manera que sigui en realitat una tert\u00falia entre amics.<\/li>\n<li>Els convidats no han d&#8217;exposar una confer\u00e8ncia formal sin\u00f3 una xerrada de durada m\u00e0xima de 30 minuts, durant els quals es podr\u00e0 intervenir, per\u00f2 el m\u00e9s interessant ho discutirem a la xerrada de caf\u00e8.<\/li>\n<li>Els temes a debatre a cada tert\u00falia, aix\u00ed com el conferenciant, seran comentats en tert\u00falies anteriors, de manera que s&#8217;intentar\u00e0 que hi hagi un consens entre els presents.<\/li>\n<li>L&#8217;idioma ser\u00e0 el castell\u00e0 majorit\u00e0riament per si hi ha algun company i amic que no ent\u00e9n adequadament el catal\u00e0.<\/li>\n<\/ul>\n<p>&nbsp;<\/p>\n<p style=\"text-align: justify;\">Transcorreguts dos anys de la primera tert\u00falia, creiem que \u00e9s el moment de complaure tots els meus amics que puguin estar interessats a seguir les nostres tert\u00falies. Per aix\u00f2 s&#8217;ha creat aquesta web, perqu\u00e8 tinguin acc\u00e9s lliurement a con\u00e8ixer les nostres tert\u00falies, fer comentaris i estar en contacte amb nosaltres, \u00e9s a dir, amb els amics del professor.<\/p>\n<p>Ramon Salazar Macian<\/p>\n<p>ramonsalazar@ateneu.ub.edu[\/vc_column_text][\/vc_column][\/vc_row][vc_section css=&#8221;.vc_custom_1701980325196{padding-top: 10px !important;}&#8221;][vc_row css=&#8221;.vc_custom_1701978782371{padding-top: 10px !important;}&#8221;][vc_column el_class=&#8221;.ts-row wpb_row vc_row-fluid ts-total-col-1 ts-zindex-0 vc_row container ts-bgimage-position-center_center{ padding-top: 0px; padding-bottom: 15px; margin-bottom: 0px;}&#8221;][vc_btn title=&#8221;Entrevista R. Salazar Juny 2020&#8243; link=&#8221;url:https%3A%2F%2Fwww.ub.edu%2Fsdm_test%2Fwp-content%2Fuploads%2F2023%2F12%2Fsalazar_2020.pdf|target:_blank&#8221;][\/vc_column][\/vc_row][\/vc_section]<\/p>\n<\/section>","protected":false},"excerpt":{"rendered":"<p>[vc_row css=&#8221;.vc_custom_1701777486157{padding-top: 30px !important;padding-bottom: 0px !important;}&#8221;][vc_column css=&#8221;.vc_custom_1701777891808{padding-top: 10px !important;padding-right: 10px !important;padding-bottom: 10px !important;padding-left: 10px !important;}&#8221;][\/vc_column][\/vc_row][vc_row css=&#8221;.vc_custom_1708877982611{padding-top: 30px !important;padding-bottom: 5px !important;}&#8221;][vc_column][vc_column_text] Aquestes tert\u00falies van n\u00e9ixer dels esmorzars a les vuit del mat\u00ed, que f\u00e8iem 4 amics, enamorats de la nostra professi\u00f3, tres dels quals eren exalumnes meus, al bar de la Facultat de Farm\u00e0cia de la &hellip; <a href=\"https:\/\/www.ub.edu\/sdm\/ca\/tertulias\/presentacion\/\" class=\"more-link\" title=\"Continue reading <span class=\"screen-reader-text\">Presentaci\u00f3<\/span>&#8220;>Continue reading <span class=\"screen-reader-text\">Presentaci\u00f3<\/span><\/a><\/p>\n","protected":false},"author":1,"featured_media":0,"parent":1257,"menu_order":0,"comment_status":"closed","ping_status":"closed","template":"","meta":{"footnotes":""},"class_list":["post-1265","page","type-page","status-publish","hentry"],"_links":{"self":[{"href":"https:\/\/www.ub.edu\/sdm\/ca\/wp-json\/wp\/v2\/pages\/1265","targetHints":{"allow":["GET"]}}],"collection":[{"href":"https:\/\/www.ub.edu\/sdm\/ca\/wp-json\/wp\/v2\/pages"}],"about":[{"href":"https:\/\/www.ub.edu\/sdm\/ca\/wp-json\/wp\/v2\/types\/page"}],"author":[{"embeddable":true,"href":"https:\/\/www.ub.edu\/sdm\/ca\/wp-json\/wp\/v2\/users\/1"}],"replies":[{"embeddable":true,"href":"https:\/\/www.ub.edu\/sdm\/ca\/wp-json\/wp\/v2\/comments?post=1265"}],"version-history":[{"count":4,"href":"https:\/\/www.ub.edu\/sdm\/ca\/wp-json\/wp\/v2\/pages\/1265\/revisions"}],"predecessor-version":[{"id":1398,"href":"https:\/\/www.ub.edu\/sdm\/ca\/wp-json\/wp\/v2\/pages\/1265\/revisions\/1398"}],"up":[{"embeddable":true,"href":"https:\/\/www.ub.edu\/sdm\/ca\/wp-json\/wp\/v2\/pages\/1257"}],"wp:attachment":[{"href":"https:\/\/www.ub.edu\/sdm\/ca\/wp-json\/wp\/v2\/media?parent=1265"}],"curies":[{"name":"wp","href":"https:\/\/api.w.org\/{rel}","templated":true}]}}