{"id":1388,"date":"2022-11-08T05:12:10","date_gmt":"2022-11-08T03:12:10","guid":{"rendered":"https:\/\/www.ub.edu\/sdm\/sdm\/"},"modified":"2024-08-26T20:04:14","modified_gmt":"2024-08-26T18:04:14","slug":"sdm","status":"publish","type":"page","link":"https:\/\/www.ub.edu\/sdm\/ca\/","title":{"rendered":"HOME"},"content":{"rendered":"<section class=\"wpb-content-wrapper\"><p>[vc_row full_width=&#8221;stretch_row_content_no_spaces&#8221; equal_height=&#8221;yes&#8221; css=&#8221;.vc_custom_1666335809257{padding-top: 0px !important;padding-bottom: 0px !important;}&#8221; el_class=&#8221;ts-custom-titlebox&#8221;][vc_column width=&#8221;1\/3&#8243; css=&#8221;.vc_custom_1666335917560{border-right-width: 1px !important;border-bottom-width: 1px !important;padding-top: 30px !important;padding-right: 50px !important;padding-bottom: 20px !important;padding-left: 70px !important;border-right-color: #e7e7f0 !important;border-right-style: solid !important;border-bottom-color: #e7e7f0 !important;border-bottom-style: solid !important;}&#8221; ts_responsive_css=&#8221;51388858|colbreak_no|||||||||colbreak_no||||||15||30|colbreak_no||||||5||15||colbreak_no|||||||||&#8221;][vc_row_inner content_placement=&#8221;middle&#8221;][vc_column_inner width=&#8221;2\/3&#8243;]<h2 style=\"text-align:left;font-size:22px;line-height:32px;color:#141570;\" class=\"ts-custom-heading vc_custom_1724690726479\" ><a href=\"#about\">Sobre nosaltres<\/a><\/h2>\n[\/vc_column_inner][vc_column_inner width=&#8221;1\/3&#8243;]<div class=\"ts-vc_icon_element ts-vc_icon_element-outer ts-vc_icon_element-align-right  vc_custom_1666335022953\"><div class=\"ts-vc_icon_element-inner  ts-vc_icon_element-color-skincolor ts-vc_icon_element-size-sm ts-vc_icon_element-style- ts-vc_icon_element-background-color-grey\" ><span class=\"ts-vc_icon_element-icon themifyicon ti-arrow-down\" ><\/span><a class=\"ts-vc_icon_element-link\" href=\"#about\" title=\"\" target=\"_self\"><\/a><\/div><\/div>[\/vc_column_inner][\/vc_row_inner][\/vc_column][vc_column width=&#8221;1\/3&#8243; css=&#8221;.vc_custom_1666335929625{border-right-width: 1px !important;border-bottom-width: 1px !important;padding-top: 30px !important;padding-right: 50px !important;padding-bottom: 20px !important;padding-left: 70px !important;border-right-color: #e7e7f0 !important;border-right-style: solid !important;border-bottom-color: #e7e7f0 !important;border-bottom-style: solid !important;}&#8221; ts_responsive_css=&#8221;72774596|colbreak_no|||||||||colbreak_no||||||15||30|colbreak_no||||||5||15||colbreak_no|||||||||&#8221;][vc_row_inner content_placement=&#8221;middle&#8221;][vc_column_inner width=&#8221;2\/3&#8243;]<h2 style=\"text-align:left;font-size:22px;line-height:32px;color:#141570;\" class=\"ts-custom-heading vc_custom_1724690981943\" ><a href=\"#services\">Els nostres Serveis<\/a><\/h2>\n[\/vc_column_inner][vc_column_inner width=&#8221;1\/3&#8243;]<div class=\"ts-vc_icon_element ts-vc_icon_element-outer ts-vc_icon_element-align-right  vc_custom_1666335393752\"><div class=\"ts-vc_icon_element-inner  ts-vc_icon_element-color-skincolor ts-vc_icon_element-size-sm ts-vc_icon_element-style- ts-vc_icon_element-background-color-grey\" ><span class=\"ts-vc_icon_element-icon themifyicon ti-arrow-down\" ><\/span><a class=\"ts-vc_icon_element-link\" href=\"#services\" title=\"\" target=\"_self\"><\/a><\/div><\/div>[\/vc_column_inner][\/vc_row_inner][\/vc_column][vc_column width=&#8221;1\/3&#8243; css=&#8221;.vc_custom_1666335938793{border-bottom-width: 1px !important;padding-top: 30px !important;padding-right: 50px !important;padding-bottom: 20px !important;padding-left: 70px !important;border-bottom-color: #e7e7f0 !important;border-bottom-style: solid !important;}&#8221; ts_responsive_css=&#8221;90228766|colbreak_no|||||||||colbreak_no||||||15||30|colbreak_no||||||5||15||colbreak_no|||||||||&#8221;][vc_row_inner content_placement=&#8221;middle&#8221;][vc_column_inner width=&#8221;2\/3&#8243;]<h2 style=\"text-align:left;font-size:22px;line-height:32px;color:#141570;\" class=\"ts-custom-heading vc_custom_1666330978806\" ><a href=\"#case-studies\">Latest Case Studies<\/a><\/h2>\n[\/vc_column_inner][vc_column_inner width=&#8221;1\/3&#8243;]<div class=\"ts-vc_icon_element ts-vc_icon_element-outer ts-vc_icon_element-align-right  vc_custom_1666335401992\"><div class=\"ts-vc_icon_element-inner  ts-vc_icon_element-color-skincolor ts-vc_icon_element-size-sm ts-vc_icon_element-style- ts-vc_icon_element-background-color-grey\" ><span class=\"ts-vc_icon_element-icon themifyicon ti-arrow-down\" ><\/span><a class=\"ts-vc_icon_element-link\" href=\"#case-studies\" title=\"\" target=\"_self\"><\/a><\/div><\/div>[\/vc_column_inner][\/vc_row_inner][\/vc_column][\/vc_row][vc_row full_width=&#8221;stretch_row&#8221; css=&#8221;.vc_custom_1667199765635{padding-top: 110px !important;padding-right: 15px !important;padding-bottom: 115px !important;padding-left: 15px !important;}&#8221; ts_responsive_css=&#8221;80079168|colbreak_no|||||||||colbreak_yes|||||90||0||colbreak_no|||||70||0|||colbreak_no|||||||||&#8221; el_id=&#8221;about&#8221;][vc_column width=&#8221;3\/12&#8243; css=&#8221;.vc_custom_1665745189383{padding-right: 0px !important;padding-left: 0px !important;}&#8221;][vc_single_image image=&#8221;959&#8243; img_size=&#8221;520*678&#8243; el_class=&#8221;ts-animation-style1&#8243;][vc_single_image image=&#8221;961&#8243; img_size=&#8221;520*678&#8243; alignment=&#8221;center&#8221;][\/vc_column][vc_column width=&#8221;9\/12&#8243; css=&#8221;.vc_custom_1665980135594{padding-top: 60px !important;padding-right: 0px !important;padding-left: 80px !important;}&#8221; ts_responsive_css=&#8221;70751868|colbreak_no|||||||||colbreak_no||||||||0|colbreak_no||||||||||colbreak_no|||||||||&#8221;]<div class=\"ts-element-heading-wrapper ts-heading-inner ts-element-align-left ts-seperator-none \"><section class=\"ts-vc_cta3-container\"><div class=\"ts-vc_general ts-vc_cta3 ts-cta3-only ts-vc_cta3-style-classic ts-vc_cta3-shape-rounded ts-vc_cta3-align-left ts-vc_cta3-color-transparent ts-vc_cta3-icon-size-md ts-vc_cta3-actions-no ts-cta3-without-desc\"><div class=\"ts-vc_cta3_content-container\"><div class=\"ts-vc_cta3-content\"><div class=\"ts-vc_cta3-content-header ts-wrap\"><div class=\"ts-vc_cta3-headers ts-wrap-cell\"><h2 class=\"ts-custom-heading \" >Som una CDMO al servei del sector farmac\u00e8utic i afins<\/h2>\n<\/div><\/div><\/div><\/div><\/div><\/section><\/div> <!-- .ts-element-heading-wrapper container --> [vc_tta_tabs style=&#8221;outline&#8221; shape=&#8221;square&#8221; spacing=&#8221;10&#8243; active_section=&#8221;1&#8243; css=&#8221;.vc_custom_1667304080042{padding-top: 40px !important;padding-left: 70px !important;}&#8221; el_class=&#8221;ts-tab-new-home ts-ele-pad-zero&#8221;][vc_tta_section title=&#8221;Missi\u00f3&#8221; tab_id=&#8221;1665030027708-13d41e26-3084&#8243;][vc_column_text]La missi\u00f3 de l&#8217;SDM consisteix a oferir projectes i serveis de car\u00e0cter t\u00e8cnic, cient\u00edfic, de recerca i de transfer\u00e8ncia i desenvolupament del medicament d&#8217;\u00fas hum\u00e0, del medicament d&#8217;\u00fas veterinari i del producte sanitari i relacionat, per possibilitar i potenciar la col\u00b7laboraci\u00f3 necess\u00e0ria entre la la universitat i la ind\u00fastria farmac\u00e8utica i af\u00ed.[\/vc_column_text][\/vc_tta_section][vc_tta_section title=&#8221;Valors&#8221; tab_id=&#8221;1665030027692-2cb73820-b2e0&#8243;][vc_column_text]<\/p>\n<ul>\n<li>Qualitat en totes les activitats, les quals es defineixen de manera que es garanteixin els requisits del client i la m\u00e0xima satisfacci\u00f3, la confidencialitat dels projectes i el compliment legal.<\/li>\n<li>Innovaci\u00f3 tecnol\u00f2gica: Aposta i foment.<\/li>\n<li>Treball en equip i implicaci\u00f3 en els projectes que es desenvolupin.<\/li>\n<li>Motivaci\u00f3 del personal i innovaci\u00f3 docent en formaci\u00f3 superior.<\/li>\n<li>Pres\u00e8ncia en publicacions professionals i t\u00e8cniques, i difusi\u00f3 de la investigaci\u00f3.<\/li>\n<li>Respecte al medi ambient mitjan\u00e7ant l&#8217;optimitzaci\u00f3 dels recursos disponibles i la realitzaci\u00f3 de les activitats, respectant l&#8217;entorn i el medi ambient.<\/li>\n<\/ul>\n<p>[\/vc_column_text][vc_row_inner][vc_column_inner css=&#8221;.vc_custom_1702310606289{padding-left: 31px !important;}&#8221;][vc_gallery type=&#8221;image_grid&#8221; images=&#8221;1046,1044,1042,1038&#8243;][\/vc_column_inner][\/vc_row_inner][\/vc_tta_section][vc_tta_section title=&#8221;Experi\u00e8ncia&#8221; tab_id=&#8221;1665030110717-e421fe72-845c&#8221;][vc_column_text]Amb m\u00e9s de 25 anys d&#8217;experi\u00e8ncia, hem realitzat m\u00e9s de 300 projectes per a la ind\u00fastria farmac\u00e8utica, resultant a m\u00e9s de 100 productes comercialitzats.[\/vc_column_text][\/vc_tta_section][\/vc_tta_tabs][\/vc_column][\/vc_row][vc_row ts_textcolor=&#8221;white&#8221; ts_bgcolor=&#8221;skincolor&#8221; full_width=&#8221;stretch_row&#8221; el_class=&#8221;ts-bg-change&#8221; ts_responsive_css=&#8221;69276462|colbreak_no|||||||||colbreak_no|||||60||20||colbreak_no|||||40||0|||colbreak_no|||||||||&#8221; css=&#8221;.vc_custom_1702148111475{padding-top: 35px !important;padding-bottom: 110px !important;}&#8221; el_id=&#8221;services&#8221;][vc_column]<div class=\"ts-element-heading-wrapper ts-heading-inner ts-element-align-center ts-seperator-none \"><section class=\"ts-vc_cta3-container\"><div class=\"ts-vc_general ts-vc_cta3 ts-cta3-only ts-vc_cta3-style-classic ts-vc_cta3-shape-rounded ts-vc_cta3-align-center ts-vc_cta3-color-transparent ts-vc_cta3-icon-size-md ts-vc_cta3-actions-no ts-cta3-with-desc\"><div class=\"ts-vc_cta3_content-container\"><div class=\"ts-vc_cta3-content\"><div class=\"ts-vc_cta3-content-header ts-wrap\"><div class=\"ts-vc_cta3-headers ts-wrap-cell\"><h2 style=\"color:#031b4e;\" class=\"ts-custom-heading \" >Desde SDM\/UB-Farmatec<\/h2>\n<\/div><\/div><div class=\"ts-cta3-content-wrapper\"><p>Podem oferir diferents serveis als nostres clients:<\/p><\/div><\/div><\/div><\/div><\/section><\/div> <!-- .ts-element-heading-wrapper container --> <div class=\"themestek-boxes themestek-boxes-service themestek-boxes-element-service-style-9 themestek-boxes-view-default themestek-boxes-col-two themestek-boxes-sortable-no themestek-boxes-textalign-center themestek-boxes-sortablebutton- vc_custom_1702314121606\">\r\n\t\t<div class=\"themestek-boxes-inner themestek-boxes-service-inner \">\r\n\t\t\t\r\n\t\t\t<div class=\"row multi-columns-row themestek-boxes-row-wrapper\">\r\n\t\t\t\t<div class=\"ts-box-col-wrapper col-lg-6 col-sm-6 col-md-6 col-xs-12 \"><article class=\"themestek-box themestek-box-service ts-servicebox-style-9\">\r\n\t<div class=\"themestek-post-item\">\r\n\t\t\r\n\t\t<div class=\"themestek-box-content\">\r\n            <div class=\"themestek-box-content-inner d-flex\">\r\n            <div class=\"themestek-pf-box-title\">\r\n\t\t\t\t<div class=\"themestek-box-category\"><\/div>\r\n\t\t\t\t\t<h3><a title=\"Desenvolupament gal\u00e8nic\" href=\"https:\/\/www.ub.edu\/sdm\/ca\/service\/desenvolupamentgalenic\/\">Desenvolupament gal\u00e8nic<\/a><\/h3>\t\t\t\t\t\r\n\t\t\t\t<\/div> \t\t\t  \r\n\t\t\t\t<div class=\"ts-ihbox-icon ts-large-icon\">\r\n\t\t\t\t\t\t<i class=\"ts-labtechco-business-icon ts-labtechco-business-icon-microscope-2\"><\/i>\t\t\t\t<\/div>\r\n\t\t\t<\/div>\t\t\r\n\t\t<\/div>\r\n\t<\/div>\r\n\t<div class=\"themestek-hover-img\">\r\n\t\t<div class=\"ts-featured-wrapper ts-ts-service-featured-wrapper\"><img loading=\"lazy\" decoding=\"async\" width=\"800\" height=\"508\" src=\"https:\/\/www.ub.edu\/sdm\/wp-content\/uploads\/2023\/10\/2022.09-UB-Farmatec-103-800x508.jpg\" class=\"attachment-themestek-img-800x508 size-themestek-img-800x508 wp-post-image\" alt=\"\" data-id=\"478\" \/><\/div>\t<\/div>\r\n<\/article><\/div><div class=\"ts-box-col-wrapper col-lg-6 col-sm-6 col-md-6 col-xs-12 \"><article class=\"themestek-box themestek-box-service ts-servicebox-style-9\">\r\n\t<div class=\"themestek-post-item\">\r\n\t\t\r\n\t\t<div class=\"themestek-box-content\">\r\n            <div class=\"themestek-box-content-inner d-flex\">\r\n            <div class=\"themestek-pf-box-title\">\r\n\t\t\t\t<div class=\"themestek-box-category\"><\/div>\r\n\t\t\t\t\t<h3><a title=\"Desenvolupament anal\u00edtic i Control de Qualitat\" href=\"https:\/\/www.ub.edu\/sdm\/ca\/service\/controlcalidad\/\">Desenvolupament anal\u00edtic i Control de Qualitat<\/a><\/h3>\t\t\t\t\t\r\n\t\t\t\t<\/div> \t\t\t  \r\n\t\t\t\t<div class=\"ts-ihbox-icon ts-large-icon\">\r\n\t\t\t\t\t\t<i class=\"ts-labtechco-business-icon ts-labtechco-business-icon-microscope-2\"><\/i>\t\t\t\t<\/div>\r\n\t\t\t<\/div>\t\t\r\n\t\t<\/div>\r\n\t<\/div>\r\n\t<div class=\"themestek-hover-img\">\r\n\t\t<div class=\"ts-featured-wrapper ts-ts-service-featured-wrapper\"><img loading=\"lazy\" decoding=\"async\" width=\"800\" height=\"508\" src=\"https:\/\/www.ub.edu\/sdm\/wp-content\/uploads\/2023\/10\/2022.07-UB-SDM-26-800x508.jpg\" class=\"attachment-themestek-img-800x508 size-themestek-img-800x508 wp-post-image\" alt=\"\" data-id=\"482\" \/><\/div>\t<\/div>\r\n<\/article><\/div><div class=\"ts-box-col-wrapper col-lg-6 col-sm-6 col-md-6 col-xs-12 \"><article class=\"themestek-box themestek-box-service ts-servicebox-style-9\">\r\n\t<div class=\"themestek-post-item\">\r\n\t\t\r\n\t\t<div class=\"themestek-box-content\">\r\n            <div class=\"themestek-box-content-inner d-flex\">\r\n            <div class=\"themestek-pf-box-title\">\r\n\t\t\t\t<div class=\"themestek-box-category\"><\/div>\r\n\t\t\t\t\t<h3><a title=\"Unitat de garantia de qualitat\" href=\"https:\/\/www.ub.edu\/sdm\/ca\/service\/garantia-qualitat\/\">Unitat de garantia de qualitat<\/a><\/h3>\t\t\t\t\t\r\n\t\t\t\t<\/div> \t\t\t  \r\n\t\t\t\t<div class=\"ts-ihbox-icon ts-large-icon\">\r\n\t\t\t\t\t\t<i class=\"ts-labtechco-business-icon ts-labtechco-business-icon-microscope-2\"><\/i>\t\t\t\t<\/div>\r\n\t\t\t<\/div>\t\t\r\n\t\t<\/div>\r\n\t<\/div>\r\n\t<div class=\"themestek-hover-img\">\r\n\t\t<div class=\"ts-featured-wrapper ts-ts-service-featured-wrapper\"><img loading=\"lazy\" decoding=\"async\" width=\"800\" height=\"508\" src=\"https:\/\/www.ub.edu\/sdm\/wp-content\/uploads\/2023\/10\/2022.09-UB-Farmatec-20-800x508.jpg\" class=\"attachment-themestek-img-800x508 size-themestek-img-800x508 wp-post-image\" alt=\"\" data-id=\"480\" \/><\/div>\t<\/div>\r\n<\/article><\/div><div class=\"ts-box-col-wrapper col-lg-6 col-sm-6 col-md-6 col-xs-12 \"><article class=\"themestek-box themestek-box-service ts-servicebox-style-9\">\r\n\t<div class=\"themestek-post-item\">\r\n\t\t\r\n\t\t<div class=\"themestek-box-content\">\r\n            <div class=\"themestek-box-content-inner d-flex\">\r\n            <div class=\"themestek-pf-box-title\">\r\n\t\t\t\t<div class=\"themestek-box-category\"><\/div>\r\n\t\t\t\t\t<h3><a title=\"Fabricaci\u00f3 de Lot Cl\u00ednics sota GMPs\" href=\"https:\/\/www.ub.edu\/sdm\/ca\/service\/fabricacion-de-lotes-clinicos-bajo-gmps\/\">Fabricaci\u00f3 de Lot Cl\u00ednics sota GMPs<\/a><\/h3>\t\t\t\t\t\r\n\t\t\t\t<\/div> \t\t\t  \r\n\t\t\t\t<div class=\"ts-ihbox-icon ts-large-icon\">\r\n\t\t\t\t\t\t<i class=\"ts-labtechco-business-icon ts-labtechco-business-icon-microscope-2\"><\/i>\t\t\t\t<\/div>\r\n\t\t\t<\/div>\t\t\r\n\t\t<\/div>\r\n\t<\/div>\r\n\t<div class=\"themestek-hover-img\">\r\n\t\t<div class=\"ts-featured-wrapper ts-ts-service-featured-wrapper\"><img loading=\"lazy\" decoding=\"async\" width=\"800\" height=\"508\" src=\"https:\/\/www.ub.edu\/sdm\/wp-content\/uploads\/2023\/12\/2022.09-UB-Farmatec-84-800x508.jpg\" class=\"attachment-themestek-img-800x508 size-themestek-img-800x508 wp-post-image\" alt=\"\" data-id=\"1000\" \/><\/div>\t<\/div>\r\n<\/article><\/div><div class=\"ts-box-col-wrapper col-lg-6 col-sm-6 col-md-6 col-xs-12 \"><article class=\"themestek-box themestek-box-service ts-servicebox-style-9\">\r\n\t<div class=\"themestek-post-item\">\r\n\t\t\r\n\t\t<div class=\"themestek-box-content\">\r\n            <div class=\"themestek-box-content-inner d-flex\">\r\n            <div class=\"themestek-pf-box-title\">\r\n\t\t\t\t<div class=\"themestek-box-category\"><\/div>\r\n\t\t\t\t\t<h3><a title=\"M\u00e0ster i Postgraus Ind\u00fastria Farmac\u00e8utica\" href=\"https:\/\/www.ub.edu\/sdm\/ca\/service\/masteryposgrados\/\">M\u00e0ster i Postgraus Ind\u00fastria Farmac\u00e8utica<\/a><\/h3>\t\t\t\t\t\r\n\t\t\t\t<\/div> \t\t\t  \r\n\t\t\t\t<div class=\"ts-ihbox-icon ts-large-icon\">\r\n\t\t\t\t\t\t<i class=\"ts-labtechco-business-icon ts-labtechco-business-icon-microscope-2\"><\/i>\t\t\t\t<\/div>\r\n\t\t\t<\/div>\t\t\r\n\t\t<\/div>\r\n\t<\/div>\r\n\t<div class=\"themestek-hover-img\">\r\n\t\t<div class=\"ts-featured-wrapper ts-ts-service-featured-wrapper\"><img loading=\"lazy\" decoding=\"async\" width=\"800\" height=\"508\" src=\"https:\/\/www.ub.edu\/sdm\/wp-content\/uploads\/2023\/10\/2022.07-UB-SDM-97-800x508.jpg\" class=\"attachment-themestek-img-800x508 size-themestek-img-800x508 wp-post-image\" alt=\"\" data-id=\"1157\" \/><\/div>\t<\/div>\r\n<\/article><\/div>\r\n\t\t\t<\/div>\r\n\t\t<\/div><!-- .themestek-boxes-inner -->   <\/div><!-- .themestek-boxes -->  [\/vc_column][\/vc_row][vc_row css=&#8221;.vc_custom_1667200096086{padding-top: 0px !important;padding-bottom: 0px !important;}&#8221;][vc_column css=&#8221;.vc_custom_1667205567412{padding-right: 0px !important;padding-left: 0px !important;}&#8221;]<div class=\"ts-action-box ts-action-box-style-1\"><div class=\"ts-action-box-circle-wrap\" style = \"background-image: url( https:\/\/www.ub.edu\/sdm_test\/wp-content\/uploads\/2023\/11\/2022.09-UB-Farmatec-101.jpg ); \">\r\n    <div class=\"ts-action-content\">\r\n                <h2 class=\"ts-element-title\">UB-FARMATEC<\/h2>        <div class=\"ts-svg-btn ts-btn ts-box-btn-1\"><a title=\"Link\" href=\"\/\/aefi.org\/fmg_files\/wp-content\/uploads\/2023\/06\/Presentacion-AEFI-41-symposium-2023.pdf\"><span>M\u00e9s informaci\u00f3<i class=\"ts-labtechco-icon-arrow-right\"><\/i><\/span><\/a><\/div>    <\/div>\r\n<\/div><\/div>[\/vc_column][\/vc_row][vc_row full_width=&#8221;stretch_row&#8221; ts_responsive_css=&#8221;30072574|colbreak_no|||||||||colbreak_no|||||90||||colbreak_no|||||70|||||colbreak_no|||||||||&#8221; css=&#8221;.vc_custom_1666005269370{padding-top: 100px !important;padding-bottom: 0px !important;}&#8221;][vc_column]<ul class=\"ts-list ts-list-style-none ts-list-icon-color-skincolor ts- ts-icon-skincolor ts-list-textsize- ts-marquestyle-01\"><li><span class=\"ts-list-li-content\">Desenvolupament farmac\u00e8utic<\/span><\/li><li><span class=\"ts-list-li-content\">Qualitat<\/span><\/li><li><span class=\"ts-list-li-content\">GMP<\/span><\/li><li><span class=\"ts-list-li-content\">Desenvolupament anal\u00edtic<\/span><\/li><\/ul><ul class=\"ts-list ts-list-style-none ts-list-icon-color-skincolor ts- ts-icon-skincolor ts-list-textsize- ts-marquestyle-02\"><li><span class=\"ts-list-li-content\">Validaci\u00f3<\/span><\/li><li><span class=\"ts-list-li-content\">Formaci\u00f3<\/span><\/li><li><span class=\"ts-list-li-content\">ICH<\/span><\/li><li><span class=\"ts-list-li-content\">Investigaci\u00f3<\/span><\/li><li><span class=\"ts-list-li-content\">Lots cl\u00ednics<\/span><\/li><\/ul>[\/vc_column][\/vc_row]<\/p>\n<\/section>","protected":false},"excerpt":{"rendered":"<p>[vc_row full_width=&#8221;stretch_row_content_no_spaces&#8221; equal_height=&#8221;yes&#8221; css=&#8221;.vc_custom_1666335809257{padding-top: 0px !important;padding-bottom: 0px !important;}&#8221; el_class=&#8221;ts-custom-titlebox&#8221;][vc_column width=&#8221;1\/3&#8243; css=&#8221;.vc_custom_1666335917560{border-right-width: 1px !important;border-bottom-width: 1px !important;padding-top: 30px !important;padding-right: 50px !important;padding-bottom: 20px !important;padding-left: 70px !important;border-right-color: #e7e7f0 !important;border-right-style: solid !important;border-bottom-color: #e7e7f0 !important;border-bottom-style: solid !important;}&#8221; ts_responsive_css=&#8221;51388858|colbreak_no|||||||||colbreak_no||||||15||30|colbreak_no||||||5||15||colbreak_no|||||||||&#8221;][vc_row_inner content_placement=&#8221;middle&#8221;][vc_column_inner width=&#8221;2\/3&#8243;][\/vc_column_inner][vc_column_inner width=&#8221;1\/3&#8243;][\/vc_column_inner][\/vc_row_inner][\/vc_column][vc_column width=&#8221;1\/3&#8243; css=&#8221;.vc_custom_1666335929625{border-right-width: 1px !important;border-bottom-width: 1px !important;padding-top: 30px !important;padding-right: 50px !important;padding-bottom: 20px !important;padding-left: 70px !important;border-right-color: #e7e7f0 !important;border-right-style: solid !important;border-bottom-color: #e7e7f0 !important;border-bottom-style: &hellip; <a href=\"https:\/\/www.ub.edu\/sdm\/ca\/service\/masteryposgrados\/\" class=\"more-link\" title=\"Continue reading <span class=\"screen-reader-text\">M\u00e0ster i Postgraus Ind\u00fastria Farmac\u00e8utica<\/span>&#8220;>Continue reading <span class=\"screen-reader-text\">M\u00e0ster i Postgraus Ind\u00fastria Farmac\u00e8utica<\/span><\/a><\/p>\n","protected":false},"author":1,"featured_media":0,"parent":0,"menu_order":0,"comment_status":"closed","ping_status":"closed","template":"","meta":{"footnotes":""},"class_list":["post-1388","page","type-page","status-publish","hentry"],"_links":{"self":[{"href":"https:\/\/www.ub.edu\/sdm\/ca\/wp-json\/wp\/v2\/pages\/1388","targetHints":{"allow":["GET"]}}],"collection":[{"href":"https:\/\/www.ub.edu\/sdm\/ca\/wp-json\/wp\/v2\/pages"}],"about":[{"href":"https:\/\/www.ub.edu\/sdm\/ca\/wp-json\/wp\/v2\/types\/page"}],"author":[{"embeddable":true,"href":"https:\/\/www.ub.edu\/sdm\/ca\/wp-json\/wp\/v2\/users\/1"}],"replies":[{"embeddable":true,"href":"https:\/\/www.ub.edu\/sdm\/ca\/wp-json\/wp\/v2\/comments?post=1388"}],"version-history":[{"count":11,"href":"https:\/\/www.ub.edu\/sdm\/ca\/wp-json\/wp\/v2\/pages\/1388\/revisions"}],"predecessor-version":[{"id":1416,"href":"https:\/\/www.ub.edu\/sdm\/ca\/wp-json\/wp\/v2\/pages\/1388\/revisions\/1416"}],"wp:attachment":[{"href":"https:\/\/www.ub.edu\/sdm\/ca\/wp-json\/wp\/v2\/media?parent=1388"}],"curies":[{"name":"wp","href":"https:\/\/api.w.org\/{rel}","templated":true}]}}