{"id":314,"date":"2023-09-17T13:05:08","date_gmt":"2023-09-17T11:05:08","guid":{"rendered":"https:\/\/www.ub.edu\/sdm_test\/?page_id=314"},"modified":"2024-08-21T18:06:14","modified_gmt":"2024-08-21T16:06:14","slug":"nuestro_equipo","status":"publish","type":"page","link":"https:\/\/www.ub.edu\/sdm\/nuestro_equipo\/","title":{"rendered":"Nuestro equipo"},"content":{"rendered":"<section class=\"wpb-content-wrapper\"><p>[vc_row css=\u00bb.vc_custom_1701975732015{padding-bottom: 15px !important;}\u00bb][vc_column]<h2 style=\"text-align:center;\" class=\"ts-custom-heading \" >Nuestro equipo est\u00e1 formado por 25 profesionales que trabajan cada d\u00eda para el \u00e9xito de tus proyectos<\/h2>\n[\/vc_column][\/vc_row][vc_row css=\u00bb.vc_custom_1701975800424{padding-top: 40px !important;}\u00bb][vc_column]<div class=\"themestek-boxes themestek-boxes-team themestek-boxes-element-team-style-1 themestek-boxes-view-default themestek-boxes-col-three themestek-boxes-sortable-no themestek-boxes-textalign-center themestek-boxes-sortablebutton-\">\r\n\t\t<div class=\"themestek-boxes-inner themestek-boxes-team-inner \">\r\n\t\t\t\r\n\t\t\t<div class=\"row multi-columns-row themestek-boxes-row-wrapper\">\r\n\t\t\t\t<div class=\"ts-box-col-wrapper col-lg-4 col-sm-6 col-md-4 col-xs-12 \"><article class=\"themestek-box themestek-box-team ts-teambox-style-1  ts-hover-style-2\">\r\n\t<div class=\"themestek-post-item\">\r\n\t\t\r\n\t\t<span class=\"themestek-item-thumbnail\">\r\n\t\t\t<span class=\"themestek-item-thumbnail-inner\">\r\n\t\t\t\t<img loading=\"lazy\" decoding=\"async\" width=\"600\" height=\"712\" src=\"https:\/\/www.ub.edu\/sdm\/wp-content\/uploads\/2023\/09\/2022.09-UB-Farmatec-9-600x712.jpg\" class=\"attachment-themestek-img-600x712 size-themestek-img-600x712 wp-post-image\" alt=\"\" \/>\r\n\t\t\t<\/span>\r\n\t\t<\/span>\r\n\t\t<div class=\"themestek-box-content\">\r\n            <div class=\"themestek-box-content-inner\">\t\t  \r\n\t\t\t \r\n\t\t\t\t<div class=\"themestek-box-team-position ts-skincolor\">\r\n\t\t\t\t\tFundador y Director del SDM \/\/ Fundador y Director Cient\u00edfico de UB-Farmatec \t\t\t\t<\/div>\r\n\t\t\t\t<div class=\"themestek-pf-box-title\">\r\n\t\t\t\t\t<div class=\"themestek-box-title\"><h4><a title=\"Josep Maria Su\u00f1\u00e9 Negre, PhD.\" href=\"https:\/\/www.ub.edu\/sdm\/team\/josep-maria-sune-negre-phd\/\">Josep Maria Su\u00f1\u00e9 Negre, PhD.<\/a><\/h4><\/div>\t\t\t\t<\/div> \r\n\r\n\t\t\t<\/div>\t\t\r\n\t\t<\/div>\r\n\t<\/div>\r\n<\/article><\/div><div class=\"ts-box-col-wrapper col-lg-4 col-sm-6 col-md-4 col-xs-12 \"><article class=\"themestek-box themestek-box-team ts-teambox-style-1  ts-hover-style-2\">\r\n\t<div class=\"themestek-post-item\">\r\n\t\t\r\n\t\t<span class=\"themestek-item-thumbnail\">\r\n\t\t\t<span class=\"themestek-item-thumbnail-inner\">\r\n\t\t\t\t<img loading=\"lazy\" decoding=\"async\" width=\"600\" height=\"712\" src=\"https:\/\/www.ub.edu\/sdm\/wp-content\/uploads\/2023\/09\/ENCARNA-GARCIA-600x712.jpg\" class=\"attachment-themestek-img-600x712 size-themestek-img-600x712 wp-post-image\" alt=\"\" \/>\r\n\t\t\t<\/span>\r\n\t\t<\/span>\r\n\t\t<div class=\"themestek-box-content\">\r\n            <div class=\"themestek-box-content-inner\">\t\t  \r\n\t\t\t \r\n\t\t\t\t<div class=\"themestek-box-team-position ts-skincolor\">\r\n\t\t\t\t\tResponsable de Garant\u00eda de Calidad del SDM y Responsable del departamento de Garant\u00eda de Calidad de UB-Farmatec\t\t\t\t<\/div>\r\n\t\t\t\t<div class=\"themestek-pf-box-title\">\r\n\t\t\t\t\t<div class=\"themestek-box-title\"><h4><a title=\"Encarna Garc\u00eda Montoya, PhD.\" href=\"https:\/\/www.ub.edu\/sdm\/team\/encarna-garcia-montoya-phd\/\">Encarna Garc\u00eda Montoya, PhD.<\/a><\/h4><\/div>\t\t\t\t<\/div> \r\n\r\n\t\t\t<\/div>\t\t\r\n\t\t<\/div>\r\n\t<\/div>\r\n<\/article><\/div><div class=\"ts-box-col-wrapper col-lg-4 col-sm-6 col-md-4 col-xs-12 \"><article class=\"themestek-box themestek-box-team ts-teambox-style-1  ts-hover-style-2\">\r\n\t<div class=\"themestek-post-item\">\r\n\t\t\r\n\t\t<span class=\"themestek-item-thumbnail\">\r\n\t\t\t<span class=\"themestek-item-thumbnail-inner\">\r\n\t\t\t\t<img loading=\"lazy\" decoding=\"async\" width=\"600\" height=\"712\" src=\"https:\/\/www.ub.edu\/sdm\/wp-content\/uploads\/2025\/03\/maria-jesus-alonso-600x712.jpg\" class=\"attachment-themestek-img-600x712 size-themestek-img-600x712 wp-post-image\" alt=\"\" \/>\r\n\t\t\t<\/span>\r\n\t\t<\/span>\r\n\t\t<div class=\"themestek-box-content\">\r\n            <div class=\"themestek-box-content-inner\">\t\t  \r\n\t\t\t \r\n\t\t\t\t<div class=\"themestek-box-team-position ts-skincolor\">\r\n\t\t\t\t\tDirectora t\u00e9cnica de UB-FARMATEC\t\t\t\t<\/div>\r\n\t\t\t\t<div class=\"themestek-pf-box-title\">\r\n\t\t\t\t\t<div class=\"themestek-box-title\"><h4><a title=\"M\u00aa Jes\u00fas Alonso P\u00e9rez\" href=\"https:\/\/www.ub.edu\/sdm\/team\/maria-jesus-alonso\/\">M\u00aa Jes\u00fas Alonso P\u00e9rez<\/a><\/h4><\/div>\t\t\t\t<\/div> \r\n\r\n\t\t\t<\/div>\t\t\r\n\t\t<\/div>\r\n\t<\/div>\r\n<\/article><\/div><div class=\"ts-box-col-wrapper col-lg-4 col-sm-6 col-md-4 col-xs-12 \"><article class=\"themestek-box themestek-box-team ts-teambox-style-1  ts-hover-style-2\">\r\n\t<div class=\"themestek-post-item\">\r\n\t\t\r\n\t\t<span class=\"themestek-item-thumbnail\">\r\n\t\t\t<span class=\"themestek-item-thumbnail-inner\">\r\n\t\t\t\t<img loading=\"lazy\" decoding=\"async\" width=\"600\" height=\"712\" src=\"https:\/\/www.ub.edu\/sdm\/wp-content\/uploads\/2023\/09\/PILAR-PEREZ-600x712.jpg\" class=\"attachment-themestek-img-600x712 size-themestek-img-600x712 wp-post-image\" alt=\"\" \/>\r\n\t\t\t<\/span>\r\n\t\t<\/span>\r\n\t\t<div class=\"themestek-box-content\">\r\n            <div class=\"themestek-box-content-inner\">\t\t  \r\n\t\t\t \r\n\t\t\t\t<div class=\"themestek-box-team-position ts-skincolor\">\r\n\t\t\t\t\tResponsable de Calidad de Proyectos de Desarrollo Anal\u00edtico del SDM y Responsable del departamento de Desarrollo Anal\u00edtico y Control de Calidad\t\t\t\t<\/div>\r\n\t\t\t\t<div class=\"themestek-pf-box-title\">\r\n\t\t\t\t\t<div class=\"themestek-box-title\"><h4><a title=\"Pilar P\u00e9rez Lozano, PhD.\" href=\"https:\/\/www.ub.edu\/sdm\/team\/pilarperez\/\">Pilar P\u00e9rez Lozano, PhD.<\/a><\/h4><\/div>\t\t\t\t<\/div> \r\n\r\n\t\t\t<\/div>\t\t\r\n\t\t<\/div>\r\n\t<\/div>\r\n<\/article><\/div><div class=\"ts-box-col-wrapper col-lg-4 col-sm-6 col-md-4 col-xs-12 \"><article class=\"themestek-box themestek-box-team ts-teambox-style-1  ts-hover-style-2\">\r\n\t<div class=\"themestek-post-item\">\r\n\t\t\r\n\t\t<span class=\"themestek-item-thumbnail\">\r\n\t\t\t<span class=\"themestek-item-thumbnail-inner\">\r\n\t\t\t\t<img loading=\"lazy\" decoding=\"async\" width=\"600\" height=\"712\" src=\"https:\/\/www.ub.edu\/sdm\/wp-content\/uploads\/2023\/09\/MARC-SUNE-600x712.jpg\" class=\"attachment-themestek-img-600x712 size-themestek-img-600x712 wp-post-image\" alt=\"\" \/>\r\n\t\t\t<\/span>\r\n\t\t<\/span>\r\n\t\t<div class=\"themestek-box-content\">\r\n            <div class=\"themestek-box-content-inner\">\t\t  \r\n\t\t\t \r\n\t\t\t\t<div class=\"themestek-box-team-position ts-skincolor\">\r\n\t\t\t\t\tDirector Adjunto\t\t\t\t<\/div>\r\n\t\t\t\t<div class=\"themestek-pf-box-title\">\r\n\t\t\t\t\t<div class=\"themestek-box-title\"><h4><a title=\"Marc Su\u00f1\u00e9 Pou, PhD.\" href=\"https:\/\/www.ub.edu\/sdm\/team\/marc-sune-pou-phd\/\">Marc Su\u00f1\u00e9 Pou, PhD.<\/a><\/h4><\/div>\t\t\t\t<\/div> \r\n\r\n\t\t\t<\/div>\t\t\r\n\t\t<\/div>\r\n\t<\/div>\r\n<\/article><\/div><div class=\"ts-box-col-wrapper col-lg-4 col-sm-6 col-md-4 col-xs-12 \"><article class=\"themestek-box themestek-box-team ts-teambox-style-1  ts-hover-style-2\">\r\n\t<div class=\"themestek-post-item\">\r\n\t\t\r\n\t\t<span class=\"themestek-item-thumbnail\">\r\n\t\t\t<span class=\"themestek-item-thumbnail-inner\">\r\n\t\t\t\t<img loading=\"lazy\" decoding=\"async\" width=\"600\" height=\"712\" src=\"https:\/\/www.ub.edu\/sdm\/wp-content\/uploads\/2025\/03\/khadija-600x712.jpg\" class=\"attachment-themestek-img-600x712 size-themestek-img-600x712 wp-post-image\" alt=\"\" \/>\r\n\t\t\t<\/span>\r\n\t\t<\/span>\r\n\t\t<div class=\"themestek-box-content\">\r\n            <div class=\"themestek-box-content-inner\">\t\t  \r\n\t\t\t \r\n\t\t\t\t<div class=\"themestek-box-team-position ts-skincolor\">\r\n\t\t\t\t\tResponsable del departamento de Desarrollo Gal\u00e9nico\t\t\t\t<\/div>\r\n\t\t\t\t<div class=\"themestek-pf-box-title\">\r\n\t\t\t\t\t<div class=\"themestek-box-title\"><h4><a title=\"Khadija Rouaz El Hajoui, PhD\" href=\"https:\/\/www.ub.edu\/sdm\/team\/khadija-rouaz-el-hajoui-phd\/\">Khadija Rouaz El Hajoui, PhD<\/a><\/h4><\/div>\t\t\t\t<\/div> \r\n\r\n\t\t\t<\/div>\t\t\r\n\t\t<\/div>\r\n\t<\/div>\r\n<\/article><\/div>\r\n\t\t\t<\/div>\r\n\t\t<\/div><!-- .themestek-boxes-inner -->   <\/div><!-- .themestek-boxes -->  [\/vc_column][\/vc_row][vc_row css=\u00bb.vc_custom_1705259867004{padding-top: 5px !important;}\u00bb][vc_column][vc_single_image image=\u00bb1147&#8243; img_size=\u00bbfull\u00bb add_caption=\u00bbyes\u00bb alignment=\u00bbcenter\u00bb style=\u00bbvc_box_shadow_border\u00bb onclick=\u00bbimg_link_large\u00bb][\/vc_column][\/vc_row]<\/p>\n<\/section>","protected":false},"excerpt":{"rendered":"<p>[vc_row css=\u00bb.vc_custom_1701975732015{padding-bottom: 15px !important;}\u00bb][vc_column][\/vc_column][\/vc_row][vc_row css=\u00bb.vc_custom_1701975800424{padding-top: 40px !important;}\u00bb][vc_column][\/vc_column][\/vc_row][vc_row css=\u00bb.vc_custom_1705259867004{padding-top: 5px !important;}\u00bb][vc_column][vc_single_image image=\u00bb1147&#8243; img_size=\u00bbfull\u00bb add_caption=\u00bbyes\u00bb alignment=\u00bbcenter\u00bb style=\u00bbvc_box_shadow_border\u00bb onclick=\u00bbimg_link_large\u00bb][\/vc_column][\/vc_row]<\/p>\n","protected":false},"author":1,"featured_media":0,"parent":0,"menu_order":0,"comment_status":"closed","ping_status":"open","template":"","meta":{"footnotes":""},"class_list":["post-314","page","type-page","status-publish","hentry"],"_links":{"self":[{"href":"https:\/\/www.ub.edu\/sdm\/wp-json\/wp\/v2\/pages\/314","targetHints":{"allow":["GET"]}}],"collection":[{"href":"https:\/\/www.ub.edu\/sdm\/wp-json\/wp\/v2\/pages"}],"about":[{"href":"https:\/\/www.ub.edu\/sdm\/wp-json\/wp\/v2\/types\/page"}],"author":[{"embeddable":true,"href":"https:\/\/www.ub.edu\/sdm\/wp-json\/wp\/v2\/users\/1"}],"replies":[{"embeddable":true,"href":"https:\/\/www.ub.edu\/sdm\/wp-json\/wp\/v2\/comments?post=314"}],"version-history":[{"count":18,"href":"https:\/\/www.ub.edu\/sdm\/wp-json\/wp\/v2\/pages\/314\/revisions"}],"predecessor-version":[{"id":1357,"href":"https:\/\/www.ub.edu\/sdm\/wp-json\/wp\/v2\/pages\/314\/revisions\/1357"}],"wp:attachment":[{"href":"https:\/\/www.ub.edu\/sdm\/wp-json\/wp\/v2\/media?parent=314"}],"curies":[{"name":"wp","href":"https:\/\/api.w.org\/{rel}","templated":true}]}}