{"id":66,"date":"2022-11-08T05:12:10","date_gmt":"2022-11-08T05:12:10","guid":{"rendered":"https:\/\/labtechco-demo.pbminfotech.com\/labtechco-datasite\/?page_id=7772"},"modified":"2024-09-15T13:11:52","modified_gmt":"2024-09-15T11:11:52","slug":"sdm","status":"publish","type":"page","link":"https:\/\/www.ub.edu\/sdm\/","title":{"rendered":"SDM (Servei de Desenvolupament del Medicament)"},"content":{"rendered":"<section class=\"wpb-content-wrapper\"><p>[vc_row full_width=\u00bbstretch_row_content_no_spaces\u00bb equal_height=\u00bbyes\u00bb css=\u00bb.vc_custom_1666335809257{padding-top: 0px !important;padding-bottom: 0px !important;}\u00bb el_class=\u00bbts-custom-titlebox\u00bb][vc_column width=\u00bb1\/3&#8243; css=\u00bb.vc_custom_1666335917560{border-right-width: 1px !important;border-bottom-width: 1px !important;padding-top: 30px !important;padding-right: 50px !important;padding-bottom: 20px !important;padding-left: 70px !important;border-right-color: #e7e7f0 !important;border-right-style: solid !important;border-bottom-color: #e7e7f0 !important;border-bottom-style: solid !important;}\u00bb ts_responsive_css=\u00bb51388858|colbreak_no|||||||||colbreak_no||||||15||30|colbreak_no||||||5||15||colbreak_no|||||||||\u00bb][vc_row_inner content_placement=\u00bbmiddle\u00bb][vc_column_inner width=\u00bb2\/3&#8243;]<h2 style=\"text-align:left;font-size:22px;line-height:32px;color:#141570;\" class=\"ts-custom-heading vc_custom_1726398704376\" ><a href=\"#about\">Sobre nosotros<\/a><\/h2>\n[\/vc_column_inner][vc_column_inner width=\u00bb1\/3&#8243;]<div class=\"ts-vc_icon_element ts-vc_icon_element-outer ts-vc_icon_element-align-right  vc_custom_1666335022953\"><div class=\"ts-vc_icon_element-inner  ts-vc_icon_element-color-skincolor ts-vc_icon_element-size-sm ts-vc_icon_element-style- ts-vc_icon_element-background-color-grey\" ><span class=\"ts-vc_icon_element-icon themifyicon ti-arrow-down\" ><\/span><a class=\"ts-vc_icon_element-link\" href=\"#about\" title=\"\" target=\"_self\"><\/a><\/div><\/div>[\/vc_column_inner][\/vc_row_inner][\/vc_column][vc_column width=\u00bb1\/3&#8243; css=\u00bb.vc_custom_1666335929625{border-right-width: 1px !important;border-bottom-width: 1px !important;padding-top: 30px !important;padding-right: 50px !important;padding-bottom: 20px !important;padding-left: 70px !important;border-right-color: #e7e7f0 !important;border-right-style: solid !important;border-bottom-color: #e7e7f0 !important;border-bottom-style: solid !important;}\u00bb ts_responsive_css=\u00bb72774596|colbreak_no|||||||||colbreak_no||||||15||30|colbreak_no||||||5||15||colbreak_no|||||||||\u00bb][vc_row_inner content_placement=\u00bbmiddle\u00bb][vc_column_inner width=\u00bb2\/3&#8243;]<h2 style=\"text-align:left;font-size:22px;line-height:32px;color:#141570;\" class=\"ts-custom-heading vc_custom_1701013119384\" ><a href=\"#services\">Nuestros servicios<\/a><\/h2>\n[\/vc_column_inner][vc_column_inner width=\u00bb1\/3&#8243;]<div class=\"ts-vc_icon_element ts-vc_icon_element-outer ts-vc_icon_element-align-right  vc_custom_1666335393752\"><div class=\"ts-vc_icon_element-inner  ts-vc_icon_element-color-skincolor ts-vc_icon_element-size-sm ts-vc_icon_element-style- ts-vc_icon_element-background-color-grey\" ><span class=\"ts-vc_icon_element-icon themifyicon ti-arrow-down\" ><\/span><a class=\"ts-vc_icon_element-link\" href=\"#services\" title=\"\" target=\"_self\"><\/a><\/div><\/div>[\/vc_column_inner][\/vc_row_inner][\/vc_column][vc_column width=\u00bb1\/3&#8243; css=\u00bb.vc_custom_1666335938793{border-bottom-width: 1px !important;padding-top: 30px !important;padding-right: 50px !important;padding-bottom: 20px !important;padding-left: 70px !important;border-bottom-color: #e7e7f0 !important;border-bottom-style: solid !important;}\u00bb ts_responsive_css=\u00bb90228766|colbreak_no|||||||||colbreak_no||||||15||30|colbreak_no||||||5||15||colbreak_no|||||||||\u00bb][vc_row_inner content_placement=\u00bbmiddle\u00bb][vc_column_inner width=\u00bb2\/3&#8243;]<h2 style=\"text-align:left;font-size:22px;line-height:32px;color:#141570;\" class=\"ts-custom-heading vc_custom_1666330978806\" ><a href=\"#case-studies\">Latest Case Studies<\/a><\/h2>\n[\/vc_column_inner][vc_column_inner width=\u00bb1\/3&#8243;]<div class=\"ts-vc_icon_element ts-vc_icon_element-outer ts-vc_icon_element-align-right  vc_custom_1666335401992\"><div class=\"ts-vc_icon_element-inner  ts-vc_icon_element-color-skincolor ts-vc_icon_element-size-sm ts-vc_icon_element-style- ts-vc_icon_element-background-color-grey\" ><span class=\"ts-vc_icon_element-icon themifyicon ti-arrow-down\" ><\/span><a class=\"ts-vc_icon_element-link\" href=\"#case-studies\" title=\"\" target=\"_self\"><\/a><\/div><\/div>[\/vc_column_inner][\/vc_row_inner][\/vc_column][\/vc_row][vc_row full_width=\u00bbstretch_row\u00bb css=\u00bb.vc_custom_1667199765635{padding-top: 110px !important;padding-right: 15px !important;padding-bottom: 115px !important;padding-left: 15px !important;}\u00bb ts_responsive_css=\u00bb80079168|colbreak_no|||||||||colbreak_yes|||||90||0||colbreak_no|||||70||0|||colbreak_no|||||||||\u00bb el_id=\u00bbabout\u00bb][vc_column width=\u00bb3\/12&#8243; css=\u00bb.vc_custom_1665745189383{padding-right: 0px !important;padding-left: 0px !important;}\u00bb][vc_single_image image=\u00bb958&#8243; img_size=\u00bb520*678&#8243; el_class=\u00bbts-animation-style1&#8243;][vc_single_image image=\u00bb960&#8243; img_size=\u00bb520*678&#8243; alignment=\u00bbcenter\u00bb][\/vc_column][vc_column width=\u00bb9\/12&#8243; css=\u00bb.vc_custom_1665980135594{padding-top: 60px !important;padding-right: 0px !important;padding-left: 80px !important;}\u00bb ts_responsive_css=\u00bb70751868|colbreak_no|||||||||colbreak_no||||||||0|colbreak_no||||||||||colbreak_no|||||||||\u00bb]<div class=\"ts-element-heading-wrapper ts-heading-inner ts-element-align-left ts-seperator-none \"><section class=\"ts-vc_cta3-container\"><div class=\"ts-vc_general ts-vc_cta3 ts-cta3-only ts-vc_cta3-style-classic ts-vc_cta3-shape-rounded ts-vc_cta3-align-left ts-vc_cta3-color-transparent ts-vc_cta3-icon-size-md ts-vc_cta3-actions-no ts-cta3-without-desc\"><div class=\"ts-vc_cta3_content-container\"><div class=\"ts-vc_cta3-content\"><div class=\"ts-vc_cta3-content-header ts-wrap\"><div class=\"ts-vc_cta3-headers ts-wrap-cell\"><h2 class=\"ts-custom-heading \" >Somos una CDMO al servicio del sector farmac\u00e9utico y afines<\/h2>\n<\/div><\/div><\/div><\/div><\/div><\/section><\/div> <!-- .ts-element-heading-wrapper container --> [vc_tta_tabs style=\u00bboutline\u00bb shape=\u00bbsquare\u00bb spacing=\u00bb10&#8243; active_section=\u00bb1&#8243; css=\u00bb.vc_custom_1667304080042{padding-top: 40px !important;padding-left: 70px !important;}\u00bb el_class=\u00bbts-tab-new-home ts-ele-pad-zero\u00bb][vc_tta_section title=\u00bbMisi\u00f3n\u00bb tab_id=\u00bb1665030027708-13d41e26-3084&#8243;][vc_column_text]<\/p>\n<p style=\"text-align: justify;\">La misi\u00f3n del SDM consiste en ofrecer proyectos y servicios de car\u00e1cter t\u00e9cnico, cient\u00edfico, de investigaci\u00f3n y de transferencia y desarrollo del medicamento de uso humano, del medicamento de uso veterinario y del producto sanitario y relacionado, para posibilitar y potenciar la necesaria colaboraci\u00f3n colaboraci\u00f3n entre la universidad y la industria farmac\u00e9utica y af\u00edn.<\/p>\n<p>[\/vc_column_text][\/vc_tta_section][vc_tta_section title=\u00bbValores\u00bb tab_id=\u00bb1665030027692-2cb73820-b2e0&#8243;][vc_column_text]<\/p>\n<ul>\n<li style=\"text-align: justify;\">Calidad en todas las actividades, las cuales se definen de forma que se garanticen los requisitos del cliente y su m\u00e1xima satisfacci\u00f3n, la confidencialidad de los proyectos y el cumplimiento legal.<\/li>\n<li style=\"text-align: justify;\">Innovaci\u00f3n tecnol\u00f3gica: Apuesta y fomento.<\/li>\n<li style=\"text-align: justify;\">Trabajo en equipo e implicaci\u00f3n en los proyectos que se desarrollen.<\/li>\n<li style=\"text-align: justify;\">Motivaci\u00f3n del personal e innovaci\u00f3n docente en formaci\u00f3n superior.<\/li>\n<li style=\"text-align: justify;\">Presencia en publicaciones profesionales y t\u00e9cnicas, y difusi\u00f3n de la investigaci\u00f3n.<\/li>\n<li style=\"text-align: justify;\">Respeto al medio ambiente a trav\u00e9s de la optimizaci\u00f3n de los recursos disponibles y la realizaci\u00f3n de las actividades, respetando el entorno y el medio ambiente.<\/li>\n<\/ul>\n<p>[\/vc_column_text][vc_row_inner][vc_column_inner css=\u00bb.vc_custom_1702310606289{padding-left: 31px !important;}\u00bb][vc_gallery type=\u00bbimage_grid\u00bb images=\u00bb1045,1043,1041,1037&#8243;][\/vc_column_inner][\/vc_row_inner][\/vc_tta_section][vc_tta_section title=\u00bbExperiencia\u00bb tab_id=\u00bb1665030110717-e421fe72-845c\u00bb][vc_column_text]<\/p>\n<p style=\"text-align: justify;\">Con m\u00e1s de 25 a\u00f1os de experiencia, hemos realizado m\u00e1s de 300 proyectos para la industria farmac\u00e9utica, resultando en m\u00e1s de 100 productos comercializados.<\/p>\n<p>[\/vc_column_text][\/vc_tta_section][\/vc_tta_tabs][\/vc_column][\/vc_row][vc_row ts_textcolor=\u00bbwhite\u00bb ts_bgcolor=\u00bbskincolor\u00bb full_width=\u00bbstretch_row\u00bb el_class=\u00bbts-bg-change\u00bb ts_responsive_css=\u00bb69276462|colbreak_no|||||||||colbreak_no|||||60||20||colbreak_no|||||40||0|||colbreak_no|||||||||\u00bb css=\u00bb.vc_custom_1702148111475{padding-top: 35px !important;padding-bottom: 110px !important;}\u00bb el_id=\u00bbservices\u00bb][vc_column]<div class=\"ts-element-heading-wrapper ts-heading-inner ts-element-align-center ts-seperator-none \"><section class=\"ts-vc_cta3-container\"><div class=\"ts-vc_general ts-vc_cta3 ts-cta3-only ts-vc_cta3-style-classic ts-vc_cta3-shape-rounded ts-vc_cta3-align-center ts-vc_cta3-color-transparent ts-vc_cta3-icon-size-md ts-vc_cta3-actions-no ts-cta3-with-desc\"><div class=\"ts-vc_cta3_content-container\"><div class=\"ts-vc_cta3-content\"><div class=\"ts-vc_cta3-content-header ts-wrap\"><div class=\"ts-vc_cta3-headers ts-wrap-cell\"><h2 style=\"color:#031b4e;\" class=\"ts-custom-heading \" >Desde SDM\/UB-Farmatec<\/h2>\n<\/div><\/div><div class=\"ts-cta3-content-wrapper\"><p>Podemos ofrecer distintos servicios a nuestros clientes:<\/p><\/div><\/div><\/div><\/div><\/section><\/div> <!-- .ts-element-heading-wrapper container --> <div class=\"themestek-boxes themestek-boxes-service themestek-boxes-element-service-style-9 themestek-boxes-view-default themestek-boxes-col-two themestek-boxes-sortable-no themestek-boxes-textalign-center themestek-boxes-sortablebutton- vc_custom_1725205449596\">\r\n\t\t<div class=\"themestek-boxes-inner themestek-boxes-service-inner \">\r\n\t\t\t\r\n\t\t\t<div class=\"row multi-columns-row themestek-boxes-row-wrapper\">\r\n\t\t\t\t<div class=\"ts-box-col-wrapper col-lg-6 col-sm-6 col-md-6 col-xs-12 \"><article class=\"themestek-box themestek-box-service ts-servicebox-style-9\">\r\n\t<div class=\"themestek-post-item\">\r\n\t\t\r\n\t\t<div class=\"themestek-box-content\">\r\n            <div class=\"themestek-box-content-inner d-flex\">\r\n            <div class=\"themestek-pf-box-title\">\r\n\t\t\t\t<div class=\"themestek-box-category\"><\/div>\r\n\t\t\t\t\t<h3><a title=\"Desarrollo gal\u00e9nico\" href=\"https:\/\/www.ub.edu\/sdm\/service\/desarrollogalenico\/\">Desarrollo gal\u00e9nico<\/a><\/h3>\t\t\t\t\t\r\n\t\t\t\t<\/div> \t\t\t  \r\n\t\t\t\t<div class=\"ts-ihbox-icon ts-large-icon\">\r\n\t\t\t\t\t\t<i class=\"ts-labtechco-business-icon ts-labtechco-business-icon-microscope-2\"><\/i>\t\t\t\t<\/div>\r\n\t\t\t<\/div>\t\t\r\n\t\t<\/div>\r\n\t<\/div>\r\n\t<div class=\"themestek-hover-img\">\r\n\t\t<div class=\"ts-featured-wrapper ts-ts-service-featured-wrapper\"><img loading=\"lazy\" decoding=\"async\" width=\"800\" height=\"508\" src=\"https:\/\/www.ub.edu\/sdm\/wp-content\/uploads\/2023\/10\/2022.09-UB-Farmatec-103-800x508.jpg\" class=\"attachment-themestek-img-800x508 size-themestek-img-800x508 wp-post-image\" alt=\"\" data-id=\"477\" \/><\/div>\t<\/div>\r\n<\/article><\/div><div class=\"ts-box-col-wrapper col-lg-6 col-sm-6 col-md-6 col-xs-12 \"><article class=\"themestek-box themestek-box-service ts-servicebox-style-9\">\r\n\t<div class=\"themestek-post-item\">\r\n\t\t\r\n\t\t<div class=\"themestek-box-content\">\r\n            <div class=\"themestek-box-content-inner d-flex\">\r\n            <div class=\"themestek-pf-box-title\">\r\n\t\t\t\t<div class=\"themestek-box-category\"><\/div>\r\n\t\t\t\t\t<h3><a title=\"M\u00e1ster y Posgrados Industria Farmac\u00e9utica\" href=\"https:\/\/www.ub.edu\/sdm\/service\/masteryposgrados\/\">M\u00e1ster y Posgrados Industria Farmac\u00e9utica<\/a><\/h3>\t\t\t\t\t\r\n\t\t\t\t<\/div> \t\t\t  \r\n\t\t\t\t<div class=\"ts-ihbox-icon ts-large-icon\">\r\n\t\t\t\t\t\t<i class=\"ts-labtechco-business-icon ts-labtechco-business-icon-microscope-2\"><\/i>\t\t\t\t<\/div>\r\n\t\t\t<\/div>\t\t\r\n\t\t<\/div>\r\n\t<\/div>\r\n\t<div class=\"themestek-hover-img\">\r\n\t\t<div class=\"ts-featured-wrapper ts-ts-service-featured-wrapper\"><img loading=\"lazy\" decoding=\"async\" width=\"800\" height=\"508\" src=\"https:\/\/www.ub.edu\/sdm\/wp-content\/uploads\/2023\/10\/2022.07-UB-SDM-97-800x508.jpg\" class=\"attachment-themestek-img-800x508 size-themestek-img-800x508 wp-post-image\" alt=\"\" data-id=\"1156\" \/><\/div>\t<\/div>\r\n<\/article><\/div><div class=\"ts-box-col-wrapper col-lg-6 col-sm-6 col-md-6 col-xs-12 \"><article class=\"themestek-box themestek-box-service ts-servicebox-style-9\">\r\n\t<div class=\"themestek-post-item\">\r\n\t\t\r\n\t\t<div class=\"themestek-box-content\">\r\n            <div class=\"themestek-box-content-inner d-flex\">\r\n            <div class=\"themestek-pf-box-title\">\r\n\t\t\t\t<div class=\"themestek-box-category\"><\/div>\r\n\t\t\t\t\t<h3><a title=\"Garant\u00eda de calidad\" href=\"https:\/\/www.ub.edu\/sdm\/service\/garantia-calidad\/\">Garant\u00eda de calidad<\/a><\/h3>\t\t\t\t\t\r\n\t\t\t\t<\/div> \t\t\t  \r\n\t\t\t\t<div class=\"ts-ihbox-icon ts-large-icon\">\r\n\t\t\t\t\t\t<i class=\"ts-labtechco-business-icon ts-labtechco-business-icon-microscope-2\"><\/i>\t\t\t\t<\/div>\r\n\t\t\t<\/div>\t\t\r\n\t\t<\/div>\r\n\t<\/div>\r\n\t<div class=\"themestek-hover-img\">\r\n\t\t<div class=\"ts-featured-wrapper ts-ts-service-featured-wrapper\"><img loading=\"lazy\" decoding=\"async\" width=\"800\" height=\"508\" src=\"https:\/\/www.ub.edu\/sdm\/wp-content\/uploads\/2023\/10\/2022.09-UB-Farmatec-20-800x508.jpg\" class=\"attachment-themestek-img-800x508 size-themestek-img-800x508 wp-post-image\" alt=\"\" data-id=\"479\" \/><\/div>\t<\/div>\r\n<\/article><\/div><div class=\"ts-box-col-wrapper col-lg-6 col-sm-6 col-md-6 col-xs-12 \"><article class=\"themestek-box themestek-box-service ts-servicebox-style-9\">\r\n\t<div class=\"themestek-post-item\">\r\n\t\t\r\n\t\t<div class=\"themestek-box-content\">\r\n            <div class=\"themestek-box-content-inner d-flex\">\r\n            <div class=\"themestek-pf-box-title\">\r\n\t\t\t\t<div class=\"themestek-box-category\"><\/div>\r\n\t\t\t\t\t<h3><a title=\"Fabricaci\u00f3n de Lotes Cl\u00ednicos bajo GMPs\" href=\"https:\/\/www.ub.edu\/sdm\/service\/fabricacion-de-lotes-clinicos-bajo-gmps\/\">Fabricaci\u00f3n de Lotes Cl\u00ednicos bajo GMPs<\/a><\/h3>\t\t\t\t\t\r\n\t\t\t\t<\/div> \t\t\t  \r\n\t\t\t\t<div class=\"ts-ihbox-icon ts-large-icon\">\r\n\t\t\t\t\t\t<i class=\"ts-labtechco-business-icon ts-labtechco-business-icon-microscope-2\"><\/i>\t\t\t\t<\/div>\r\n\t\t\t<\/div>\t\t\r\n\t\t<\/div>\r\n\t<\/div>\r\n\t<div class=\"themestek-hover-img\">\r\n\t\t<div class=\"ts-featured-wrapper ts-ts-service-featured-wrapper\"><img loading=\"lazy\" decoding=\"async\" width=\"800\" height=\"508\" src=\"https:\/\/www.ub.edu\/sdm\/wp-content\/uploads\/2023\/12\/2022.09-UB-Farmatec-84-800x508.jpg\" class=\"attachment-themestek-img-800x508 size-themestek-img-800x508 wp-post-image\" alt=\"\" data-id=\"999\" \/><\/div>\t<\/div>\r\n<\/article><\/div><div class=\"ts-box-col-wrapper col-lg-6 col-sm-6 col-md-6 col-xs-12 \"><article class=\"themestek-box themestek-box-service ts-servicebox-style-9\">\r\n\t<div class=\"themestek-post-item\">\r\n\t\t\r\n\t\t<div class=\"themestek-box-content\">\r\n            <div class=\"themestek-box-content-inner d-flex\">\r\n            <div class=\"themestek-pf-box-title\">\r\n\t\t\t\t<div class=\"themestek-box-category\"><\/div>\r\n\t\t\t\t\t<h3><a title=\"Desarrollo anal\u00edtico y Control de Calidad\" href=\"https:\/\/www.ub.edu\/sdm\/service\/controlcalidad\/\">Desarrollo anal\u00edtico y Control de Calidad<\/a><\/h3>\t\t\t\t\t\r\n\t\t\t\t<\/div> \t\t\t  \r\n\t\t\t\t<div class=\"ts-ihbox-icon ts-large-icon\">\r\n\t\t\t\t\t\t<i class=\"ts-labtechco-business-icon ts-labtechco-business-icon-microscope-2\"><\/i>\t\t\t\t<\/div>\r\n\t\t\t<\/div>\t\t\r\n\t\t<\/div>\r\n\t<\/div>\r\n\t<div class=\"themestek-hover-img\">\r\n\t\t<div class=\"ts-featured-wrapper ts-ts-service-featured-wrapper\"><img loading=\"lazy\" decoding=\"async\" width=\"800\" height=\"508\" src=\"https:\/\/www.ub.edu\/sdm\/wp-content\/uploads\/2023\/10\/2022.07-UB-SDM-26-800x508.jpg\" class=\"attachment-themestek-img-800x508 size-themestek-img-800x508 wp-post-image\" alt=\"\" data-id=\"481\" \/><\/div>\t<\/div>\r\n<\/article><\/div>\r\n\t\t\t<\/div>\r\n\t\t<\/div><!-- .themestek-boxes-inner -->   <\/div><!-- .themestek-boxes -->  [\/vc_column][\/vc_row][vc_row css=\u00bb.vc_custom_1667200096086{padding-top: 0px !important;padding-bottom: 0px !important;}\u00bb][vc_column css=\u00bb.vc_custom_1667205567412{padding-right: 0px !important;padding-left: 0px !important;}\u00bb]<div class=\"ts-action-box ts-action-box-style-1\"><div class=\"ts-action-box-circle-wrap\" style = \"background-image: url( https:\/\/www.ub.edu\/sdm_test\/wp-content\/uploads\/2023\/11\/2022.09-UB-Farmatec-101.jpg ); \">\r\n    <div class=\"ts-action-content\">\r\n                <h2 class=\"ts-element-title\">UB-FARMATEC<\/h2>        <div class=\"ts-svg-btn ts-btn ts-box-btn-1\"><a title=\"Link\" href=\"\/\/aefi.org\/fmg_files\/wp-content\/uploads\/2023\/06\/Presentacion-AEFI-41-symposium-2023.pdf\"><span>M\u00e1s informaci\u00f3n<i class=\"ts-labtechco-icon-arrow-right\"><\/i><\/span><\/a><\/div>    <\/div>\r\n<\/div><\/div>[\/vc_column][\/vc_row][vc_row full_width=\u00bbstretch_row\u00bb ts_responsive_css=\u00bb30072574|colbreak_no|||||||||colbreak_no|||||90||||colbreak_no|||||70|||||colbreak_no|||||||||\u00bb css=\u00bb.vc_custom_1666005269370{padding-top: 100px !important;padding-bottom: 0px !important;}\u00bb][vc_column]<ul class=\"ts-list ts-list-style-none ts-list-icon-color-skincolor ts- ts-icon-skincolor ts-list-textsize- ts-marquestyle-01\"><li><span class=\"ts-list-li-content\"> Desarrollo farmac\u00e9utico<\/span><\/li><li><span class=\"ts-list-li-content\">Calidad<\/span><\/li><li><span class=\"ts-list-li-content\">GMP<\/span><\/li><li><span class=\"ts-list-li-content\">Desarrollo anal\u00edtico <\/span><\/li><\/ul><ul class=\"ts-list ts-list-style-none ts-list-icon-color-skincolor ts- ts-icon-skincolor ts-list-textsize- ts-marquestyle-02\"><li><span class=\"ts-list-li-content\">Validaci\u00f3n<\/span><\/li><li><span class=\"ts-list-li-content\">Formaci\u00f3n<\/span><\/li><li><span class=\"ts-list-li-content\">ICH<\/span><\/li><li><span class=\"ts-list-li-content\">Investigaci\u00f3n<\/span><\/li><li><span class=\"ts-list-li-content\">Lotes cl\u00ednicos<\/span><\/li><\/ul>[\/vc_column][\/vc_row]<\/p>\n<\/section>","protected":false},"excerpt":{"rendered":"<p>[vc_row full_width=\u00bbstretch_row_content_no_spaces\u00bb equal_height=\u00bbyes\u00bb css=\u00bb.vc_custom_1666335809257{padding-top: 0px !important;padding-bottom: 0px !important;}\u00bb el_class=\u00bbts-custom-titlebox\u00bb][vc_column width=\u00bb1\/3&#8243; css=\u00bb.vc_custom_1666335917560{border-right-width: 1px !important;border-bottom-width: 1px !important;padding-top: 30px !important;padding-right: 50px !important;padding-bottom: 20px !important;padding-left: 70px !important;border-right-color: #e7e7f0 !important;border-right-style: solid !important;border-bottom-color: #e7e7f0 !important;border-bottom-style: solid !important;}\u00bb ts_responsive_css=\u00bb51388858|colbreak_no|||||||||colbreak_no||||||15||30|colbreak_no||||||5||15||colbreak_no|||||||||\u00bb][vc_row_inner content_placement=\u00bbmiddle\u00bb][vc_column_inner width=\u00bb2\/3&#8243;][\/vc_column_inner][vc_column_inner width=\u00bb1\/3&#8243;][\/vc_column_inner][\/vc_row_inner][\/vc_column][vc_column width=\u00bb1\/3&#8243; css=\u00bb.vc_custom_1666335929625{border-right-width: 1px !important;border-bottom-width: 1px !important;padding-top: 30px !important;padding-right: 50px !important;padding-bottom: 20px !important;padding-left: 70px !important;border-right-color: #e7e7f0 !important;border-right-style: solid !important;border-bottom-color: #e7e7f0 !important;border-bottom-style: &hellip; <a href=\"https:\/\/www.ub.edu\/sdm\/service\/controlcalidad\/\" class=\"more-link\" title=\"Continue reading <span class=\"screen-reader-text\">Desarrollo anal\u00edtico y Control de Calidad<\/span>\u00ab>Continue reading <span class=\"screen-reader-text\">Desarrollo anal\u00edtico y Control de Calidad<\/span><\/a><\/p>\n","protected":false},"author":1,"featured_media":0,"parent":0,"menu_order":0,"comment_status":"closed","ping_status":"closed","template":"","meta":{"footnotes":""},"class_list":["post-66","page","type-page","status-publish","hentry"],"_links":{"self":[{"href":"https:\/\/www.ub.edu\/sdm\/wp-json\/wp\/v2\/pages\/66","targetHints":{"allow":["GET"]}}],"collection":[{"href":"https:\/\/www.ub.edu\/sdm\/wp-json\/wp\/v2\/pages"}],"about":[{"href":"https:\/\/www.ub.edu\/sdm\/wp-json\/wp\/v2\/types\/page"}],"author":[{"embeddable":true,"href":"https:\/\/www.ub.edu\/sdm\/wp-json\/wp\/v2\/users\/1"}],"replies":[{"embeddable":true,"href":"https:\/\/www.ub.edu\/sdm\/wp-json\/wp\/v2\/comments?post=66"}],"version-history":[{"count":44,"href":"https:\/\/www.ub.edu\/sdm\/wp-json\/wp\/v2\/pages\/66\/revisions"}],"predecessor-version":[{"id":1688,"href":"https:\/\/www.ub.edu\/sdm\/wp-json\/wp\/v2\/pages\/66\/revisions\/1688"}],"wp:attachment":[{"href":"https:\/\/www.ub.edu\/sdm\/wp-json\/wp\/v2\/media?parent=66"}],"curies":[{"name":"wp","href":"https:\/\/api.w.org\/{rel}","templated":true}]}}