{"id":847,"date":"2023-12-04T20:40:53","date_gmt":"2023-12-04T18:40:53","guid":{"rendered":"https:\/\/www.ub.edu\/sdm_test\/?page_id=847"},"modified":"2024-02-25T18:22:13","modified_gmt":"2024-02-25T16:22:13","slug":"presentacion","status":"publish","type":"page","link":"https:\/\/www.ub.edu\/sdm\/tertulias\/presentacion\/","title":{"rendered":"Presentaci\u00f3n"},"content":{"rendered":"<section class=\"wpb-content-wrapper\"><p>[vc_row css=\u00bb.vc_custom_1701777486157{padding-top: 30px !important;padding-bottom: 0px !important;}\u00bb][vc_column css=\u00bb.vc_custom_1701777891808{padding-top: 10px !important;padding-right: 10px !important;padding-bottom: 10px !important;padding-left: 10px !important;}\u00bb]<h2 style=\"text-align:left;\" class=\"ts-custom-heading \" >PRESENTACI\u00d3N Y CONCEPTO DE LAS TERTULIAS<\/h2>\n[\/vc_column][\/vc_row][vc_row css=\u00bb.vc_custom_1708877982611{padding-top: 30px !important;padding-bottom: 5px !important;}\u00bb][vc_column][vc_column_text]<\/p>\n<p class=\"texto\" style=\"text-align: justify;\" align=\"left\">Estas tertulias nacieron de los desayunos a las ocho de la ma\u00f1ana, que hac\u00edamos 4 amigos, enamorados de nuestra profesi\u00f3n, tres de ellos exalumnos m\u00edos, en el bar de la Facultad de Farmacia de la Universidad de Barcelona, en los cuales se comentaban incidencias, noticias y nuevos decretos en relaci\u00f3n a la industria farmac\u00e9utica.<\/p>\n<p style=\"text-align: justify;\"><span class=\"texto\">Estos alumnos amigos, eran<\/span>\u00a0<span style=\"color: #800080;\">Jos\u00e9 Maria Adalid, Rafael Beaus y Ram\u00f3n Esquerdo<\/span><span class=\"texto\">, tres grandes profesionales de la industria farmac\u00e9utica, sin los cuales no hubi\u00e9ramos podido inaugurar las \u201ctertulias con los amigos del profesor Ramon Salazar\u201d.<\/span><\/p>\n<p class=\"texto\" style=\"text-align: justify;\">En la primera tertulia oficial expuse el objetivo de las tertulias y dec\u00eda: \u201cCon vosotros llegaremos al fin del mundo, o sea, a conocer mejor todos los procesos cient\u00edficos, tecnol\u00f3gicos y legales relacionados con el medicamento y nuestra amistad puede ser eterna\u201d.<\/p>\n<p class=\"texto\" style=\"text-align: justify;\">Estas tertulias son una reuni\u00f3n de amigos, profesionales de la industria qu\u00edmica farmac\u00e9utica que tienen inter\u00e9s en aprender y compartir sus conocimientos.<\/p>\n<p class=\"texto\" style=\"text-align: justify;\">No existe un inter\u00e9s cremat\u00edstico, o de influencia pol\u00edtica, el \u00fanico inter\u00e9s es continuar siendo amigos y a trav\u00e9s de estas tertulias mejorar cient\u00edfica y humanamente.<\/p>\n<p style=\"text-align: justify;\">De los estudios llevados a cabo en estos desayunos tecnol\u00f3gicos se lleg\u00f3 a las siguientes conclusiones :<\/p>\n<ul style=\"text-align: justify;\">\n<li class=\"texto\">Las tertulias se har\u00e1n cada trimestre, el primer jueves por la tarde de 19-21 horas .<\/li>\n<li class=\"texto\">Los asistentes a las tertulias han de ser amigos del profesor Ramon Salazar.<\/li>\n<li class=\"texto\">El n\u00famero de tertulianos ha de ser limitado.<\/li>\n<li class=\"texto\">Las reuniones han de ser democr\u00e1ticas y todos los presentes pueden dar su opini\u00f3n, es decir ha de haber un dialogo abierto. No se ha de olvidar que los protagonistas son todos los tertulianos.<\/li>\n<li class=\"texto\">Habr\u00e1 en cada tertulia un secretario o responsable de escribir el resumen de la sesi\u00f3n el cual le suceder\u00e1 otro tertuliano seg\u00fan el abecedario.<\/li>\n<li class=\"texto\">Las tertulias se har\u00e1n en una aula de la Facultad de Farmacia de la Universidad de Barcelona.<\/li>\n<li class=\"texto\">Se propone invitar a cada tertulia, una personalidad de la Industria farmac\u00e9utica entendiendo por personalidad aquella persona que creamos que sepa m\u00e1s del tema que decidamos abordar, incluyendo los amigos tertulianos.<\/li>\n<li class=\"texto\">Antes y durante la tertulia habr\u00e1 un aperitivo y los tertulianos podr\u00e1n levantarse, comer y beber durante la charla \/conferencia, de tal manera que sea en realidad una tertulia entre amigos.<\/li>\n<li class=\"texto\">Los invitados no han de exponer una conferencia formal sino una charla de duraci\u00f3n m\u00e1xima de 30 minutos, durante los cuales se podr\u00e1 intervenir, pero lo m\u00e1s interesante lo discutiremos en la charla de caf\u00e9.<\/li>\n<li class=\"texto\">Los temas a debatir en cada tertulia, as\u00ed como el conferenciante, ser\u00e1n comentados en tertulias anteriores, de tal manera que se intentar\u00e1 que haya un consenso entre los presentes.<\/li>\n<li class=\"texto\">El idioma ser\u00e1 el castellano mayoritariamente por si hay alg\u00fan compa\u00f1ero y amigo que no entiende adecuadamente el catal\u00e1n.<\/li>\n<\/ul>\n<p style=\"text-align: justify;\">Transcurridos dos a\u00f1os de la primera tertulia, creemos que es el momento de complacer a todos mis amigos que puedan estar interesados en seguir nuestras tertulias. Por ello se ha creado esta web, para que tengan acceso libremente a conocer nuestras tertulias, realizar comentarios y estar en contacto con nosotros, es decir, con los amigos del profesor.<\/p>\n<p>Ramon Salazar Macian<\/p>\n<p>ramonsalazar@ateneu.ub.edu[\/vc_column_text][\/vc_column][\/vc_row][vc_section css=\u00bb.vc_custom_1701980325196{padding-top: 10px !important;}\u00bb][vc_row css=\u00bb.vc_custom_1701978782371{padding-top: 10px !important;}\u00bb][vc_column el_class=\u00bb.ts-row wpb_row vc_row-fluid ts-total-col-1 ts-zindex-0 vc_row container ts-bgimage-position-center_center{ padding-top: 0px; padding-bottom: 15px; margin-bottom: 0px;}\u00bb][vc_btn title=\u00bbEntrevista R. Salazar Junio 2020&#8243; link=\u00bburl:https%3A%2F%2Fwww.ub.edu%2Fsdm_test%2Fwp-content%2Fuploads%2F2023%2F12%2Fsalazar_2020.pdf|target:_blank\u00bb][\/vc_column][\/vc_row][\/vc_section]<\/p>\n<\/section>","protected":false},"excerpt":{"rendered":"<p>[vc_row css=\u00bb.vc_custom_1701777486157{padding-top: 30px !important;padding-bottom: 0px !important;}\u00bb][vc_column css=\u00bb.vc_custom_1701777891808{padding-top: 10px !important;padding-right: 10px !important;padding-bottom: 10px !important;padding-left: 10px !important;}\u00bb][\/vc_column][\/vc_row][vc_row css=\u00bb.vc_custom_1708877982611{padding-top: 30px !important;padding-bottom: 5px !important;}\u00bb][vc_column][vc_column_text] Estas tertulias nacieron de los desayunos a las ocho de la ma\u00f1ana, que hac\u00edamos 4 amigos, enamorados de nuestra profesi\u00f3n, tres de ellos exalumnos m\u00edos, en el bar de la Facultad de Farmacia de la &hellip; <a href=\"https:\/\/www.ub.edu\/sdm\/tertulias\/presentacion\/\" class=\"more-link\" title=\"Continue reading <span class=\"screen-reader-text\">Presentaci\u00f3n<\/span>\u00ab>Continue reading <span class=\"screen-reader-text\">Presentaci\u00f3n<\/span><\/a><\/p>\n","protected":false},"author":1,"featured_media":0,"parent":489,"menu_order":0,"comment_status":"closed","ping_status":"closed","template":"","meta":{"footnotes":""},"class_list":["post-847","page","type-page","status-publish","hentry"],"_links":{"self":[{"href":"https:\/\/www.ub.edu\/sdm\/wp-json\/wp\/v2\/pages\/847","targetHints":{"allow":["GET"]}}],"collection":[{"href":"https:\/\/www.ub.edu\/sdm\/wp-json\/wp\/v2\/pages"}],"about":[{"href":"https:\/\/www.ub.edu\/sdm\/wp-json\/wp\/v2\/types\/page"}],"author":[{"embeddable":true,"href":"https:\/\/www.ub.edu\/sdm\/wp-json\/wp\/v2\/users\/1"}],"replies":[{"embeddable":true,"href":"https:\/\/www.ub.edu\/sdm\/wp-json\/wp\/v2\/comments?post=847"}],"version-history":[{"count":21,"href":"https:\/\/www.ub.edu\/sdm\/wp-json\/wp\/v2\/pages\/847\/revisions"}],"predecessor-version":[{"id":1264,"href":"https:\/\/www.ub.edu\/sdm\/wp-json\/wp\/v2\/pages\/847\/revisions\/1264"}],"up":[{"embeddable":true,"href":"https:\/\/www.ub.edu\/sdm\/wp-json\/wp\/v2\/pages\/489"}],"wp:attachment":[{"href":"https:\/\/www.ub.edu\/sdm\/wp-json\/wp\/v2\/media?parent=847"}],"curies":[{"name":"wp","href":"https:\/\/api.w.org\/{rel}","templated":true}]}}