{"id":4861,"date":"2024-01-15T21:23:59","date_gmt":"2024-01-15T21:23:59","guid":{"rendered":"https:\/\/www.ub.edu\/serp\/web\/?page_id=4861"},"modified":"2024-01-15T21:27:42","modified_gmt":"2024-01-15T21:27:42","slug":"estudi-analitic-de-la-sequencia-poblacional-prehistorica-al-curs-mig-i-alt-del-riu-segre-2022-2023","status":"publish","type":"page","link":"https:\/\/www.ub.edu\/serp\/web\/estudi-analitic-de-la-sequencia-poblacional-prehistorica-al-curs-mig-i-alt-del-riu-segre-2022-2023\/","title":{"rendered":"Estudi anal\u00edtic de la seq\u00fc\u00e8ncia poblacional prehist\u00f2rica al curs mig i alt del riu Segre (2022-2023)"},"content":{"rendered":"\t\t<div data-elementor-type=\"wp-page\" data-elementor-id=\"4861\" class=\"elementor elementor-4861\">\n\t\t\t\t<div class=\"elementor-element elementor-element-509fb74 e-flex e-con-boxed e-con e-parent\" data-id=\"509fb74\" data-element_type=\"container\" data-e-type=\"container\">\n\t\t\t\t\t<div class=\"e-con-inner\">\n\t\t\t\t<div class=\"elementor-element elementor-element-124937c elementor-widget elementor-widget-heading\" data-id=\"124937c\" data-element_type=\"widget\" data-e-type=\"widget\" data-widget_type=\"heading.default\">\n\t\t\t\t<div class=\"elementor-widget-container\">\n\t\t\t\t\t<h2 class=\"elementor-heading-title elementor-size-default\">Estudi anal\u00edtic de la seq\u00fc\u00e8ncia poblacional prehist\u00f2rica al curs mig i alt del riu Segre (2022-2023)<\/h2>\t\t\t\t<\/div>\n\t\t\t\t<\/div>\n\t\t\t\t\t<\/div>\n\t\t\t\t<\/div>\n\t\t<div class=\"elementor-element elementor-element-4d94481 e-flex e-con-boxed e-con e-parent\" data-id=\"4d94481\" data-element_type=\"container\" data-e-type=\"container\">\n\t\t\t\t\t<div class=\"e-con-inner\">\n\t\t<div class=\"elementor-element elementor-element-4490662 e-con-full e-flex e-con e-child\" data-id=\"4490662\" data-element_type=\"container\" data-e-type=\"container\">\n\t\t\t\t<div class=\"elementor-element elementor-element-c447910 elementor-widget elementor-widget-image\" data-id=\"c447910\" data-element_type=\"widget\" data-e-type=\"widget\" data-widget_type=\"image.default\">\n\t\t\t\t<div class=\"elementor-widget-container\">\n\t\t\t\t\t\t\t\t\t\t\t\t\t\t\t<img fetchpriority=\"high\" decoding=\"async\" width=\"546\" height=\"800\" src=\"https:\/\/www.ub.edu\/serp\/web\/wp-content\/uploads\/2024\/01\/Portada-projecte-ERC-SPEGEOCHERT-h.jpg\" class=\"attachment-large size-large wp-image-4866\" alt=\"\" srcset=\"https:\/\/www.ub.edu\/serp\/web\/wp-content\/uploads\/2024\/01\/Portada-projecte-ERC-SPEGEOCHERT-h.jpg 546w, https:\/\/www.ub.edu\/serp\/web\/wp-content\/uploads\/2024\/01\/Portada-projecte-ERC-SPEGEOCHERT-h-205x300.jpg 205w\" sizes=\"(max-width: 546px) 100vw, 546px\" \/>\t\t\t\t\t\t\t\t\t\t\t\t\t\t\t<\/div>\n\t\t\t\t<\/div>\n\t\t\t\t<\/div>\n\t\t<div class=\"elementor-element elementor-element-1bae2a2 e-con-full e-flex e-con e-child\" data-id=\"1bae2a2\" data-element_type=\"container\" data-e-type=\"container\">\n\t\t\t\t<div class=\"elementor-element elementor-element-1bc0d6a elementor-widget elementor-widget-text-editor\" data-id=\"1bc0d6a\" data-element_type=\"widget\" data-e-type=\"widget\" data-widget_type=\"text-editor.default\">\n\t\t\t\t<div class=\"elementor-widget-container\">\n\t\t\t\t\t\t\t\t\t<p><strong>IP:<\/strong> Marta S\u00e1nchez de la Torre<br \/><strong>Font de finan\u00e7ament:<\/strong> Fundaci\u00f3 Palarq<br \/><strong>Finan\u00e7ament obtingut:<\/strong> 4.800 \u20ac<br \/><strong>Resum del projecte:<\/strong> <br \/>El present projecte finan\u00e7a, a trav\u00e9s de la Fundaci\u00f3 Palarq, datacions per radiocarboni d\u2019una dotzena de carbons i llavors recuperades en quatre jaciments arqueol\u00f2gics situats al Pirineu i Prepirineu centre-oriental. L\u2019objectiu principal \u00e9s obtenir datacions absolutes de la seq\u00fc\u00e8ncia d\u2019ocupaci\u00f3 dels quatre jaciments objecte d\u2019an\u00e0lisi (la Cova Colomera, la Cova del Parco, l\u2019Abric del Xicot\u00f3 i el jaciment a l\u2019aire lliure de Montlle\u00f3) per tal de complementar les datacions obtingudes en anys precedents.<\/p>\t\t\t\t\t\t\t\t<\/div>\n\t\t\t\t<\/div>\n\t\t\t\t<\/div>\n\t\t\t\t\t<\/div>\n\t\t\t\t<\/div>\n\t\t\t\t<\/div>\n\t\t","protected":false},"excerpt":{"rendered":"<p>Estudi anal\u00edtic de la seq\u00fc\u00e8ncia poblacional prehist\u00f2rica al curs mig i alt del riu Segre (2022-2023) IP: Marta S\u00e1nchez de la TorreFont de finan\u00e7ament: Fundaci\u00f3 PalarqFinan\u00e7ament obtingut: 4.800 \u20acResum del [&hellip;]<\/p>\n","protected":false},"author":1,"featured_media":0,"parent":0,"menu_order":0,"comment_status":"closed","ping_status":"closed","template":"","meta":{"site-sidebar-layout":"no-sidebar","site-content-layout":"page-builder","ast-site-content-layout":"full-width-container","site-content-style":"default","site-sidebar-style":"default","ast-global-header-display":"","ast-banner-title-visibility":"","ast-main-header-display":"","ast-hfb-above-header-display":"","ast-hfb-below-header-display":"","ast-hfb-mobile-header-display":"","site-post-title":"disabled","ast-breadcrumbs-content":"","ast-featured-img":"disabled","footer-sml-layout":"","ast-disable-related-posts":"","theme-transparent-header-meta":"","adv-header-id-meta":"","stick-header-meta":"","header-above-stick-meta":"","header-main-stick-meta":"","header-below-stick-meta":"","astra-migrate-meta-layouts":"set","ast-page-background-enabled":"default","ast-page-background-meta":{"desktop":{"background-color":"var(--ast-global-color-4)","background-image":"","background-repeat":"repeat","background-position":"center center","background-size":"auto","background-attachment":"scroll","background-type":"","background-media":"","overlay-type":"","overlay-color":"","overlay-opacity":"","overlay-gradient":""},"tablet":{"background-color":"","background-image":"","background-repeat":"repeat","background-position":"center center","background-size":"auto","background-attachment":"scroll","background-type":"","background-media":"","overlay-type":"","overlay-color":"","overlay-opacity":"","overlay-gradient":""},"mobile":{"background-color":"","background-image":"","background-repeat":"repeat","background-position":"center center","background-size":"auto","background-attachment":"scroll","background-type":"","background-media":"","overlay-type":"","overlay-color":"","overlay-opacity":"","overlay-gradient":""}},"ast-content-background-meta":{"desktop":{"background-color":"var(--ast-global-color-5)","background-image":"","background-repeat":"repeat","background-position":"center center","background-size":"auto","background-attachment":"scroll","background-type":"","background-media":"","overlay-type":"","overlay-color":"","overlay-opacity":"","overlay-gradient":""},"tablet":{"background-color":"var(--ast-global-color-5)","background-image":"","background-repeat":"repeat","background-position":"center center","background-size":"auto","background-attachment":"scroll","background-type":"","background-media":"","overlay-type":"","overlay-color":"","overlay-opacity":"","overlay-gradient":""},"mobile":{"background-color":"var(--ast-global-color-5)","background-image":"","background-repeat":"repeat","background-position":"center center","background-size":"auto","background-attachment":"scroll","background-type":"","background-media":"","overlay-type":"","overlay-color":"","overlay-opacity":"","overlay-gradient":""}},"footnotes":""},"class_list":["post-4861","page","type-page","status-publish","hentry"],"yoast_head":"<!-- This site is optimized with the Yoast SEO plugin v27.0 - https:\/\/yoast.com\/product\/yoast-seo-wordpress\/ -->\n<title>Estudi anal\u00edtic de la seq\u00fc\u00e8ncia poblacional prehist\u00f2rica al curs mig i alt del riu Segre (2022-2023) - Grup de Recerca SERP<\/title>\n<meta name=\"robots\" content=\"index, follow, max-snippet:-1, max-image-preview:large, max-video-preview:-1\" \/>\n<link rel=\"canonical\" href=\"https:\/\/www.ub.edu\/serp\/web\/estudi-analitic-de-la-sequencia-poblacional-prehistorica-al-curs-mig-i-alt-del-riu-segre-2022-2023\/\" \/>\n<meta property=\"og:locale\" content=\"ca_ES\" \/>\n<meta property=\"og:type\" content=\"article\" \/>\n<meta property=\"og:title\" content=\"Estudi anal\u00edtic de la seq\u00fc\u00e8ncia poblacional prehist\u00f2rica al curs mig i alt del riu Segre (2022-2023) - Grup de Recerca SERP\" \/>\n<meta property=\"og:description\" content=\"Estudi anal\u00edtic de la seq\u00fc\u00e8ncia poblacional prehist\u00f2rica al curs mig i alt del riu Segre (2022-2023) IP: Marta S\u00e1nchez de la TorreFont de finan\u00e7ament: Fundaci\u00f3 PalarqFinan\u00e7ament obtingut: 4.800 \u20acResum del [&hellip;]\" \/>\n<meta property=\"og:url\" content=\"https:\/\/www.ub.edu\/serp\/web\/estudi-analitic-de-la-sequencia-poblacional-prehistorica-al-curs-mig-i-alt-del-riu-segre-2022-2023\/\" \/>\n<meta property=\"og:site_name\" content=\"Grup de Recerca SERP\" \/>\n<meta property=\"article:modified_time\" content=\"2024-01-15T21:27:42+00:00\" \/>\n<meta property=\"og:image\" content=\"https:\/\/www.ub.edu\/serp\/web\/wp-content\/uploads\/2024\/01\/Portada-projecte-ERC-SPEGEOCHERT-h.jpg\" \/>\n<meta name=\"twitter:card\" content=\"summary_large_image\" \/>\n<meta name=\"twitter:label1\" content=\"Temps estimat de lectura\" \/>\n\t<meta name=\"twitter:data1\" content=\"1 minut\" \/>\n<script type=\"application\/ld+json\" class=\"yoast-schema-graph\">{\"@context\":\"https:\/\/schema.org\",\"@graph\":[{\"@type\":\"WebPage\",\"@id\":\"https:\/\/www.ub.edu\/serp\/web\/estudi-analitic-de-la-sequencia-poblacional-prehistorica-al-curs-mig-i-alt-del-riu-segre-2022-2023\/\",\"url\":\"https:\/\/www.ub.edu\/serp\/web\/estudi-analitic-de-la-sequencia-poblacional-prehistorica-al-curs-mig-i-alt-del-riu-segre-2022-2023\/\",\"name\":\"Estudi anal\u00edtic de la seq\u00fc\u00e8ncia poblacional prehist\u00f2rica al curs mig i alt del riu Segre (2022-2023) - Grup de Recerca SERP\",\"isPartOf\":{\"@id\":\"https:\/\/www.ub.edu\/serp\/web\/#website\"},\"primaryImageOfPage\":{\"@id\":\"https:\/\/www.ub.edu\/serp\/web\/estudi-analitic-de-la-sequencia-poblacional-prehistorica-al-curs-mig-i-alt-del-riu-segre-2022-2023\/#primaryimage\"},\"image\":{\"@id\":\"https:\/\/www.ub.edu\/serp\/web\/estudi-analitic-de-la-sequencia-poblacional-prehistorica-al-curs-mig-i-alt-del-riu-segre-2022-2023\/#primaryimage\"},\"thumbnailUrl\":\"https:\/\/www.ub.edu\/serp\/web\/wp-content\/uploads\/2024\/01\/Portada-projecte-ERC-SPEGEOCHERT-h.jpg\",\"datePublished\":\"2024-01-15T21:23:59+00:00\",\"dateModified\":\"2024-01-15T21:27:42+00:00\",\"breadcrumb\":{\"@id\":\"https:\/\/www.ub.edu\/serp\/web\/estudi-analitic-de-la-sequencia-poblacional-prehistorica-al-curs-mig-i-alt-del-riu-segre-2022-2023\/#breadcrumb\"},\"inLanguage\":\"ca\",\"potentialAction\":[{\"@type\":\"ReadAction\",\"target\":[\"https:\/\/www.ub.edu\/serp\/web\/estudi-analitic-de-la-sequencia-poblacional-prehistorica-al-curs-mig-i-alt-del-riu-segre-2022-2023\/\"]}]},{\"@type\":\"ImageObject\",\"inLanguage\":\"ca\",\"@id\":\"https:\/\/www.ub.edu\/serp\/web\/estudi-analitic-de-la-sequencia-poblacional-prehistorica-al-curs-mig-i-alt-del-riu-segre-2022-2023\/#primaryimage\",\"url\":\"https:\/\/www.ub.edu\/serp\/web\/wp-content\/uploads\/2024\/01\/Portada-projecte-ERC-SPEGEOCHERT-h.jpg\",\"contentUrl\":\"https:\/\/www.ub.edu\/serp\/web\/wp-content\/uploads\/2024\/01\/Portada-projecte-ERC-SPEGEOCHERT-h.jpg\",\"width\":546,\"height\":800},{\"@type\":\"BreadcrumbList\",\"@id\":\"https:\/\/www.ub.edu\/serp\/web\/estudi-analitic-de-la-sequencia-poblacional-prehistorica-al-curs-mig-i-alt-del-riu-segre-2022-2023\/#breadcrumb\",\"itemListElement\":[{\"@type\":\"ListItem\",\"position\":1,\"name\":\"Inici\",\"item\":\"https:\/\/www.ub.edu\/serp\/web\/\"},{\"@type\":\"ListItem\",\"position\":2,\"name\":\"Estudi anal\u00edtic de la seq\u00fc\u00e8ncia poblacional prehist\u00f2rica al curs mig i alt del riu Segre (2022-2023)\"}]},{\"@type\":\"WebSite\",\"@id\":\"https:\/\/www.ub.edu\/serp\/web\/#website\",\"url\":\"https:\/\/www.ub.edu\/serp\/web\/\",\"name\":\"Grup de Recerca SERP\",\"description\":\"\",\"publisher\":{\"@id\":\"https:\/\/www.ub.edu\/serp\/web\/#organization\"},\"potentialAction\":[{\"@type\":\"SearchAction\",\"target\":{\"@type\":\"EntryPoint\",\"urlTemplate\":\"https:\/\/www.ub.edu\/serp\/web\/?s={search_term_string}\"},\"query-input\":{\"@type\":\"PropertyValueSpecification\",\"valueRequired\":true,\"valueName\":\"search_term_string\"}}],\"inLanguage\":\"ca\"},{\"@type\":\"Organization\",\"@id\":\"https:\/\/www.ub.edu\/serp\/web\/#organization\",\"name\":\"Grup de Recerca SERP\",\"url\":\"https:\/\/www.ub.edu\/serp\/web\/\",\"logo\":{\"@type\":\"ImageObject\",\"inLanguage\":\"ca\",\"@id\":\"https:\/\/www.ub.edu\/serp\/web\/#\/schema\/logo\/image\/\",\"url\":\"https:\/\/www.ub.edu\/serp\/web\/wp-content\/uploads\/2024\/01\/cropped-cropped-cropped-logo_web_serp_2019-1.png\",\"contentUrl\":\"https:\/\/www.ub.edu\/serp\/web\/wp-content\/uploads\/2024\/01\/cropped-cropped-cropped-logo_web_serp_2019-1.png\",\"width\":310,\"height\":184,\"caption\":\"Grup de Recerca SERP\"},\"image\":{\"@id\":\"https:\/\/www.ub.edu\/serp\/web\/#\/schema\/logo\/image\/\"}}]}<\/script>\n<!-- \/ Yoast SEO plugin. -->","yoast_head_json":{"title":"Estudi anal\u00edtic de la seq\u00fc\u00e8ncia poblacional prehist\u00f2rica al curs mig i alt del riu Segre (2022-2023) - Grup de Recerca SERP","robots":{"index":"index","follow":"follow","max-snippet":"max-snippet:-1","max-image-preview":"max-image-preview:large","max-video-preview":"max-video-preview:-1"},"canonical":"https:\/\/www.ub.edu\/serp\/web\/estudi-analitic-de-la-sequencia-poblacional-prehistorica-al-curs-mig-i-alt-del-riu-segre-2022-2023\/","og_locale":"ca_ES","og_type":"article","og_title":"Estudi anal\u00edtic de la seq\u00fc\u00e8ncia poblacional prehist\u00f2rica al curs mig i alt del riu Segre (2022-2023) - Grup de Recerca SERP","og_description":"Estudi anal\u00edtic de la seq\u00fc\u00e8ncia poblacional prehist\u00f2rica al curs mig i alt del riu Segre (2022-2023) IP: Marta S\u00e1nchez de la TorreFont de finan\u00e7ament: Fundaci\u00f3 PalarqFinan\u00e7ament obtingut: 4.800 \u20acResum del [&hellip;]","og_url":"https:\/\/www.ub.edu\/serp\/web\/estudi-analitic-de-la-sequencia-poblacional-prehistorica-al-curs-mig-i-alt-del-riu-segre-2022-2023\/","og_site_name":"Grup de Recerca SERP","article_modified_time":"2024-01-15T21:27:42+00:00","og_image":[{"url":"https:\/\/www.ub.edu\/serp\/web\/wp-content\/uploads\/2024\/01\/Portada-projecte-ERC-SPEGEOCHERT-h.jpg","type":"","width":"","height":""}],"twitter_card":"summary_large_image","twitter_misc":{"Temps estimat de lectura":"1 minut"},"schema":{"@context":"https:\/\/schema.org","@graph":[{"@type":"WebPage","@id":"https:\/\/www.ub.edu\/serp\/web\/estudi-analitic-de-la-sequencia-poblacional-prehistorica-al-curs-mig-i-alt-del-riu-segre-2022-2023\/","url":"https:\/\/www.ub.edu\/serp\/web\/estudi-analitic-de-la-sequencia-poblacional-prehistorica-al-curs-mig-i-alt-del-riu-segre-2022-2023\/","name":"Estudi anal\u00edtic de la seq\u00fc\u00e8ncia poblacional prehist\u00f2rica al curs mig i alt del riu Segre (2022-2023) - Grup de Recerca SERP","isPartOf":{"@id":"https:\/\/www.ub.edu\/serp\/web\/#website"},"primaryImageOfPage":{"@id":"https:\/\/www.ub.edu\/serp\/web\/estudi-analitic-de-la-sequencia-poblacional-prehistorica-al-curs-mig-i-alt-del-riu-segre-2022-2023\/#primaryimage"},"image":{"@id":"https:\/\/www.ub.edu\/serp\/web\/estudi-analitic-de-la-sequencia-poblacional-prehistorica-al-curs-mig-i-alt-del-riu-segre-2022-2023\/#primaryimage"},"thumbnailUrl":"https:\/\/www.ub.edu\/serp\/web\/wp-content\/uploads\/2024\/01\/Portada-projecte-ERC-SPEGEOCHERT-h.jpg","datePublished":"2024-01-15T21:23:59+00:00","dateModified":"2024-01-15T21:27:42+00:00","breadcrumb":{"@id":"https:\/\/www.ub.edu\/serp\/web\/estudi-analitic-de-la-sequencia-poblacional-prehistorica-al-curs-mig-i-alt-del-riu-segre-2022-2023\/#breadcrumb"},"inLanguage":"ca","potentialAction":[{"@type":"ReadAction","target":["https:\/\/www.ub.edu\/serp\/web\/estudi-analitic-de-la-sequencia-poblacional-prehistorica-al-curs-mig-i-alt-del-riu-segre-2022-2023\/"]}]},{"@type":"ImageObject","inLanguage":"ca","@id":"https:\/\/www.ub.edu\/serp\/web\/estudi-analitic-de-la-sequencia-poblacional-prehistorica-al-curs-mig-i-alt-del-riu-segre-2022-2023\/#primaryimage","url":"https:\/\/www.ub.edu\/serp\/web\/wp-content\/uploads\/2024\/01\/Portada-projecte-ERC-SPEGEOCHERT-h.jpg","contentUrl":"https:\/\/www.ub.edu\/serp\/web\/wp-content\/uploads\/2024\/01\/Portada-projecte-ERC-SPEGEOCHERT-h.jpg","width":546,"height":800},{"@type":"BreadcrumbList","@id":"https:\/\/www.ub.edu\/serp\/web\/estudi-analitic-de-la-sequencia-poblacional-prehistorica-al-curs-mig-i-alt-del-riu-segre-2022-2023\/#breadcrumb","itemListElement":[{"@type":"ListItem","position":1,"name":"Inici","item":"https:\/\/www.ub.edu\/serp\/web\/"},{"@type":"ListItem","position":2,"name":"Estudi anal\u00edtic de la seq\u00fc\u00e8ncia poblacional prehist\u00f2rica al curs mig i alt del riu Segre (2022-2023)"}]},{"@type":"WebSite","@id":"https:\/\/www.ub.edu\/serp\/web\/#website","url":"https:\/\/www.ub.edu\/serp\/web\/","name":"Grup de Recerca SERP","description":"","publisher":{"@id":"https:\/\/www.ub.edu\/serp\/web\/#organization"},"potentialAction":[{"@type":"SearchAction","target":{"@type":"EntryPoint","urlTemplate":"https:\/\/www.ub.edu\/serp\/web\/?s={search_term_string}"},"query-input":{"@type":"PropertyValueSpecification","valueRequired":true,"valueName":"search_term_string"}}],"inLanguage":"ca"},{"@type":"Organization","@id":"https:\/\/www.ub.edu\/serp\/web\/#organization","name":"Grup de Recerca SERP","url":"https:\/\/www.ub.edu\/serp\/web\/","logo":{"@type":"ImageObject","inLanguage":"ca","@id":"https:\/\/www.ub.edu\/serp\/web\/#\/schema\/logo\/image\/","url":"https:\/\/www.ub.edu\/serp\/web\/wp-content\/uploads\/2024\/01\/cropped-cropped-cropped-logo_web_serp_2019-1.png","contentUrl":"https:\/\/www.ub.edu\/serp\/web\/wp-content\/uploads\/2024\/01\/cropped-cropped-cropped-logo_web_serp_2019-1.png","width":310,"height":184,"caption":"Grup de Recerca SERP"},"image":{"@id":"https:\/\/www.ub.edu\/serp\/web\/#\/schema\/logo\/image\/"}}]}},"_links":{"self":[{"href":"https:\/\/www.ub.edu\/serp\/web\/wp-json\/wp\/v2\/pages\/4861","targetHints":{"allow":["GET"]}}],"collection":[{"href":"https:\/\/www.ub.edu\/serp\/web\/wp-json\/wp\/v2\/pages"}],"about":[{"href":"https:\/\/www.ub.edu\/serp\/web\/wp-json\/wp\/v2\/types\/page"}],"author":[{"embeddable":true,"href":"https:\/\/www.ub.edu\/serp\/web\/wp-json\/wp\/v2\/users\/1"}],"replies":[{"embeddable":true,"href":"https:\/\/www.ub.edu\/serp\/web\/wp-json\/wp\/v2\/comments?post=4861"}],"version-history":[{"count":7,"href":"https:\/\/www.ub.edu\/serp\/web\/wp-json\/wp\/v2\/pages\/4861\/revisions"}],"predecessor-version":[{"id":4869,"href":"https:\/\/www.ub.edu\/serp\/web\/wp-json\/wp\/v2\/pages\/4861\/revisions\/4869"}],"wp:attachment":[{"href":"https:\/\/www.ub.edu\/serp\/web\/wp-json\/wp\/v2\/media?parent=4861"}],"curies":[{"name":"wp","href":"https:\/\/api.w.org\/{rel}","templated":true}]}}