{"id":5748,"date":"2024-10-17T18:09:50","date_gmt":"2024-10-17T18:09:50","guid":{"rendered":"https:\/\/www.ub.edu\/serp\/web\/?page_id=5748"},"modified":"2024-10-17T18:14:34","modified_gmt":"2024-10-17T18:14:34","slug":"montlleo","status":"publish","type":"page","link":"https:\/\/www.ub.edu\/serp\/web\/montlleo\/","title":{"rendered":"Montlle\u00f3"},"content":{"rendered":"\t\t<div data-elementor-type=\"wp-page\" data-elementor-id=\"5748\" class=\"elementor elementor-5748\">\n\t\t\t\t<div class=\"elementor-element elementor-element-537237ea e-flex e-con-boxed e-con e-parent\" data-id=\"537237ea\" data-element_type=\"container\" data-e-type=\"container\">\n\t\t\t\t\t<div class=\"e-con-inner\">\n\t\t\t\t<div class=\"elementor-element elementor-element-a646a89 elementor-widget elementor-widget-heading\" data-id=\"a646a89\" data-element_type=\"widget\" data-e-type=\"widget\" data-widget_type=\"heading.default\">\n\t\t\t\t<div class=\"elementor-widget-container\">\n\t\t\t\t\t<h2 class=\"elementor-heading-title elementor-size-default\">Montlle\u00f3<\/h2>\t\t\t\t<\/div>\n\t\t\t\t<\/div>\n\t\t\t\t\t<\/div>\n\t\t\t\t<\/div>\n\t\t<div class=\"elementor-element elementor-element-573b06c0 e-flex e-con-boxed e-con e-parent\" data-id=\"573b06c0\" data-element_type=\"container\" data-e-type=\"container\">\n\t\t\t\t\t<div class=\"e-con-inner\">\n\t\t<div class=\"elementor-element elementor-element-62b9a371 e-con-full e-flex e-con e-child\" data-id=\"62b9a371\" data-element_type=\"container\" data-e-type=\"container\">\n\t\t\t\t<div class=\"elementor-element elementor-element-26244f48 elementor-widget elementor-widget-image\" data-id=\"26244f48\" data-element_type=\"widget\" data-e-type=\"widget\" data-widget_type=\"image.default\">\n\t\t\t\t<div class=\"elementor-widget-container\">\n\t\t\t\t\t\t\t\t\t\t\t\t\t\t\t\t<a href=\"https:\/\/www.ub.edu\/serp\/web\/wp-content\/uploads\/Montlleo_1-1.jpg\" data-elementor-open-lightbox=\"yes\" data-elementor-lightbox-title=\"Montlleo_1-(1)\" data-e-action-hash=\"#elementor-action%3Aaction%3Dlightbox%26settings%3DeyJpZCI6NTc1NSwidXJsIjoiaHR0cHM6XC9cL3d3dy51Yi5lZHVcL3NlcnBcL3dlYlwvd3AtY29udGVudFwvdXBsb2Fkc1wvTW9udGxsZW9fMS0xLmpwZyJ9\">\n\t\t\t\t\t\t\t<img fetchpriority=\"high\" decoding=\"async\" width=\"1024\" height=\"708\" src=\"https:\/\/www.ub.edu\/serp\/web\/wp-content\/uploads\/Montlleo_1-1-1024x708.jpg\" class=\"attachment-large size-large wp-image-5755\" alt=\"\" srcset=\"https:\/\/www.ub.edu\/serp\/web\/wp-content\/uploads\/Montlleo_1-1-1024x708.jpg 1024w, https:\/\/www.ub.edu\/serp\/web\/wp-content\/uploads\/Montlleo_1-1-300x208.jpg 300w, https:\/\/www.ub.edu\/serp\/web\/wp-content\/uploads\/Montlleo_1-1-768x531.jpg 768w, https:\/\/www.ub.edu\/serp\/web\/wp-content\/uploads\/Montlleo_1-1.jpg 1200w\" sizes=\"(max-width: 1024px) 100vw, 1024px\" \/>\t\t\t\t\t\t\t\t<\/a>\n\t\t\t\t\t\t\t\t\t\t\t\t\t\t\t<\/div>\n\t\t\t\t<\/div>\n\t\t\t\t<div class=\"elementor-element elementor-element-3e94b2bb elementor-widget elementor-widget-text-editor\" data-id=\"3e94b2bb\" data-element_type=\"widget\" data-e-type=\"widget\" data-widget_type=\"text-editor.default\">\n\t\t\t\t<div class=\"elementor-widget-container\">\n\t\t\t\t\t\t\t\t\t<p><strong>Terme municipal:<\/strong> Prats i Sansor, Cerdanya, Lleida<\/p><p><strong>Direcci\u00f3:<\/strong> Xavier Mangado, Marta S\u00e1nchez de la Torre, Cynthia Gonz\u00e1lez<\/p><p><strong>Cronologia cultural:<\/strong> magdaleni\u00e0, badeguli\u00e0, solutri\u00e0 superior<\/p>\t\t\t\t\t\t\t\t<\/div>\n\t\t\t\t<\/div>\n\t\t\t\t<div class=\"elementor-element elementor-element-72d4bba4 elementor-widget elementor-widget-image-gallery\" data-id=\"72d4bba4\" data-element_type=\"widget\" data-e-type=\"widget\" data-widget_type=\"image-gallery.default\">\n\t\t\t\t<div class=\"elementor-widget-container\">\n\t\t\t\t\t\t\t<div class=\"elementor-image-gallery\">\n\t\t\t<div id='gallery-1' class='gallery galleryid-5748 gallery-columns-3 gallery-size-thumbnail'><figure class='gallery-item'>\n\t\t\t<div class='gallery-icon landscape'>\n\t\t\t\t<a data-elementor-open-lightbox=\"yes\" data-elementor-lightbox-slideshow=\"72d4bba4\" data-elementor-lightbox-title=\"Colomera-001\" data-e-action-hash=\"#elementor-action%3Aaction%3Dlightbox%26settings%3DeyJpZCI6NTc1NywidXJsIjoiaHR0cHM6XC9cL3d3dy51Yi5lZHVcL3NlcnBcL3dlYlwvd3AtY29udGVudFwvdXBsb2Fkc1wvQ29sb21lcmEtMDAxLTEuanBnIiwic2xpZGVzaG93IjoiNzJkNGJiYTQifQ%3D%3D\" href='https:\/\/www.ub.edu\/serp\/web\/wp-content\/uploads\/Colomera-001-1.jpg'><img decoding=\"async\" width=\"150\" height=\"150\" src=\"https:\/\/www.ub.edu\/serp\/web\/wp-content\/uploads\/Colomera-001-1-150x150.jpg\" class=\"attachment-thumbnail size-thumbnail\" alt=\"\" \/><\/a>\n\t\t\t<\/div><\/figure><figure class='gallery-item'>\n\t\t\t<div class='gallery-icon landscape'>\n\t\t\t\t<a data-elementor-open-lightbox=\"yes\" data-elementor-lightbox-slideshow=\"72d4bba4\" data-elementor-lightbox-title=\"Montlleo_2\" data-e-action-hash=\"#elementor-action%3Aaction%3Dlightbox%26settings%3DeyJpZCI6NTc1NiwidXJsIjoiaHR0cHM6XC9cL3d3dy51Yi5lZHVcL3NlcnBcL3dlYlwvd3AtY29udGVudFwvdXBsb2Fkc1wvTW9udGxsZW9fMi0xLmpwZyIsInNsaWRlc2hvdyI6IjcyZDRiYmE0In0%3D\" href='https:\/\/www.ub.edu\/serp\/web\/wp-content\/uploads\/Montlleo_2-1.jpg'><img decoding=\"async\" width=\"150\" height=\"150\" src=\"https:\/\/www.ub.edu\/serp\/web\/wp-content\/uploads\/Montlleo_2-1-150x150.jpg\" class=\"attachment-thumbnail size-thumbnail\" alt=\"\" \/><\/a>\n\t\t\t<\/div><\/figure>\n\t\t<\/div>\n\t\t<\/div>\n\t\t\t\t\t\t<\/div>\n\t\t\t\t<\/div>\n\t\t\t\t<\/div>\n\t\t<div class=\"elementor-element elementor-element-26ef3c8f e-con-full e-flex e-con e-child\" data-id=\"26ef3c8f\" data-element_type=\"container\" data-e-type=\"container\">\n\t\t\t\t<div class=\"elementor-element elementor-element-173b133e elementor-widget elementor-widget-text-editor\" data-id=\"173b133e\" data-element_type=\"widget\" data-e-type=\"widget\" data-widget_type=\"text-editor.default\">\n\t\t\t\t<div class=\"elementor-widget-container\">\n\t\t\t\t\t\t\t\t\t<p>El jaciment a l\u2019aire lliure de Montlle\u00f3, a m\u00e9s de trobar-se en un punt clau per a travessar els Pirineus en la vessant oriental, se situa en un indret estrat\u00e8gic per al control de la fauna. El jaciment fou descobert a finals de la d\u00e8cada de 1990 pel Sr. Jordi Grimao, col\u00b7laborador del SERP, i el SERP hi realitza campanyes d\u2019excavaci\u00f3 anuals des de l\u2019any 2000. Les darreres campanyes han posat de manifest l\u2019exist\u00e8ncia d\u2019una llarga seq\u00fc\u00e8ncia d\u2019ocupaci\u00f3 de m\u00e9s de 5000 anys per al menys tres grups culturals diferents. El jaciment fou inicialment freq\u00fcentat per grups de ca\u00e7adors-recol\u00b7lectors del solutri\u00e0 superior en els moments m\u00e9s freds de la darrera glaciaci\u00f3, fa aproximadament 23000 cal BP. Posteriorment, fa entre 22000 i 21000 cal BP, freq\u00fcentaren l\u2019indret grups culturals del badeguli\u00e0, i finalment s\u2019hi assentaren ca\u00e7adors-recol\u00b7lectors del magdaleni\u00e0 inicial, fa uns 19000 \u2013 18000 cal BP.<\/p>\t\t\t\t\t\t\t\t<\/div>\n\t\t\t\t<\/div>\n\t\t\t\t<\/div>\n\t\t\t\t\t<\/div>\n\t\t\t\t<\/div>\n\t\t\t\t<\/div>\n\t\t","protected":false},"excerpt":{"rendered":"<p>Montlle\u00f3 Terme municipal: Prats i Sansor, Cerdanya, Lleida Direcci\u00f3: Xavier Mangado, Marta S\u00e1nchez de la Torre, Cynthia Gonz\u00e1lez Cronologia cultural: magdaleni\u00e0, badeguli\u00e0, solutri\u00e0 superior El jaciment a l\u2019aire lliure de [&hellip;]<\/p>\n","protected":false},"author":3,"featured_media":0,"parent":0,"menu_order":0,"comment_status":"closed","ping_status":"closed","template":"","meta":{"site-sidebar-layout":"no-sidebar","site-content-layout":"page-builder","ast-site-content-layout":"full-width-container","site-content-style":"default","site-sidebar-style":"default","ast-global-header-display":"","ast-banner-title-visibility":"","ast-main-header-display":"","ast-hfb-above-header-display":"","ast-hfb-below-header-display":"","ast-hfb-mobile-header-display":"","site-post-title":"disabled","ast-breadcrumbs-content":"","ast-featured-img":"disabled","footer-sml-layout":"","ast-disable-related-posts":"","theme-transparent-header-meta":"","adv-header-id-meta":"","stick-header-meta":"","header-above-stick-meta":"","header-main-stick-meta":"","header-below-stick-meta":"","astra-migrate-meta-layouts":"set","ast-page-background-enabled":"default","ast-page-background-meta":{"desktop":{"background-color":"var(--ast-global-color-4)","background-image":"","background-repeat":"repeat","background-position":"center center","background-size":"auto","background-attachment":"scroll","background-type":"","background-media":"","overlay-type":"","overlay-color":"","overlay-opacity":"","overlay-gradient":""},"tablet":{"background-color":"","background-image":"","background-repeat":"repeat","background-position":"center center","background-size":"auto","background-attachment":"scroll","background-type":"","background-media":"","overlay-type":"","overlay-color":"","overlay-opacity":"","overlay-gradient":""},"mobile":{"background-color":"","background-image":"","background-repeat":"repeat","background-position":"center center","background-size":"auto","background-attachment":"scroll","background-type":"","background-media":"","overlay-type":"","overlay-color":"","overlay-opacity":"","overlay-gradient":""}},"ast-content-background-meta":{"desktop":{"background-color":"var(--ast-global-color-5)","background-image":"","background-repeat":"repeat","background-position":"center center","background-size":"auto","background-attachment":"scroll","background-type":"","background-media":"","overlay-type":"","overlay-color":"","overlay-opacity":"","overlay-gradient":""},"tablet":{"background-color":"var(--ast-global-color-5)","background-image":"","background-repeat":"repeat","background-position":"center center","background-size":"auto","background-attachment":"scroll","background-type":"","background-media":"","overlay-type":"","overlay-color":"","overlay-opacity":"","overlay-gradient":""},"mobile":{"background-color":"var(--ast-global-color-5)","background-image":"","background-repeat":"repeat","background-position":"center center","background-size":"auto","background-attachment":"scroll","background-type":"","background-media":"","overlay-type":"","overlay-color":"","overlay-opacity":"","overlay-gradient":""}},"footnotes":""},"class_list":["post-5748","page","type-page","status-publish","hentry"],"yoast_head":"<!-- This site is optimized with the Yoast SEO plugin v27.0 - https:\/\/yoast.com\/product\/yoast-seo-wordpress\/ -->\n<title>Montlle\u00f3 - Grup de Recerca SERP<\/title>\n<meta name=\"robots\" content=\"index, follow, max-snippet:-1, max-image-preview:large, max-video-preview:-1\" \/>\n<link rel=\"canonical\" href=\"https:\/\/www.ub.edu\/serp\/web\/montlleo\/\" \/>\n<meta property=\"og:locale\" content=\"ca_ES\" \/>\n<meta property=\"og:type\" content=\"article\" \/>\n<meta property=\"og:title\" content=\"Montlle\u00f3 - Grup de Recerca SERP\" \/>\n<meta property=\"og:description\" content=\"Montlle\u00f3 Terme municipal: Prats i Sansor, Cerdanya, Lleida Direcci\u00f3: Xavier Mangado, Marta S\u00e1nchez de la Torre, Cynthia Gonz\u00e1lez Cronologia cultural: magdaleni\u00e0, badeguli\u00e0, solutri\u00e0 superior El jaciment a l\u2019aire lliure de [&hellip;]\" \/>\n<meta property=\"og:url\" content=\"https:\/\/www.ub.edu\/serp\/web\/montlleo\/\" \/>\n<meta property=\"og:site_name\" content=\"Grup de Recerca SERP\" \/>\n<meta property=\"article:modified_time\" content=\"2024-10-17T18:14:34+00:00\" \/>\n<meta property=\"og:image\" content=\"https:\/\/www.ub.edu\/serp\/web\/wp-content\/uploads\/Montlleo_1-1-1024x708.jpg\" \/>\n<meta name=\"twitter:card\" content=\"summary_large_image\" \/>\n<meta name=\"twitter:label1\" content=\"Temps estimat de lectura\" \/>\n\t<meta name=\"twitter:data1\" content=\"1 minut\" \/>\n<script type=\"application\/ld+json\" class=\"yoast-schema-graph\">{\"@context\":\"https:\/\/schema.org\",\"@graph\":[{\"@type\":\"WebPage\",\"@id\":\"https:\/\/www.ub.edu\/serp\/web\/montlleo\/\",\"url\":\"https:\/\/www.ub.edu\/serp\/web\/montlleo\/\",\"name\":\"Montlle\u00f3 - Grup de Recerca SERP\",\"isPartOf\":{\"@id\":\"https:\/\/www.ub.edu\/serp\/web\/#website\"},\"primaryImageOfPage\":{\"@id\":\"https:\/\/www.ub.edu\/serp\/web\/montlleo\/#primaryimage\"},\"image\":{\"@id\":\"https:\/\/www.ub.edu\/serp\/web\/montlleo\/#primaryimage\"},\"thumbnailUrl\":\"https:\/\/www.ub.edu\/serp\/web\/wp-content\/uploads\/Montlleo_1-1-1024x708.jpg\",\"datePublished\":\"2024-10-17T18:09:50+00:00\",\"dateModified\":\"2024-10-17T18:14:34+00:00\",\"breadcrumb\":{\"@id\":\"https:\/\/www.ub.edu\/serp\/web\/montlleo\/#breadcrumb\"},\"inLanguage\":\"ca\",\"potentialAction\":[{\"@type\":\"ReadAction\",\"target\":[\"https:\/\/www.ub.edu\/serp\/web\/montlleo\/\"]}]},{\"@type\":\"ImageObject\",\"inLanguage\":\"ca\",\"@id\":\"https:\/\/www.ub.edu\/serp\/web\/montlleo\/#primaryimage\",\"url\":\"https:\/\/www.ub.edu\/serp\/web\/wp-content\/uploads\/Montlleo_1-1.jpg\",\"contentUrl\":\"https:\/\/www.ub.edu\/serp\/web\/wp-content\/uploads\/Montlleo_1-1.jpg\",\"width\":1200,\"height\":830},{\"@type\":\"BreadcrumbList\",\"@id\":\"https:\/\/www.ub.edu\/serp\/web\/montlleo\/#breadcrumb\",\"itemListElement\":[{\"@type\":\"ListItem\",\"position\":1,\"name\":\"Inici\",\"item\":\"https:\/\/www.ub.edu\/serp\/web\/\"},{\"@type\":\"ListItem\",\"position\":2,\"name\":\"Montlle\u00f3\"}]},{\"@type\":\"WebSite\",\"@id\":\"https:\/\/www.ub.edu\/serp\/web\/#website\",\"url\":\"https:\/\/www.ub.edu\/serp\/web\/\",\"name\":\"Grup de Recerca SERP\",\"description\":\"\",\"publisher\":{\"@id\":\"https:\/\/www.ub.edu\/serp\/web\/#organization\"},\"potentialAction\":[{\"@type\":\"SearchAction\",\"target\":{\"@type\":\"EntryPoint\",\"urlTemplate\":\"https:\/\/www.ub.edu\/serp\/web\/?s={search_term_string}\"},\"query-input\":{\"@type\":\"PropertyValueSpecification\",\"valueRequired\":true,\"valueName\":\"search_term_string\"}}],\"inLanguage\":\"ca\"},{\"@type\":\"Organization\",\"@id\":\"https:\/\/www.ub.edu\/serp\/web\/#organization\",\"name\":\"Grup de Recerca SERP\",\"url\":\"https:\/\/www.ub.edu\/serp\/web\/\",\"logo\":{\"@type\":\"ImageObject\",\"inLanguage\":\"ca\",\"@id\":\"https:\/\/www.ub.edu\/serp\/web\/#\/schema\/logo\/image\/\",\"url\":\"https:\/\/www.ub.edu\/serp\/web\/wp-content\/uploads\/2024\/01\/cropped-cropped-cropped-logo_web_serp_2019-1.png\",\"contentUrl\":\"https:\/\/www.ub.edu\/serp\/web\/wp-content\/uploads\/2024\/01\/cropped-cropped-cropped-logo_web_serp_2019-1.png\",\"width\":310,\"height\":184,\"caption\":\"Grup de Recerca SERP\"},\"image\":{\"@id\":\"https:\/\/www.ub.edu\/serp\/web\/#\/schema\/logo\/image\/\"}}]}<\/script>\n<!-- \/ Yoast SEO plugin. -->","yoast_head_json":{"title":"Montlle\u00f3 - Grup de Recerca SERP","robots":{"index":"index","follow":"follow","max-snippet":"max-snippet:-1","max-image-preview":"max-image-preview:large","max-video-preview":"max-video-preview:-1"},"canonical":"https:\/\/www.ub.edu\/serp\/web\/montlleo\/","og_locale":"ca_ES","og_type":"article","og_title":"Montlle\u00f3 - Grup de Recerca SERP","og_description":"Montlle\u00f3 Terme municipal: Prats i Sansor, Cerdanya, Lleida Direcci\u00f3: Xavier Mangado, Marta S\u00e1nchez de la Torre, Cynthia Gonz\u00e1lez Cronologia cultural: magdaleni\u00e0, badeguli\u00e0, solutri\u00e0 superior El jaciment a l\u2019aire lliure de [&hellip;]","og_url":"https:\/\/www.ub.edu\/serp\/web\/montlleo\/","og_site_name":"Grup de Recerca SERP","article_modified_time":"2024-10-17T18:14:34+00:00","og_image":[{"url":"https:\/\/www.ub.edu\/serp\/web\/wp-content\/uploads\/Montlleo_1-1-1024x708.jpg","type":"","width":"","height":""}],"twitter_card":"summary_large_image","twitter_misc":{"Temps estimat de lectura":"1 minut"},"schema":{"@context":"https:\/\/schema.org","@graph":[{"@type":"WebPage","@id":"https:\/\/www.ub.edu\/serp\/web\/montlleo\/","url":"https:\/\/www.ub.edu\/serp\/web\/montlleo\/","name":"Montlle\u00f3 - Grup de Recerca SERP","isPartOf":{"@id":"https:\/\/www.ub.edu\/serp\/web\/#website"},"primaryImageOfPage":{"@id":"https:\/\/www.ub.edu\/serp\/web\/montlleo\/#primaryimage"},"image":{"@id":"https:\/\/www.ub.edu\/serp\/web\/montlleo\/#primaryimage"},"thumbnailUrl":"https:\/\/www.ub.edu\/serp\/web\/wp-content\/uploads\/Montlleo_1-1-1024x708.jpg","datePublished":"2024-10-17T18:09:50+00:00","dateModified":"2024-10-17T18:14:34+00:00","breadcrumb":{"@id":"https:\/\/www.ub.edu\/serp\/web\/montlleo\/#breadcrumb"},"inLanguage":"ca","potentialAction":[{"@type":"ReadAction","target":["https:\/\/www.ub.edu\/serp\/web\/montlleo\/"]}]},{"@type":"ImageObject","inLanguage":"ca","@id":"https:\/\/www.ub.edu\/serp\/web\/montlleo\/#primaryimage","url":"https:\/\/www.ub.edu\/serp\/web\/wp-content\/uploads\/Montlleo_1-1.jpg","contentUrl":"https:\/\/www.ub.edu\/serp\/web\/wp-content\/uploads\/Montlleo_1-1.jpg","width":1200,"height":830},{"@type":"BreadcrumbList","@id":"https:\/\/www.ub.edu\/serp\/web\/montlleo\/#breadcrumb","itemListElement":[{"@type":"ListItem","position":1,"name":"Inici","item":"https:\/\/www.ub.edu\/serp\/web\/"},{"@type":"ListItem","position":2,"name":"Montlle\u00f3"}]},{"@type":"WebSite","@id":"https:\/\/www.ub.edu\/serp\/web\/#website","url":"https:\/\/www.ub.edu\/serp\/web\/","name":"Grup de Recerca SERP","description":"","publisher":{"@id":"https:\/\/www.ub.edu\/serp\/web\/#organization"},"potentialAction":[{"@type":"SearchAction","target":{"@type":"EntryPoint","urlTemplate":"https:\/\/www.ub.edu\/serp\/web\/?s={search_term_string}"},"query-input":{"@type":"PropertyValueSpecification","valueRequired":true,"valueName":"search_term_string"}}],"inLanguage":"ca"},{"@type":"Organization","@id":"https:\/\/www.ub.edu\/serp\/web\/#organization","name":"Grup de Recerca SERP","url":"https:\/\/www.ub.edu\/serp\/web\/","logo":{"@type":"ImageObject","inLanguage":"ca","@id":"https:\/\/www.ub.edu\/serp\/web\/#\/schema\/logo\/image\/","url":"https:\/\/www.ub.edu\/serp\/web\/wp-content\/uploads\/2024\/01\/cropped-cropped-cropped-logo_web_serp_2019-1.png","contentUrl":"https:\/\/www.ub.edu\/serp\/web\/wp-content\/uploads\/2024\/01\/cropped-cropped-cropped-logo_web_serp_2019-1.png","width":310,"height":184,"caption":"Grup de Recerca SERP"},"image":{"@id":"https:\/\/www.ub.edu\/serp\/web\/#\/schema\/logo\/image\/"}}]}},"_links":{"self":[{"href":"https:\/\/www.ub.edu\/serp\/web\/wp-json\/wp\/v2\/pages\/5748","targetHints":{"allow":["GET"]}}],"collection":[{"href":"https:\/\/www.ub.edu\/serp\/web\/wp-json\/wp\/v2\/pages"}],"about":[{"href":"https:\/\/www.ub.edu\/serp\/web\/wp-json\/wp\/v2\/types\/page"}],"author":[{"embeddable":true,"href":"https:\/\/www.ub.edu\/serp\/web\/wp-json\/wp\/v2\/users\/3"}],"replies":[{"embeddable":true,"href":"https:\/\/www.ub.edu\/serp\/web\/wp-json\/wp\/v2\/comments?post=5748"}],"version-history":[{"count":7,"href":"https:\/\/www.ub.edu\/serp\/web\/wp-json\/wp\/v2\/pages\/5748\/revisions"}],"predecessor-version":[{"id":5760,"href":"https:\/\/www.ub.edu\/serp\/web\/wp-json\/wp\/v2\/pages\/5748\/revisions\/5760"}],"wp:attachment":[{"href":"https:\/\/www.ub.edu\/serp\/web\/wp-json\/wp\/v2\/media?parent=5748"}],"curies":[{"name":"wp","href":"https:\/\/api.w.org\/{rel}","templated":true}]}}