{"id":13,"date":"2024-04-17T17:30:51","date_gmt":"2024-04-17T15:30:51","guid":{"rendered":"https:\/\/www.ub.edu\/sipr-comp\/?page_id=13"},"modified":"2025-04-10T17:10:33","modified_gmt":"2025-04-10T15:10:33","slug":"equipo","status":"publish","type":"page","link":"https:\/\/www.ub.edu\/sipr-comp\/equipo\/","title":{"rendered":"Equipo"},"content":{"rendered":"\n<div class=\"wp-block-columns is-layout-flex wp-container-core-columns-is-layout-28f84493 wp-block-columns-is-layout-flex\">\n<div class=\"wp-block-column is-layout-flow wp-block-column-is-layout-flow\">\n<p class=\"has-text-align-center has-base-color has-text-color has-link-color has-medium-font-size wp-elements-e4d3a38559707b5409bbdd8565e0a86d\" style=\"padding-top:var(--wp--preset--spacing--10);padding-bottom:var(--wp--preset--spacing--10)\"><\/p>\n\n\n\n<div class=\"wp-block-columns is-layout-flex wp-container-core-columns-is-layout-28f84493 wp-block-columns-is-layout-flex\">\n<div class=\"wp-block-column is-layout-flow wp-block-column-is-layout-flow\" style=\"flex-basis:66.66%\">\n<p class=\"has-base-color has-text-color has-link-color wp-elements-16d1ed312b09a7fcb25c4172137cc548\" style=\"font-size:clamp(0.984rem, 0.984rem + ((1vw - 0.2rem) * 0.86), 1.5rem);\"><strong><a href=\"https:\/\/webgrec.ub.edu\/webpages\/000002\/cas\/sgomezt.ub.edu.html\">Dra. S\u00edlvia G\u00f3mez Trinidad<\/a><\/strong><\/p>\n\n\n\n<p><strong>Investigadora principal<\/strong><\/p>\n\n\n\n<p>Profesora agregada de Derecho Mercantil<\/p>\n\n\n\n<p>Vocal del Tribunal Catal\u00e0 de Defensa de la Compet\u00e8ncia (TCDC, Autoritat Catalana de Defensa de la Compet\u00e8ncia, ACCO)<\/p>\n<\/div>\n\n\n\n<div class=\"wp-block-column is-layout-flow wp-block-column-is-layout-flow\" style=\"flex-basis:33.33%\">\n<figure class=\"wp-block-image size-full\"><img loading=\"lazy\" decoding=\"async\" width=\"1707\" height=\"2560\" src=\"https:\/\/www.ub.edu\/sipr-comp\/wp-content\/uploads\/2025\/02\/Foto-Silvia-5-scaled.jpg\" alt=\"\" class=\"wp-image-252\" srcset=\"https:\/\/www.ub.edu\/sipr-comp\/wp-content\/uploads\/2025\/02\/Foto-Silvia-5-scaled.jpg 1707w, https:\/\/www.ub.edu\/sipr-comp\/wp-content\/uploads\/2025\/02\/Foto-Silvia-5-200x300.jpg 200w, https:\/\/www.ub.edu\/sipr-comp\/wp-content\/uploads\/2025\/02\/Foto-Silvia-5-683x1024.jpg 683w, https:\/\/www.ub.edu\/sipr-comp\/wp-content\/uploads\/2025\/02\/Foto-Silvia-5-768x1152.jpg 768w, https:\/\/www.ub.edu\/sipr-comp\/wp-content\/uploads\/2025\/02\/Foto-Silvia-5-1024x1536.jpg 1024w, https:\/\/www.ub.edu\/sipr-comp\/wp-content\/uploads\/2025\/02\/Foto-Silvia-5-1365x2048.jpg 1365w\" sizes=\"auto, (max-width: 1707px) 100vw, 1707px\" \/><\/figure>\n<\/div>\n<\/div>\n<\/div>\n<\/div>\n\n\n\n<p class=\"has-base-color has-text-color has-link-color has-large-font-size wp-elements-35ee6d4ddb3fe834428f69e821492235\" style=\"padding-top:var(--wp--preset--spacing--20);padding-bottom:var(--wp--preset--spacing--20)\"><\/p>\n\n\n\n<hr class=\"wp-block-separator has-alpha-channel-opacity\"\/>\n\n\n\n<p class=\"has-base-color has-text-color has-link-color has-large-font-size wp-elements-1b0b077a56d41b2d39ed673e3dac8081\" style=\"padding-top:0;padding-bottom:0\"><\/p>\n\n\n\n<div class=\"wp-block-columns is-layout-flex wp-container-core-columns-is-layout-28f84493 wp-block-columns-is-layout-flex\">\n<div class=\"wp-block-column is-layout-flow wp-block-column-is-layout-flow\">\n<p class=\"has-text-align-center has-heading-font-family has-large-font-size\" style=\"padding-top:var(--wp--preset--spacing--10);padding-right:0;padding-bottom:var(--wp--preset--spacing--10);padding-left:0\"><strong>Equipo de trabajo<\/strong><\/p>\n\n\n\n<div class=\"wp-block-columns is-layout-flex wp-container-core-columns-is-layout-28f84493 wp-block-columns-is-layout-flex\">\n<div class=\"wp-block-column is-layout-flow wp-block-column-is-layout-flow\" style=\"flex-basis:33.33%\">\n<figure class=\"wp-block-image size-full\"><img loading=\"lazy\" decoding=\"async\" width=\"300\" height=\"206\" src=\"https:\/\/www.ub.edu\/sipr-comp\/wp-content\/uploads\/2024\/04\/Foto_Cristina_Roy_Perez.jpg\" alt=\"\" class=\"wp-image-16\"\/><\/figure>\n<\/div>\n\n\n\n<div class=\"wp-block-column is-layout-flow wp-block-column-is-layout-flow\" style=\"flex-basis:66.66%\">\n<p class=\"has-base-color has-text-color has-link-color has-medium-font-size wp-elements-f2e76f06350d7be6d53b5586cfa32c17\" style=\"padding-top:0;padding-bottom:0\"><strong><a href=\"https:\/\/webgrec.ub.edu\/webpages\/000002\/cat\/croy.ub.edu.html\">Dra. Cristina Roy P\u00e9rez<\/a><\/strong><\/p>\n\n\n\n<p>Profesora agregada de Derecho Mercantil<\/p>\n<\/div>\n<\/div>\n<\/div>\n<\/div>\n\n\n\n<div class=\"wp-block-columns is-layout-flex wp-container-core-columns-is-layout-28f84493 wp-block-columns-is-layout-flex\">\n<div class=\"wp-block-column is-layout-flow wp-block-column-is-layout-flow\">\n<div class=\"wp-block-columns is-layout-flex wp-container-core-columns-is-layout-28f84493 wp-block-columns-is-layout-flex\">\n<div class=\"wp-block-column is-layout-flow wp-block-column-is-layout-flow\" style=\"flex-basis:33.33%\">\n<figure class=\"wp-block-image aligncenter size-full is-resized\"><img loading=\"lazy\" decoding=\"async\" width=\"800\" height=\"800\" src=\"https:\/\/www.ub.edu\/sipr-comp\/wp-content\/uploads\/2024\/10\/1690461151209.jpeg\" alt=\"\" class=\"wp-image-240\" style=\"width:195px;height:auto\" srcset=\"https:\/\/www.ub.edu\/sipr-comp\/wp-content\/uploads\/2024\/10\/1690461151209.jpeg 800w, https:\/\/www.ub.edu\/sipr-comp\/wp-content\/uploads\/2024\/10\/1690461151209-300x300.jpeg 300w, https:\/\/www.ub.edu\/sipr-comp\/wp-content\/uploads\/2024\/10\/1690461151209-150x150.jpeg 150w, https:\/\/www.ub.edu\/sipr-comp\/wp-content\/uploads\/2024\/10\/1690461151209-768x768.jpeg 768w\" sizes=\"auto, (max-width: 800px) 100vw, 800px\" \/><\/figure>\n<\/div>\n\n\n\n<div class=\"wp-block-column is-layout-flow wp-block-column-is-layout-flow\" style=\"flex-basis:66.66%\">\n<p class=\"has-base-color has-text-color has-link-color has-medium-font-size wp-elements-f30bdba2bb9418114b75a3b5d6b0d523\" style=\"padding-top:0;padding-bottom:0\"><strong><a href=\"https:\/\/webgrec.ub.edu\/webpages\/000002\/cas\/rm.garciateruel.ub.edu.html\">Dra. Rosa M. Garcia Teruel<\/a><\/strong><\/p>\n\n\n\n<p>Profesora lectora de Derecho Civil<\/p>\n<\/div>\n<\/div>\n<\/div>\n<\/div>\n\n\n\n<div class=\"wp-block-columns is-layout-flex wp-container-core-columns-is-layout-28f84493 wp-block-columns-is-layout-flex\">\n<div class=\"wp-block-column is-layout-flow wp-block-column-is-layout-flow\">\n<div class=\"wp-block-columns is-layout-flex wp-container-core-columns-is-layout-28f84493 wp-block-columns-is-layout-flex\">\n<div class=\"wp-block-column is-layout-flow wp-block-column-is-layout-flow\" style=\"flex-basis:33.33%\">\n<figure class=\"wp-block-image size-full\"><img loading=\"lazy\" decoding=\"async\" width=\"2560\" height=\"1707\" src=\"https:\/\/www.ub.edu\/sipr-comp\/wp-content\/uploads\/2024\/05\/MG_7219-scaled.jpg\" alt=\"\" class=\"wp-image-158\" srcset=\"https:\/\/www.ub.edu\/sipr-comp\/wp-content\/uploads\/2024\/05\/MG_7219-scaled.jpg 2560w, https:\/\/www.ub.edu\/sipr-comp\/wp-content\/uploads\/2024\/05\/MG_7219-300x200.jpg 300w, https:\/\/www.ub.edu\/sipr-comp\/wp-content\/uploads\/2024\/05\/MG_7219-1024x683.jpg 1024w, https:\/\/www.ub.edu\/sipr-comp\/wp-content\/uploads\/2024\/05\/MG_7219-768x512.jpg 768w, https:\/\/www.ub.edu\/sipr-comp\/wp-content\/uploads\/2024\/05\/MG_7219-1536x1024.jpg 1536w, https:\/\/www.ub.edu\/sipr-comp\/wp-content\/uploads\/2024\/05\/MG_7219-2048x1365.jpg 2048w\" sizes=\"auto, (max-width: 2560px) 100vw, 2560px\" \/><\/figure>\n<\/div>\n\n\n\n<div class=\"wp-block-column is-layout-flow wp-block-column-is-layout-flow\" style=\"flex-basis:66.66%\">\n<p class=\"has-text-color has-link-color has-medium-font-size wp-elements-daac9b2c10b0bcd43e263c8fddeb9784\" style=\"color:#0072ce;padding-top:0;padding-bottom:0\"><strong><a href=\"https:\/\/webgrec.ub.edu\/webpages\/000002\/cat\/tggarcia-mico.ub.edu.html\">Dr. Tom\u00e0s Gabriel Garc\u00eda-Mic\u00f3<\/a><\/strong><\/p>\n\n\n\n<p>Profesor lector de Derecho Civil<\/p>\n\n\n\n<p class=\"has-small-font-size\">Encargado del desarrollo de la p\u00e1gina web<\/p>\n<\/div>\n<\/div>\n<\/div>\n<\/div>\n","protected":false},"excerpt":{"rendered":"<p>Dra. S\u00edlvia G\u00f3mez Trinidad Investigadora principal Profesora agregada de Derecho Mercantil Vocal del Tribunal Catal\u00e0 de Defensa de la Compet\u00e8ncia (TCDC, Autoritat Catalana de Defensa de la Compet\u00e8ncia, ACCO) Equipo de trabajo Dra. Cristina Roy P\u00e9rez Profesora agregada de Derecho Mercantil Dra. Rosa M. Garcia Teruel Profesora lectora de Derecho Civil Dr. Tom\u00e0s Gabriel Garc\u00eda-Mic\u00f3 [&hellip;]<\/p>\n","protected":false},"author":1,"featured_media":0,"parent":0,"menu_order":0,"comment_status":"closed","ping_status":"closed","template":"","meta":{"footnotes":""},"class_list":["post-13","page","type-page","status-publish","hentry"],"_links":{"self":[{"href":"https:\/\/www.ub.edu\/sipr-comp\/wp-json\/wp\/v2\/pages\/13","targetHints":{"allow":["GET"]}}],"collection":[{"href":"https:\/\/www.ub.edu\/sipr-comp\/wp-json\/wp\/v2\/pages"}],"about":[{"href":"https:\/\/www.ub.edu\/sipr-comp\/wp-json\/wp\/v2\/types\/page"}],"author":[{"embeddable":true,"href":"https:\/\/www.ub.edu\/sipr-comp\/wp-json\/wp\/v2\/users\/1"}],"replies":[{"embeddable":true,"href":"https:\/\/www.ub.edu\/sipr-comp\/wp-json\/wp\/v2\/comments?post=13"}],"version-history":[{"count":26,"href":"https:\/\/www.ub.edu\/sipr-comp\/wp-json\/wp\/v2\/pages\/13\/revisions"}],"predecessor-version":[{"id":296,"href":"https:\/\/www.ub.edu\/sipr-comp\/wp-json\/wp\/v2\/pages\/13\/revisions\/296"}],"wp:attachment":[{"href":"https:\/\/www.ub.edu\/sipr-comp\/wp-json\/wp\/v2\/media?parent=13"}],"curies":[{"name":"wp","href":"https:\/\/api.w.org\/{rel}","templated":true}]}}