{"id":24,"date":"2024-04-17T17:46:27","date_gmt":"2024-04-17T15:46:27","guid":{"rendered":"https:\/\/www.ub.edu\/sipr-comp\/?page_id=24"},"modified":"2025-04-02T12:42:15","modified_gmt":"2025-04-02T10:42:15","slug":"docencia","status":"publish","type":"page","link":"https:\/\/www.ub.edu\/sipr-comp\/docencia\/","title":{"rendered":"Docencia"},"content":{"rendered":"\n<p><\/p>\n\n\n\n<p class=\"has-large-font-size\"><strong>Curso acad\u00e9mico 2024-2025<\/strong><\/p>\n\n\n\n<div class=\"wp-block-columns is-layout-flex wp-container-core-columns-is-layout-28f84493 wp-block-columns-is-layout-flex\">\n<div class=\"wp-block-column is-layout-flow wp-block-column-is-layout-flow\"><\/div>\n<\/div>\n\n\n\n<div class=\"wp-block-columns is-layout-flex wp-container-core-columns-is-layout-9c22b1e3 wp-block-columns-is-layout-flex\">\n<div class=\"wp-block-column is-layout-flow wp-block-column-is-layout-flow\" style=\"flex-basis:33.33%\">\n<figure class=\"wp-block-image size-full\"><img loading=\"lazy\" decoding=\"async\" width=\"741\" height=\"741\" src=\"https:\/\/www.ub.edu\/sipr-comp\/wp-content\/uploads\/2024\/07\/UB_logogran.jpeg\" alt=\"\" class=\"wp-image-203\" srcset=\"https:\/\/www.ub.edu\/sipr-comp\/wp-content\/uploads\/2024\/07\/UB_logogran.jpeg 741w, https:\/\/www.ub.edu\/sipr-comp\/wp-content\/uploads\/2024\/07\/UB_logogran-300x300.jpeg 300w, https:\/\/www.ub.edu\/sipr-comp\/wp-content\/uploads\/2024\/07\/UB_logogran-150x150.jpeg 150w\" sizes=\"auto, (max-width: 741px) 100vw, 741px\" \/><\/figure>\n<\/div>\n\n\n\n<div class=\"wp-block-column is-layout-flow wp-block-column-is-layout-flow\" style=\"flex-basis:66.66%\">\n<p><strong><em>M\u00e1ster en Derecho de la empresa y de los negocios<\/em><\/strong><\/p>\n\n\n\n<p class=\"has-medium-font-size\"><strong>Derecho Industrial y de la Competencia<\/strong><\/p>\n\n\n\n<p class=\"has-small-font-size\">En el curso acad\u00e9mico 2024-2025 se ha impartido la asignatura Derecho industrial y de la Competencia en el M\u00e1ster de Derecho de la empresa y de los Negocios. El objeto de la asignatura es acercar el Derecho de la Uni\u00f3n a estudiantes de M\u00e1ster en la pol\u00edticas de competencia e industrial de la Uni\u00f3n Europea.\u00a0 La Dra. S\u00edlvia G\u00f3mez ha impartido cincuenta horas de clase en un semestre que han permitido a los asistentes trabajar bloques tem\u00e1ticos como Derecho de la Competencia, la Marca de la Uni\u00f3n o el derecho europeo en materia de invenciones mediante metodolog\u00edas docentes activas como son el<em>\u00a0Project Based Learning<\/em>\u00a0(Aprendizaje por proyectos) o el\u00a0<em>Case Method<\/em>\u00a0(m\u00e9todo de caso).<\/p>\n<\/div>\n<\/div>\n\n\n\n<div class=\"wp-block-columns is-layout-flex wp-container-core-columns-is-layout-28f84493 wp-block-columns-is-layout-flex\">\n<div class=\"wp-block-column is-layout-flow wp-block-column-is-layout-flow\"><\/div>\n<\/div>\n\n\n\n<p class=\"has-large-font-size\"><strong>Curso acad\u00e9mico 2023-2024<\/strong><\/p>\n\n\n\n<div class=\"wp-block-columns is-layout-flex wp-container-core-columns-is-layout-9c22b1e3 wp-block-columns-is-layout-flex\">\n<div class=\"wp-block-column is-layout-flow wp-block-column-is-layout-flow\" style=\"flex-basis:33.33%\">\n<figure class=\"wp-block-image size-full\"><img loading=\"lazy\" decoding=\"async\" width=\"741\" height=\"741\" src=\"https:\/\/www.ub.edu\/sipr-comp\/wp-content\/uploads\/2024\/07\/UB_logogran.jpeg\" alt=\"\" class=\"wp-image-203\" srcset=\"https:\/\/www.ub.edu\/sipr-comp\/wp-content\/uploads\/2024\/07\/UB_logogran.jpeg 741w, https:\/\/www.ub.edu\/sipr-comp\/wp-content\/uploads\/2024\/07\/UB_logogran-300x300.jpeg 300w, https:\/\/www.ub.edu\/sipr-comp\/wp-content\/uploads\/2024\/07\/UB_logogran-150x150.jpeg 150w\" sizes=\"auto, (max-width: 741px) 100vw, 741px\" \/><\/figure>\n<\/div>\n\n\n\n<div class=\"wp-block-column is-layout-flow wp-block-column-is-layout-flow\" style=\"flex-basis:66.66%\">\n<p><strong><em>M\u00e1ster en Derecho de la empresa y de los negocios<\/em><\/strong><\/p>\n\n\n\n<p class=\"has-medium-font-size\"><strong>Derecho Industrial y de la Competencia<\/strong><\/p>\n\n\n\n<p class=\"has-small-font-size\">En el curso acad\u00e9mico 2023-2024 se ha impartido la asignatura Derecho industrial y de la Competencia en el M\u00e1ster de Derecho de la empresa y de los Negocios. El objeto de la asignatura es acercar el Derecho de la Uni\u00f3n a estudiantes de M\u00e1ster en la pol\u00edticas de competencia e industrial de la Uni\u00f3n Europea.&nbsp; La Dra. S\u00edlvia G\u00f3mez ha impartido cincuenta horas de clase en un semestre que han permitido a los asistentes trabajar bloques tem\u00e1ticos como Derecho de la Competencia, la Marca de la Uni\u00f3n o el derecho europeo en materia de invenciones mediante metodolog\u00edas docentes activas como son el<em>&nbsp;Project Based Learning<\/em>&nbsp;(Aprendizaje por proyectos) o el&nbsp;<em>Case Method<\/em>&nbsp;(m\u00e9todo de caso).<\/p>\n<\/div>\n<\/div>\n\n\n\n<p class=\"has-medium-font-size\"><\/p>\n\n\n\n<p class=\"has-small-font-size\"><\/p>\n\n\n\n<p><\/p>\n","protected":false},"excerpt":{"rendered":"<p>Curso acad\u00e9mico 2024-2025 M\u00e1ster en Derecho de la empresa y de los negocios Derecho Industrial y de la Competencia En el curso acad\u00e9mico 2024-2025 se ha impartido la asignatura Derecho industrial y de la Competencia en el M\u00e1ster de Derecho de la empresa y de los Negocios. El objeto de la asignatura es acercar el [&hellip;]<\/p>\n","protected":false},"author":1,"featured_media":0,"parent":0,"menu_order":0,"comment_status":"closed","ping_status":"closed","template":"","meta":{"footnotes":""},"class_list":["post-24","page","type-page","status-publish","hentry"],"_links":{"self":[{"href":"https:\/\/www.ub.edu\/sipr-comp\/wp-json\/wp\/v2\/pages\/24","targetHints":{"allow":["GET"]}}],"collection":[{"href":"https:\/\/www.ub.edu\/sipr-comp\/wp-json\/wp\/v2\/pages"}],"about":[{"href":"https:\/\/www.ub.edu\/sipr-comp\/wp-json\/wp\/v2\/types\/page"}],"author":[{"embeddable":true,"href":"https:\/\/www.ub.edu\/sipr-comp\/wp-json\/wp\/v2\/users\/1"}],"replies":[{"embeddable":true,"href":"https:\/\/www.ub.edu\/sipr-comp\/wp-json\/wp\/v2\/comments?post=24"}],"version-history":[{"count":8,"href":"https:\/\/www.ub.edu\/sipr-comp\/wp-json\/wp\/v2\/pages\/24\/revisions"}],"predecessor-version":[{"id":294,"href":"https:\/\/www.ub.edu\/sipr-comp\/wp-json\/wp\/v2\/pages\/24\/revisions\/294"}],"wp:attachment":[{"href":"https:\/\/www.ub.edu\/sipr-comp\/wp-json\/wp\/v2\/media?parent=24"}],"curies":[{"name":"wp","href":"https:\/\/api.w.org\/{rel}","templated":true}]}}