{"id":30,"date":"2024-04-17T17:47:05","date_gmt":"2024-04-17T15:47:05","guid":{"rendered":"https:\/\/www.ub.edu\/sipr-comp\/?page_id=30"},"modified":"2026-03-23T18:01:42","modified_gmt":"2026-03-23T16:01:42","slug":"publicaciones","status":"publish","type":"page","link":"https:\/\/www.ub.edu\/sipr-comp\/publicaciones\/","title":{"rendered":"Publicaciones"},"content":{"rendered":"\n<p class=\"has-large-font-size\"><strong>1. Art\u00edculos de revista<\/strong><\/p>\n\n\n\n<div class=\"wp-block-columns is-layout-flex wp-container-core-columns-is-layout-28f84493 wp-block-columns-is-layout-flex\">\n<div class=\"wp-block-column is-layout-flow wp-block-column-is-layout-flow\" style=\"flex-basis:33.33%\">\n<figure class=\"wp-block-image alignright size-large\"><img loading=\"lazy\" decoding=\"async\" width=\"778\" height=\"1024\" src=\"https:\/\/www.ub.edu\/sipr-comp\/wp-content\/uploads\/2025\/01\/0022907_derecho-de-la-competencia-y-de-la-distribucion-778x1024.jpeg\" alt=\"\" class=\"wp-image-246\"\/><\/figure>\n<\/div>\n\n\n\n<div class=\"wp-block-column is-layout-flow wp-block-column-is-layout-flow\" style=\"flex-basis:66.66%\">\n<p><strong>Los l\u00edmites en la aplicaci\u00f3n del criterio de la unidad econ\u00f3mica en los \u00faltimos pronunciamientos del TJUE<\/strong><\/p>\n\n\n\n<p class=\"has-small-font-size\">Por S\u00edlvia G\u00f3mez Trinidad<\/p>\n\n\n\n<p class=\"has-small-font-size\"><strong>Cita recomendada<\/strong>: G\u00f3mez Trinidad, S\u00edlvia. (2024). Los l\u00edmites en la aplicaci\u00f3n del criterio de la unidad econ\u00f3mica en los \u00faltimos pronunciamientos del TJUE.&nbsp;<em>Revista de Derecho de la Competencia y la Distribuci\u00f3n<\/em>, n\u00fam. 35.&nbsp;<\/p>\n<\/div>\n<\/div>\n\n\n\n<hr class=\"wp-block-separator has-alpha-channel-opacity\"\/>\n\n\n\n<div class=\"wp-block-columns is-layout-flex wp-container-core-columns-is-layout-28f84493 wp-block-columns-is-layout-flex\">\n<div class=\"wp-block-column is-layout-flow wp-block-column-is-layout-flow\" style=\"flex-basis:33.33%\">\n<figure class=\"wp-block-image alignright size-large\"><img loading=\"lazy\" decoding=\"async\" width=\"778\" height=\"1024\" src=\"https:\/\/www.ub.edu\/sipr-comp\/wp-content\/uploads\/2025\/01\/0022907_derecho-de-la-competencia-y-de-la-distribucion-778x1024.jpeg\" alt=\"\" class=\"wp-image-246\"\/><\/figure>\n<\/div>\n\n\n\n<div class=\"wp-block-column is-layout-flow wp-block-column-is-layout-flow\" style=\"flex-basis:66.66%\">\n<p><strong>Nuevas herramientas para hacer frente a las conductas de auto-preferencia: La Ley de Mercados Digitales y las nuevas directrices en materia de conductas excluyentes<\/strong><\/p>\n\n\n\n<p class=\"has-small-font-size\">Por Cristina Roy P\u00e9rez<\/p>\n\n\n\n<p class=\"has-small-font-size\"><strong>Cita recomendada<\/strong>: Roy P\u00e9rez, Cristina. (2024). Nuevas herramientas para hacer frente a las conductas de auto-preferencia: La Ley de Mercados Digitales y las nuevas directrices en materia de conductas excluyentes.&nbsp;<em>Revista de Derecho de la Competencia y la Distribuci\u00f3n<\/em>, n\u00fam. 35.<\/p>\n<\/div>\n<\/div>\n\n\n\n<p class=\"has-large-font-size\"><strong>2. Cap\u00edtols en obres col\u00b7lectives<\/strong><\/p>\n\n\n\n<div class=\"wp-block-columns is-layout-flex wp-container-core-columns-is-layout-28f84493 wp-block-columns-is-layout-flex\">\n<div class=\"wp-block-column is-layout-flow wp-block-column-is-layout-flow\" style=\"flex-basis:33.33%\">\n<figure class=\"wp-block-image alignright size-large\"><img loading=\"lazy\" decoding=\"async\" width=\"725\" height=\"1024\" src=\"https:\/\/www.ub.edu\/sipr-comp\/wp-content\/uploads\/2026\/03\/9791387867706-725x1024.jpg\" alt=\"\" class=\"wp-image-415\" srcset=\"https:\/\/www.ub.edu\/sipr-comp\/wp-content\/uploads\/2026\/03\/9791387867706-725x1024.jpg 725w, https:\/\/www.ub.edu\/sipr-comp\/wp-content\/uploads\/2026\/03\/9791387867706-213x300.jpg 213w, https:\/\/www.ub.edu\/sipr-comp\/wp-content\/uploads\/2026\/03\/9791387867706-768x1084.jpg 768w, https:\/\/www.ub.edu\/sipr-comp\/wp-content\/uploads\/2026\/03\/9791387867706-1088x1536.jpg 1088w, https:\/\/www.ub.edu\/sipr-comp\/wp-content\/uploads\/2026\/03\/9791387867706.jpg 1108w\" sizes=\"auto, (max-width: 725px) 100vw, 725px\" \/><\/figure>\n<\/div>\n\n\n\n<div class=\"wp-block-column is-layout-flow wp-block-column-is-layout-flow\" style=\"flex-basis:66.66%\">\n<p><strong>El doble rol de las plataformas en la Directiva 2024\/2853: Prestadoras de servicios log\u00edsticos o distribuidoras<\/strong><\/p>\n\n\n\n<p class=\"has-small-font-size\">Por Tom\u00e0s Gabriel Garcia-Mic\u00f3<\/p>\n\n\n\n<p class=\"has-small-font-size\"><strong>Cita recomendada<\/strong>: Garcia-Mic\u00f3, Tom\u00e0s Gabriel. (2025). El doble rol de las plataformas en la Directiva 2024\/2853: Prestadoras de servicios log\u00edsticos o distribuidoras. En Arnau Ravent\u00f3s, L\u00eddia (Coord.)&nbsp;<em>Contrataci\u00f3n en plataformas<\/em> (Atelier), 161-176.<\/p>\n<\/div>\n<\/div>\n\n\n\n<p class=\"has-large-font-size\"><strong>3. <em>Working papers<\/em><\/strong><\/p>\n\n\n\n<div class=\"wp-block-columns is-layout-flex wp-container-core-columns-is-layout-28f84493 wp-block-columns-is-layout-flex\">\n<div class=\"wp-block-column is-layout-flow wp-block-column-is-layout-flow\" style=\"flex-basis:33.33%\">\n<figure class=\"wp-block-image alignright size-full\"><img loading=\"lazy\" decoding=\"async\" width=\"497\" height=\"468\" src=\"https:\/\/www.ub.edu\/sipr-comp\/wp-content\/uploads\/2026\/03\/Seleccionat-de-marc-23-2026-131428.jpg\" alt=\"\" class=\"wp-image-412\" srcset=\"https:\/\/www.ub.edu\/sipr-comp\/wp-content\/uploads\/2026\/03\/Seleccionat-de-marc-23-2026-131428.jpg 497w, https:\/\/www.ub.edu\/sipr-comp\/wp-content\/uploads\/2026\/03\/Seleccionat-de-marc-23-2026-131428-300x282.jpg 300w\" sizes=\"auto, (max-width: 497px) 100vw, 497px\" \/><\/figure>\n<\/div>\n\n\n\n<div class=\"wp-block-column is-layout-flow wp-block-column-is-layout-flow\" style=\"flex-basis:66.66%\">\n<p><strong>Denominaci\u00f3n de Origen Protegida: An\u00e1lisis de su configuraci\u00f3n y coexistencia con la marca colectiva de la Uni\u00f3n Europea, a partir de los signos distintivos Cava y Corpinnat<\/strong><\/p>\n\n\n\n<p class=\"has-small-font-size\">Por Loreto Fernanda Mansilla Gonz\u00e1lez.<\/p>\n\n\n\n<p class=\"has-small-font-size\">Disponible <a href=\"https:\/\/www.ub.edu\/sipr-comp\/wp-content\/uploads\/2026\/03\/TFM-WP.pdf\">aqu\u00ed<\/a>.&nbsp;<\/p>\n<\/div>\n<\/div>\n","protected":false},"excerpt":{"rendered":"<p>1. Art\u00edculos de revista Los l\u00edmites en la aplicaci\u00f3n del criterio de la unidad econ\u00f3mica en los \u00faltimos pronunciamientos del TJUE Por S\u00edlvia G\u00f3mez Trinidad Cita recomendada: G\u00f3mez Trinidad, S\u00edlvia. (2024). Los l\u00edmites en la aplicaci\u00f3n del criterio de la unidad econ\u00f3mica en los \u00faltimos pronunciamientos del TJUE.&nbsp;Revista de Derecho de la Competencia y la [&hellip;]<\/p>\n","protected":false},"author":1,"featured_media":0,"parent":0,"menu_order":0,"comment_status":"closed","ping_status":"closed","template":"","meta":{"footnotes":""},"class_list":["post-30","page","type-page","status-publish","hentry"],"_links":{"self":[{"href":"https:\/\/www.ub.edu\/sipr-comp\/wp-json\/wp\/v2\/pages\/30","targetHints":{"allow":["GET"]}}],"collection":[{"href":"https:\/\/www.ub.edu\/sipr-comp\/wp-json\/wp\/v2\/pages"}],"about":[{"href":"https:\/\/www.ub.edu\/sipr-comp\/wp-json\/wp\/v2\/types\/page"}],"author":[{"embeddable":true,"href":"https:\/\/www.ub.edu\/sipr-comp\/wp-json\/wp\/v2\/users\/1"}],"replies":[{"embeddable":true,"href":"https:\/\/www.ub.edu\/sipr-comp\/wp-json\/wp\/v2\/comments?post=30"}],"version-history":[{"count":4,"href":"https:\/\/www.ub.edu\/sipr-comp\/wp-json\/wp\/v2\/pages\/30\/revisions"}],"predecessor-version":[{"id":421,"href":"https:\/\/www.ub.edu\/sipr-comp\/wp-json\/wp\/v2\/pages\/30\/revisions\/421"}],"wp:attachment":[{"href":"https:\/\/www.ub.edu\/sipr-comp\/wp-json\/wp\/v2\/media?parent=30"}],"curies":[{"name":"wp","href":"https:\/\/api.w.org\/{rel}","templated":true}]}}