{"id":53,"date":"2024-04-19T13:06:18","date_gmt":"2024-04-19T11:06:18","guid":{"rendered":"https:\/\/www.ub.edu\/sipr-comp\/?page_id=53"},"modified":"2025-07-23T15:49:27","modified_gmt":"2025-07-23T13:49:27","slug":"podcast","status":"publish","type":"page","link":"https:\/\/www.ub.edu\/sipr-comp\/podcast\/","title":{"rendered":"P\u00f3dcast"},"content":{"rendered":"\n<p><\/p>\n\n\n\n<p style=\"font-size:clamp(0.984rem, 0.984rem + ((1vw - 0.2rem) * 0.86), 1.5rem);\"><strong><em>Does Ethics Need to Pay Off? \u2013 CSR and Director\u2019s Duties in Germany<\/em><\/strong><\/p>\n\n\n\n<div class=\"wp-block-columns is-layout-flex wp-container-core-columns-is-layout-28f84493 wp-block-columns-is-layout-flex\">\n<div class=\"wp-block-column is-layout-flow wp-block-column-is-layout-flow\"><\/div>\n\n\n\n<div class=\"wp-block-column is-layout-flow wp-block-column-is-layout-flow\" style=\"flex-basis:33.33%\">\n<figure class=\"wp-block-gallery has-nested-images columns-default is-cropped wp-block-gallery-1 is-layout-flex wp-block-gallery-is-layout-flex\">\n<figure class=\"wp-block-image size-large\"><img loading=\"lazy\" decoding=\"async\" width=\"813\" height=\"1024\" data-id=\"313\" src=\"https:\/\/www.ub.edu\/sipr-comp\/wp-content\/uploads\/2025\/07\/Brunk_Portrait-813x1024.jpg\" alt=\"\" class=\"wp-image-313\" srcset=\"https:\/\/www.ub.edu\/sipr-comp\/wp-content\/uploads\/2025\/07\/Brunk_Portrait-813x1024.jpg 813w, https:\/\/www.ub.edu\/sipr-comp\/wp-content\/uploads\/2025\/07\/Brunk_Portrait-238x300.jpg 238w, https:\/\/www.ub.edu\/sipr-comp\/wp-content\/uploads\/2025\/07\/Brunk_Portrait-768x968.jpg 768w, https:\/\/www.ub.edu\/sipr-comp\/wp-content\/uploads\/2025\/07\/Brunk_Portrait-1219x1536.jpg 1219w, https:\/\/www.ub.edu\/sipr-comp\/wp-content\/uploads\/2025\/07\/Brunk_Portrait.jpg 1500w\" sizes=\"auto, (max-width: 813px) 100vw, 813px\" \/><\/figure>\n<\/figure>\n<\/div>\n\n\n\n<div class=\"wp-block-column is-layout-flow wp-block-column-is-layout-flow\" style=\"flex-basis:66.66%\">\n<p><strong>Bastian Brunk<\/strong><\/p>\n\n\n\n<p>Investigador postdoctoral (<em>Max-Planck-Institut f\u00fcr ausl\u00e4ndisches und internationales Privatrecht<\/em>, Hamburgo)<\/p>\n\n\n\n<figure class=\"wp-block-audio\"><audio controls src=\"https:\/\/www.ub.edu\/sipr-comp\/wp-content\/uploads\/2025\/07\/Bastian_audio-1.mp4\"><\/audio><\/figure>\n<\/div>\n<\/div>\n\n\n\n<div class=\"wp-block-columns is-layout-flex wp-container-core-columns-is-layout-28f84493 wp-block-columns-is-layout-flex\">\n<div class=\"wp-block-column is-layout-flow wp-block-column-is-layout-flow\"><\/div>\n<\/div>\n\n\n\n<p style=\"font-size:clamp(0.984rem, 0.984rem + ((1vw - 0.2rem) * 0.86), 1.5rem);\"><strong>La Responsabilidad Social Corporativa como fundamento de la articulaci\u00f3n jur\u00eddica del equilibrio de g\u00e9nero y la sostenibilidad de las empresas en la Uni\u00f3n Europea<\/strong><\/p>\n\n\n\n<p style=\"font-size:clamp(0.984rem, 0.984rem + ((1vw - 0.2rem) * 0.86), 1.5rem);\"><\/p>\n\n\n\n<div class=\"wp-block-columns is-layout-flex wp-container-core-columns-is-layout-28f84493 wp-block-columns-is-layout-flex\">\n<div class=\"wp-block-column is-layout-flow wp-block-column-is-layout-flow\"><\/div>\n\n\n\n<div class=\"wp-block-column is-layout-flow wp-block-column-is-layout-flow\" style=\"flex-basis:33.33%\">\n<figure class=\"wp-block-gallery has-nested-images columns-default is-cropped wp-block-gallery-2 is-layout-flex wp-block-gallery-is-layout-flex\">\n<figure class=\"wp-block-image size-full\"><img loading=\"lazy\" decoding=\"async\" width=\"375\" height=\"500\" data-id=\"317\" src=\"https:\/\/www.ub.edu\/sipr-comp\/wp-content\/uploads\/2025\/07\/upv-ehu-elena-leinena_web-edited.jpg\" alt=\"\" class=\"wp-image-317\" srcset=\"https:\/\/www.ub.edu\/sipr-comp\/wp-content\/uploads\/2025\/07\/upv-ehu-elena-leinena_web-edited.jpg 375w, https:\/\/www.ub.edu\/sipr-comp\/wp-content\/uploads\/2025\/07\/upv-ehu-elena-leinena_web-edited-225x300.jpg 225w\" sizes=\"auto, (max-width: 375px) 100vw, 375px\" \/><\/figure>\n<\/figure>\n<\/div>\n\n\n\n<div class=\"wp-block-column is-layout-flow wp-block-column-is-layout-flow\" style=\"flex-basis:66.66%\">\n<p><strong>Elena Lei\u00f1ena Mendiz\u00e1bal<\/strong><\/p>\n\n\n\n<p>Profesora Titular de Derecho Mercantil (UPV-EHU)<\/p>\n\n\n\n<figure class=\"wp-block-audio\"><audio controls src=\"https:\/\/www.ub.edu\/sipr-comp\/wp-content\/uploads\/2025\/07\/Elena_audio.mp4\"><\/audio><\/figure>\n<\/div>\n<\/div>\n\n\n\n<div class=\"wp-block-columns is-layout-flex wp-container-core-columns-is-layout-28f84493 wp-block-columns-is-layout-flex\">\n<div class=\"wp-block-column is-layout-flow wp-block-column-is-layout-flow\"><\/div>\n<\/div>\n\n\n\n<p style=\"font-size:clamp(0.984rem, 0.984rem + ((1vw - 0.2rem) * 0.86), 1.5rem);\"><strong><em>The Law Applicable to European Companies<\/em><\/strong><\/p>\n\n\n\n<div class=\"wp-block-columns is-layout-flex wp-container-core-columns-is-layout-28f84493 wp-block-columns-is-layout-flex\">\n<div class=\"wp-block-column is-layout-flow wp-block-column-is-layout-flow\"><\/div>\n\n\n\n<div class=\"wp-block-column is-layout-flow wp-block-column-is-layout-flow\" style=\"flex-basis:33.33%\">\n<figure class=\"wp-block-gallery has-nested-images columns-default is-cropped wp-block-gallery-3 is-layout-flex wp-block-gallery-is-layout-flex\">\n<figure class=\"wp-block-image size-full\"><img loading=\"lazy\" decoding=\"async\" width=\"191\" height=\"263\" data-id=\"318\" src=\"https:\/\/www.ub.edu\/sipr-comp\/wp-content\/uploads\/2025\/07\/Rosler.jpg\" alt=\"\" class=\"wp-image-318\"\/><\/figure>\n<\/figure>\n<\/div>\n\n\n\n<div class=\"wp-block-column is-layout-flow wp-block-column-is-layout-flow\" style=\"flex-basis:66.66%\">\n<p><strong>Hannes R\u00f6sler<\/strong><\/p>\n\n\n\n<p>Catedr\u00e1tico de Derecho Civil, Internacional Privado y Comparado (<em>Universit\u00e4t Siegen<\/em>)<\/p>\n\n\n\n<figure class=\"wp-block-audio\"><audio controls src=\"https:\/\/www.ub.edu\/sipr-comp\/wp-content\/uploads\/2025\/07\/Hannes_audio.mp4\"><\/audio><\/figure>\n<\/div>\n<\/div>\n\n\n\n<div class=\"wp-block-columns is-layout-flex wp-container-core-columns-is-layout-28f84493 wp-block-columns-is-layout-flex\">\n<div class=\"wp-block-column is-layout-flow wp-block-column-is-layout-flow\"><\/div>\n<\/div>\n\n\n\n<p style=\"font-size:clamp(0.984rem, 0.984rem + ((1vw - 0.2rem) * 0.86), 1.5rem);\"><strong>El derecho de la competencia ante la digitalizaci\u00f3n y la sostenibilidad<\/strong><\/p>\n\n\n\n<div class=\"wp-block-columns is-layout-flex wp-container-core-columns-is-layout-28f84493 wp-block-columns-is-layout-flex\">\n<div class=\"wp-block-column is-layout-flow wp-block-column-is-layout-flow\"><\/div>\n\n\n\n<div class=\"wp-block-column is-layout-flow wp-block-column-is-layout-flow\" style=\"flex-basis:33.33%\">\n<figure class=\"wp-block-gallery has-nested-images columns-default is-cropped wp-block-gallery-4 is-layout-flex wp-block-gallery-is-layout-flex\">\n<figure class=\"wp-block-image size-large\"><img loading=\"lazy\" decoding=\"async\" width=\"200\" height=\"200\" data-id=\"183\" src=\"https:\/\/www.ub.edu\/sipr-comp\/wp-content\/uploads\/2024\/07\/Fernando-de-la-Vega.jpeg\" alt=\"\" class=\"wp-image-183\" srcset=\"https:\/\/www.ub.edu\/sipr-comp\/wp-content\/uploads\/2024\/07\/Fernando-de-la-Vega.jpeg 200w, https:\/\/www.ub.edu\/sipr-comp\/wp-content\/uploads\/2024\/07\/Fernando-de-la-Vega-150x150.jpeg 150w\" sizes=\"auto, (max-width: 200px) 100vw, 200px\" \/><\/figure>\n<\/figure>\n<\/div>\n\n\n\n<div class=\"wp-block-column is-layout-flow wp-block-column-is-layout-flow\" style=\"flex-basis:66.66%\">\n<p><strong>Fernando de la Vega Garc\u00eda<\/strong><\/p>\n\n\n\n<p>Catedr\u00e1tico de Derecho Mercantil (UM)<\/p>\n\n\n\n<figure class=\"wp-block-audio\"><audio controls src=\"https:\/\/www.ub.edu\/sipr-comp\/wp-content\/uploads\/2024\/07\/Podcast-FdelaVega1-1.mp4\"><\/audio><\/figure>\n<\/div>\n<\/div>\n\n\n\n<div class=\"wp-block-columns is-layout-flex wp-container-core-columns-is-layout-28f84493 wp-block-columns-is-layout-flex\">\n<div class=\"wp-block-column is-layout-flow wp-block-column-is-layout-flow\"><\/div>\n\n\n\n<div class=\"wp-block-column is-layout-flow wp-block-column-is-layout-flow\"><\/div>\n\n\n\n<div class=\"wp-block-column is-layout-flow wp-block-column-is-layout-flow\"><\/div>\n<\/div>\n\n\n\n<div class=\"wp-block-columns is-layout-flex wp-container-core-columns-is-layout-28f84493 wp-block-columns-is-layout-flex\">\n<div class=\"wp-block-column is-layout-flow wp-block-column-is-layout-flow\">\n<p style=\"font-size:clamp(0.984rem, 0.984rem + ((1vw - 0.2rem) * 0.86), 1.5rem);\"><strong>Greenwashing y alegaciones medioambientales en la publicidad<\/strong><\/p>\n<\/div>\n<\/div>\n\n\n\n<div class=\"wp-block-columns is-layout-flex wp-container-core-columns-is-layout-28f84493 wp-block-columns-is-layout-flex\">\n<div class=\"wp-block-column is-layout-flow wp-block-column-is-layout-flow\" style=\"flex-basis:33.33%\">\n<figure class=\"wp-block-image size-full\"><img loading=\"lazy\" decoding=\"async\" width=\"300\" height=\"300\" src=\"https:\/\/www.ub.edu\/sipr-comp\/wp-content\/uploads\/2024\/07\/antxo_tato.jpg\" alt=\"\" class=\"wp-image-182\" srcset=\"https:\/\/www.ub.edu\/sipr-comp\/wp-content\/uploads\/2024\/07\/antxo_tato.jpg 300w, https:\/\/www.ub.edu\/sipr-comp\/wp-content\/uploads\/2024\/07\/antxo_tato-150x150.jpg 150w\" sizes=\"auto, (max-width: 300px) 100vw, 300px\" \/><\/figure>\n<\/div>\n\n\n\n<div class=\"wp-block-column is-layout-flow wp-block-column-is-layout-flow\" style=\"flex-basis:66.66%\">\n<p><strong>Anxo Tato Plaza<\/strong><\/p>\n\n\n\n<p>Catedr\u00e1tico de Derecho Mercantil (UVigo)<\/p>\n\n\n\n<figure class=\"wp-block-audio\"><audio controls src=\"https:\/\/www.ub.edu\/sipr-comp\/wp-content\/uploads\/2024\/07\/Podcast-SIPR-COMP-Anxo-Tato-20240716_121233-Enregistrament-de-la-reunio-2.mp4\"><\/audio><\/figure>\n<\/div>\n<\/div>\n","protected":false},"excerpt":{"rendered":"<p>Does Ethics Need to Pay Off? \u2013 CSR and Director\u2019s Duties in Germany Bastian Brunk Investigador postdoctoral (Max-Planck-Institut f\u00fcr ausl\u00e4ndisches und internationales Privatrecht, Hamburgo) La Responsabilidad Social Corporativa como fundamento de la articulaci\u00f3n jur\u00eddica del equilibrio de g\u00e9nero y la sostenibilidad de las empresas en la Uni\u00f3n Europea Elena Lei\u00f1ena Mendiz\u00e1bal Profesora Titular de Derecho [&hellip;]<\/p>\n","protected":false},"author":1,"featured_media":0,"parent":0,"menu_order":0,"comment_status":"closed","ping_status":"closed","template":"","meta":{"footnotes":""},"class_list":["post-53","page","type-page","status-publish","hentry"],"_links":{"self":[{"href":"https:\/\/www.ub.edu\/sipr-comp\/wp-json\/wp\/v2\/pages\/53","targetHints":{"allow":["GET"]}}],"collection":[{"href":"https:\/\/www.ub.edu\/sipr-comp\/wp-json\/wp\/v2\/pages"}],"about":[{"href":"https:\/\/www.ub.edu\/sipr-comp\/wp-json\/wp\/v2\/types\/page"}],"author":[{"embeddable":true,"href":"https:\/\/www.ub.edu\/sipr-comp\/wp-json\/wp\/v2\/users\/1"}],"replies":[{"embeddable":true,"href":"https:\/\/www.ub.edu\/sipr-comp\/wp-json\/wp\/v2\/comments?post=53"}],"version-history":[{"count":6,"href":"https:\/\/www.ub.edu\/sipr-comp\/wp-json\/wp\/v2\/pages\/53\/revisions"}],"predecessor-version":[{"id":321,"href":"https:\/\/www.ub.edu\/sipr-comp\/wp-json\/wp\/v2\/pages\/53\/revisions\/321"}],"wp:attachment":[{"href":"https:\/\/www.ub.edu\/sipr-comp\/wp-json\/wp\/v2\/media?parent=53"}],"curies":[{"name":"wp","href":"https:\/\/api.w.org\/{rel}","templated":true}]}}