{"id":363,"date":"2023-11-15T16:54:59","date_gmt":"2023-11-15T15:54:59","guid":{"rendered":"http:\/\/hweb-x-0-fe-04.fe.cpd.local\/softbio\/?page_id=363"},"modified":"2026-04-27T17:48:09","modified_gmt":"2026-04-27T15:48:09","slug":"current-group-members","status":"publish","type":"page","link":"https:\/\/www.ub.edu\/softbio\/current-group-members\/","title":{"rendered":"Current Group Members"},"content":{"rendered":"\n<div class=\"wp-block-columns is-layout-flex wp-container-core-columns-is-layout-9d6595d7 wp-block-columns-is-layout-flex\">\n<div class=\"wp-block-column is-vertically-aligned-center is-layout-flow wp-block-column-is-layout-flow\">\n<div class=\"wp-block-media-text is-stacked-on-mobile is-vertically-aligned-center\"><figure class=\"wp-block-media-text__media\"><img loading=\"lazy\" decoding=\"async\" width=\"1024\" height=\"1024\" src=\"http:\/\/hweb-x-0-fe-04.fe.cpd.local\/softbio\/wp-content\/uploads\/2023\/11\/Alberto-Fernandez-Nieves-1024x1024.jpeg\" alt=\"\" class=\"wp-image-66 size-full\" srcset=\"https:\/\/www.ub.edu\/softbio\/wp-content\/uploads\/2023\/11\/Alberto-Fernandez-Nieves-1024x1024.jpeg 1024w, https:\/\/www.ub.edu\/softbio\/wp-content\/uploads\/2023\/11\/Alberto-Fernandez-Nieves-300x300.jpeg 300w, https:\/\/www.ub.edu\/softbio\/wp-content\/uploads\/2023\/11\/Alberto-Fernandez-Nieves-150x150.jpeg 150w, https:\/\/www.ub.edu\/softbio\/wp-content\/uploads\/2023\/11\/Alberto-Fernandez-Nieves-768x768.jpeg 768w, https:\/\/www.ub.edu\/softbio\/wp-content\/uploads\/2023\/11\/Alberto-Fernandez-Nieves-1536x1536.jpeg 1536w, https:\/\/www.ub.edu\/softbio\/wp-content\/uploads\/2023\/11\/Alberto-Fernandez-Nieves-2048x2048.jpeg 2048w, https:\/\/www.ub.edu\/softbio\/wp-content\/uploads\/2023\/11\/Alberto-Fernandez-Nieves-600x600.jpeg 600w\" sizes=\"auto, (max-width: 1024px) 100vw, 1024px\" \/><\/figure><div class=\"wp-block-media-text__content\">\n<p><strong>Alberto Fernandez-Nieves<\/strong><\/p>\n\n\n\n<p>ICREA Professor<\/p>\n\n\n\n<p>Office: 314<\/p>\n\n\n\n<p><a href=\"mailto:a.fernandeznieves@ub.edu\">a.fernandeznieves@ub.edu<\/a><\/p>\n<\/div><\/div>\n<\/div>\n\n\n\n<div class=\"wp-block-column is-layout-flow wp-block-column-is-layout-flow\">\n<div class=\"wp-block-media-text is-stacked-on-mobile is-vertically-aligned-center\"><figure class=\"wp-block-media-text__media\"><img loading=\"lazy\" decoding=\"async\" width=\"279\" height=\"279\" src=\"http:\/\/hweb-x-0-fe-04.fe.cpd.local\/softbio\/wp-content\/uploads\/2023\/11\/Ramon-Planet-Latorre.jpeg\" alt=\"\" class=\"wp-image-67 size-full\" srcset=\"https:\/\/www.ub.edu\/softbio\/wp-content\/uploads\/2023\/11\/Ramon-Planet-Latorre.jpeg 279w, https:\/\/www.ub.edu\/softbio\/wp-content\/uploads\/2023\/11\/Ramon-Planet-Latorre-150x150.jpeg 150w\" sizes=\"auto, (max-width: 279px) 100vw, 279px\" \/><\/figure><div class=\"wp-block-media-text__content\">\n<p><strong>Ramon Planet Latorre<\/strong><\/p>\n\n\n\n<p>Assistant Professor (Lector)<\/p>\n\n\n\n<p>Office: 429<\/p>\n\n\n\n<p><a href=\"mailto:rplanet@ub.edu\">rplanet@ub.edu<\/a><\/p>\n<\/div><\/div>\n<\/div>\n<\/div>\n\n\n\n<div style=\"height:48px\" aria-hidden=\"true\" class=\"wp-block-spacer\"><\/div>\n\n\n\n<div class=\"wp-block-columns is-layout-flex wp-container-core-columns-is-layout-9d6595d7 wp-block-columns-is-layout-flex\">\n<div class=\"wp-block-column is-vertically-aligned-center is-layout-flow wp-block-column-is-layout-flow\">\n<div class=\"wp-block-media-text is-stacked-on-mobile is-vertically-aligned-center\"><figure class=\"wp-block-media-text__media\"><img loading=\"lazy\" decoding=\"async\" width=\"765\" height=\"823\" src=\"https:\/\/www.ub.edu\/softbio\/wp-content\/uploads\/2023\/11\/Jose-Ruiz-Franco.jpg\" alt=\"\" class=\"wp-image-71 size-full\" srcset=\"https:\/\/www.ub.edu\/softbio\/wp-content\/uploads\/2023\/11\/Jose-Ruiz-Franco.jpg 765w, https:\/\/www.ub.edu\/softbio\/wp-content\/uploads\/2023\/11\/Jose-Ruiz-Franco-279x300.jpg 279w\" sizes=\"auto, (max-width: 765px) 100vw, 765px\" \/><\/figure><div class=\"wp-block-media-text__content\">\n<p><strong>Jos\u00e9 Ruiz-Franco<\/strong><\/p>\n\n\n\n<p>Assistant Professor (Lector)<\/p>\n\n\n\n<p>Office: 334-A4<\/p>\n\n\n\n<p><a href=\"mailto:jmruizfranco@ub.edu\">jmruizfranco@ub.edu<\/a><\/p>\n<\/div><\/div>\n<\/div>\n\n\n\n<div class=\"wp-block-column is-layout-flow wp-block-column-is-layout-flow\">\n<div class=\"wp-block-media-text is-stacked-on-mobile is-vertically-aligned-center\"><figure class=\"wp-block-media-text__media\"><img loading=\"lazy\" decoding=\"async\" width=\"390\" height=\"391\" src=\"http:\/\/hweb-x-0-fe-04.fe.cpd.local\/softbio\/wp-content\/uploads\/2023\/11\/Guillaume-Briand.jpeg\" alt=\"\" class=\"wp-image-69 size-full\" srcset=\"https:\/\/www.ub.edu\/softbio\/wp-content\/uploads\/2023\/11\/Guillaume-Briand.jpeg 390w, https:\/\/www.ub.edu\/softbio\/wp-content\/uploads\/2023\/11\/Guillaume-Briand-300x300.jpeg 300w, https:\/\/www.ub.edu\/softbio\/wp-content\/uploads\/2023\/11\/Guillaume-Briand-150x150.jpeg 150w\" sizes=\"auto, (max-width: 390px) 100vw, 390px\" \/><\/figure><div class=\"wp-block-media-text__content\">\n<p><strong>Guillaume Briand<\/strong><\/p>\n\n\n\n<p>Postdoctoral Fellow<\/p>\n\n\n\n<p>Office: 310<\/p>\n\n\n\n<p><a href=\"mailto:guillaume_briand@ub.edu\">guillaume_briand@ub.edu<\/a><\/p>\n<\/div><\/div>\n<\/div>\n<\/div>\n\n\n\n<div style=\"height:48px\" aria-hidden=\"true\" class=\"wp-block-spacer\"><\/div>\n\n\n\n<div class=\"wp-block-columns is-layout-flex wp-container-core-columns-is-layout-9d6595d7 wp-block-columns-is-layout-flex\">\n<div class=\"wp-block-column is-vertically-aligned-center is-layout-flow wp-block-column-is-layout-flow\">\n<div class=\"wp-block-media-text is-stacked-on-mobile is-vertically-aligned-center\"><figure class=\"wp-block-media-text__media\"><img loading=\"lazy\" decoding=\"async\" width=\"769\" height=\"1024\" src=\"https:\/\/www.ub.edu\/softbio\/wp-content\/uploads\/2026\/04\/Facetune_27-04-2026-17-18-26-769x1024.jpeg\" alt=\"\" class=\"wp-image-792 size-full\" srcset=\"https:\/\/www.ub.edu\/softbio\/wp-content\/uploads\/2026\/04\/Facetune_27-04-2026-17-18-26-769x1024.jpeg 769w, https:\/\/www.ub.edu\/softbio\/wp-content\/uploads\/2026\/04\/Facetune_27-04-2026-17-18-26-225x300.jpeg 225w, https:\/\/www.ub.edu\/softbio\/wp-content\/uploads\/2026\/04\/Facetune_27-04-2026-17-18-26-768x1022.jpeg 768w, https:\/\/www.ub.edu\/softbio\/wp-content\/uploads\/2026\/04\/Facetune_27-04-2026-17-18-26-1154x1536.jpeg 1154w, https:\/\/www.ub.edu\/softbio\/wp-content\/uploads\/2026\/04\/Facetune_27-04-2026-17-18-26-1539x2048.jpeg 1539w, https:\/\/www.ub.edu\/softbio\/wp-content\/uploads\/2026\/04\/Facetune_27-04-2026-17-18-26-scaled.jpeg 1923w\" sizes=\"auto, (max-width: 769px) 100vw, 769px\" \/><\/figure><div class=\"wp-block-media-text__content\">\n<p><strong><strong><strong>Paula Magriny\u00e0 Aguil\u00f3<\/strong><\/strong><\/strong><\/p>\n\n\n\n<p>Postdoctoral Fellow<\/p>\n\n\n\n<p>Office: 343-b<\/p>\n\n\n\n<p><a href=\"mailto:o.skelton@ub.edu\" data-type=\"mailto\" data-id=\"mailto:o.skelton@ub.edu\">paula.magrinya@ub.edu<\/a><\/p>\n<\/div><\/div>\n<\/div>\n\n\n\n<div class=\"wp-block-column is-layout-flow wp-block-column-is-layout-flow\">\n<div class=\"wp-block-media-text is-stacked-on-mobile is-vertically-aligned-center\"><figure class=\"wp-block-media-text__media\"><img loading=\"lazy\" decoding=\"async\" width=\"716\" height=\"728\" src=\"https:\/\/www.ub.edu\/softbio\/wp-content\/uploads\/2023\/11\/Adria-Meca-Montserrat.jpeg\" alt=\"\" class=\"wp-image-78 size-full\" srcset=\"https:\/\/www.ub.edu\/softbio\/wp-content\/uploads\/2023\/11\/Adria-Meca-Montserrat.jpeg 716w, https:\/\/www.ub.edu\/softbio\/wp-content\/uploads\/2023\/11\/Adria-Meca-Montserrat-295x300.jpeg 295w\" sizes=\"auto, (max-width: 716px) 100vw, 716px\" \/><\/figure><div class=\"wp-block-media-text__content\">\n<p><strong><strong>Adri\u00e0 Meca Montserrat<\/strong><\/strong><\/p>\n\n\n\n<p>Graduate Student<\/p>\n\n\n\n<p>Office: 338-H2<\/p>\n\n\n\n<p><a href=\"mailto:amecamon7@ub.edu\">amecamon7@ub.edu<\/a><\/p>\n<\/div><\/div>\n<\/div>\n<\/div>\n\n\n\n<div style=\"height:48px\" aria-hidden=\"true\" class=\"wp-block-spacer\"><\/div>\n\n\n\n<div class=\"wp-block-columns is-layout-flex wp-container-core-columns-is-layout-9d6595d7 wp-block-columns-is-layout-flex\">\n<div class=\"wp-block-column is-vertically-aligned-center is-layout-flow wp-block-column-is-layout-flow\">\n<div class=\"wp-block-media-text is-stacked-on-mobile is-vertically-aligned-center\"><figure class=\"wp-block-media-text__media\"><img loading=\"lazy\" decoding=\"async\" width=\"1024\" height=\"1024\" src=\"http:\/\/hweb-x-0-fe-04.fe.cpd.local\/softbio\/wp-content\/uploads\/2023\/11\/Adrian-Arenas-Gullo-1024x1024.jpeg\" alt=\"\" class=\"wp-image-74 size-full\" srcset=\"https:\/\/www.ub.edu\/softbio\/wp-content\/uploads\/2023\/11\/Adrian-Arenas-Gullo-1024x1024.jpeg 1024w, https:\/\/www.ub.edu\/softbio\/wp-content\/uploads\/2023\/11\/Adrian-Arenas-Gullo-300x300.jpeg 300w, https:\/\/www.ub.edu\/softbio\/wp-content\/uploads\/2023\/11\/Adrian-Arenas-Gullo-150x150.jpeg 150w, https:\/\/www.ub.edu\/softbio\/wp-content\/uploads\/2023\/11\/Adrian-Arenas-Gullo-768x768.jpeg 768w, https:\/\/www.ub.edu\/softbio\/wp-content\/uploads\/2023\/11\/Adrian-Arenas-Gullo-1536x1536.jpeg 1536w, https:\/\/www.ub.edu\/softbio\/wp-content\/uploads\/2023\/11\/Adrian-Arenas-Gullo-2048x2048.jpeg 2048w, https:\/\/www.ub.edu\/softbio\/wp-content\/uploads\/2023\/11\/Adrian-Arenas-Gullo-600x600.jpeg 600w\" sizes=\"auto, (max-width: 1024px) 100vw, 1024px\" \/><\/figure><div class=\"wp-block-media-text__content\">\n<p><strong>Adrian Arenas Gullo<\/strong><\/p>\n\n\n\n<p>Graduate Student<\/p>\n\n\n\n<p>Office: 310<\/p>\n\n\n\n<p><a href=\"mailto:adrianarenasgullo@gmail.com\">adrianarenasgullo@gmail.com<\/a><\/p>\n<\/div><\/div>\n<\/div>\n\n\n\n<div class=\"wp-block-column is-layout-flow wp-block-column-is-layout-flow\">\n<div class=\"wp-block-media-text is-stacked-on-mobile is-vertically-aligned-center\" style=\"grid-template-columns:51% auto\"><figure class=\"wp-block-media-text__media\"><a href=\"https:\/\/www.ub.edu\/softbio\/wp-content\/uploads\/2024\/10\/image_porfile-e1729758404637.jpg\"><img loading=\"lazy\" decoding=\"async\" width=\"672\" height=\"672\" src=\"https:\/\/www.ub.edu\/softbio\/wp-content\/uploads\/2024\/10\/image_porfile-e1729758404637.jpg\" alt=\"\" class=\"wp-image-687 size-full\" srcset=\"https:\/\/www.ub.edu\/softbio\/wp-content\/uploads\/2024\/10\/image_porfile-e1729758404637.jpg 672w, https:\/\/www.ub.edu\/softbio\/wp-content\/uploads\/2024\/10\/image_porfile-e1729758404637-300x300.jpg 300w, https:\/\/www.ub.edu\/softbio\/wp-content\/uploads\/2024\/10\/image_porfile-e1729758404637-150x150.jpg 150w, https:\/\/www.ub.edu\/softbio\/wp-content\/uploads\/2024\/10\/image_porfile-e1729758404637-600x600.jpg 600w\" sizes=\"auto, (max-width: 672px) 100vw, 672px\" \/><\/a><\/figure><div class=\"wp-block-media-text__content\">\n<p><strong><strong>Anna Moncl\u00fa<\/strong>s Rojo<\/strong><\/p>\n\n\n\n<p>Graduate Student<\/p>\n\n\n\n<p>Office: 338-H2<\/p>\n\n\n\n<p><a href=\"mailto:annamr324@gmail.com\">annamr324@gmail.com<\/a><\/p>\n<\/div><\/div>\n<\/div>\n<\/div>\n\n\n\n<div style=\"height:48px\" aria-hidden=\"true\" class=\"wp-block-spacer\"><\/div>\n\n\n\n<div class=\"wp-block-columns is-layout-flex wp-container-core-columns-is-layout-9d6595d7 wp-block-columns-is-layout-flex\">\n<div class=\"wp-block-column is-vertically-aligned-center is-layout-flow wp-block-column-is-layout-flow\">\n<div class=\"wp-block-media-text is-stacked-on-mobile is-vertically-aligned-center\"><figure class=\"wp-block-media-text__media\"><a href=\"https:\/\/www.ub.edu\/softbio\/wp-content\/uploads\/2023\/11\/Mohammad-Akhtar.jpeg\"><img loading=\"lazy\" decoding=\"async\" width=\"640\" height=\"640\" src=\"https:\/\/www.ub.edu\/softbio\/wp-content\/uploads\/2023\/11\/Mohammad-Akhtar.jpeg\" alt=\"\" class=\"wp-image-77 size-full\" srcset=\"https:\/\/www.ub.edu\/softbio\/wp-content\/uploads\/2023\/11\/Mohammad-Akhtar.jpeg 640w, https:\/\/www.ub.edu\/softbio\/wp-content\/uploads\/2023\/11\/Mohammad-Akhtar-300x300.jpeg 300w, https:\/\/www.ub.edu\/softbio\/wp-content\/uploads\/2023\/11\/Mohammad-Akhtar-150x150.jpeg 150w, https:\/\/www.ub.edu\/softbio\/wp-content\/uploads\/2023\/11\/Mohammad-Akhtar-600x600.jpeg 600w\" sizes=\"auto, (max-width: 640px) 100vw, 640px\" \/><\/a><\/figure><div class=\"wp-block-media-text__content\">\n<p><strong><strong><strong>Mohammad Akhtar<\/strong><\/strong><\/strong><\/p>\n\n\n\n<p>Graduate Student<br>(Co-advised with Dr. Urs Gasser, PSI)<\/p>\n\n\n\n<p>Office: PSI<\/p>\n\n\n\n<p><a href=\"mailto:mohammad.akhtar@psi.ch\" data-type=\"mailto\" data-id=\"mailto:mohammad.akhtar@psi.ch\">mohammad.akhtar@psi.ch<\/a><\/p>\n<\/div><\/div>\n<\/div>\n\n\n\n<div class=\"wp-block-column is-layout-flow wp-block-column-is-layout-flow\">\n<div class=\"wp-block-media-text is-stacked-on-mobile\"><figure class=\"wp-block-media-text__media\"><img loading=\"lazy\" decoding=\"async\" width=\"872\" height=\"1024\" src=\"https:\/\/www.ub.edu\/softbio\/wp-content\/uploads\/2025\/09\/mara-maza-cuello-872x1024.jpg\" alt=\"\" class=\"wp-image-768 size-full\" srcset=\"https:\/\/www.ub.edu\/softbio\/wp-content\/uploads\/2025\/09\/mara-maza-cuello-872x1024.jpg 872w, https:\/\/www.ub.edu\/softbio\/wp-content\/uploads\/2025\/09\/mara-maza-cuello-256x300.jpg 256w, https:\/\/www.ub.edu\/softbio\/wp-content\/uploads\/2025\/09\/mara-maza-cuello-768x902.jpg 768w, https:\/\/www.ub.edu\/softbio\/wp-content\/uploads\/2025\/09\/mara-maza-cuello-1308x1536.jpg 1308w, https:\/\/www.ub.edu\/softbio\/wp-content\/uploads\/2025\/09\/mara-maza-cuello-1744x2048.jpg 1744w\" sizes=\"auto, (max-width: 872px) 100vw, 872px\" \/><\/figure><div class=\"wp-block-media-text__content\">\n<p><strong><strong><strong>Mara Maza Cuello<\/strong><\/strong><\/strong><\/p>\n\n\n\n<p>Postdoctoral Fellow<br><\/p>\n\n\n\n<p>Office: 338-H2<\/p>\n\n\n\n<p><a href=\"mailto:miriammartmart01@gmail.com\" data-type=\"mailto\" data-id=\"mailto:miriammartmart01@gmail.com\">m.mazacuello@gmail.com<\/a><\/p>\n<\/div><\/div>\n<\/div>\n<\/div>\n\n\n\n<p><\/p>\n\n\n\n<div class=\"wp-block-columns is-layout-flex wp-container-core-columns-is-layout-9d6595d7 wp-block-columns-is-layout-flex\">\n<div class=\"wp-block-column is-vertically-aligned-center is-layout-flow wp-block-column-is-layout-flow\"><\/div>\n\n\n\n<div class=\"wp-block-column is-layout-flow wp-block-column-is-layout-flow\"><\/div>\n<\/div>\n\n\n\n<div class=\"wp-block-columns is-layout-flex wp-container-core-columns-is-layout-9d6595d7 wp-block-columns-is-layout-flex\">\n<div class=\"wp-block-column is-vertically-aligned-center is-layout-flow wp-block-column-is-layout-flow\">\n<div class=\"wp-block-media-text is-stacked-on-mobile\"><figure class=\"wp-block-media-text__media\"><img loading=\"lazy\" decoding=\"async\" width=\"768\" height=\"1024\" src=\"https:\/\/www.ub.edu\/softbio\/wp-content\/uploads\/2025\/10\/thumbnail_IMG_4709-e1759488378207-768x1024.jpg\" alt=\"\" class=\"wp-image-772 size-full\" srcset=\"https:\/\/www.ub.edu\/softbio\/wp-content\/uploads\/2025\/10\/thumbnail_IMG_4709-e1759488378207-768x1024.jpg 768w, https:\/\/www.ub.edu\/softbio\/wp-content\/uploads\/2025\/10\/thumbnail_IMG_4709-e1759488378207-225x300.jpg 225w, https:\/\/www.ub.edu\/softbio\/wp-content\/uploads\/2025\/10\/thumbnail_IMG_4709-e1759488378207-1152x1536.jpg 1152w, https:\/\/www.ub.edu\/softbio\/wp-content\/uploads\/2025\/10\/thumbnail_IMG_4709-e1759488378207.jpg 1440w\" sizes=\"auto, (max-width: 768px) 100vw, 768px\" \/><\/figure><div class=\"wp-block-media-text__content\">\n<p><strong><strong><strong>Miriam Martinez Martinez<\/strong><\/strong><\/strong><\/p>\n\n\n\n<p>Graduate Student<br><\/p>\n\n\n\n<p>Office: 338-H2<\/p>\n\n\n\n<p><a href=\"mailto:miriammartmart01@gmail.com\" data-type=\"mailto\" data-id=\"mailto:miriammartmart01@gmail.com\">miriammartmart01@gmail.com<\/a><\/p>\n<\/div><\/div>\n<\/div>\n\n\n\n<div class=\"wp-block-column is-layout-flow wp-block-column-is-layout-flow\"><\/div>\n<\/div>\n","protected":false},"excerpt":{"rendered":"<p>Alberto Fernandez-Nieves ICREA Professor Office: 314 a.fernandeznieves@ub.edu Ramon Planet Latorre Assistant Professor (Lector) Office: 429 rplanet@ub.edu Jos\u00e9 Ruiz-Franco Assistant Professor (Lector) Office: 334-A4 jmruizfranco@ub.edu Guillaume Briand Postdoctoral Fellow Office: 310 guillaume_briand@ub.edu Paula Magriny\u00e0 Aguil\u00f3 Postdoctoral Fellow Office: 343-b paula.magrinya@ub.edu Adri\u00e0 Meca Montserrat Graduate Student Office: 338-H2 amecamon7@ub.edu Adrian Arenas Gullo Graduate Student Office: 310 adrianarenasgullo@gmail.com [&hellip;]<\/p>\n","protected":false},"author":2,"featured_media":0,"parent":0,"menu_order":0,"comment_status":"closed","ping_status":"closed","template":"","meta":{"ocean_post_layout":"full-width","ocean_both_sidebars_style":"","ocean_both_sidebars_content_width":0,"ocean_both_sidebars_sidebars_width":0,"ocean_sidebar":"","ocean_second_sidebar":"","ocean_disable_margins":"enable","ocean_add_body_class":"","ocean_shortcode_before_top_bar":"","ocean_shortcode_after_top_bar":"","ocean_shortcode_before_header":"","ocean_shortcode_after_header":"","ocean_has_shortcode":"","ocean_shortcode_after_title":"","ocean_shortcode_before_footer_widgets":"","ocean_shortcode_after_footer_widgets":"","ocean_shortcode_before_footer_bottom":"","ocean_shortcode_after_footer_bottom":"","ocean_display_top_bar":"default","ocean_display_header":"default","ocean_header_style":"","ocean_center_header_left_menu":"","ocean_custom_header_template":"","ocean_custom_logo":0,"ocean_custom_retina_logo":0,"ocean_custom_logo_max_width":0,"ocean_custom_logo_tablet_max_width":0,"ocean_custom_logo_mobile_max_width":0,"ocean_custom_logo_max_height":0,"ocean_custom_logo_tablet_max_height":0,"ocean_custom_logo_mobile_max_height":0,"ocean_header_custom_menu":"5","ocean_menu_typo_font_family":"","ocean_menu_typo_font_subset":"","ocean_menu_typo_font_size":0,"ocean_menu_typo_font_size_tablet":0,"ocean_menu_typo_font_size_mobile":0,"ocean_menu_typo_font_size_unit":"px","ocean_menu_typo_font_weight":"","ocean_menu_typo_font_weight_tablet":"","ocean_menu_typo_font_weight_mobile":"","ocean_menu_typo_transform":"","ocean_menu_typo_transform_tablet":"","ocean_menu_typo_transform_mobile":"","ocean_menu_typo_line_height":0,"ocean_menu_typo_line_height_tablet":0,"ocean_menu_typo_line_height_mobile":0,"ocean_menu_typo_line_height_unit":"","ocean_menu_typo_spacing":0,"ocean_menu_typo_spacing_tablet":0,"ocean_menu_typo_spacing_mobile":0,"ocean_menu_typo_spacing_unit":"","ocean_menu_link_color":"","ocean_menu_link_color_hover":"","ocean_menu_link_color_active":"","ocean_menu_link_background":"","ocean_menu_link_hover_background":"","ocean_menu_link_active_background":"","ocean_menu_social_links_bg":"","ocean_menu_social_hover_links_bg":"","ocean_menu_social_links_color":"","ocean_menu_social_hover_links_color":"","ocean_disable_title":"default","ocean_disable_heading":"default","ocean_post_title":"Soft Condensed Matter Laboratory","ocean_post_subheading":"Current Group Members","ocean_post_title_style":"","ocean_post_title_background_color":"","ocean_post_title_background":0,"ocean_post_title_bg_image_position":"","ocean_post_title_bg_image_attachment":"","ocean_post_title_bg_image_repeat":"","ocean_post_title_bg_image_size":"","ocean_post_title_height":0,"ocean_post_title_bg_overlay":0.5,"ocean_post_title_bg_overlay_color":"","ocean_disable_breadcrumbs":"default","ocean_breadcrumbs_color":"","ocean_breadcrumbs_separator_color":"","ocean_breadcrumbs_links_color":"","ocean_breadcrumbs_links_hover_color":"","ocean_display_footer_widgets":"default","ocean_display_footer_bottom":"default","ocean_custom_footer_template":"","footnotes":""},"class_list":["post-363","page","type-page","status-publish","hentry","entry"],"_links":{"self":[{"href":"https:\/\/www.ub.edu\/softbio\/wp-json\/wp\/v2\/pages\/363","targetHints":{"allow":["GET"]}}],"collection":[{"href":"https:\/\/www.ub.edu\/softbio\/wp-json\/wp\/v2\/pages"}],"about":[{"href":"https:\/\/www.ub.edu\/softbio\/wp-json\/wp\/v2\/types\/page"}],"author":[{"embeddable":true,"href":"https:\/\/www.ub.edu\/softbio\/wp-json\/wp\/v2\/users\/2"}],"replies":[{"embeddable":true,"href":"https:\/\/www.ub.edu\/softbio\/wp-json\/wp\/v2\/comments?post=363"}],"version-history":[{"count":40,"href":"https:\/\/www.ub.edu\/softbio\/wp-json\/wp\/v2\/pages\/363\/revisions"}],"predecessor-version":[{"id":794,"href":"https:\/\/www.ub.edu\/softbio\/wp-json\/wp\/v2\/pages\/363\/revisions\/794"}],"wp:attachment":[{"href":"https:\/\/www.ub.edu\/softbio\/wp-json\/wp\/v2\/media?parent=363"}],"curies":[{"name":"wp","href":"https:\/\/api.w.org\/{rel}","templated":true}]}}