{"id":6,"date":"2012-02-10T12:32:57","date_gmt":"2012-02-10T11:32:57","guid":{"rendered":"http:\/\/www.ub.edu\/tecnicweb\/?page_id=6"},"modified":"2024-10-09T11:44:28","modified_gmt":"2024-10-09T09:44:28","slug":"solicitud","status":"publish","type":"page","link":"https:\/\/www.ub.edu\/tecnicweb\/solicitud\/","title":{"rendered":"Sol\u00b7licitud"},"content":{"rendered":"<h2><b><span data-contrast=\"auto\">Creaci\u00f3 de nous llocs web<\/span><\/b><span data-ccp-props=\"{&quot;134233117&quot;:true,&quot;134233118&quot;:true,&quot;201341983&quot;:0,&quot;335559739&quot;:160,&quot;335559740&quot;:240}\">\u00a0<\/span><\/h2>\n<p><span data-contrast=\"auto\">La creaci\u00f3 de nous llocs web es gestiona a trav\u00e9s del LabWeb. Les peticions de nous webs s\u2019han d\u2019adre\u00e7ar a Desenvolupament Web mitjan\u00e7ant el seg\u00fcent formulari:<\/span><span data-ccp-props=\"{&quot;134233117&quot;:true,&quot;134233118&quot;:true,&quot;201341983&quot;:0,&quot;335559739&quot;:160,&quot;335559740&quot;:240}\">\u00a0<\/span><\/p>\n<h1 style=\"text-align: center;\"><a href=\"https:\/\/web.ub.edu\/web\/labweb\/sollicitud-web\" target=\"_blank\" rel=\"noopener noreferrer\">Sol\u00b7licitud de nou lloc web<\/a><\/h1>\n<p><span data-contrast=\"auto\">M\u00e9s informaci\u00f3: <\/span><a href=\"https:\/\/web.ub.edu\/web\/labweb\"><span data-contrast=\"none\">LabWeb<\/span><\/a><span data-ccp-props=\"{&quot;134233117&quot;:true,&quot;134233118&quot;:true,&quot;201341983&quot;:0,&quot;335559739&quot;:160,&quot;335559740&quot;:240}\">\u00a0<\/span><\/p>\n<h2><b><span data-contrast=\"auto\">Modificacions, baixes i consulta de sol\u00b7licituds del servei d\u2019hostatgeria web<\/span><\/b><span data-ccp-props=\"{&quot;134233117&quot;:true,&quot;134233118&quot;:true,&quot;201341983&quot;:0,&quot;335559739&quot;:160,&quot;335559740&quot;:240}\">\u00a0<\/span><\/h2>\n<p>Podeu\u00a0 demanar modificacions al vostre espai (canvi contrasenya, augment espai en disc, &#8230; ), demanar la baixa d&#8217;un espai web o consultar les vostres sol\u00b7licituds.<\/p>\n<h3 style=\"text-align: center;\"><span style=\"color: #3366ff;\"><span style=\"color: #3366ff;\"><a href=\"https:\/\/www.ub.edu\/gestioweb\/\" target=\"_blank\" rel=\"noopener noreferrer\">Fer Sol\u00b7licitud<\/a><\/span><\/span><\/h3>\n<p style=\"text-align: left;\">Consulteu les <a title=\"caracter\u00edstiques del servei\" href=\"https:\/\/www.ub.edu\/tecnicweb\/category\/caracteristiquesservei\/\">caracter\u00edstiques i condicions del servei<\/a><\/p>\n<h2>Recordeu<\/h2>\n<ul>\n<li><span style=\"color: #ff0000;\">No oblideu enviar la sol\u00b7licitud en format pdf, degudament signada digitalment, a l&#8217;adre\u00e7a de correu electr\u00f2nic infoweb@ub.edu.<br \/>\n<\/span><\/li>\n<li>Teniu m\u00e9s informaci\u00f3 de com signar documents pdf i una eina per fer-ho a:<\/li>\n<\/ul>\n<p style=\"padding-left: 80px;\"><a href=\"https:\/\/www.ub.edu\/signasuiteUB\/web\/signador.php\">https:\/\/www.ub.edu\/signasuiteUB\/web\/signador.php<\/a><\/p>\n<ul>\n<li>S&#8217;anul\u00b7laran totes les sol\u00b7licituds que en un pla\u00e7 de tres setmanes no arribin o que arribin sense la signatura.<\/li>\n<li>Un cop tramitada s&#8217;enviar\u00e0 un missatge electr\u00f2nic a totes les adreces de correu especificades en la sol\u00b7licitud. Tamb\u00e9 es podr\u00e0 consultar la sol\u00b7licitud des del web de sol\u00b7licituds web.<\/li>\n<li>En cas d&#8217;incid\u00e8ncia, problema o dubte en el proc\u00e9s de sol\u00b7licitud, podeu contactar amb <a href=\"mailto:pau@ub.edu\">pau@ub.edu<\/a><\/li>\n<\/ul>\n","protected":false},"excerpt":{"rendered":"<p>Creaci\u00f3 de nous llocs web\u00a0 La creaci\u00f3 de nous llocs web es gestiona a trav\u00e9s del LabWeb. Les peticions de nous webs s\u2019han d\u2019adre\u00e7ar a Desenvolupament Web mitjan\u00e7ant el seg\u00fcent formulari:\u00a0 Sol\u00b7licitud de nou lloc web M\u00e9s informaci\u00f3: LabWeb\u00a0 Modificacions, baixes i consulta de sol\u00b7licituds del servei d\u2019hostatgeria web\u00a0 Podeu\u00a0 demanar modificacions al vostre espai [&hellip;]<\/p>\n","protected":false},"author":2,"featured_media":0,"parent":0,"menu_order":0,"comment_status":"closed","ping_status":"closed","template":"","meta":{"footnotes":""},"class_list":["post-6","page","type-page","status-publish","hentry"],"_links":{"self":[{"href":"https:\/\/www.ub.edu\/tecnicweb\/wp-json\/wp\/v2\/pages\/6","targetHints":{"allow":["GET"]}}],"collection":[{"href":"https:\/\/www.ub.edu\/tecnicweb\/wp-json\/wp\/v2\/pages"}],"about":[{"href":"https:\/\/www.ub.edu\/tecnicweb\/wp-json\/wp\/v2\/types\/page"}],"author":[{"embeddable":true,"href":"https:\/\/www.ub.edu\/tecnicweb\/wp-json\/wp\/v2\/users\/2"}],"replies":[{"embeddable":true,"href":"https:\/\/www.ub.edu\/tecnicweb\/wp-json\/wp\/v2\/comments?post=6"}],"version-history":[{"count":48,"href":"https:\/\/www.ub.edu\/tecnicweb\/wp-json\/wp\/v2\/pages\/6\/revisions"}],"predecessor-version":[{"id":1703,"href":"https:\/\/www.ub.edu\/tecnicweb\/wp-json\/wp\/v2\/pages\/6\/revisions\/1703"}],"wp:attachment":[{"href":"https:\/\/www.ub.edu\/tecnicweb\/wp-json\/wp\/v2\/media?parent=6"}],"curies":[{"name":"wp","href":"https:\/\/api.w.org\/{rel}","templated":true}]}}