{"id":2116,"date":"2024-12-02T09:28:23","date_gmt":"2024-12-02T09:28:23","guid":{"rendered":"https:\/\/www.ub.edu\/terripoc\/?page_id=2116"},"modified":"2024-12-02T09:55:28","modified_gmt":"2024-12-02T09:55:28","slug":"seminari-permanent","status":"publish","type":"page","link":"https:\/\/www.ub.edu\/terripoc\/seminari-permanent\/","title":{"rendered":"Seminari permanent"},"content":{"rendered":"\t\t<div data-elementor-type=\"wp-page\" data-elementor-id=\"2116\" class=\"elementor elementor-2116\">\n\t\t\t\t\t\t<section class=\"elementor-section elementor-top-section elementor-element elementor-element-f31e56c elementor-section-boxed elementor-section-height-default elementor-section-height-default\" data-id=\"f31e56c\" data-element_type=\"section\">\n\t\t\t\t\t\t<div class=\"elementor-container elementor-column-gap-default\">\n\t\t\t\t\t<div class=\"elementor-column elementor-col-100 elementor-top-column elementor-element elementor-element-6198ffc\" data-id=\"6198ffc\" data-element_type=\"column\">\n\t\t\t<div class=\"elementor-widget-wrap elementor-element-populated\">\n\t\t\t\t\t\t<div class=\"elementor-element elementor-element-b75493a elementor-widget elementor-widget-text-editor\" data-id=\"b75493a\" data-element_type=\"widget\" data-widget_type=\"text-editor.default\">\n\t\t\t\t<div class=\"elementor-widget-container\">\n\t\t\t<style>\/*! elementor - v3.23.0 - 05-08-2024 *\/\n.elementor-widget-text-editor.elementor-drop-cap-view-stacked .elementor-drop-cap{background-color:#69727d;color:#fff}.elementor-widget-text-editor.elementor-drop-cap-view-framed .elementor-drop-cap{color:#69727d;border:3px solid;background-color:transparent}.elementor-widget-text-editor:not(.elementor-drop-cap-view-default) .elementor-drop-cap{margin-top:8px}.elementor-widget-text-editor:not(.elementor-drop-cap-view-default) .elementor-drop-cap-letter{width:1em;height:1em}.elementor-widget-text-editor .elementor-drop-cap{float:left;text-align:center;line-height:1;font-size:50px}.elementor-widget-text-editor .elementor-drop-cap-letter{display:inline-block}<\/style>        \t\t\t\t\t\t<div class=\"wrap\">\n\t\t\t<div class=\"container-fluid\">\r\n\r\n    <div id=\"app\">\r\n        <template>\r\n            <div v-if=\"is_loading\">Cargando<\/div>\r\n            <div v-else>\r\n                <div class=\"meetreunion-section\">\r\n                    <div v-show=\"!show_meet\">\r\n                        <form class=\"meetreunion-form\">\r\n                            <div class=\"form-group\">\r\n                                <label for=\"display_name\">Nombre<\/label>\r\n                                <input v-model=\"display_name\" type=\"text\" id=\"meetreunion-display_name\" name=\"display_name\">\r\n                                <small id=\"displayNameHelp\" class=\"form-text text-muted\">\r\n                                    Escribe tu nombre (opcional).                                <\/small>\r\n                            <\/div>\r\n\r\n                            <div class=\"form-group\">\r\n                                <label for=\"title\">C\u00f3digo<\/label>\r\n                                <input v-model=\"code\" type=\"text\" id=\"meetreunion-code\" name=\"code\">\r\n                                <small id=\"codeHelp\" class=\"form-text text-muted\">\r\n                                    Introduce tu c\u00f3digo de reuni\u00f3n                                <\/small>\r\n                            <\/div>\r\n\r\n                            <button @click.prevent=\"createJitsiMeet\" class=\"btn btn-primary\">\r\n                                Conectar                            <\/button>\r\n                        <\/form>\r\n                        <div class=\"error-message\" v-show=\"error\">\r\n                            {{ error_message }}\r\n                        <\/div>\r\n                    <\/div>\r\n                <\/div>\r\n                <hr>\r\n                <div v-show=\"show_mobile_info\">\r\n                    Desde un dispositivo m\u00f3vil, necesitar\u00e1s instalar la aplicaci\u00f3n de Jitsi                    <br>\r\n                    Enlace generado. Haz click en Go! para conectar.                    <a style=\"display: block;margin-top: 10px;\" class=\"button\" :href=\"mobile_connect_info\">\r\n                        Go!                    <\/a>\r\n                <\/div>\r\n                <div v-show=\"show_meet\" class=\"meetreunion-section\" id=\"meetreunion\">\r\n\r\n                <\/div>\r\n            <\/div>\r\n        <\/template>\r\n    <\/div>\r\n\r\n<\/div>\r\n\t\t<\/div>\n\t\t\t\t\t\t\t\t<\/div>\n\t\t\t\t<\/div>\n\t\t\t\t\t<\/div>\n\t\t<\/div>\n\t\t\t\t\t<\/div>\n\t\t<\/section>\n\t\t\t\t<\/div>\n\t\t","protected":false},"excerpt":{"rendered":"","protected":false},"author":18,"featured_media":0,"parent":0,"menu_order":0,"comment_status":"closed","ping_status":"closed","template":"elementor_theme","meta":{"_coblocks_attr":"","_coblocks_dimensions":"","_coblocks_responsive_height":"","_coblocks_accordion_ie_support":""},"_links":{"self":[{"href":"https:\/\/www.ub.edu\/terripoc\/wp-json\/wp\/v2\/pages\/2116"}],"collection":[{"href":"https:\/\/www.ub.edu\/terripoc\/wp-json\/wp\/v2\/pages"}],"about":[{"href":"https:\/\/www.ub.edu\/terripoc\/wp-json\/wp\/v2\/types\/page"}],"author":[{"embeddable":true,"href":"https:\/\/www.ub.edu\/terripoc\/wp-json\/wp\/v2\/users\/18"}],"replies":[{"embeddable":true,"href":"https:\/\/www.ub.edu\/terripoc\/wp-json\/wp\/v2\/comments?post=2116"}],"version-history":[{"count":10,"href":"https:\/\/www.ub.edu\/terripoc\/wp-json\/wp\/v2\/pages\/2116\/revisions"}],"predecessor-version":[{"id":2126,"href":"https:\/\/www.ub.edu\/terripoc\/wp-json\/wp\/v2\/pages\/2116\/revisions\/2126"}],"wp:attachment":[{"href":"https:\/\/www.ub.edu\/terripoc\/wp-json\/wp\/v2\/media?parent=2116"}],"curies":[{"name":"wp","href":"https:\/\/api.w.org\/{rel}","templated":true}]}}