{"id":6230,"date":"2015-04-06T21:39:05","date_gmt":"2015-04-06T21:39:05","guid":{"rendered":"http:\/\/www.ub.edu\/tfg\/?page_id=6230"},"modified":"2015-09-29T10:09:43","modified_gmt":"2015-09-29T10:09:43","slug":"resum","status":"publish","type":"page","link":"https:\/\/www.ub.edu\/tfg\/treball-escrit\/resum\/","title":{"rendered":"Resum"},"content":{"rendered":"<p>[vc_row][vc_column width=&#8221;1\/1&#8243;]<div class='wpb_text_column wpb_content_element '>\n\t\t<div class='wpb_wrapper'>\n\t\t\t<div class='panel panel-Gris'>\n\n\t\t\t\t\t<div class='panel-body'>Definici\u00f3<\/div>\n\n\t\t\t\t\t<div class='panel-footer'><p>El resum \u00e9s un text breu (d\u2019unes 250 paraules) que ha de condensar el contingut del treball. Ressalta els resultats o conclusions m\u00e9s importants o innovadors. L\u2019objectiu principal del resum \u00e9s que el lector del text s\u00e0piga qu\u00e8 hi trobar\u00e0.<\/p>\n<p>Els elements que el resum ha d&#8217;incloure s\u00f3n:<\/p>\n<p><span style=\"font-family: Arial Unicode MS, Lucida Grande;\">\u2714<\/span>Objectius principals<br \/>\n<span style=\"font-family: Arial Unicode MS, Lucida Grande;\">\u2714<\/span>Metodologia<br \/>\n<span style=\"font-family: Arial Unicode MS, Lucida Grande;\">\u2714<\/span>Resultats m\u00e9s importants<br \/>\n<span style=\"font-family: Arial Unicode MS, Lucida Grande;\">\u2714<\/span>Conclusions<\/p>\n<p>Despr\u00e9s del resum sempre hi ha d\u2019haver les <a href=\"https:\/\/www.ub.edu\/tfg\/treball-escrit\/paraules-clau\/\">paraules clau<\/a> (les que millor identifiquin els temes de qu\u00e8 tracta el treball). S&#8217;hauria de posar abans de l&#8217;\u00edndex i despr\u00e9s dels agra\u00efments, si n&#8217;hi ha. No s&#8217;ha de numerar la p\u00e0gina.<\/p>\n\n\t\t\t\t\t<!--<p>-->\n\t\t\t\t\t\t<!--<button type='button' class='btn btn-primary' data-toggle='modal' data-target='.bs-example-modal-lg'>Cub<\/button>-->\n\t\t\t\t\t\t<div class='row'>\n\t\t\t\t\t\t  \n\t\t\t\t\t\t  <div class='col-md-3 col-md-offset-9 col-sm-4 col-sm-offset-8 hidden-xs'>\n\t\t\t\t\t\t<a href='#myModal' role='button' class='btn' data-toggle='modal' data-target='.bs-example-modal-lg'><img src='\/tfg\/wp-content\/uploads\/2015\/05\/logo_criteris.png'\/><\/a>\n\t\t\t\t\t\t<\/div><\/div>\n\t\t\t\t\t\t<div id='myModal' class='modal fade bs-example-modal-lg' tabindex='-1' role='dialog' aria-labelledby='ModalSolucio' aria-hidden='true'>\n\t\t\t\t\t\t\t<!--<div class='modal-dialog modal-lg'>--><div class='modal-dialog' style='width:1012px;'>\n\t\t\t\t\t\t\t\t<div class='modal-content'>\n\t\t\t\t\t\t\t\t\t<div class='modal-header'>\n\t\t\t\t\t\t\t\t\t\t<button type='button' class='close' data-dismiss='modal' aria-label='Close'><span aria-hidden='true'>&times;<\/span><\/button>\n\t\t\t\t\t\t\t\t\t\t<h4 class='modal-title' id='gridSystemModalLabel'>Criteris<\/h4>\n\t\t\t\t\t\t\t\t\t<\/div>\n\t\t\t\t\t\t\t\t\t<iframe src='http:\/\/www.ub.edu\/cub\/criteri.php?id=285' style='zoom:0.60' frameborder='0' height='1250' width='99.6%' allowfullscreen><\/iframe>\n\t\t\t\t\t\t\t\t<\/div>\n\t\t\t\t\t\t\t<\/div>\n\t\t\t\t\t\t<\/div>\n\t\t\t\t\t<\/div>\n\t\t\t\t<\/div>\n\t\t\t<\/div>\n\t\t\t<\/div><div class='wpb_text_column wpb_content_element '>\n\t\t\t<div class='wpb_wrapper'>\n\t\t\t\t<div class='panel panel-Vermell'>\n\n\t\t\t\t\t<div class='panel-body'>Activitat 1<\/div>\n\n\t\t\t\t\t<div class='panel-footer'><p><strong>En quines lleng\u00fces s\u2019ha de redactar el resum? I les paraules clau?<\/strong><\/p>\n<\/div>\n\t\t\t\t<\/div>\n\t\t\t<\/div>\n\t\t<\/div><div class='wpb_text_column wpb_content_element'>\n\t\t\t<div class='wpb_wrapper'>\n\t\t\t\t<div class='panel panel-Verd clickable'>\n\n\t\t\t\t<div class='panel-body collapsed' data-toggle='collapse' data-target='#demo-1647655725' aria-expanded='false'>Soluci\u00f3 1<\/div>\n\t\t\t\t\n\t\t\t\t<div id='demo-1647655725' class='panel-footer collapse'><p>Catal\u00e0 o espanyol i angl\u00e8s.<\/p>\n<p>Es recomana redactar en una de les lleng\u00fces oficials de la UB (catal\u00e0 i espanyol) i en angl\u00e8s, llengua que s\u2019ha usat tradicionalment per a la documentaci\u00f3 de recerca. En cas que el treball es redacti en una llengua diferent del catal\u00e0 o espanyol, s\u2019ha de fer el resum en la llengua de redacci\u00f3 i en una de les oficials de la UB.<\/p>\n<p>Les paraules clau s\u2019han d\u2019escriure en la mateixa llengua en qu\u00e8 es fa el resum.<\/p>\n\n\t\t\t\t<\/div>\n\t\t\t<\/div>\n\t\t<\/div>\n\t\t<\/div><div class='wpb_text_column wpb_content_element '>\n\t\t\t<div class='wpb_wrapper'>\n\t\t\t\t<div class='panel panel-Vermell'>\n\n\t\t\t\t\t<div class='panel-body'>Activitat 2<\/div>\n\n\t\t\t\t\t<div class='panel-footer'><p><strong>A continuaci\u00f3 us presentem un resum (o <em>abstract<\/em>) sobre el tema Les concepcions err\u00f2nies de les vacunes. La progressi\u00f3 d\u2019idees en el text no segueix una ordenaci\u00f3 l\u00f2gica de la informaci\u00f3.<\/strong><\/p>\n<p><strong>Podr\u00edeu ordenar el text amb l\u2019esquema que us proposem?<\/strong><\/p>\n<p><strong>Esquema<\/strong><\/p>\n<p><strong>1. Introducci\u00f3 al tema<\/strong><\/p>\n<p><strong>2. Informaci\u00f3 complement\u00e0ria<\/strong><\/p>\n<p><strong>3. Plantejament de la tesi central<\/strong><\/p>\n<p><strong>4. Objectiu de l\u2019estudi<\/strong><\/p>\n<p>&nbsp;<\/p>\n<p>a) La vacunaci\u00f3 constitueix una de les mesures sanit\u00e0ries que m\u00e9s benefici ha comportat per a la humanitat, i ho continua fent. Les vacunes ajuden a prevenir malalties que abans causaven grans epid\u00e8mies, morts i seq\u00fceles. El benefici \u00e9s tant per a les persones vacunades com per a les no vacunades, susceptibles de patir la malaltia.<\/p>\n<p>b) No obstant aix\u00f2, en els \u00faltims anys ha anat creixent una ombra negra que intenta atacar l&#8217;efic\u00e0cia i la utilitat de les vacunes. De fet, com m\u00e9s evident \u00e9s la import\u00e0ncia de les vacunes que es facin individualment i col\u00b7lectivament, i m\u00e9s clar i objectiu \u00e9s el seu benefici, major \u00e9s la preocupaci\u00f3 pels efectes adversos, i no pas per l&#8217;aplicaci\u00f3 que poden comportar. En part, aix\u00f2 \u00e9s perqu\u00e8 la societat, cada cop m\u00e9s informada i exigent, q\u00fcestiona els possibles efectes secundaris associats a les immunitzacions.<\/p>\n<p>c) \u00c9s per aquests motius que cada vegada \u00e9s m\u00e9s important mantenir la poblaci\u00f3 informada sobre els beneficis i efectes esperats de l\u2019aplicaci\u00f3 de les vacunes, per tal d\u2019allunyar els rumors i mites que giren entorn dels efectes adversos mal fonamentats.<\/p>\n<p>d) De fet, la vacunaci\u00f3 est\u00e0 reconeguda com una de les estrat\u00e8gies sanit\u00e0ries amb m\u00e9s impacte sobre la salut. Les vacunes han estat una aportaci\u00f3 fonamental per controlar i, fins i tot, eradicar certes malalties i, per tant, un pas gegant en el camp de la medicina.<\/p>\n<p class=\"small\">FONT: <span style=\"font-variant: small-caps;\">Aguilar Palma<\/span>, Elisabet; <span style=\"font-variant: small-caps;\">C\u00e9lard<\/span>, No\u00e9mie; <span style=\"font-variant: small-caps;\">Enjuanes Brualla<\/span>, Montse; <span style=\"font-variant: small-caps;\">Gen\u00eds Pujol<\/span>, N\u00faria. Concepcions err\u00f2nies de les vacunes [en l\u00ednia]. Barcelona: Universitat de Barcelona, 2012. <a href=\"http:\/\/diposit.ub.edu\/dspace\/handle\/2445\/29342\">http:\/\/diposit.ub.edu\/dspace\/handle\/2445\/29342<\/a>.<\/p>\n<\/div>\n\t\t\t\t<\/div>\n\t\t\t<\/div>\n\t\t<\/div><div class='wpb_text_column wpb_content_element'>\n\t\t\t<div class='wpb_wrapper'>\n\t\t\t\t<div class='panel panel-Verd clickable'>\n\n\t\t\t\t<div class='panel-body collapsed' data-toggle='collapse' data-target='#demo-982874872' aria-expanded='false'>Soluci\u00f3 2<\/div>\n\t\t\t\t\n\t\t\t\t<div id='demo-982874872' class='panel-footer collapse'><p><strong>(Introducci\u00f3 al tema)<\/strong><\/p>\n<p>La vacunaci\u00f3 constitueix una de les mesures sanit\u00e0ries que m\u00e9s benefici ha comportat per a la humanitat, i ho continua fent. Les vacunes ajuden a prevenir malalties que abans causaven grans epid\u00e8mies, morts i seq\u00fceles. El benefici \u00e9s tant per a les persones vacunades com per les no vacunades, susceptibles de patir la malaltia.<\/p>\n<p><strong>(Informaci\u00f3 complement\u00e0ria)<\/strong><\/p>\n<p>De fet, la vacunaci\u00f3 est\u00e0 reconeguda com una de les estrat\u00e8gies sanit\u00e0ries amb m\u00e9s impacte sobre la salut. Les vacunes han estat una aportaci\u00f3 fonamental per controlar i, fins i tot, eradicar certes malalties i, per tant, un pas gegant en el camp de la medicina.<\/p>\n<p><strong>(<strong>Plantejament tesi central)<\/strong><\/strong><\/p>\n<p>No obstant aix\u00f2, en els \u00faltims anys ha anat creixent una ombra negra que intenta atacar l&#8217;efic\u00e0cia i la utilitat de les vacunes. De fet, com m\u00e9s evident \u00e9s la import\u00e0ncia de les vacunes que es facin individualment i col\u00b7lectivament, i m\u00e9s clar i objectiu \u00e9s el seu benefici, major \u00e9s la preocupaci\u00f3 pels efectes adversos, i no pas per l&#8217;aplicaci\u00f3 que poden comportar. En part, aix\u00f2 \u00e9s perqu\u00e8 la societat, cada cop m\u00e9s informada i exigent, q\u00fcestiona els possibles efectes secundaris associats a les immunitzacions.<\/p>\n<p><strong>(Objectiu del treball)<\/strong><\/p>\n<p>\u00c9s per aquests motius que cada vegada \u00e9s m\u00e9s important mantenir la poblaci\u00f3 informada sobre els beneficis i efectes esperats de l&#8217;aplicaci\u00f3 de les vacunes, per tal d&#8217;allunyar els rumors i mites que giren entorn a efectes adversos mal fonamentats.<\/p>\n\n\t\t\t\t<\/div>\n\t\t\t<\/div>\n\t\t<\/div>\n\t\t<\/div>[\/vc_column][\/vc_row]<\/p>\n","protected":false},"excerpt":{"rendered":"<p>[vc_row][vc_column width=&#8221;1\/1&#8243;][\/vc_column][\/vc_row]<\/p>\n","protected":false},"author":4,"featured_media":0,"parent":6086,"menu_order":0,"comment_status":"closed","ping_status":"open","template":"page-fullwidth.php","meta":{"_mi_skip_tracking":false},"_links":{"self":[{"href":"https:\/\/www.ub.edu\/tfg\/wp-json\/wp\/v2\/pages\/6230"}],"collection":[{"href":"https:\/\/www.ub.edu\/tfg\/wp-json\/wp\/v2\/pages"}],"about":[{"href":"https:\/\/www.ub.edu\/tfg\/wp-json\/wp\/v2\/types\/page"}],"author":[{"embeddable":true,"href":"https:\/\/www.ub.edu\/tfg\/wp-json\/wp\/v2\/users\/4"}],"replies":[{"embeddable":true,"href":"https:\/\/www.ub.edu\/tfg\/wp-json\/wp\/v2\/comments?post=6230"}],"version-history":[{"count":27,"href":"https:\/\/www.ub.edu\/tfg\/wp-json\/wp\/v2\/pages\/6230\/revisions"}],"predecessor-version":[{"id":7389,"href":"https:\/\/www.ub.edu\/tfg\/wp-json\/wp\/v2\/pages\/6230\/revisions\/7389"}],"up":[{"embeddable":true,"href":"https:\/\/www.ub.edu\/tfg\/wp-json\/wp\/v2\/pages\/6086"}],"wp:attachment":[{"href":"https:\/\/www.ub.edu\/tfg\/wp-json\/wp\/v2\/media?parent=6230"}],"curies":[{"name":"wp","href":"https:\/\/api.w.org\/{rel}","templated":true}]}}