{"id":6380,"date":"2015-04-10T20:07:08","date_gmt":"2015-04-10T20:07:08","guid":{"rendered":"http:\/\/www.ub.edu\/tfg\/?page_id=6380"},"modified":"2015-09-17T11:46:37","modified_gmt":"2015-09-17T11:46:37","slug":"index","status":"publish","type":"page","link":"https:\/\/www.ub.edu\/tfg\/treball-escrit\/index\/","title":{"rendered":"\u00cdndex"},"content":{"rendered":"<p>[vc_row][vc_column width=&#8221;1\/1&#8243;]<div class='wpb_text_column wpb_content_element '>\n\t\t<div class='wpb_wrapper'>\n\t\t\t<div class='panel panel-Gris'>\n\n\t\t\t\t\t<div class='panel-body'>Definici\u00f3<\/div>\n\n\t\t\t\t\t<div class='panel-footer'><p>L\u2019\u00edndex o sumari recull els t\u00edtols de les diferents parts d\u2019un document (parts, cap\u00edtols, apartats, subapartats, etc.), precedits de la numeraci\u00f3 corresponent, si \u00e9s el cas, i seguits de la indicaci\u00f3 de p\u00e0gina.<\/p>\n<p>Heu de tenir present que:<\/p>\n<ol>\n<li>Es recomana que l\u2019\u00edndex se situ\u00ef al comen\u00e7ament del treball, abans de la introducci\u00f3.<\/li>\n<li>Els agra\u00efments i el resum van abans de l&#8217;\u00edndex i no han d&#8217;apar\u00e8ixer com a parts a l&#8217;\u00edndex.<\/li>\n<li>La p\u00e0gina de l&#8217;\u00edndex s&#8217;ha de numerar. Cal tenir en compte que les p\u00e0gines anteriors (arga\u00efments i resum), tot i no estar numerades, s&#8217;han de comptar.<\/li>\n<li>A l&#8217;\u00edndex, no s&#8217;ha de posar &#8220;p\u00e0g.&#8221; a davant de cada n\u00famero de p\u00e0gina (p\u00e0g. 1, p\u00e0g. 2, p\u00e0g. 10, etc.). Nom\u00e9s s&#8217;ha de posar el n\u00famero, no s&#8217;hi ha d&#8217;incloure l&#8217;abreviatura.<\/li>\n<li>Normalment tots els t\u00edtols s\u2019escriuen en min\u00fascula i nom\u00e9s la inicial en maj\u00fascula, i amb el mateix cos de lletra.<\/li>\n<li>S&#8217;ha de marcar la jerarquitzaci\u00f3 dels elements de manera l\u00f2gica i coherent mitjan\u00e7ant la numeraci\u00f3 i els recursos tipogr\u00e0fics.<\/li>\n<li>Els t\u00edtols es poden sagnar seguint la <a href=\"http:\/\/www.ub.edu\/criteris-cub\/criteri.php?id=2500#2500\">numeraci\u00f3 dels apartats<\/a> del document.<\/li>\n<li>Els t\u00edtols de l\u2019\u00edndex han de coincidir amb els dels diferents apartats de l\u2019interior del treball.<\/li>\n<li>Entre els t\u00edtols i els n\u00fameros de p\u00e0gina pot haver-hi una l\u00ednia de punts.<\/li>\n<\/ol>\n\n\t\t\t\t\t<!--<p>-->\n\t\t\t\t\t\t<!--<button type='button' class='btn btn-primary' data-toggle='modal' data-target='.bs-example-modal-lg'>Cub<\/button>-->\n\t\t\t\t\t\t<div class='row'>\n\t\t\t\t\t\t  \n\t\t\t\t\t\t  <div class='col-md-3 col-md-offset-9 col-sm-4 col-sm-offset-8 hidden-xs'>\n\t\t\t\t\t\t<a href='#myModal' role='button' class='btn' data-toggle='modal' data-target='.bs-example-modal-lg'><img src='\/tfg\/wp-content\/uploads\/2015\/05\/logo_criteris.png'\/><\/a>\n\t\t\t\t\t\t<\/div><\/div>\n\t\t\t\t\t\t<div id='myModal' class='modal fade bs-example-modal-lg' tabindex='-1' role='dialog' aria-labelledby='ModalSolucio' aria-hidden='true'>\n\t\t\t\t\t\t\t<!--<div class='modal-dialog modal-lg'>--><div class='modal-dialog' style='width:1012px;'>\n\t\t\t\t\t\t\t\t<div class='modal-content'>\n\t\t\t\t\t\t\t\t\t<div class='modal-header'>\n\t\t\t\t\t\t\t\t\t\t<button type='button' class='close' data-dismiss='modal' aria-label='Close'><span aria-hidden='true'>&times;<\/span><\/button>\n\t\t\t\t\t\t\t\t\t\t<h4 class='modal-title' id='gridSystemModalLabel'>Criteris<\/h4>\n\t\t\t\t\t\t\t\t\t<\/div>\n\t\t\t\t\t\t\t\t\t<iframe src='http:\/\/www.ub.edu\/cub\/criteri.php?id=1328' style='zoom:0.60' frameborder='0' height='1250' width='99.6%' allowfullscreen><\/iframe>\n\t\t\t\t\t\t\t\t<\/div>\n\t\t\t\t\t\t\t<\/div>\n\t\t\t\t\t\t<\/div>\n\t\t\t\t\t<\/div>\n\t\t\t\t<\/div>\n\t\t\t<\/div>\n\t\t\t<\/div><div class='wpb_text_column wpb_content_element '>\n\t\t\t<div class='wpb_wrapper'>\n\t\t\t\t<div class='panel panel-Vermell'>\n\n\t\t\t\t\t<div class='panel-body'>Activitat<\/div>\n\n\t\t\t\t\t<div class='panel-footer'><p><strong>Com es podria millorar aquest \u00edndex?<\/strong><\/p>\n<p><img loading=\"lazy\" class=\" size-full wp-image-6417 aligncenter\" src=\"https:\/\/www.ub.edu\/tfg\/wp-content\/uploads\/2015\/04\/index-activitat.jpg\" alt=\"index-activitat\" width=\"686\" height=\"749\" srcset=\"https:\/\/www.ub.edu\/tfg\/wp-content\/uploads\/2015\/04\/index-activitat.jpg 686w, https:\/\/www.ub.edu\/tfg\/wp-content\/uploads\/2015\/04\/index-activitat-275x300.jpg 275w\" sizes=\"(max-width: 686px) 100vw, 686px\" \/><\/p>\n<\/div>\n\t\t\t\t<\/div>\n\t\t\t<\/div>\n\t\t<\/div><div class='wpb_text_column wpb_content_element'>\n\t\t\t<div class='wpb_wrapper'>\n\t\t\t\t<div class='panel panel-Verd clickable'>\n\n\t\t\t\t<div class='panel-body collapsed' data-toggle='collapse' data-target='#demo-2075280884' aria-expanded='false'>Soluci\u00f3<\/div>\n\t\t\t\t\n\t\t\t\t<div id='demo-2075280884' class='panel-footer collapse'><p>Aquest \u00edndex seria adequat si hi hagu\u00e9s coher\u00e8ncia en la numeraci\u00f3 dels subapartats. Tamb\u00e9 si no estiguessin subratllats els n\u00fameros de les p\u00e0gines.<\/p>\n\n\t\t\t\t<\/div>\n\t\t\t<\/div>\n\t\t<\/div>\n\t\t<\/div>[\/vc_column][\/vc_row]<\/p>\n","protected":false},"excerpt":{"rendered":"<p>[vc_row][vc_column width=&#8221;1\/1&#8243;][\/vc_column][\/vc_row]<\/p>\n","protected":false},"author":4,"featured_media":0,"parent":6086,"menu_order":0,"comment_status":"closed","ping_status":"open","template":"page-fullwidth.php","meta":{"_mi_skip_tracking":false},"_links":{"self":[{"href":"https:\/\/www.ub.edu\/tfg\/wp-json\/wp\/v2\/pages\/6380"}],"collection":[{"href":"https:\/\/www.ub.edu\/tfg\/wp-json\/wp\/v2\/pages"}],"about":[{"href":"https:\/\/www.ub.edu\/tfg\/wp-json\/wp\/v2\/types\/page"}],"author":[{"embeddable":true,"href":"https:\/\/www.ub.edu\/tfg\/wp-json\/wp\/v2\/users\/4"}],"replies":[{"embeddable":true,"href":"https:\/\/www.ub.edu\/tfg\/wp-json\/wp\/v2\/comments?post=6380"}],"version-history":[{"count":19,"href":"https:\/\/www.ub.edu\/tfg\/wp-json\/wp\/v2\/pages\/6380\/revisions"}],"predecessor-version":[{"id":7382,"href":"https:\/\/www.ub.edu\/tfg\/wp-json\/wp\/v2\/pages\/6380\/revisions\/7382"}],"up":[{"embeddable":true,"href":"https:\/\/www.ub.edu\/tfg\/wp-json\/wp\/v2\/pages\/6086"}],"wp:attachment":[{"href":"https:\/\/www.ub.edu\/tfg\/wp-json\/wp\/v2\/media?parent=6380"}],"curies":[{"name":"wp","href":"https:\/\/api.w.org\/{rel}","templated":true}]}}