{"id":6513,"date":"2015-04-14T15:46:43","date_gmt":"2015-04-14T15:46:43","guid":{"rendered":"http:\/\/www.ub.edu\/tfg\/?page_id=6513"},"modified":"2015-06-29T10:23:03","modified_gmt":"2015-06-29T10:23:03","slug":"seguretat","status":"publish","type":"page","link":"https:\/\/www.ub.edu\/tfg\/presentacio-oral\/seguretat\/","title":{"rendered":"Seguretat"},"content":{"rendered":"<p>[vc_row][vc_column width=&#8221;1\/1&#8243;]<div class='wpb_text_column wpb_content_element '>\n\t\t\t<div class='wpb_wrapper'>\n\t\t\t\t<div class='panel panel-Gris'>\n\n\t\t\t\t\t<div class='panel-body'>Transmissi\u00f3 de la mat\u00e8ria amb seguretat<\/div>\n\n\t\t\t\t\t<div class='panel-footer'><ul>\n<li>Mostreu-vos serens i sense nervis per transmetre a l\u2019auditori un discurs rigor\u00f3s i eficient.<\/li>\n<li>Tingueu en compte tots els elements del llenguatge no verbal i verbal per denotar seguretat: el contacte visual, la gestualitat, la postura, el ritme i el discurs que us heu preparat.<\/li>\n<li>Aprofiteu l&#8217;espai de l&#8217;escenari de qu\u00e8 disposeu per tal de no quedar-vos quiets a la mateixa zona tota l&#8217;estona ni protegits darrere la taula.<\/li>\n<li>Demostreu que la informaci\u00f3 que oferiu \u00e9s fiable i segura. Citeu els documents de refer\u00e8ncia, si cal.<\/li>\n<li>Prepareu-vos les preguntes que creieu que us poden plantejar sobre el treball. Responeu a preguntes imprevistes amb seguretat i amb el mateix grau de formalitat que la resta de presentaci\u00f3 del TFG.<\/li>\n<\/ul>\n<\/div>\n\t\t\t\t<\/div>\n\t\t\t<\/div>\n\t\t<\/div>[\/vc_column][\/vc_row][vc_row][vc_column width=&#8221;1\/12&#8243;][\/vc_column][vc_column width=&#8221;5\/6&#8243;][vc_row_inner css=&#8221;.vc_custom_1432118401363{margin: 15px !important;}&#8221;][vc_column_inner width=&#8221;1\/2&#8243; css=&#8221;.vc_custom_1432118512253{margin-top: 15px !important;}&#8221;][vc_column_text]<strong>Presentaci\u00f3 oral amb actitud segura<br \/>\n<\/strong>[\/vc_column_text][vc_column_text]<\/p>\n<div class=\"video-container\"><iframe loading=\"lazy\" src=\"https:\/\/www.youtube.com\/embed\/IXN24kBo8us?rel=0\" width=\"100%\" height=\"auto\" frameborder=\"0\" allowfullscreen=\"allowfullscreen\"><\/iframe><\/div>\n<p>[\/vc_column_text][vc_column_text][\/vc_column_text][\/vc_column_inner][vc_column_inner width=&#8221;1\/2&#8243; css=&#8221;.vc_custom_1432118452557{margin-top: 15px !important;}&#8221;][vc_column_text]<strong>Presentaci\u00f3 oral amb problemes de seguretat<br \/>\n<\/strong>[\/vc_column_text][vc_column_text]<\/p>\n<div class=\"video-container\"><iframe loading=\"lazy\" src=\"https:\/\/www.youtube.com\/embed\/5lQnje1F7Ks?rel=0\" width=\"100%\" height=\"auto\" frameborder=\"0\" allowfullscreen=\"allowfullscreen\"><\/iframe><\/div>\n<p>[\/vc_column_text][\/vc_column_inner][\/vc_row_inner][\/vc_column][vc_column width=&#8221;1\/12&#8243;][\/vc_column][\/vc_row][vc_row][vc_column width=&#8221;1\/1&#8243;][vc_column_text][El discurs \u00e9s real i pot contenir errors ling\u00fc\u00edstics.][\/vc_column_text][\/vc_column][\/vc_row]<\/p>\n","protected":false},"excerpt":{"rendered":"<p>[vc_row][vc_column width=&#8221;1\/1&#8243;][\/vc_column][\/vc_row][vc_row][vc_column width=&#8221;1\/12&#8243;][\/vc_column][vc_column width=&#8221;5\/6&#8243;][vc_row_inner css=&#8221;.vc_custom_1432118401363{margin: 15px !important;}&#8221;][vc_column_inner width=&#8221;1\/2&#8243; css=&#8221;.vc_custom_1432118512253{margin-top: 15px !important;}&#8221;][vc_column_text]Presentaci\u00f3 oral amb actitud segura [\/vc_column_text][vc_column_text] [\/vc_column_text][vc_column_text][\/vc_column_text][\/vc_column_inner][vc_column_inner width=&#8221;1\/2&#8243; css=&#8221;.vc_custom_1432118452557{margin-top: 15px !important;}&#8221;][vc_column_text]Presentaci\u00f3 oral amb problemes de seguretat [\/vc_column_text][vc_column_text] [\/vc_column_text][\/vc_column_inner][\/vc_row_inner][\/vc_column][vc_column width=&#8221;1\/12&#8243;][\/vc_column][\/vc_row][vc_row][vc_column width=&#8221;1\/1&#8243;][vc_column_text][El discurs \u00e9s real i pot contenir errors ling\u00fc\u00edstics.][\/vc_column_text][\/vc_column][\/vc_row]<\/p>\n","protected":false},"author":4,"featured_media":0,"parent":6535,"menu_order":0,"comment_status":"closed","ping_status":"open","template":"page-fullwidth.php","meta":{"_mi_skip_tracking":false},"_links":{"self":[{"href":"https:\/\/www.ub.edu\/tfg\/wp-json\/wp\/v2\/pages\/6513"}],"collection":[{"href":"https:\/\/www.ub.edu\/tfg\/wp-json\/wp\/v2\/pages"}],"about":[{"href":"https:\/\/www.ub.edu\/tfg\/wp-json\/wp\/v2\/types\/page"}],"author":[{"embeddable":true,"href":"https:\/\/www.ub.edu\/tfg\/wp-json\/wp\/v2\/users\/4"}],"replies":[{"embeddable":true,"href":"https:\/\/www.ub.edu\/tfg\/wp-json\/wp\/v2\/comments?post=6513"}],"version-history":[{"count":56,"href":"https:\/\/www.ub.edu\/tfg\/wp-json\/wp\/v2\/pages\/6513\/revisions"}],"predecessor-version":[{"id":6670,"href":"https:\/\/www.ub.edu\/tfg\/wp-json\/wp\/v2\/pages\/6513\/revisions\/6670"}],"up":[{"embeddable":true,"href":"https:\/\/www.ub.edu\/tfg\/wp-json\/wp\/v2\/pages\/6535"}],"wp:attachment":[{"href":"https:\/\/www.ub.edu\/tfg\/wp-json\/wp\/v2\/media?parent=6513"}],"curies":[{"name":"wp","href":"https:\/\/api.w.org\/{rel}","templated":true}]}}