{"id":6515,"date":"2015-04-15T11:40:58","date_gmt":"2015-04-15T11:40:58","guid":{"rendered":"http:\/\/www.ub.edu\/tfg\/?page_id=6515"},"modified":"2015-06-11T15:13:21","modified_gmt":"2015-06-11T15:13:21","slug":"adequacio","status":"publish","type":"page","link":"https:\/\/www.ub.edu\/tfg\/presentacio-oral\/adequacio\/","title":{"rendered":"Adequaci\u00f3"},"content":{"rendered":"<p>[vc_row][vc_column width=&#8221;1\/1&#8243;]<div class='wpb_text_column wpb_content_element '>\n\t\t\t<div class='wpb_wrapper'>\n\t\t\t\t<div class='panel panel-Gris'>\n\n\t\t\t\t\t<div class='panel-body'>Correspond\u00e8ncia del grau de formalitat i l'adequaci\u00f3 amb l'objectiu comunicatiu <\/div>\n\n\t\t\t\t\t<div class='panel-footer'><ul>\n<li>Mantingueu el grau formalitat al llarg del discurs. Feu que l&#8217;exposici\u00f3 oral sigui adequada al nivell que requereix la presentaci\u00f3 del TFG i al coneixement de la mat\u00e8ria que tingui l\u2019audi\u00e8ncia.<\/li>\n<li>Escolliu el l\u00e8xic m\u00e9s adient segons el tema i eviteu les frases llargues dif\u00edcils de seguir.<\/li>\n<li>Eviteu els mots crossa (<em>doncs, si, eh, d\u2019acord<\/em>, etc.) o coixins fon\u00e8tics (<em>mmm, aaaa,<\/em> etc.) que fan que la presentaci\u00f3 perdi formalitat.<\/li>\n<\/ul>\n<\/div>\n\t\t\t\t<\/div>\n\t\t\t<\/div>\n\t\t<\/div>[\/vc_column][\/vc_row][vc_row][vc_column width=&#8221;1\/12&#8243;][\/vc_column][vc_column width=&#8221;5\/6&#8243;][vc_row_inner][vc_column_inner width=&#8221;1\/2&#8243;][vc_column_text]<strong>Presentaci\u00f3 amb un discurs adequat<\/strong>[\/vc_column_text][vc_column_text]<\/p>\n<div class=\"video-container\"><iframe loading=\"lazy\" src=\"https:\/\/www.youtube.com\/embed\/oYhdhGQExfw?rel=0\" width=\"100%\" height=\"auto\" frameborder=\"0\" allowfullscreen=\"allowfullscreen\"><\/iframe><\/div>\n<p>[\/vc_column_text][vc_column_text][\/vc_column_text][\/vc_column_inner][vc_column_inner width=&#8221;1\/2&#8243;][vc_column_text]<strong>Presentaci\u00f3 amb un discurs inadequat<\/strong>[\/vc_column_text][vc_column_text]<\/p>\n<div class=\"video-container\"><iframe loading=\"lazy\" src=\"https:\/\/www.youtube.com\/embed\/EHm-5o3Rd4U?rel=0\" width=\"100%\" height=\"auto\" frameborder=\"0\" allowfullscreen=\"allowfullscreen\"><\/iframe><\/div>\n<p>[\/vc_column_text][vc_column_text][\/vc_column_text][\/vc_column_inner][\/vc_row_inner][vc_column_text]El grau de formalitat i terminologia es mantenen al llarg del discurs, per\u00f2 s\u2019utilitzen mots crossa i coixins fon\u00e8tics.[\/vc_column_text][vc_column_text][El discurs \u00e9s real i pot contenir errors ling\u00fc\u00edstics.][\/vc_column_text][\/vc_column][vc_column width=&#8221;1\/12&#8243;][\/vc_column][\/vc_row]<\/p>\n","protected":false},"excerpt":{"rendered":"<p>[vc_row][vc_column width=&#8221;1\/1&#8243;][\/vc_column][\/vc_row][vc_row][vc_column width=&#8221;1\/12&#8243;][\/vc_column][vc_column width=&#8221;5\/6&#8243;][vc_row_inner][vc_column_inner width=&#8221;1\/2&#8243;][vc_column_text]Presentaci\u00f3 amb un discurs adequat[\/vc_column_text][vc_column_text] [\/vc_column_text][vc_column_text][\/vc_column_text][\/vc_column_inner][vc_column_inner width=&#8221;1\/2&#8243;][vc_column_text]Presentaci\u00f3 amb un discurs inadequat[\/vc_column_text][vc_column_text] [\/vc_column_text][vc_column_text][\/vc_column_text][\/vc_column_inner][\/vc_row_inner][vc_column_text]El grau de formalitat i terminologia es mantenen al llarg del discurs, per\u00f2 s\u2019utilitzen mots crossa i coixins fon\u00e8tics.[\/vc_column_text][vc_column_text][El discurs \u00e9s real i pot contenir errors ling\u00fc\u00edstics.][\/vc_column_text][\/vc_column][vc_column width=&#8221;1\/12&#8243;][\/vc_column][\/vc_row]<\/p>\n","protected":false},"author":4,"featured_media":0,"parent":6535,"menu_order":0,"comment_status":"closed","ping_status":"open","template":"page-fullwidth.php","meta":{"_mi_skip_tracking":false},"_links":{"self":[{"href":"https:\/\/www.ub.edu\/tfg\/wp-json\/wp\/v2\/pages\/6515"}],"collection":[{"href":"https:\/\/www.ub.edu\/tfg\/wp-json\/wp\/v2\/pages"}],"about":[{"href":"https:\/\/www.ub.edu\/tfg\/wp-json\/wp\/v2\/types\/page"}],"author":[{"embeddable":true,"href":"https:\/\/www.ub.edu\/tfg\/wp-json\/wp\/v2\/users\/4"}],"replies":[{"embeddable":true,"href":"https:\/\/www.ub.edu\/tfg\/wp-json\/wp\/v2\/comments?post=6515"}],"version-history":[{"count":10,"href":"https:\/\/www.ub.edu\/tfg\/wp-json\/wp\/v2\/pages\/6515\/revisions"}],"predecessor-version":[{"id":7144,"href":"https:\/\/www.ub.edu\/tfg\/wp-json\/wp\/v2\/pages\/6515\/revisions\/7144"}],"up":[{"embeddable":true,"href":"https:\/\/www.ub.edu\/tfg\/wp-json\/wp\/v2\/pages\/6535"}],"wp:attachment":[{"href":"https:\/\/www.ub.edu\/tfg\/wp-json\/wp\/v2\/media?parent=6515"}],"curies":[{"name":"wp","href":"https:\/\/api.w.org\/{rel}","templated":true}]}}