{"id":6535,"date":"2015-04-16T13:44:54","date_gmt":"2015-04-16T13:44:54","guid":{"rendered":"http:\/\/www.ub.edu\/tfg\/?page_id=6535"},"modified":"2020-03-19T11:05:22","modified_gmt":"2020-03-19T11:05:22","slug":"presentacio-oral","status":"publish","type":"page","link":"https:\/\/www.ub.edu\/tfg\/presentacio-oral\/","title":{"rendered":"Presentaci\u00f3 oral"},"content":{"rendered":"<p>[vc_row][vc_column width=&#8221;1\/1&#8243;][vc_accordion collapsible=&#8221;yes&#8221; disable_keyboard=&#8221;&#8221; el_class=&#8221;presentacioOral&#8221; title=&#8221; &#8221; active_tab=&#8221; &#8220;][vc_accordion_tab title=&#8221;Orientacions -NOUS V\u00cdDEOS-&#8220;][vc_message message_box_style=&#8221;standard&#8221; style=&#8221;rounded&#8221; message_box_color=&#8221;violet&#8221; icon_type=&#8221;fontawesome&#8221; icon_fontawesome=&#8221;fa fa-file-video-o&#8221; icon_openiconic=&#8221;vc-oi vc-oi-dial&#8221; icon_typicons=&#8221;typcn typcn-adjust-brightness&#8221; icon_entypo=&#8221;entypo-icon entypo-icon-note&#8221; icon_linecons=&#8221;vc_li vc_li-heart&#8221; icon_pixelicons=&#8221;vc_pixel_icon vc_pixel_icon-alert&#8221;]<a href=\"https:\/\/www.ub.edu\/ubtv\/colleccio\/series\/orientacions-per-a-la-presentacio-del-treball-academic-la-presentacio-oral\">NOUS V\u00cdDEOS<\/a><\/p>\n<p>Les orientacions de la presentaci\u00f3 oral per als treballs acad\u00e8mics s\u00f3n una col\u00b7lecci\u00f3 de cinc v\u00eddeos per treballar la respiraci\u00f3, l\u2019entonaci\u00f3, la veu, la flu\u00efdesa, el ritme, i adquirir seguretat davant l\u2019audi\u00e8ncia.[\/vc_message][vc_single_image image=&#8221;7663&#8243; border_color=&#8221;grey&#8221; img_link_large=&#8221;&#8221; img_link_target=&#8221;_self&#8221; link=&#8221;https:\/\/www.ub.edu\/ubtv\/colleccio\/series\/orientacions-per-a-la-presentacio-del-treball-academic-la-presentacio-oral&#8221; el_class=&#8221;Les orientacions de la presentaci\u00f3 oral per als treballs acad\u00e8mics s\u00f3n una col\u00b7lecci\u00f3 de cinc v\u00eddeos per treballar la respiraci\u00f3, l\u2019entonaci\u00f3, la veu, la flu\u00efdesa, el ritme, i adquirir seguretat davant l\u2019audi\u00e8ncia.&#8221; title=&#8221; &#8221; img_size=&#8221;500&#215;300&#8243; alignment=&#8221;center&#8221;][\/vc_accordion_tab][vc_accordion_tab title=&#8221;Abans de la presentaci\u00f3&#8221;][vc_column_text]<\/p>\n<ul>\n<li>Verifiqueu que els mitjans de suport i eines que utilitzareu <strong>funcionen correctament<\/strong> al lloc on realitzareu la presentaci\u00f3 (llapis USB, ordinador, PowerPoint, etc.).<\/li>\n<li><strong>Feu un esborrany<\/strong> sobre all\u00f2 que direu oralment basant-vos en el contingut que mostrareu visualment als lectors.<\/li>\n<li>Prepareu-vos el contingut i tingueu clares les idees principals de l&#8217;exposici\u00f3. <strong>No es tracta de memoritzar<\/strong> i recitar-ho tot.<\/li>\n<li>Comproveu que el temps que se us dona s&#8217;ajusta a la presentaci\u00f3 oral prevista. <strong>Cronometreu-vos<\/strong> diverses vegades i controleu les parts del treball.<\/li>\n<\/ul>\n<p>[\/vc_column_text][\/vc_accordion_tab][vc_accordion_tab title=&#8221;Durant la presentaci\u00f3&#8221;][vc_column_text]<\/p>\n<ul>\n<li><strong>Presenteu-vos<\/strong> davant del p\u00fablic i del tribunal.<\/li>\n<li>Introdu\u00efu el tema de manera clara per tal que el p\u00fablic es centri en la presentaci\u00f3. Els <strong>primers minuts s\u00f3n clau<\/strong> per captar la seva atenci\u00f3.<\/li>\n<li>Parleu amb un <strong>to de veu i volum adequat<\/strong>. Eviteu les crosses.<\/li>\n<li>Controleu els vostres moviments gestuals. Eviteu tics, males postures i vestuari inadequat.<\/li>\n<li><strong>Apel\u00b7leu<\/strong>, en la mesura que sigui possible, al p\u00fablic perqu\u00e8 se senti part de la presentaci\u00f3.<\/li>\n<li>Adeq\u00fceu les vostres explicacions al <strong>nivell de coneixement<\/strong> dels oients.<\/li>\n<\/ul>\n<p>[\/vc_column_text][\/vc_accordion_tab][\/vc_accordion][\/vc_column][\/vc_row][vc_row el_class=&#8221;text-center&#8221;][vc_column width=&#8221;1\/4&#8243; el_class=&#8221;vc_col-md-4 redimensionament row-center&#8221;][vc_raw_html]<\/p>\n<p>JTNDZGl2JTIwY2xhc3MlM0QlMjJzbWFsbE9yYWwlMjIlM0UlMEElMjAlMjAlMjAlMjAlMjAlMjAlMjAlMjAlMjAlMjAlMjAlMjAlMjAlMjAlMjAlMjAlM0NkaXYlMjBjbGFzcyUzRCUyMnByaWNpbmctdGFibGUtaGVhZGVyLXNtYWxsT3JhbCUyMiUzRSUwQSUyMCUyMCUyMCUyMCUyMCUyMCUyMCUyMCUyMCUyMCUyMCUyMCUyMCUyMCUyMCUyMCUyMCUyMCUyMCUyMCUzQ2gyJTIwc3R5bGUlM0QlMjJ0ZXh0LWFsaWduJTNBY2VudGVyJTNCY29sb3IlM0F3aGl0ZSUzQiUyMiUzRUxsZW5ndWF0Z2UlMjBubyUyMHZlcmJhbCUzQyUyRmgyJTNFJTBBJTIwJTIwJTIwJTIwJTIwJTIwJTIwJTIwJTIwJTIwJTIwJTIwJTIwJTIwJTIwJTIwJTIwJTIwJTBBJTIwJTIwJTIwJTIwJTIwJTIwJTIwJTIwJTIwJTIwJTIwJTIwJTIwJTIwJTIwJTIwJTNDJTJGZGl2JTNFJTNDZGl2JTIwY2xhc3MlM0QlMjJwcmljaW5nLXRhYmxlLWZlYXR1cmVzJTIyJTNFJTBBJTIwJTIwJTIwJTIwJTIwJTIwJTIwJTIwJTIwJTIwJTIwJTIwJTIwJTIwJTIwJTIwJTIwJTIwJTIwJTIwJTNDdWwlM0UlMEElM0NsaSUzRSUzQ2ElMjBocmVmJTNEJTIyJTJGdGZnJTJGcHJlc2VudGFjaW8tb3JhbCUyRnNlZ3VyZXRhdCUyMiUzRVNlZ3VyZXRhdCUzQyUyRmElM0UlM0MlMkZsaSUzRSUwQSUzQ2hyJTJGJTNFJTBBJTNDbGklM0UlM0NhJTIwaHJlZiUzRCUyMiUyRnRmZyUyRnByZXNlbnRhY2lvLW9yYWwlMkZnZXN0dWFsaXRhdCUyMiUzRUdlc3R1YWxpdGF0JTNDJTJGYSUzRSUzQyUyRmxpJTNFJTBBJTNDaHIlMkYlM0UlMEElM0NsaSUzRSUzQ2ElMjBocmVmJTNEJTIyJTJGdGZnJTJGcHJlc2VudGFjaW8tb3JhbCUyRm1pcmFkYSUyMiUzRU1pcmFkYSUzQyUyRmElM0UlM0MlMkZsaSUzRSUwQSUzQ2hyJTJGJTNFJTBBJTNDbGklM0UlM0NhJTIwaHJlZiUzRCUyMiUyRnRmZyUyRnByZXNlbnRhY2lvLW9yYWwlMkZ2ZXUlMjIlM0VWZXUlM0MlMkZhJTNFJTNDJTJGbGklM0UlMEElM0NociUyRiUzRSUwQSUzQ2xpJTNFJTNDYSUyMGhyZWYlM0QlMjIlMkZ0ZmclMkZwcmVzZW50YWNpby1vcmFsJTJGdGVtcHMlMjIlM0VUZW1wcyUzQyUyRmElM0UlM0MlMkZsaSUzRSUwQSUzQ2hyJTJGJTNFJTBBJTNDJTJGdWwlM0UlMEElMjAlMjAlMjAlMjAlMjAlMjAlMjAlMjAlMjAlMjAlMjAlMjAlMjAlMjAlMjAlMjAlM0MlMkZkaXYlM0UlMEElMjAlMjAlMjAlMjAlMjAlMjAlMjAlMjAlMjAlMjAlMjAlMjAlM0MlMkZkaXYlM0U=<\/p>\n<p>[\/vc_raw_html][\/vc_column][vc_column width=&#8221;1\/4&#8243; el_class=&#8221;redimensionament vc_col-md-4 row-center&#8221;][vc_raw_html]<\/p>\n<p>JTNDZGl2JTIwY2xhc3MlM0QlMjJzbWFsbE9yYWwlMjIlM0UlMEElMjAlMjAlMjAlMjAlMjAlMjAlMjAlMjAlMjAlMjAlMjAlMjAlMjAlMjAlMjAlMjAlM0NkaXYlMjBjbGFzcyUzRCUyMnByaWNpbmctdGFibGUtaGVhZGVyLXNtYWxsT3JhbCUyMiUzRSUwQSUyMCUyMCUyMCUyMCUyMCUyMCUyMCUyMCUyMCUyMCUyMCUyMCUyMCUyMCUyMCUyMCUyMCUyMCUyMCUyMCUzQ2gyJTIwc3R5bGUlM0QlMjJ0ZXh0LWFsaWduJTNBY2VudGVyJTNCY29sb3IlM0F3aGl0ZSUzQiUyMiUzRUxsZW5ndWF0Z2UlMjB2ZXJiYWwlM0MlMkZoMiUzRSUwQSUyMCUyMCUyMCUyMCUyMCUyMCUyMCUyMCUyMCUyMCUyMCUyMCUyMCUyMCUyMCUyMCUyMCUyMCUwQSUyMCUyMCUyMCUyMCUyMCUyMCUyMCUyMCUyMCUyMCUyMCUyMCUyMCUyMCUyMCUyMCUzQyUyRmRpdiUzRSUzQ2RpdiUyMGNsYXNzJTNEJTIycHJpY2luZy10YWJsZS1mZWF0dXJlcyUyMiUzRSUwQSUyMCUyMCUyMCUyMCUyMCUyMCUyMCUyMCUyMCUyMCUyMCUyMCUyMCUyMCUyMCUyMCUyMCUyMCUyMCUyMCUzQ3VsJTNFJTBBJTNDbGklM0UlM0NhJTIwaHJlZiUzRCUyMiUyRnRmZyUyRnByZXNlbnRhY2lvLW9yYWwlMkZhZGVxdWFjaW8lMjIlM0VBZGVxdWFjaSVDMyVCMyUzQyUyRmElM0UlM0MlMkZsaSUzRSUwQSUzQ2hyJTJGJTNFJTBBJTNDbGklM0UlM0NhJTIwaHJlZiUzRCUyMiUyRnRmZyUyRnByZXNlbnRhY2lvLW9yYWwlMkZjbGFyZWRhdCUyMiUzRUNsYXJlZGF0JTNDJTJGYSUzRSUzQyUyRmxpJTNFJTBBJTNDaHIlMkYlM0UlMEElM0NsaSUzRSUzQ2ElMjBocmVmJTNEJTIyJTJGdGZnJTJGcHJlc2VudGFjaW8tb3JhbCUyRmVzdHJ1Y3R1cmElMjIlM0VFc3RydWN0dXJhJTNDJTJGYSUzRSUzQyUyRmxpJTNFJTBBJTNDaHIlMkYlM0UlMEElM0NsaSUzRSUzQ2ElMjBocmVmJTNEJTIyJTJGdGZnJTJGcHJlc2VudGFjaW8tb3JhbCUyRmxleGljJTIyJTNFTCVDMyVBOHhpYyUzQyUyRmElM0UlM0MlMkZsaSUzRSUwQSUzQ2hyJTJGJTNFJTBBJTNDbGklM0UlM0NhJTIwaHJlZiUzRCUyMiUyRnRmZyUyRnByZXNlbnRhY2lvLW9yYWwlMkZtaXRqYW5zLWRlLXN1cG9ydCUyMiUzRU1pdGphbnMlMjBkZSUyMHN1cG9ydCUzQyUyRmElM0UlM0MlMkZsaSUzRSUwQSUzQ2hyJTJGJTNFJTBBJTNDJTJGdWwlM0UlMEElMjAlMjAlMjAlMjAlMjAlMjAlMjAlMjAlMjAlMjAlMjAlMjAlMjAlMjAlMjAlMjAlM0MlMkZkaXYlM0UlMEElMjAlMjAlMjAlMjAlMjAlMjAlMjAlMjAlMjAlMjAlMjAlMjAlM0MlMkZkaXYlM0U=<\/p>\n<p>[\/vc_raw_html][\/vc_column][\/vc_row][vc_row][vc_column width=&#8221;1\/1&#8243;][vc_accordion collapsible=&#8221;yes&#8221; disable_keyboard=&#8221;&#8221; active_tab=&#8221;false&#8221; el_class=&#8221;presentacioOral&#8221;][vc_accordion_tab title=&#8221;Exemple de presentaci\u00f3 en angl\u00e8s&#8221;][vc_column_text]<\/p>\n<div class=\"vc_row wpb_row vc_row-fluid\">\n<div class=\"vc_col-sm-4 wpb_column vc_column_container\">\n<div class=\"wpb_wrapper\">\n<p><strong>Introducci\u00f3<\/strong><\/p>\n<div class=\"video-container\"><iframe loading=\"lazy\" src=\"https:\/\/www.youtube.com\/embed\/vCfqrlovIvc?rel=0\" width=\"100%\" height=\"auto\" frameborder=\"0\" allowfullscreen=\"allowfullscreen\"><\/iframe><\/div>\n<\/div>\n<\/div>\n<div class=\"vc_col-sm-4 wpb_column vc_column_container\">\n<div class=\"wpb_wrapper\">\n<p><strong>Presentaci\u00f3<\/strong><\/p>\n<div class=\"video-container\"><iframe loading=\"lazy\" src=\"https:\/\/www.youtube.com\/embed\/W1-oimCL-ZQ?rel=0\" width=\"100%\" height=\"auto\" frameborder=\"0\" allowfullscreen=\"allowfullscreen\"><\/iframe><\/div>\n<\/div>\n<\/div>\n<div class=\"vc_col-sm-4 wpb_column vc_column_container\">\n<div class=\"wpb_wrapper\">\n<p><strong>Conclusi\u00f3<\/strong><\/p>\n<div class=\"video-container\"><iframe loading=\"lazy\" src=\"https:\/\/www.youtube.com\/embed\/TKTp2U94xsg?rel=0\" width=\"100%\" height=\"auto\" frameborder=\"0\" allowfullscreen=\"allowfullscreen\"><\/iframe><\/div>\n<\/div>\n<\/div>\n<\/div>\n<p>[\/vc_column_text][\/vc_accordion_tab][\/vc_accordion][\/vc_column][\/vc_row]<\/p>\n","protected":false},"excerpt":{"rendered":"<p>[vc_row][vc_column width=&#8221;1\/1&#8243;][vc_accordion collapsible=&#8221;yes&#8221; disable_keyboard=&#8221;&#8221; el_class=&#8221;presentacioOral&#8221; title=&#8221; &#8221; active_tab=&#8221; &#8220;][vc_accordion_tab title=&#8221;Orientacions -NOUS V\u00cdDEOS-&#8220;][vc_message message_box_style=&#8221;standard&#8221; style=&#8221;rounded&#8221; message_box_color=&#8221;violet&#8221; icon_type=&#8221;fontawesome&#8221; icon_fontawesome=&#8221;fa fa-file-video-o&#8221; icon_openiconic=&#8221;vc-oi vc-oi-dial&#8221; icon_typicons=&#8221;typcn typcn-adjust-brightness&#8221; icon_entypo=&#8221;entypo-icon entypo-icon-note&#8221; icon_linecons=&#8221;vc_li vc_li-heart&#8221; icon_pixelicons=&#8221;vc_pixel_icon vc_pixel_icon-alert&#8221;]NOUS V\u00cdDEOS Les orientacions de la presentaci\u00f3 oral per als treballs acad\u00e8mics s\u00f3n una col\u00b7lecci\u00f3 de cinc v\u00eddeos per treballar la respiraci\u00f3, l\u2019entonaci\u00f3, la veu, la flu\u00efdesa, el <a class=\"more-link\" href=\"https:\/\/www.ub.edu\/tfg\/presentacio-oral\/\">Continue reading <i class=\"fa fa-chevron-right\"><\/i><\/a><\/p>\n","protected":false},"author":4,"featured_media":0,"parent":0,"menu_order":0,"comment_status":"closed","ping_status":"open","template":"page-fullwidth.php","meta":{"_mi_skip_tracking":false},"_links":{"self":[{"href":"https:\/\/www.ub.edu\/tfg\/wp-json\/wp\/v2\/pages\/6535"}],"collection":[{"href":"https:\/\/www.ub.edu\/tfg\/wp-json\/wp\/v2\/pages"}],"about":[{"href":"https:\/\/www.ub.edu\/tfg\/wp-json\/wp\/v2\/types\/page"}],"author":[{"embeddable":true,"href":"https:\/\/www.ub.edu\/tfg\/wp-json\/wp\/v2\/users\/4"}],"replies":[{"embeddable":true,"href":"https:\/\/www.ub.edu\/tfg\/wp-json\/wp\/v2\/comments?post=6535"}],"version-history":[{"count":40,"href":"https:\/\/www.ub.edu\/tfg\/wp-json\/wp\/v2\/pages\/6535\/revisions"}],"predecessor-version":[{"id":7677,"href":"https:\/\/www.ub.edu\/tfg\/wp-json\/wp\/v2\/pages\/6535\/revisions\/7677"}],"wp:attachment":[{"href":"https:\/\/www.ub.edu\/tfg\/wp-json\/wp\/v2\/media?parent=6535"}],"curies":[{"name":"wp","href":"https:\/\/api.w.org\/{rel}","templated":true}]}}