{"id":6544,"date":"2015-04-16T22:07:13","date_gmt":"2015-04-16T22:07:13","guid":{"rendered":"http:\/\/www.ub.edu\/tfg\/?page_id=6544"},"modified":"2016-01-28T12:10:50","modified_gmt":"2016-01-28T12:10:50","slug":"termes-i-condicions","status":"publish","type":"page","link":"https:\/\/www.ub.edu\/tfg\/termes-i-condicions\/","title":{"rendered":"Termes i condicions"},"content":{"rendered":"<p>[vc_row][vc_column width=&#8221;1\/1&#8243;][vc_column_text]<a href=\"http:\/\/creativecommons.org\/licenses\/by-nc-sa\/3.0\/deed.ca\" target=\"_blank\"><img loading=\"lazy\" class=\"irc_mi\" src=\"http:\/\/www.medicinabalear.org\/img\/logo_cc.png\" alt=\"\" width=\"235\" height=\"82\" \/><\/a><\/p>\n<p>Aquesta obra est\u00e0 subjecte a una llic\u00e8ncia Creative Commons del tipus reconeixement d\u2019autoria i usos no comercials.<\/p>\n<p>El web de la Guia ling\u00fc\u00edstica per a la presentaci\u00f3 escrita i oral del TFG s\u2019ha dissenyat sobre la base del disseny inclusiu, amb l\u2019\u00e0nim de facilitar l\u2019acc\u00e9s universal, independentment de les limitacions t\u00e8cniques, f\u00edsiques, sensorials o intel\u00b7lectuals de les persones que el consulten i del context d\u2019\u00fas en qu\u00e8 ho fan (tipus de dispositiu, programari, velocitat de connexi\u00f3, condicions ambientals, etc.).<\/p>\n<p>Per aix\u00f2, s\u2019ha adaptat el web a les recomanacions que el <a class=\"link-extern broken_link\" title=\"World Wide Web Consortium\" href=\"http:\/\/www.w3.org\">World Wide Web Consortium<\/a> (W3C) estableix a fi d\u2019eliminar les barreres que dificulten l\u2019acc\u00e9s a la informaci\u00f3 i la comunicaci\u00f3. Aquestes recomanacions es concreten en les <a class=\"link-extern broken_link\" title=\"Directrius per a l\u2019accessibilitat del contingut web\" href=\"http:\/\/www.w3.org\/Translations\/WCAG20-ca\">Directrius per a l\u2019accessibilitat del contingut web<\/a> (WCAG 2.0). El nostre comprom\u00eds \u00e9s satisfer, com a m\u00ednim, el nivell de conformitat AA, tal com exigeix la legislaci\u00f3 vigent a les administracions p\u00fabliques. Ara b\u00e9, sempre que \u00e9s possible, es procura complir els punts de verificaci\u00f3 AAA.<\/p>\n<p>Per tant, se segueixen tamb\u00e9 els est\u00e0ndards del W3C pel que fa a HTML i CSS, la qual cosa garanteix la compatibilitat entre plataformes i versions dels navegadors web, i alhora permet separar l\u2019estructura i els continguts, del disseny i la presentaci\u00f3.[\/vc_column_text][\/vc_column][\/vc_row]<\/p>\n","protected":false},"excerpt":{"rendered":"<p>[vc_row][vc_column width=&#8221;1\/1&#8243;][vc_column_text] Aquesta obra est\u00e0 subjecte a una llic\u00e8ncia Creative Commons del tipus reconeixement d\u2019autoria i usos no comercials. El web de la Guia ling\u00fc\u00edstica per a la presentaci\u00f3 escrita i oral del TFG s\u2019ha dissenyat sobre la base del disseny inclusiu, amb l\u2019\u00e0nim de facilitar l\u2019acc\u00e9s universal, independentment de les limitacions t\u00e8cniques, f\u00edsiques, sensorials <a class=\"more-link\" href=\"https:\/\/www.ub.edu\/tfg\/termes-i-condicions\/\">Continue reading <i class=\"fa fa-chevron-right\"><\/i><\/a><\/p>\n","protected":false},"author":4,"featured_media":0,"parent":0,"menu_order":0,"comment_status":"closed","ping_status":"open","template":"page-fullwidth.php","meta":{"_mi_skip_tracking":false},"_links":{"self":[{"href":"https:\/\/www.ub.edu\/tfg\/wp-json\/wp\/v2\/pages\/6544"}],"collection":[{"href":"https:\/\/www.ub.edu\/tfg\/wp-json\/wp\/v2\/pages"}],"about":[{"href":"https:\/\/www.ub.edu\/tfg\/wp-json\/wp\/v2\/types\/page"}],"author":[{"embeddable":true,"href":"https:\/\/www.ub.edu\/tfg\/wp-json\/wp\/v2\/users\/4"}],"replies":[{"embeddable":true,"href":"https:\/\/www.ub.edu\/tfg\/wp-json\/wp\/v2\/comments?post=6544"}],"version-history":[{"count":4,"href":"https:\/\/www.ub.edu\/tfg\/wp-json\/wp\/v2\/pages\/6544\/revisions"}],"predecessor-version":[{"id":7588,"href":"https:\/\/www.ub.edu\/tfg\/wp-json\/wp\/v2\/pages\/6544\/revisions\/7588"}],"wp:attachment":[{"href":"https:\/\/www.ub.edu\/tfg\/wp-json\/wp\/v2\/media?parent=6544"}],"curies":[{"name":"wp","href":"https:\/\/api.w.org\/{rel}","templated":true}]}}