{"id":6589,"date":"2015-04-20T14:51:57","date_gmt":"2015-04-20T14:51:57","guid":{"rendered":"http:\/\/www.ub.edu\/tfg\/?page_id=6589"},"modified":"2015-06-04T12:47:58","modified_gmt":"2015-06-04T12:47:58","slug":"gestualitat","status":"publish","type":"page","link":"https:\/\/www.ub.edu\/tfg\/presentacio-oral\/gestualitat\/","title":{"rendered":"Gestualitat"},"content":{"rendered":"<p>[vc_row][vc_column width=&#8221;1\/1&#8243;]<div class='wpb_text_column wpb_content_element '>\n\t\t\t<div class='wpb_wrapper'>\n\t\t\t\t<div class='panel panel-Gris'>\n\n\t\t\t\t\t<div class='panel-body'>Naturalitat amb els gestos<\/div>\n\n\t\t\t\t\t<div class='panel-footer'><ul>\n<li>Mostreu la postura i els moviments de forma naturals i efectius, perqu\u00e8 la comunicaci\u00f3 arribi adequadament als receptors.<\/li>\n<li>Acompanyeu el discurs de gestos que facilitin o completin la comprensi\u00f3 de l\u2019exposici\u00f3 oral.<\/li>\n<li>Eviteu interposar objectes entre el cos i el p\u00fablic per assegurar la visibilitat del ponent a tothom.<\/li>\n<\/ul>\n<\/div>\n\t\t\t\t<\/div>\n\t\t\t<\/div>\n\t\t<\/div>[\/vc_column][\/vc_row][vc_row][vc_column width=&#8221;1\/12&#8243;][\/vc_column][vc_column width=&#8221;5\/6&#8243;][vc_row_inner][vc_column_inner width=&#8221;1\/2&#8243;][vc_column_text]<strong>Presentaci\u00f3 oral amb un \u00fas adequat de la gestualitat<\/strong>[\/vc_column_text][vc_column_text]<\/p>\n<div class=\"video-container\"><iframe loading=\"lazy\" src=\"https:\/\/www.youtube.com\/embed\/KDBWiSu0e5E?rel=0\" width=\"100%\" height=\"auto\" frameborder=\"0\" allowfullscreen=\"allowfullscreen\"><\/iframe><\/div>\n<p>[\/vc_column_text][vc_column_text][\/vc_column_text][\/vc_column_inner][vc_column_inner width=&#8221;1\/2&#8243;][vc_column_text]<strong>Presentaci\u00f3 oral amb un \u00fas pobre i inadequat de la gestualitat<\/strong>[\/vc_column_text][vc_column_text]<\/p>\n<div class=\"video-container\"><iframe loading=\"lazy\" src=\"https:\/\/www.youtube.com\/embed\/WnxHiWHlxQ4?rel=0\" width=\"100%\" height=\"auto\" frameborder=\"0\" allowfullscreen=\"allowfullscreen\"><\/iframe><\/div>\n<p>[\/vc_column_text][vc_column_text][\/vc_column_text][\/vc_column_inner][\/vc_row_inner][vc_column_text][El discurs \u00e9s real i pot contenir errors ling\u00fc\u00edstics.][\/vc_column_text][\/vc_column][vc_column width=&#8221;1\/12&#8243;][\/vc_column][\/vc_row]<\/p>\n","protected":false},"excerpt":{"rendered":"<p>[vc_row][vc_column width=&#8221;1\/1&#8243;][\/vc_column][\/vc_row][vc_row][vc_column width=&#8221;1\/12&#8243;][\/vc_column][vc_column width=&#8221;5\/6&#8243;][vc_row_inner][vc_column_inner width=&#8221;1\/2&#8243;][vc_column_text]Presentaci\u00f3 oral amb un \u00fas adequat de la gestualitat[\/vc_column_text][vc_column_text] [\/vc_column_text][vc_column_text][\/vc_column_text][\/vc_column_inner][vc_column_inner width=&#8221;1\/2&#8243;][vc_column_text]Presentaci\u00f3 oral amb un \u00fas pobre i inadequat de la gestualitat[\/vc_column_text][vc_column_text] [\/vc_column_text][vc_column_text][\/vc_column_text][\/vc_column_inner][\/vc_row_inner][vc_column_text][El discurs \u00e9s real i pot contenir errors ling\u00fc\u00edstics.][\/vc_column_text][\/vc_column][vc_column width=&#8221;1\/12&#8243;][\/vc_column][\/vc_row]<\/p>\n","protected":false},"author":4,"featured_media":0,"parent":6535,"menu_order":0,"comment_status":"closed","ping_status":"open","template":"page-fullwidth.php","meta":{"_mi_skip_tracking":false},"_links":{"self":[{"href":"https:\/\/www.ub.edu\/tfg\/wp-json\/wp\/v2\/pages\/6589"}],"collection":[{"href":"https:\/\/www.ub.edu\/tfg\/wp-json\/wp\/v2\/pages"}],"about":[{"href":"https:\/\/www.ub.edu\/tfg\/wp-json\/wp\/v2\/types\/page"}],"author":[{"embeddable":true,"href":"https:\/\/www.ub.edu\/tfg\/wp-json\/wp\/v2\/users\/4"}],"replies":[{"embeddable":true,"href":"https:\/\/www.ub.edu\/tfg\/wp-json\/wp\/v2\/comments?post=6589"}],"version-history":[{"count":15,"href":"https:\/\/www.ub.edu\/tfg\/wp-json\/wp\/v2\/pages\/6589\/revisions"}],"predecessor-version":[{"id":7102,"href":"https:\/\/www.ub.edu\/tfg\/wp-json\/wp\/v2\/pages\/6589\/revisions\/7102"}],"up":[{"embeddable":true,"href":"https:\/\/www.ub.edu\/tfg\/wp-json\/wp\/v2\/pages\/6535"}],"wp:attachment":[{"href":"https:\/\/www.ub.edu\/tfg\/wp-json\/wp\/v2\/media?parent=6589"}],"curies":[{"name":"wp","href":"https:\/\/api.w.org\/{rel}","templated":true}]}}