{"id":6593,"date":"2015-04-20T14:52:57","date_gmt":"2015-04-20T14:52:57","guid":{"rendered":"http:\/\/www.ub.edu\/tfg\/?page_id=6593"},"modified":"2015-06-22T21:26:29","modified_gmt":"2015-06-22T21:26:29","slug":"veu","status":"publish","type":"page","link":"https:\/\/www.ub.edu\/tfg\/presentacio-oral\/veu\/","title":{"rendered":"Veu"},"content":{"rendered":"<p>[vc_row][vc_column width=&#8221;1\/1&#8243;]<div class='wpb_text_column wpb_content_element '>\n\t\t\t<div class='wpb_wrapper'>\n\t\t\t\t<div class='panel panel-Gris'>\n\n\t\t\t\t\t<div class='panel-body'>Gesti\u00f3 del ritme, l\u2019entonaci\u00f3 i la pronunciaci\u00f3 en el discurs<\/div>\n\n\t\t\t\t\t<div class='panel-footer'><ul>\n<li>Adapteu el volum de la veu segons les dimensions de la sala.<\/li>\n<li>Feu que el ritme sigui variat i la pron\u00fancia clara per facilitar la comprensi\u00f3 i el seguiment del discurs.<\/li>\n<li>Capteu l\u2019atenci\u00f3 de l\u2019auditori i interesseu-lo. Feu que el discurs sigui din\u00e0mic en relaci\u00f3 amb el ritme, velocitat i entonaci\u00f3 que demana la situaci\u00f3 comunicativa.<\/li>\n<\/ul>\n<\/div>\n\t\t\t\t<\/div>\n\t\t\t<\/div>\n\t\t<\/div>[\/vc_column][\/vc_row][vc_row][vc_column width=&#8221;1\/12&#8243;][\/vc_column][vc_column width=&#8221;5\/12&#8243;][vc_column_text]Presentaci\u00f3 amb entonaci\u00f3 i ritme adequat[\/vc_column_text][vc_column_text]<\/p>\n<div class=\"video-container\"><iframe loading=\"lazy\" src=\"https:\/\/www.youtube.com\/embed\/2Ux6V0ORV_A?rel=0\" width=\"100%\" height=\"auto\" frameborder=\"0\" allowfullscreen=\"allowfullscreen\"><\/iframe><\/div>\n<p>[\/vc_column_text][\/vc_column][vc_column width=&#8221;5\/12&#8243;][vc_column_text]Presentaci\u00f3 amb entonaci\u00f3 i ritme irregulars[\/vc_column_text][vc_column_text]<\/p>\n<div class=\"video-container\"><iframe loading=\"lazy\" src=\"https:\/\/www.youtube.com\/embed\/efagwjV1gNc?rel=0\" width=\"100%\" height=\"auto\" frameborder=\"0\" allowfullscreen=\"allowfullscreen\"><\/iframe><\/div>\n<p>[\/vc_column_text][\/vc_column][vc_column width=&#8221;1\/12&#8243;][\/vc_column][\/vc_row][vc_row][vc_column width=&#8221;1\/1&#8243;][vc_column_text][El discurs \u00e9s real i pot contenir errors ling\u00fc\u00edstics.][\/vc_column_text][\/vc_column][\/vc_row]<\/p>\n","protected":false},"excerpt":{"rendered":"<p>[vc_row][vc_column width=&#8221;1\/1&#8243;][\/vc_column][\/vc_row][vc_row][vc_column width=&#8221;1\/12&#8243;][\/vc_column][vc_column width=&#8221;5\/12&#8243;][vc_column_text]Presentaci\u00f3 amb entonaci\u00f3 i ritme adequat[\/vc_column_text][vc_column_text] [\/vc_column_text][\/vc_column][vc_column width=&#8221;5\/12&#8243;][vc_column_text]Presentaci\u00f3 amb entonaci\u00f3 i ritme irregulars[\/vc_column_text][vc_column_text] [\/vc_column_text][\/vc_column][vc_column width=&#8221;1\/12&#8243;][\/vc_column][\/vc_row][vc_row][vc_column width=&#8221;1\/1&#8243;][vc_column_text][El discurs \u00e9s real i pot contenir errors ling\u00fc\u00edstics.][\/vc_column_text][\/vc_column][\/vc_row]<\/p>\n","protected":false},"author":4,"featured_media":0,"parent":6535,"menu_order":0,"comment_status":"closed","ping_status":"open","template":"page-fullwidth.php","meta":{"_mi_skip_tracking":false},"_links":{"self":[{"href":"https:\/\/www.ub.edu\/tfg\/wp-json\/wp\/v2\/pages\/6593"}],"collection":[{"href":"https:\/\/www.ub.edu\/tfg\/wp-json\/wp\/v2\/pages"}],"about":[{"href":"https:\/\/www.ub.edu\/tfg\/wp-json\/wp\/v2\/types\/page"}],"author":[{"embeddable":true,"href":"https:\/\/www.ub.edu\/tfg\/wp-json\/wp\/v2\/users\/4"}],"replies":[{"embeddable":true,"href":"https:\/\/www.ub.edu\/tfg\/wp-json\/wp\/v2\/comments?post=6593"}],"version-history":[{"count":14,"href":"https:\/\/www.ub.edu\/tfg\/wp-json\/wp\/v2\/pages\/6593\/revisions"}],"predecessor-version":[{"id":7241,"href":"https:\/\/www.ub.edu\/tfg\/wp-json\/wp\/v2\/pages\/6593\/revisions\/7241"}],"up":[{"embeddable":true,"href":"https:\/\/www.ub.edu\/tfg\/wp-json\/wp\/v2\/pages\/6535"}],"wp:attachment":[{"href":"https:\/\/www.ub.edu\/tfg\/wp-json\/wp\/v2\/media?parent=6593"}],"curies":[{"name":"wp","href":"https:\/\/api.w.org\/{rel}","templated":true}]}}