{"id":6598,"date":"2015-04-20T14:54:19","date_gmt":"2015-04-20T14:54:19","guid":{"rendered":"http:\/\/www.ub.edu\/tfg\/?page_id=6598"},"modified":"2015-06-11T15:28:37","modified_gmt":"2015-06-11T15:28:37","slug":"claredat","status":"publish","type":"page","link":"https:\/\/www.ub.edu\/tfg\/presentacio-oral\/claredat\/","title":{"rendered":"Claredat"},"content":{"rendered":"<p>[vc_row][vc_column width=&#8221;1\/1&#8243;]<div class='wpb_text_column wpb_content_element '>\n\t\t\t<div class='wpb_wrapper'>\n\t\t\t\t<div class='panel panel-Gris'>\n\n\t\t\t\t\t<div class='panel-body'>Domini del tema i ordre de l\u2019exposici\u00f3<\/div>\n\n\t\t\t\t\t<div class='panel-footer'><ul>\n<li>Mantingueu un missatge clar i conc\u00eds que no pugui presentar confusions ni continguts superflus.<\/li>\n<li>Feu-vos un esquema i memoritzeu les parts fonamentals del text. \u00c9s important dominar el tema i tenir ben definits i clars els objectius.<\/li>\n<li>Sigueu clars: eviteu els mots crossa (<em>d&#8217;acord, si,<\/em> etc.), feu servir estructures simples i vocabulari prec\u00eds i variat.<\/li>\n<li>Feu que les idees siguin clares i escolliu les m\u00e9s rellevants per exposar oralment.<\/li>\n<li>Establiu un ordre clar en l&#8217;exposici\u00f3 i sigueu coherents durant tot el treball. Podeu escollir entre aquestes opcions:\n<ul>\n<li>L&#8217;estructura cl\u00e0ssica: introducci\u00f3, desenvolupament i conclusi\u00f3.<\/li>\n<li>La import\u00e0ncia de la informaci\u00f3. Col\u00b7loqueu la informaci\u00f3 m\u00e9s important al principi.<\/li>\n<li>L\u2019ordre l\u00f2gic del discurs. Es prioritza la informaci\u00f3 que ha de con\u00e8ixer la informaci\u00f3 l\u2019auditori.<\/li>\n<li>L\u2019ordre cronol\u00f2gic. Es d\u00f3na la informaci\u00f3 per ordre cronol\u00f2gic.<\/li>\n<li>L\u2019inter\u00e8s del tema. S&#8217;enfoca a partir del tema que pot interessar m\u00e9s a l\u2019audi\u00e8ncia.<\/li>\n<li>El zoom de l\u2019explicaci\u00f3. Es construeix de la visi\u00f3 general al detall o a la inversa.<\/li>\n<\/ul>\n<\/li>\n<\/ul>\n<\/div>\n\t\t\t\t<\/div>\n\t\t\t<\/div>\n\t\t<\/div>[\/vc_column][\/vc_row][vc_row][vc_column width=&#8221;1\/12&#8243;][\/vc_column][vc_column width=&#8221;5\/6&#8243;][vc_row_inner][vc_column_inner width=&#8221;1\/2&#8243;][vc_column_text]<strong>Presentaci\u00f3 amb un discurs clar<\/strong>[\/vc_column_text][vc_column_text]<\/p>\n<div class=\"video-container\"><iframe loading=\"lazy\" src=\"https:\/\/www.youtube.com\/embed\/GPvCYZ6ua9s?rel=0\" width=\"100%\" height=\"auto\" frameborder=\"0\" allowfullscreen=\"allowfullscreen\"><\/iframe><\/div>\n<p>[\/vc_column_text][vc_column_text][\/vc_column_text][\/vc_column_inner][vc_column_inner width=&#8221;1\/2&#8243;][vc_column_text]<strong>Presentaci\u00f3 amb un discurs poc clar<\/strong>[\/vc_column_text][vc_column_text]<\/p>\n<div class=\"video-container\"><iframe loading=\"lazy\" src=\"https:\/\/www.youtube.com\/embed\/VQu39ULOEIg?rel=0\" width=\"100%\" height=\"auto\" frameborder=\"0\" allowfullscreen=\"allowfullscreen\"><\/iframe><\/div>\n<p>[\/vc_column_text][vc_column_text][\/vc_column_text][\/vc_column_inner][\/vc_row_inner][vc_column_text]Es mostra un bon domini del tema, per\u00f2 no es mant\u00e9 un missatge clar i conc\u00eds; \u00e9s a dir, hi falta informaci\u00f3 que ajudi a comprendre les idees (hi hauria d&#8217;haver exemples).[\/vc_column_text][vc_column_text][El discurs \u00e9s real i pot contenir errors ling\u00fc\u00edstics.][\/vc_column_text][\/vc_column][vc_column width=&#8221;1\/12&#8243;][\/vc_column][\/vc_row]<\/p>\n","protected":false},"excerpt":{"rendered":"<p>[vc_row][vc_column width=&#8221;1\/1&#8243;][\/vc_column][\/vc_row][vc_row][vc_column width=&#8221;1\/12&#8243;][\/vc_column][vc_column width=&#8221;5\/6&#8243;][vc_row_inner][vc_column_inner width=&#8221;1\/2&#8243;][vc_column_text]Presentaci\u00f3 amb un discurs clar[\/vc_column_text][vc_column_text] [\/vc_column_text][vc_column_text][\/vc_column_text][\/vc_column_inner][vc_column_inner width=&#8221;1\/2&#8243;][vc_column_text]Presentaci\u00f3 amb un discurs poc clar[\/vc_column_text][vc_column_text] [\/vc_column_text][vc_column_text][\/vc_column_text][\/vc_column_inner][\/vc_row_inner][vc_column_text]Es mostra un bon domini del tema, per\u00f2 no es mant\u00e9 un missatge clar i conc\u00eds; \u00e9s a dir, hi falta informaci\u00f3 que ajudi a comprendre les idees (hi hauria d&#8217;haver exemples).[\/vc_column_text][vc_column_text][El discurs \u00e9s real i pot contenir errors <a class=\"more-link\" href=\"https:\/\/www.ub.edu\/tfg\/presentacio-oral\/claredat\/\">Continue reading <i class=\"fa fa-chevron-right\"><\/i><\/a><\/p>\n","protected":false},"author":4,"featured_media":0,"parent":6535,"menu_order":0,"comment_status":"closed","ping_status":"open","template":"page-fullwidth.php","meta":{"_mi_skip_tracking":false},"_links":{"self":[{"href":"https:\/\/www.ub.edu\/tfg\/wp-json\/wp\/v2\/pages\/6598"}],"collection":[{"href":"https:\/\/www.ub.edu\/tfg\/wp-json\/wp\/v2\/pages"}],"about":[{"href":"https:\/\/www.ub.edu\/tfg\/wp-json\/wp\/v2\/types\/page"}],"author":[{"embeddable":true,"href":"https:\/\/www.ub.edu\/tfg\/wp-json\/wp\/v2\/users\/4"}],"replies":[{"embeddable":true,"href":"https:\/\/www.ub.edu\/tfg\/wp-json\/wp\/v2\/comments?post=6598"}],"version-history":[{"count":12,"href":"https:\/\/www.ub.edu\/tfg\/wp-json\/wp\/v2\/pages\/6598\/revisions"}],"predecessor-version":[{"id":7146,"href":"https:\/\/www.ub.edu\/tfg\/wp-json\/wp\/v2\/pages\/6598\/revisions\/7146"}],"up":[{"embeddable":true,"href":"https:\/\/www.ub.edu\/tfg\/wp-json\/wp\/v2\/pages\/6535"}],"wp:attachment":[{"href":"https:\/\/www.ub.edu\/tfg\/wp-json\/wp\/v2\/media?parent=6598"}],"curies":[{"name":"wp","href":"https:\/\/api.w.org\/{rel}","templated":true}]}}