{"id":7046,"date":"2015-11-11T11:54:50","date_gmt":"2015-11-11T11:54:50","guid":{"rendered":"http:\/\/www.ub.edu\/tfg\/?page_id=7046"},"modified":"2016-02-08T18:20:18","modified_gmt":"2016-02-08T18:20:18","slug":"preguntes","status":"publish","type":"page","link":"https:\/\/www.ub.edu\/tfg\/preguntes\/","title":{"rendered":"Preguntes"},"content":{"rendered":"<h2 style=\"text-align: justify;\"><strong><span style=\"color: #000080;\">Parts i formats<\/span><\/strong><\/h2>\n<p style=\"text-align: justify;\"><span style=\"color: #315ad6;\"><strong>Haig de posar el logotip de la UB a la portada?<\/strong><\/span><\/p>\n<p style=\"text-align: justify;\">El TFG \u00e9s el teu treball personal i, per tant, no hauria de portar el logotip de la Universitat de Barcelona. Tot i aix\u00ed, has de consultar la normativa del centre on presentes el treball, ja que poden tenir indicacions diferents. Per a m\u00e9s informaci\u00f3, consulta <a href=\"https:\/\/www.ub.edu\/tfg\/treball-escrit\/portada\/\" target=\"_blank\">Portada<\/a>.<\/p>\n<p style=\"text-align: justify;\"><span style=\"color: #315ad6;\"><strong>Haig de posar el nom del tutor o tutora?<\/strong><\/span><\/p>\n<p style=\"text-align: justify;\">Generalment s&#8217;hi posa.\u00a0Tot i aix\u00ed, has de consultar la normativa del centre on presentes el treball, ja que poden tenir indicacions diferents.<\/p>\n<p style=\"text-align: justify;\"><span style=\"color: #315ad6;\"><strong>On s&#8217;ha de posar el resum? Abans o despr\u00e9s de l&#8217;\u00edndex?<\/strong><\/span><\/p>\n<p style=\"text-align: justify;\">El resum va abans de l&#8217;\u00edndex i no ha d&#8217;apar\u00e8ixer com a part a l&#8217;\u00edndex. (<a href=\"https:\/\/www.ub.edu\/tfg\/treball-escrit\/resum\/\" target=\"_blank\">M\u00e9s informaci\u00f3)<\/a><\/p>\n<p style=\"text-align: justify;\"><span style=\"color: #315ad6;\"><strong>Qu\u00e8 \u00e9s el resum executiu?<\/strong><\/span><\/p>\n<p style=\"text-align: justify;\">Alguns centres demanen un resum executiu per fer arribar als membres del tribunal abans de la presentaci\u00f3 per tal que es facin la idea dels continguts i conclusions del treball. De fet \u00e9s un document m\u00e9s extens que el resum o <em>abstract<\/em> incl\u00f2s al treball. Cal tenir en compte en quina llengua te&#8217;l demanen.<\/p>\n<p style=\"text-align: justify;\"><span style=\"color: #315ad6;\"><strong>Els t\u00edtols de les parts d&#8217;un treball porten un punt final?<\/strong><\/span><\/p>\n<p style=\"text-align: justify;\">No, els t\u00edtols no porten punt final. Per a m\u00e9s informaci\u00f3 consulteu <a href=\"https:\/\/www.ub.edu\/tfg\/treball-escrit\/index\/\" target=\"_blank\">\u00cdndex<\/a>.<\/p>\n<p style=\"text-align: justify;\"><span style=\"color: #315ad6;\"><strong>Puc utilitzar qualsevol tipus de lletra?<\/strong><\/span><\/p>\n<p style=\"text-align: justify;\">Has de consultar la normativa del centre on presentes el treball, ja que poden tenir indicacions diferents. El tipus i la mida de lletra han d&#8217;afavorir la llegibilitat del document; i es recomana un \u00fanic tipus de font\u00a0per a tot el document. Arial o Times New\u00a0Roman de 11,5 o 12 \u00a0punts pot ser un tipus i una mida de lletra adequat. El cos i la classe de lletra tamb\u00e9 indiquen la jerarquia de les parts d&#8217;un treball. Eviteu fer servir massa negreta o cursiva i penseu que no conv\u00e9 fer servir el subratllat. Per a m\u00e9s informaci\u00f3 consulta <a href=\"https:\/\/www.ub.edu\/tfg\/treball-escrit\/tipus-de-lletra\/\" target=\"_blank\">Tipus de lletra<\/a>.<\/p>\n<p style=\"text-align: justify;\"><span style=\"color: #315ad6;\"><strong>S&#8217;ha d&#8217;escriure en maj\u00fascula <em>treball final de grau<\/em>?<\/strong><\/span><\/p>\n<p style=\"text-align: justify;\">Nom\u00e9s es posen en maj\u00fascula l&#8217;inicial de cada mot si es fa refer\u00e8ncia a l&#8217;assignatura: Treball Final de Grau.<\/p>\n<h2 style=\"text-align: justify;\"><strong><span style=\"color: #000080;\">Redacci\u00f3<\/span><\/strong><\/h2>\n<p style=\"text-align: justify;\"><span style=\"color: #315ad6;\"><strong>\u00c9s millor <em>fer<\/em> o <em>realitzar<\/em>?<\/strong><\/span><\/p>\n<p style=\"text-align: justify;\">Utilitzem el verb <em>fer<\/em> quan volem expressar una acci\u00f3 sense designar-la amb un verb espec\u00edfic per\u00f2, a vegades, s&#8217;utilitza de manera abusiva el verb <em>realitzar<\/em> en comptes de <em>fer<\/em>.<\/p>\n<p style=\"text-align: justify;\">Alguns verbs que poden ser sin\u00f2nims de <em>fer<\/em> segons el context: produir, elaborar, confeccionar, crear, disposar, \u00a0practicar, acomplir, etc.<\/p>\n<p><span style=\"color: #315ad6;\"><strong>Puc utilitzar abreviacions per no repetir massa paraules llargues?<\/strong><\/span><\/p>\n<p style=\"text-align: justify;\">A tall de recomanaci\u00f3 general, conv\u00e9 fer un \u00fas restringit de les abreviacions en els textos escrits. \u00c9s bo d&#8217;usar les abreviacions en gr\u00e0fics, llistes, taules i quadres sin\u00f2ptics.\u00a0Segons l&#8217;\u00e0mbit de l&#8217;especialitat n&#8217;haur\u00e0s de fer servir m\u00e9s unes o altres. Si tens dubtes pots consultar l&#8217;apartat d&#8217;<a href=\"http:\/\/www.ub.edu\/cub\/criteri.php?id=310#310\" target=\"_blank\">Abreviacions<\/a> dels Criteris Ling\u00fc\u00edstics de la Universitat de Barcelona (CUB).<\/p>\n<p style=\"text-align: justify;\"><span style=\"color: #315ad6;\"><strong>Quines paraules puc utilitzar per comen\u00e7ar una nova idea?<\/strong><\/span><\/p>\n<p style=\"text-align: justify;\">Els connectors s\u00f3n paraules o grups de paraules que donen cohesi\u00f3 al text i n&#8217;afavoreixen la comprensi\u00f3 i llegibilitat. Pots trobar una llista de connectors amb la funci\u00f3 que fan a l&#8217;apartat de <a href=\"https:\/\/www.ub.edu\/tfg\/treball-escrit\/connectors\/\" target=\"_blank\">Connectors<\/a>.<\/p>\n<p style=\"text-align: justify;\"><span style=\"color: #315ad6;\"><strong>Qu\u00e8 es pot considerar plagi?<\/strong><\/span><\/p>\n<p style=\"text-align: justify;\">Si es copia un fragment d&#8217;un llibre o una cita d&#8217;un autor i no est\u00e0 referenciat o no s&#8217;ha escrit b\u00e9 la refer\u00e8ncia bibliogr\u00e0fica. Per a m\u00e9s informaci\u00f3 consulteu <a href=\"https:\/\/www.ub.edu\/tfg\/treball-escrit\/plagi\/\" target=\"_blank\">Plagi<\/a>.<\/p>\n<p style=\"text-align: justify;\"><span style=\"color: #315ad6;\"><strong>Com haig de referenciar la bibliografia?<\/strong><\/span><\/p>\n<p style=\"text-align: justify;\">La tria del sistema d&#8217;ordenaci\u00f3 de les refer\u00e8ncies bibliogr\u00e0fiques dep\u00e8n de l&#8217;\u00e0mbit de l&#8217;especialitat; \u00e9s important que sigui coherent i homogeni dins d&#8217;un mateix document. Pots consultar l&#8217;apartat de <a href=\"https:\/\/www.ub.edu\/tfg\/treball-escrit\/referencies-bibliografiques\/\">Refer\u00e8ncies bibliogr\u00e0fiques<\/a>.<\/p>\n<p><span style=\"color: #315ad6;\"><strong>Quina difer\u00e8ncia hi ha entre una citaci\u00f3 bibliogr\u00e0fica i una refer\u00e8ncia bibliogr\u00e0fica?<\/strong><\/span><\/p>\n<p style=\"text-align: justify;\">La refer\u00e8ncia bibliogr\u00e0fica \u00e9s el conjunt d&#8217;elements que descriuen un document i en permeten la identificaci\u00f3 i la cerca. Les refer\u00e8ncies bibliogr\u00e0fiques apareixen generalment en forma de llista al final d&#8217;un text o d&#8217;una part d&#8217;aquest, ordenades alfab\u00e8ticament, tem\u00e0ticament o num\u00e8ricament.<\/p>\n<p style=\"text-align: justify;\">En canvi, una citaci\u00f3 bibliogr\u00e0fica \u00e9s una forma de refer\u00e8ncia bibliogr\u00e0fica breu que permet identificar la font d&#8217;on s&#8217;ha extret una\u00a0citaci\u00f3 textual. Les citacions bibliogr\u00e0fiques poden representar-se de diverses maneres. Les m\u00e9s usuals s\u00f3n dins de text entre par\u00e8ntesis, en forma de nota a peu de p\u00e0gina, al final del cap\u00edtol o del document, o mitjan\u00e7ant un sistema num\u00e8ric.<\/p>\n<p style=\"text-align: justify;\">Per a m\u00e9s informaci\u00f3 consulta l&#8217;apartat de <a href=\"http:\/\/www.ub.edu\/cub\/criteri.php?id=269\" target=\"_blank\">Refer\u00e8ncies i citacions bibliogr\u00e0fiques<\/a> dels Criteris Ling\u00fc\u00edstics de la UB.<\/p>\n<p><span style=\"color: #315ad6;\"><strong>Com haig de posar la refer\u00e8ncia d&#8217;una pel\u00b7l\u00edcula?<\/strong><\/span><\/p>\n<p style=\"text-align: justify;\">Cognoms, Nom (responsabilitat). <em>T\u00edtol<\/em><em> [tipus de document]<\/em>. Responsabilitat secund\u00e0ria. Edici\u00f3 o versi\u00f3. Lloc de publicaci\u00f3: editor, data de publicaci\u00f3. Descripci\u00f3 f\u00edsica. (Col\u00b7lecci\u00f3; n\u00fam).<\/p>\n<p style=\"text-align: justify;\"><strong>Exemple:\u00a0<\/strong><\/p>\n<p style=\"text-align: justify;\">Allen, Woody (dir.). <em>Bales sobre Broadway <\/em>[Pel\u00b7l\u00edcula cinematogr\u00e0fica]. 90 min. Produ\u00efda per Helen Robin. Sweetland Films, 1994.<\/p>\n<p><span style=\"color: #315ad6;\"><strong>Quin diccionari catal\u00e0 en l\u00ednia puc utilitzar?<\/strong><\/span><\/p>\n<p>Pots trobar un conjunt de diccionaris i recursos en l\u00ednia a l&#8217;apartat <a href=\"https:\/\/www.ub.edu\/tfg\/recursos\/\" target=\"_blank\">Recursos<\/a>.<\/p>\n<p><span style=\"color: #315ad6;\"><strong>Existeix algun recurs que em pugui ajudar a revistar el TFG?<br \/>\n<\/strong><\/span><\/p>\n<p>Pots consultar els apartats de <a href=\"https:\/\/www.ub.edu\/tfg\/llistes-de-control\/\">Revisi\u00f3<\/a>, on trobar\u00e0s llistes de control pels diferents moments del proc\u00e9s;\u00a0i de <a href=\"https:\/\/www.ub.edu\/tfg\/rubrica\/\">R\u00fabriques<\/a>, on trobar\u00e0s els conceptes que es poden tenir en compte a l&#8217;avaluaci\u00f3.<\/p>\n<h2><span style=\"color: #000080;\"><strong>Presentacions<\/strong><\/span><\/h2>\n<p><span style=\"color: #315ad6;\"><strong>Quant temps tinc per fer la presentaci\u00f3 oral del treball?<\/strong><\/span><\/p>\n<p>Normalment \u00e9s entre 10 i 20 minuts.\u00a0Tot i aix\u00ed, has de consultar la normativa del centre on presentes el treball, ja que poden tenir indicacions diferents.<\/p>\n<p><span style=\"color: #315ad6;\"><strong>Durant la presentaci\u00f3 del treball, com m&#8217;haig de dirigir al tribunal?<\/strong><\/span><\/p>\n<p style=\"text-align: justify;\">Abans de comen\u00e7ar la presentaci\u00f3, saluda el tribunal manera formal. Presenta&#8217;t i, a continuaci\u00f3, comen\u00e7a l&#8217;exposici\u00f3. \u00c9s important mantenir contacte visual de manera alterna entre el p\u00fablic i el tribunal. Tingues una actitud relaxada, simp\u00e0tica i emp\u00e0tica. Cap al final de l&#8217;exposici\u00f3, dirigeix-te tant al tribunal com al p\u00fablic i demana&#8217;ls si tenen cap pregunta o dubte sobre l&#8217;exposici\u00f3.<\/p>\n<p><span style=\"color: #315ad6;\"><strong>Quins mitjans de suport puc utilitzar en la presentaci\u00f3?<\/strong><\/span><\/p>\n<p style=\"text-align: justify;\">\u00c9s recomanable utilitzar algun tipus de mitj\u00e0 de suport per atraure i mantenir l&#8217;atenci\u00f3 del p\u00fablic. Pots utilitzar diferents eines com PowerPoint, Prezi, p\u00f2sters, etc.\u00a0Tot i aix\u00ed, has de consultar la normativa del centre on presentes el treball, ja que poden tenir indicacions diferents. Per a m\u00e9s informaci\u00f3 consulta <a href=\"https:\/\/www.ub.edu\/tfg\/presentacio-oral\/mitjans-de-suport\/\" target=\"_blank\">Mitjans de suport<\/a>.<\/p>\n<p><span style=\"color: #315ad6;\"><strong>Hi ha alguna eina que em permeti valorar si la presentaci\u00f3 que m&#8217;he preparat est\u00e0 b\u00e9?<br \/>\n<\/strong><\/span><\/p>\n<p>Pots consultar els apartats de <a href=\"https:\/\/www.ub.edu\/tfg\/llistes-de-control\/\">Revisi\u00f3<\/a> i de <a href=\"https:\/\/www.ub.edu\/tfg\/rubrica\/\">R\u00fabriques<\/a>.<\/p>\n<p>&nbsp;<\/p>\n","protected":false},"excerpt":{"rendered":"<p>Parts i formats Haig de posar el logotip de la UB a la portada? El TFG \u00e9s el teu treball personal i, per tant, no hauria de portar el logotip de la Universitat de Barcelona. Tot i aix\u00ed, has de consultar la normativa del centre on presentes el treball, ja que poden tenir indicacions diferents. <a class=\"more-link\" href=\"https:\/\/www.ub.edu\/tfg\/preguntes\/\">Continue reading <i class=\"fa fa-chevron-right\"><\/i><\/a><\/p>\n","protected":false},"author":4,"featured_media":0,"parent":0,"menu_order":0,"comment_status":"closed","ping_status":"open","template":"page-fullwidth.php","meta":{"_mi_skip_tracking":false},"_links":{"self":[{"href":"https:\/\/www.ub.edu\/tfg\/wp-json\/wp\/v2\/pages\/7046"}],"collection":[{"href":"https:\/\/www.ub.edu\/tfg\/wp-json\/wp\/v2\/pages"}],"about":[{"href":"https:\/\/www.ub.edu\/tfg\/wp-json\/wp\/v2\/types\/page"}],"author":[{"embeddable":true,"href":"https:\/\/www.ub.edu\/tfg\/wp-json\/wp\/v2\/users\/4"}],"replies":[{"embeddable":true,"href":"https:\/\/www.ub.edu\/tfg\/wp-json\/wp\/v2\/comments?post=7046"}],"version-history":[{"count":43,"href":"https:\/\/www.ub.edu\/tfg\/wp-json\/wp\/v2\/pages\/7046\/revisions"}],"predecessor-version":[{"id":7509,"href":"https:\/\/www.ub.edu\/tfg\/wp-json\/wp\/v2\/pages\/7046\/revisions\/7509"}],"wp:attachment":[{"href":"https:\/\/www.ub.edu\/tfg\/wp-json\/wp\/v2\/media?parent=7046"}],"curies":[{"name":"wp","href":"https:\/\/api.w.org\/{rel}","templated":true}]}}