{"id":7104,"date":"2015-06-08T12:26:01","date_gmt":"2015-06-08T12:26:01","guid":{"rendered":"http:\/\/www.ub.edu\/tfg\/?page_id=7104"},"modified":"2015-11-17T09:02:28","modified_gmt":"2015-11-17T09:02:28","slug":"rubrica","status":"publish","type":"page","link":"https:\/\/www.ub.edu\/tfg\/rubrica\/","title":{"rendered":"R\u00fabriques"},"content":{"rendered":"<p>[vc_row][vc_column width=&#8221;1\/1&#8243;]<div class='wpb_text_column wpb_content_element '>\n\t\t\t<div class='wpb_wrapper'>\n\t\t\t\t<div class='panel panel-Gris'>\n\n\t\t\t\t\t<div class='panel-body'>R\u00fabrica<\/div>\n\n\t\t\t\t\t<div class='panel-footer'><p>Les r\u00fabriques d&#8217;avaluaci\u00f3 s\u00f3n un marc de refer\u00e8ncia per situar un aspecte de la llengua en un punt concret d\u2019una escala de valors i avaluar-lo objectivament. Aconsegueix que professors i estudiants avalu\u00efn criteris de manera unificada i objectiva. I permet el mateix grau de coneixements i de responsabilitats en l\u2019avaluaci\u00f3 per part de tots els membres implicats, la qual cosa tamb\u00e9 ofereix als aprenents l&#8217;autoavaluaci\u00f3, la reflexi\u00f3 i la revisi\u00f3 de les tasques.<\/p>\n<\/div>\n\t\t\t\t<\/div>\n\t\t\t<\/div>\n\t\t<\/div>[vc_column_text]<a href=\"\/tfg\/rubrica\/rubrica-davaluacio-del-treball-escrit-del-tfg\" target=\"_blank\"><strong>R\u00daBRICA D&#8217;AVALUACI\u00d3 DEL TREBALL ESCRIT DEL TFG<\/strong><\/a><\/p>\n<p>&nbsp;<\/p>\n<p><a href=\"\/tfg\/rubrica\/rubrica-davaluacio-de-lexposicio-oral-del-tfg\" target=\"_blank\"><strong>R\u00daBRICA D\u2019AVALUACI\u00d3 DE L\u2019EXPOSICI\u00d3 ORAL DEL TFG<\/strong><\/a>[\/vc_column_text][\/vc_column][\/vc_row]<\/p>\n","protected":false},"excerpt":{"rendered":"<p>[vc_row][vc_column width=&#8221;1\/1&#8243;][vc_column_text]R\u00daBRICA D&#8217;AVALUACI\u00d3 DEL TREBALL ESCRIT DEL TFG &nbsp; R\u00daBRICA D\u2019AVALUACI\u00d3 DE L\u2019EXPOSICI\u00d3 ORAL DEL TFG[\/vc_column_text][\/vc_column][\/vc_row]<\/p>\n","protected":false},"author":4,"featured_media":0,"parent":0,"menu_order":0,"comment_status":"closed","ping_status":"open","template":"page-fullwidth.php","meta":{"_mi_skip_tracking":false},"_links":{"self":[{"href":"https:\/\/www.ub.edu\/tfg\/wp-json\/wp\/v2\/pages\/7104"}],"collection":[{"href":"https:\/\/www.ub.edu\/tfg\/wp-json\/wp\/v2\/pages"}],"about":[{"href":"https:\/\/www.ub.edu\/tfg\/wp-json\/wp\/v2\/types\/page"}],"author":[{"embeddable":true,"href":"https:\/\/www.ub.edu\/tfg\/wp-json\/wp\/v2\/users\/4"}],"replies":[{"embeddable":true,"href":"https:\/\/www.ub.edu\/tfg\/wp-json\/wp\/v2\/comments?post=7104"}],"version-history":[{"count":25,"href":"https:\/\/www.ub.edu\/tfg\/wp-json\/wp\/v2\/pages\/7104\/revisions"}],"predecessor-version":[{"id":7519,"href":"https:\/\/www.ub.edu\/tfg\/wp-json\/wp\/v2\/pages\/7104\/revisions\/7519"}],"wp:attachment":[{"href":"https:\/\/www.ub.edu\/tfg\/wp-json\/wp\/v2\/media?parent=7104"}],"curies":[{"name":"wp","href":"https:\/\/api.w.org\/{rel}","templated":true}]}}