{"id":9,"date":"2014-08-15T06:38:58","date_gmt":"2014-08-15T06:38:58","guid":{"rendered":"http:\/\/artbees.net\/themes\/jupiter\/big-vision\/?page_id=9"},"modified":"2016-02-17T10:58:21","modified_gmt":"2016-02-17T10:58:21","slug":"universidad-de-leon","status":"publish","type":"page","link":"https:\/\/www.ub.edu\/tfg\/","title":{"rendered":"Redacci\u00f3 i presentaci\u00f3 del TFG"},"content":{"rendered":"<p>[vc_row][vc_column][vc_column_text]<!--\n\n\n\n<p style=\"font-family: Edo; font-size: 28px; color: #356eb0; text-align: center;\">Guia did\u00e0ctica i ling\u00fc\u00edstica per a la presentaci\u00f3 escrita i oral del tfg\n--><\/p>\n<h1 class=\"entry-title\" style=\"text-align: center;\">Guia ling\u00fc\u00edstica per a la presentaci\u00f3 escrita i oral del treball final de grau<\/h1>\n<p>[\/vc_column_text][\/vc_column][\/vc_row][vc_row][vc_column width=&#8221;1\/4&#8243; el_class=&#8221;colLink&#8221;]<a href='\/tfg\/10-consells-per-redactar-el-treball-final-de-grau'>\t\t\n\t\t\t\t<div class='wpb_single_image wpb_content_element vc_align_center'>\n\t\t\t\t\t<div class='wpb_wrapper'>\t\t\t\n\t\t\t\t\t\t<img  src='https:\/\/www.ub.edu\/tfg\/wp-content\/uploads\/2014\/08\/estudiants-treball-escrit4-1024x680.jpg' class='vc_box_border_grey attachment-full' alt='10 consells per al treball escrit del TFG'>\n\t\t\t\t\t<\/div> \n\t\t\t\t<\/div> \n\t\t\t\t<div class='wpb_text_column wpb_content_element colBloc' style='background-color:#e67e22;'>\n\t\t\t\t\t<div class='wpb_wrapper'>\n\t\t\t\t\t\t<div class='text-center'><h2 class='titol-bloc'>10 consells per al treball escrit del TFG<\/h2><\/div>\n\t\t\t\t\t\t<hr>\n\t\t\t\t\t\t<p><\/p>\n\n\t\t\t\t\t<\/div> \n\t\t\t\t<\/div> \n\t\t\t<\/a>[\/vc_column][vc_column width=&#8221;1\/4&#8243; el_class=&#8221;colLink&#8221;]<a href='\/tfg\/treball-escrit'>\t\t\n\t\t\t\t<div class='wpb_single_image wpb_content_element vc_align_center'>\n\t\t\t\t\t<div class='wpb_wrapper'>\t\t\t\n\t\t\t\t\t\t<img  src='https:\/\/www.ub.edu\/tfg\/wp-content\/uploads\/2014\/08\/101-1024x683.jpg' class='vc_box_border_grey attachment-full' alt='Treball escrit'>\n\t\t\t\t\t<\/div> \n\t\t\t\t<\/div> \n\t\t\t\t<div class='wpb_text_column wpb_content_element colBloc' style='background-color:#f39c12;'>\n\t\t\t\t\t<div class='wpb_wrapper'>\n\t\t\t\t\t\t<div class='text-center'><h2 class='titol-bloc'>Treball escrit<\/h2><\/div>\n\t\t\t\t\t\t<hr>\n\t\t\t\t\t\t<p>Orientacions i exercicis autoavaluatius per redactar el TFG o altres treballs acad\u00e8mics d&#8217;acord amb els criteris ling\u00fc\u00edstics de la Universitat de Barcelona (CUB)<\/p>\n\n\t\t\t\t\t<\/div> \n\t\t\t\t<\/div> \n\t\t\t<\/a>[\/vc_column][vc_column width=&#8221;1\/4&#8243; el_class=&#8221;colLink&#8221;]<a href='\/tfg\/10-consells-per-la-presentacio-oral-del-tfg'>\t\t\n\t\t\t\t<div class='wpb_single_image wpb_content_element vc_align_center'>\n\t\t\t\t\t<div class='wpb_wrapper'>\t\t\t\n\t\t\t\t\t\t<img  src='https:\/\/www.ub.edu\/tfg\/wp-content\/uploads\/2014\/08\/presentacio-retallada.jpg' class='vc_box_border_grey attachment-full' alt='10 consells per a la presentaci\u00f3 oral del TFG'>\n\t\t\t\t\t<\/div> \n\t\t\t\t<\/div> \n\t\t\t\t<div class='wpb_text_column wpb_content_element colBloc' style='background-color:#582562;'>\n\t\t\t\t\t<div class='wpb_wrapper'>\n\t\t\t\t\t\t<div class='text-center'><h2 class='titol-bloc'>10 consells per a la presentaci\u00f3 oral del TFG<\/h2><\/div>\n\t\t\t\t\t\t<hr>\n\t\t\t\t\t\t<p><\/p>\n\n\t\t\t\t\t<\/div> \n\t\t\t\t<\/div> \n\t\t\t<\/a>[\/vc_column][vc_column width=&#8221;1\/4&#8243; el_class=&#8221;colLink&#8221;]<a href='\/tfg\/presentacio-oral\/'>\t\t\n\t\t\t\t<div class='wpb_single_image wpb_content_element vc_align_center'>\n\t\t\t\t\t<div class='wpb_wrapper'>\t\t\t\n\t\t\t\t\t\t<img  src='https:\/\/www.ub.edu\/tfg\/wp-content\/uploads\/2014\/08\/presentacio.jpg' class='vc_box_border_grey attachment-full' alt='Presentaci\u00f3 oral'>\n\t\t\t\t\t<\/div> \n\t\t\t\t<\/div> \n\t\t\t\t<div class='wpb_text_column wpb_content_element colBloc' style='background-color:#9237ae;'>\n\t\t\t\t\t<div class='wpb_wrapper'>\n\t\t\t\t\t\t<div class='text-center'><h2 class='titol-bloc'>Presentaci\u00f3 oral<\/h2><\/div>\n\t\t\t\t\t\t<hr>\n\t\t\t\t\t\t<p>Recomanacions per a l\u2019exposici\u00f3 oral del TFG amb exemples il\u00b7lustratius<\/p>\n\n\t\t\t\t\t<\/div> \n\t\t\t\t<\/div> \n\t\t\t<\/a>[\/vc_column][\/vc_row][vc_row el_class=&#8221;alinear&#8221;][vc_column width=&#8221;1\/4&#8243; el_class=&#8221;video-inici&#8221;][vc_raw_html]<\/p>\n<p>JTNDZGl2JTIwY2xhc3MlM0QlMjJ3cGJfd3JhcHBlciUyMiUzRSUwQSUwOSUwOSUwOSUwQSUwOSUzQ2RpdiUyMGNsYXNzJTNEJTIyd3BiX3ZpZGVvX3dpZGdldCUyMiUzRSUwQSUwOSUwOSUzQ2RpdiUyMGNsYXNzJTNEJTIyd3BiX3dyYXBwZXIlMjIlM0UlM0NkaXYlMjBjbGFzcyUzRCUyMndwYl92aWRlb193cmFwcGVyJTIyJTNFJTNDaWZyYW1lJTIwc3JjJTNEJTIyaHR0cHMlM0ElMkYlMkZ3d3cueW91dHViZS5jb20lMkZlbWJlZCUyRndtaDlNZ3VFS3VVJTNGcmVsJTNEMCUyMiUyMGFsbG93ZnVsbHNjcmVlbiUzRCUyMiUyMiUyMGZyYW1lYm9yZGVyJTNEJTIyMCUyMiUyMGhlaWdodCUzRCUyMjQxMSUyMiUyMHdpZHRoJTNEJTIyNzMwJTIyJTNFJTNDJTJGaWZyYW1lJTNFJTIwJTNDJTJGZGl2JTNFJTBBJTA5JTA5JTNDJTJGZGl2JTNFJTIwJTBBJTA5JTNDJTJGZGl2JTNFJTIwJTBBJTA5JTA5JTNDJTJGZGl2JTNF<\/p>\n<p>[\/vc_raw_html][\/vc_column][vc_column width=&#8221;1\/4&#8243; el_class=&#8221;icon-inici&#8221;][vc_raw_html]<\/p>\n<p>JTNDZGl2JTIwY2xhc3MlM0QlMjJ2Y19pY29uX2VsZW1lbnQlMjB2Y19pY29uX2VsZW1lbnQtb3V0ZXIlMjAlMjB2Y19pY29uX2VsZW1lbnQtYWxpZ24tY2VudGVyJTIwJTIyJTNFJTNDZGl2JTIwY2xhc3MlM0QlMjJ2Y19pY29uX2VsZW1lbnQtaW5uZXIlMjB2Y19pY29uX2VsZW1lbnQtY29sb3ItY3VzdG9tJTIwJTIwdmNfaWNvbl9lbGVtZW50LXNpemUteGwlMjAlMjB2Y19pY29uX2VsZW1lbnQtc3R5bGUtJTIwdmNfaWNvbl9lbGVtZW50LWJhY2tncm91bmQtY29sb3ItZ3JleSUyMiUzRSUzQ2ElMjBocmVmJTNEJTIyaHR0cCUzQSUyRiUyRnd3dy51Yi5lZHUlMkZ0ZmclMkZjb250YWN0ZSUyRiUyMiUzRSUzQ3NwYW4lMjBjbGFzcyUzRCUyMnZjX2ljb25fZWxlbWVudC1pY29uJTIwZmElMjBmYS1lbnZlbG9wZSUyMiUyMHN0eWxlJTNEJTIyY29sb3IlM0ElMjMwMDU5YTIlMjIlM0UlM0MlMkZzcGFuJTNFJTNDJTJGYSUzRSUzQyUyRmRpdiUzRSUzQyUyRmRpdiUzRQ==<\/p>\n<p>[\/vc_raw_html][\/vc_column][vc_column width=&#8221;1\/4&#8243; el_class=&#8221;icon-inici&#8221;][vc_raw_html]<\/p>\n<p>JTNDZGl2JTIwY2xhc3MlM0QlMjJ2Y19pY29uX2VsZW1lbnQlMjB2Y19pY29uX2VsZW1lbnQtb3V0ZXIlMjAlMjB2Y19pY29uX2VsZW1lbnQtYWxpZ24tY2VudGVyJTIwJTIyJTNFJTNDZGl2JTIwY2xhc3MlM0QlMjJ2Y19pY29uX2VsZW1lbnQtaW5uZXIlMjB2Y19pY29uX2VsZW1lbnQtY29sb3ItY3VzdG9tJTIwJTIwdmNfaWNvbl9lbGVtZW50LXNpemUteGwlMjAlMjB2Y19pY29uX2VsZW1lbnQtc3R5bGUtJTIwdmNfaWNvbl9lbGVtZW50LWJhY2tncm91bmQtY29sb3ItZ3JleSUyMiUzRSUzQ2ElMjBocmVmJTNEJTIyaHR0cCUzQSUyRiUyRnd3dy51Yi5lZHUlMkZ0ZmclMkZwcmVndW50ZXMlMkYlMjIlM0UlM0NzcGFuJTIwY2xhc3MlM0QlMjJ2Y19pY29uX2VsZW1lbnQtaWNvbiUyMGZhJTIwZmEtcXVlc3Rpb24lMjIlMjBzdHlsZSUzRCUyMmNvbG9yJTNBJTIzMDA1OWEyJTIyJTNFJTNDJTJGc3BhbiUzRSUzQyUyRmElM0UlM0MlMkZkaXYlM0UlM0MlMkZkaXYlM0U=<\/p>\n<p>[\/vc_raw_html][\/vc_column][vc_column width=&#8221;1\/4&#8243; el_class=&#8221;icon-inici&#8221;][vc_raw_html]<\/p>\n<p>JTNDZGl2JTIwY2xhc3MlM0QlMjJ2Y19pY29uX2VsZW1lbnQlMjB2Y19pY29uX2VsZW1lbnQtb3V0ZXIlMjAlMjB2Y19pY29uX2VsZW1lbnQtYWxpZ24tY2VudGVyJTIwJTIyJTNFJTNDZGl2JTIwY2xhc3MlM0QlMjJ2Y19pY29uX2VsZW1lbnQtaW5uZXIlMjB2Y19pY29uX2VsZW1lbnQtY29sb3ItY3VzdG9tJTIwJTIwdmNfaWNvbl9lbGVtZW50LXNpemUteGwlMjAlMjB2Y19pY29uX2VsZW1lbnQtc3R5bGUtJTIwdmNfaWNvbl9lbGVtZW50LWJhY2tncm91bmQtY29sb3ItZ3JleSUyMiUzRSUzQ2ElMjBocmVmJTNEJTIyaHR0cHMlM0ElMkYlMkZkb2NzLmdvb2dsZS5jb20lMkZmb3JtcyUyRmQlMkYxWEtMRjc5RVpZZUpiX0d2RUg1cUNfMGhPeUVRc0N2T0hXZXBDaEpMWTNVYyUyRnZpZXdmb3JtJTNGYyUzRDAlMjZ3JTNEMSUyMiUyMHRhcmdldCUzRCUyMl9ibGFuayUyMiUzRSUzQ3NwYW4lMjBjbGFzcyUzRCUyMnZjX2ljb25fZWxlbWVudC1pY29uJTIwZmElMjBmYS1wZW5jaWwtc3F1YXJlLW8lMjIlMjBzdHlsZSUzRCUyMmNvbG9yJTNBJTIzMDA1OWEyJTIyJTNFJTNDJTJGc3BhbiUzRSUzQyUyRmElM0UlM0MlMkZkaXYlM0UlM0MlMkZkaXYlM0U=<\/p>\n<p>[\/vc_raw_html][\/vc_column][\/vc_row]<\/p>\n","protected":false},"excerpt":{"rendered":"<p>[vc_row][vc_column][vc_column_text] Guia ling\u00fc\u00edstica per a la presentaci\u00f3 escrita i oral del treball final de grau [\/vc_column_text][\/vc_column][\/vc_row][vc_row][vc_column width=&#8221;1\/4&#8243; el_class=&#8221;colLink&#8221;][\/vc_column][vc_column width=&#8221;1\/4&#8243; el_class=&#8221;colLink&#8221;][\/vc_column][vc_column width=&#8221;1\/4&#8243; el_class=&#8221;colLink&#8221;][\/vc_column][vc_column width=&#8221;1\/4&#8243; el_class=&#8221;colLink&#8221;][\/vc_column][\/vc_row][vc_row el_class=&#8221;alinear&#8221;][vc_column width=&#8221;1\/4&#8243; el_class=&#8221;video-inici&#8221;][vc_raw_html] JTNDZGl2JTIwY2xhc3MlM0QlMjJ3cGJfd3JhcHBlciUyMiUzRSUwQSUwOSUwOSUwOSUwQSUwOSUzQ2RpdiUyMGNsYXNzJTNEJTIyd3BiX3ZpZGVvX3dpZGdldCUyMiUzRSUwQSUwOSUwOSUzQ2RpdiUyMGNsYXNzJTNEJTIyd3BiX3dyYXBwZXIlMjIlM0UlM0NkaXYlMjBjbGFzcyUzRCUyMndwYl92aWRlb193cmFwcGVyJTIyJTNFJTNDaWZyYW1lJTIwc3JjJTNEJTIyaHR0cHMlM0ElMkYlMkZ3d3cueW91dHViZS5jb20lMkZlbWJlZCUyRndtaDlNZ3VFS3VVJTNGcmVsJTNEMCUyMiUyMGFsbG93ZnVsbHNjcmVlbiUzRCUyMiUyMiUyMGZyYW1lYm9yZGVyJTNEJTIyMCUyMiUyMGhlaWdodCUzRCUyMjQxMSUyMiUyMHdpZHRoJTNEJTIyNzMwJTIyJTNFJTNDJTJGaWZyYW1lJTNFJTIwJTNDJTJGZGl2JTNFJTBBJTA5JTA5JTNDJTJGZGl2JTNFJTIwJTBBJTA5JTNDJTJGZGl2JTNFJTIwJTBBJTA5JTA5JTNDJTJGZGl2JTNF [\/vc_raw_html][\/vc_column][vc_column width=&#8221;1\/4&#8243; el_class=&#8221;icon-inici&#8221;][vc_raw_html] JTNDZGl2JTIwY2xhc3MlM0QlMjJ2Y19pY29uX2VsZW1lbnQlMjB2Y19pY29uX2VsZW1lbnQtb3V0ZXIlMjAlMjB2Y19pY29uX2VsZW1lbnQtYWxpZ24tY2VudGVyJTIwJTIyJTNFJTNDZGl2JTIwY2xhc3MlM0QlMjJ2Y19pY29uX2VsZW1lbnQtaW5uZXIlMjB2Y19pY29uX2VsZW1lbnQtY29sb3ItY3VzdG9tJTIwJTIwdmNfaWNvbl9lbGVtZW50LXNpemUteGwlMjAlMjB2Y19pY29uX2VsZW1lbnQtc3R5bGUtJTIwdmNfaWNvbl9lbGVtZW50LWJhY2tncm91bmQtY29sb3ItZ3JleSUyMiUzRSUzQ2ElMjBocmVmJTNEJTIyaHR0cCUzQSUyRiUyRnd3dy51Yi5lZHUlMkZ0ZmclMkZjb250YWN0ZSUyRiUyMiUzRSUzQ3NwYW4lMjBjbGFzcyUzRCUyMnZjX2ljb25fZWxlbWVudC1pY29uJTIwZmElMjBmYS1lbnZlbG9wZSUyMiUyMHN0eWxlJTNEJTIyY29sb3IlM0ElMjMwMDU5YTIlMjIlM0UlM0MlMkZzcGFuJTNFJTNDJTJGYSUzRSUzQyUyRmRpdiUzRSUzQyUyRmRpdiUzRQ== [\/vc_raw_html][\/vc_column][vc_column width=&#8221;1\/4&#8243; el_class=&#8221;icon-inici&#8221;][vc_raw_html] JTNDZGl2JTIwY2xhc3MlM0QlMjJ2Y19pY29uX2VsZW1lbnQlMjB2Y19pY29uX2VsZW1lbnQtb3V0ZXIlMjAlMjB2Y19pY29uX2VsZW1lbnQtYWxpZ24tY2VudGVyJTIwJTIyJTNFJTNDZGl2JTIwY2xhc3MlM0QlMjJ2Y19pY29uX2VsZW1lbnQtaW5uZXIlMjB2Y19pY29uX2VsZW1lbnQtY29sb3ItY3VzdG9tJTIwJTIwdmNfaWNvbl9lbGVtZW50LXNpemUteGwlMjAlMjB2Y19pY29uX2VsZW1lbnQtc3R5bGUtJTIwdmNfaWNvbl9lbGVtZW50LWJhY2tncm91bmQtY29sb3ItZ3JleSUyMiUzRSUzQ2ElMjBocmVmJTNEJTIyaHR0cCUzQSUyRiUyRnd3dy51Yi5lZHUlMkZ0ZmclMkZwcmVndW50ZXMlMkYlMjIlM0UlM0NzcGFuJTIwY2xhc3MlM0QlMjJ2Y19pY29uX2VsZW1lbnQtaWNvbiUyMGZhJTIwZmEtcXVlc3Rpb24lMjIlMjBzdHlsZSUzRCUyMmNvbG9yJTNBJTIzMDA1OWEyJTIyJTNFJTNDJTJGc3BhbiUzRSUzQyUyRmElM0UlM0MlMkZkaXYlM0UlM0MlMkZkaXYlM0U= [\/vc_raw_html][\/vc_column][vc_column width=&#8221;1\/4&#8243; el_class=&#8221;icon-inici&#8221;][vc_raw_html] JTNDZGl2JTIwY2xhc3MlM0QlMjJ2Y19pY29uX2VsZW1lbnQlMjB2Y19pY29uX2VsZW1lbnQtb3V0ZXIlMjAlMjB2Y19pY29uX2VsZW1lbnQtYWxpZ24tY2VudGVyJTIwJTIyJTNFJTNDZGl2JTIwY2xhc3MlM0QlMjJ2Y19pY29uX2VsZW1lbnQtaW5uZXIlMjB2Y19pY29uX2VsZW1lbnQtY29sb3ItY3VzdG9tJTIwJTIwdmNfaWNvbl9lbGVtZW50LXNpemUteGwlMjAlMjB2Y19pY29uX2VsZW1lbnQtc3R5bGUtJTIwdmNfaWNvbl9lbGVtZW50LWJhY2tncm91bmQtY29sb3ItZ3JleSUyMiUzRSUzQ2ElMjBocmVmJTNEJTIyaHR0cHMlM0ElMkYlMkZkb2NzLmdvb2dsZS5jb20lMkZmb3JtcyUyRmQlMkYxWEtMRjc5RVpZZUpiX0d2RUg1cUNfMGhPeUVRc0N2T0hXZXBDaEpMWTNVYyUyRnZpZXdmb3JtJTNGYyUzRDAlMjZ3JTNEMSUyMiUyMHRhcmdldCUzRCUyMl9ibGFuayUyMiUzRSUzQ3NwYW4lMjBjbGFzcyUzRCUyMnZjX2ljb25fZWxlbWVudC1pY29uJTIwZmElMjBmYS1wZW5jaWwtc3F1YXJlLW8lMjIlMjBzdHlsZSUzRCUyMmNvbG9yJTNBJTIzMDA1OWEyJTIyJTNFJTNDJTJGc3BhbiUzRSUzQyUyRmElM0UlM0MlMkZkaXYlM0UlM0MlMkZkaXYlM0U= [\/vc_raw_html][\/vc_column][\/vc_row]<\/p>\n","protected":false},"author":4,"featured_media":0,"parent":0,"menu_order":0,"comment_status":"closed","ping_status":"open","template":"","meta":{"_mi_skip_tracking":false},"_links":{"self":[{"href":"https:\/\/www.ub.edu\/tfg\/wp-json\/wp\/v2\/pages\/9"}],"collection":[{"href":"https:\/\/www.ub.edu\/tfg\/wp-json\/wp\/v2\/pages"}],"about":[{"href":"https:\/\/www.ub.edu\/tfg\/wp-json\/wp\/v2\/types\/page"}],"author":[{"embeddable":true,"href":"https:\/\/www.ub.edu\/tfg\/wp-json\/wp\/v2\/users\/4"}],"replies":[{"embeddable":true,"href":"https:\/\/www.ub.edu\/tfg\/wp-json\/wp\/v2\/comments?post=9"}],"version-history":[{"count":227,"href":"https:\/\/www.ub.edu\/tfg\/wp-json\/wp\/v2\/pages\/9\/revisions"}],"predecessor-version":[{"id":5922,"href":"https:\/\/www.ub.edu\/tfg\/wp-json\/wp\/v2\/pages\/9\/revisions\/5922"}],"wp:attachment":[{"href":"https:\/\/www.ub.edu\/tfg\/wp-json\/wp\/v2\/media?parent=9"}],"curies":[{"name":"wp","href":"https:\/\/api.w.org\/{rel}","templated":true}]}}