{"id":14,"date":"2020-02-11T13:10:50","date_gmt":"2020-02-11T13:10:50","guid":{"rendered":"http:\/\/161.116.93.61\/?page_id=14"},"modified":"2026-01-28T14:40:02","modified_gmt":"2026-01-28T14:40:02","slug":"publications","status":"publish","type":"page","link":"https:\/\/www.ub.edu\/tpdlab\/publications\/","title":{"rendered":"Recent Publications*"},"content":{"rendered":"\n<ul class=\"wp-block-list\">\n<li><strong>Dimethoxybenzohomoadamantane-based soluble epoxide hydrolase inhibitors: in vivo efficacy in a murine model of chemotherapy-induced neuropathic pain.<\/strong> S. Codony, B. Jora, M. Santos-Caballero, Q. Qiu, C. Calv\u00f3-Tusell, C. Escriche, A. L. Turcu, F. Prischi, C. Bartra, C. Val, C. Morisseau, B. P\u00e9rez, A. Bertran-Mostazo, S. Osuna, R. Corpas, C. Gri\u00f1\u00e1n-Ferr\u00e9, C. Galdeano, M. I. Loza, M. Pall\u00e0s, C. Sanfeliu, B. D. Hammock, J. Brea, F. Feixas, M. R. Conte, E. J. Cobos, S. V\u00e1zquez, <em>Journal of Enzyme Inhibition and Medicinal Chemistry<\/em> <strong>2025<\/strong>, 40(1), 2574990. <a>https:\/\/doi.org\/10.1080\/14756366.2025.2574990<\/a><\/li>\n\n\n\n<li><strong>Characterization of Ligand Binding in Human Serum Albumin from Atomistic Energy Transfer Simulations.<\/strong> \u00d6. Erg\u00fcn, A. Bertran-Mostazo, E. Cubero, C. Galdeano, C. Curutchet, <em>Small Methods<\/em> <strong>2025<\/strong>, 9(12), e01820. <a>https:\/\/doi.org\/10.1002\/smtd.202501820<\/a><\/li>\n\n\n\n<li><strong>Water Networks as Hydrophobic Recognition Motifs in Proteins.<\/strong> S. G. Piticchio, M. Mart\u00ednez-Cartr\u00f3, S. Scaffidi, S. Rodr\u00edguez-Ar\u00e9valo, A. Bag\u00e1n, A. S\u00e1nchez-Arfelis, S. Picaud, T. Krojer, P. Filippakopoulos, F. von Delft, C. Escolano, C. Galdeano, X. Barril, <em>Angewandte Chemie International Edition<\/em> <strong>2025<\/strong>, 65(2), e21138. <a>https:\/\/doi.org\/10.1002\/anie.202521138<\/a><\/li>\n\n\n\n<li><strong>Cullin-RING ligase BioE3 reveals molecular-glue-induced neosubstrates and rewiring of the endogenous Cereblon ubiquitome. <\/strong>L. Merino-Cacho, O. Barroso-Gomila, M. Pozo-Rodr\u00edguez, V. Muratore, C. Guinea-P\u00e9rez, \u00c1. Serrano, C. P\u00e9rez, S. Cano-L\u00f3pez, A. Urcullu, M. Azkargorta, I. Iloro, C. Galdeano, J. Ju\u00e1rez-Jim\u00e9nez, U. Mayor, F. Elortza, R. Barrio, J. D. Sutherland, <em>Cell Communication and Signaling<\/em> <strong>2025<\/strong>, 23(1), 101. <a href=\"https:\/\/doi.org\/10.1186\/s12964-025-02091-5\">https:\/\/doi.org\/10.1186\/s12964-025-02091-5<\/a><\/li>\n\n\n\n<li><strong>Discovering Uncharted Binding Pockets on E3 Ligases Leads to the Identification of FBW7 Allosteric Modulators.<\/strong> M. Mart\u00ednez-Cartr\u00f3, A. Serrano-Morr\u00e1s, A. Bertran-Mostazo, R. Casta\u00f1o-Mu\u00f1iz, S. Scaffidi, V. Ivanova, N. Csorba, J. Simon, P. \u00c1br\u00e1nyi-Balogh, Y. Li, GM. Keser\u00fc, B. Hao, X. Barril, C. Galdeano. <em>Advanced Science<\/em> <strong>2025<\/strong>, 12(39):e06068. <a href=\"https:\/\/advanced.onlinelibrary.wiley.com\/doi\/10.1002\/advs.202506068\" data-type=\"link\" data-id=\"https:\/\/advanced.onlinelibrary.wiley.com\/doi\/10.1002\/advs.202506068\">doi: 10.1002\/advs.202506068<\/a><\/li>\n\n\n\n<li><strong>A novel bottom-up approach to find lead-compounds in billion-sized libraries.&nbsp;<\/strong>A. Serrano-Morr\u00e1s, A. Bertran-Mostazo, M. Mi\u00f1arro-Lleonar, A. Comajuncosa-Creus, A. Cabello, C. Labranya, C. Escudero, T. Tian, I. Khutorianska, D. S. Radchenko, Y. S. Moroz, L. Defelipe, D. Ruiz-Carrillo, M. Garcia-Alai, R. Schmidt, M. Rarey, P. Aloy, C. Galdeano, J. Ju\u00e1rez-Jim\u00e9nez, X. Barril.&nbsp;<em>Communications Chemistry <strong>2025,<\/strong> 8, Art. 225. <a href=\"https:\/\/doi.org\/10.1038\/s42004-025-01610-2\">https:\/\/doi.org\/10.1038\/s42004-025-01610-2<\/a><\/em><\/li>\n\n\n\n<li><strong>Drug Discovery Approaches to Target E3 ligases<\/strong>. A. Rodr\u00edguez-Gimeno,&nbsp;C. Galdeano,&nbsp;<em>ChemBioChem<\/em>&nbsp;<strong>2025<\/strong>,&nbsp;26, e202400656.&nbsp;<a href=\"https:\/\/doi.org\/10.1002\/cbic.202400656\">https:\/\/doi.org\/10.1002\/cbic.202400656<\/a><\/li>\n\n\n\n<li><strong>Proximity-Induced Pharmacology for Amyloid-Related Diseases<\/strong>. A. Bertran-Mostazo, G. Putri\u016bt\u0117, I. \u00c1lvarez-Berbel, M.A. Busquets, C. Galdeano, A. Espargar\u00f3, R. Sabate.\u00a0<em>Cells\u00a0<\/em><strong>2024<\/strong>,\u00a0<em>13<\/em>(5), 449.\u00a0<a href=\"https:\/\/www.mdpi.com\/2073-4409\/13\/5\/449\">https:\/\/doi.org\/10.3390\/cells13050449<\/a><\/li>\n<\/ul>\n\n\n\n<p>*For a full view of the publications see:&nbsp;<a href=\"https:\/\/scholar.google.com\/citations?hl=en&amp;user=5Rrlh-AAAAAJ&amp;view_op=list_works&amp;sortby=pubdate\">Google Scholar<\/a><\/p>\n\n\n\n<p><\/p>\n","protected":false},"excerpt":{"rendered":"<p>*For a full view of the publications see:&nbsp;Google Scholar<\/p>\n","protected":false},"author":1,"featured_media":0,"parent":0,"menu_order":0,"comment_status":"closed","ping_status":"closed","template":"","meta":{"footnotes":""},"class_list":["post-14","page","type-page","status-publish","hentry"],"_links":{"self":[{"href":"https:\/\/www.ub.edu\/tpdlab\/wp-json\/wp\/v2\/pages\/14","targetHints":{"allow":["GET"]}}],"collection":[{"href":"https:\/\/www.ub.edu\/tpdlab\/wp-json\/wp\/v2\/pages"}],"about":[{"href":"https:\/\/www.ub.edu\/tpdlab\/wp-json\/wp\/v2\/types\/page"}],"author":[{"embeddable":true,"href":"https:\/\/www.ub.edu\/tpdlab\/wp-json\/wp\/v2\/users\/1"}],"replies":[{"embeddable":true,"href":"https:\/\/www.ub.edu\/tpdlab\/wp-json\/wp\/v2\/comments?post=14"}],"version-history":[{"count":16,"href":"https:\/\/www.ub.edu\/tpdlab\/wp-json\/wp\/v2\/pages\/14\/revisions"}],"predecessor-version":[{"id":710,"href":"https:\/\/www.ub.edu\/tpdlab\/wp-json\/wp\/v2\/pages\/14\/revisions\/710"}],"wp:attachment":[{"href":"https:\/\/www.ub.edu\/tpdlab\/wp-json\/wp\/v2\/media?parent=14"}],"curies":[{"name":"wp","href":"https:\/\/api.w.org\/{rel}","templated":true}]}}