{"id":26995,"date":"2020-02-06T12:04:33","date_gmt":"2020-02-06T10:04:33","guid":{"rendered":"https:\/\/www.ub.edu\/ubterm\/?page_id=26995"},"modified":"2025-11-26T14:14:39","modified_gmt":"2025-11-26T12:14:39","slug":"ajuda","status":"publish","type":"page","link":"https:\/\/www.ub.edu\/ubterm\/ajuda\/","title":{"rendered":"Ajuda"},"content":{"rendered":"<div class=\"responsive-tabs\">\n<h2 class=\"tabtitle\">Consulta general<\/h2>\n<div class=\"tabcontent\">\n\n<p>Per defecte, el cercador de termes cerca la cadena de car\u00e0cters introdu\u00efda a les <strong>denominacions en qualsevol llengua<\/strong> en <strong>totes les obres<\/strong>, de <strong>totes les categories<\/strong> (en el cas d&#8217;obres que continguin termes classificats en \u00e0rees tem\u00e0tiques diferents) i per a <strong>totes les lletres<\/strong> d&#8217;indexaci\u00f3.<\/p>\n<p>&nbsp;<\/p>\n<p>Aquesta cerca es pot restringir a una obra i, si l&#8217;obra seleccionada t\u00e9 els termes classificats en categories, tamb\u00e9 es pot fer la cerca dins una categoria determinada. Tamb\u00e9 es pot seleccionar els termes que comencen per una de les lletres de l&#8217;alfabet de la l\u00ednia inferior. Si no s&#8217;introdueix cap cadena de car\u00e0cters al quadre de cerca, el cercador mostrar\u00e0 igualment totes les fitxes que coincideixen amb els par\u00e0metres indicats.<\/p>\n<p>Si es vol ampliar la cerca a altres camps de la fitxa, com ara la definici\u00f3 o les notes, s&#8217;ha de seleccionar l&#8217;opci\u00f3 de cerca <strong>a tot arreu<\/strong>.<\/p>\n<p>Els resultats de qualsevol cerca es mostren a la part inferior i es poden visualitzar de manera resumida o completa segons s&#8217;indiqui amb els botons<\/p>\n<table style=\"width: 100%;\">\n<tbody>\n<tr>\n<td><span style=\"color: blue;\"><img loading=\"lazy\" decoding=\"async\" class=\"size-full wp-image-27021 aligncenter\" src=\"https:\/\/www.ub.edu\/ubterm\/wp-content\/uploads\/2020\/02\/boto-visual-resum.png\" alt=\"\" width=\"33\" height=\"30\" \/><\/span><\/td>\n<td>visualitzaci\u00f3 resumida<\/td>\n<\/tr>\n<tr>\n<td width=\"20%\"><span style=\"color: blue;\"><img loading=\"lazy\" decoding=\"async\" class=\"size-full wp-image-27022 aligncenter\" src=\"https:\/\/www.ub.edu\/ubterm\/wp-content\/uploads\/2020\/02\/boto-visual-completa.png\" alt=\"\" width=\"31\" height=\"26\" \/><\/span><\/td>\n<td width=\"80%\">visualitzaci\u00f3 completa<\/td>\n<\/tr>\n<\/tbody>\n<\/table>\n<p>La visualitzaci\u00f3 resumida mostra \u00fanicament el t\u00edtol de cada fitxa (que coincideix amb el terme principal en catal\u00e0) i l&#8217;obra de proced\u00e8ncia. Cada element es pot desplegar fent clic al damunt. La visualitzaci\u00f3 completa mostra tota la informaci\u00f3 de cada fitxa ja desplegada.<\/p>\n\n<\/div><h2 class=\"tabtitle\">Consulta per obra<\/h2>\n<div class=\"tabcontent\">\n\n<p>Les obres tamb\u00e9 s\u00f3n accessibles independentment des de l&#8217;ep\u00edgraf <a href=\"https:\/\/www.ub.edu\/ubterm\/obres\/\">Obres<\/a> del men\u00fa. Un cop seleccionada l&#8217;obra, es pot veure la cap\u00e7alera pr\u00f2pia i els fitxers que l&#8217;acompanyen (presentaci\u00f3, cr\u00e8dits, etc.).<\/p>\n<p><img loading=\"lazy\" decoding=\"async\" class=\"aligncenter wp-image-27057 size-full\" src=\"https:\/\/www.ub.edu\/ubterm\/wp-content\/uploads\/2020\/02\/obra.png\" alt=\"\" width=\"1000\" height=\"611\" srcset=\"https:\/\/www.ub.edu\/ubterm\/wp-content\/uploads\/2020\/02\/obra.png 1000w, https:\/\/www.ub.edu\/ubterm\/wp-content\/uploads\/2020\/02\/obra-300x183.png 300w, https:\/\/www.ub.edu\/ubterm\/wp-content\/uploads\/2020\/02\/obra-768x469.png 768w, https:\/\/www.ub.edu\/ubterm\/wp-content\/uploads\/2020\/02\/obra-401x245.png 401w\" sizes=\"auto, (max-width: 1000px) 100vw, 1000px\" \/><\/p>\n<p>&nbsp;<\/p>\n<p>Algunes entrades van acompanyades d&#8217;uns n\u00fameros en <strong>super\u00edndex<\/strong> que indiquen que en la mateixa obra hi ha un terme hom\u00f2graf, \u00e9s a dir, un terme amb la mateixa forma per\u00f2 amb significat diferent. \u00c9s el cas, per exemple, dels dos termes <em>pintura<\/em> del <em>Vocabulari de belles arts<\/em>:<\/p>\n<p><img loading=\"lazy\" decoding=\"async\" class=\"alignnone size-full wp-image-55850\" src=\"https:\/\/www.ub.edu\/ubterm\/wp-content\/uploads\/2020\/05\/homograf-pintura-e1588426048999.png\" alt=\"\" width=\"1220\" height=\"341\" srcset=\"https:\/\/www.ub.edu\/ubterm\/wp-content\/uploads\/2020\/05\/homograf-pintura-e1588426048999.png 1220w, https:\/\/www.ub.edu\/ubterm\/wp-content\/uploads\/2020\/05\/homograf-pintura-e1588426048999-300x84.png 300w, https:\/\/www.ub.edu\/ubterm\/wp-content\/uploads\/2020\/05\/homograf-pintura-e1588426048999-768x215.png 768w, https:\/\/www.ub.edu\/ubterm\/wp-content\/uploads\/2020\/05\/homograf-pintura-e1588426048999-1024x286.png 1024w, https:\/\/www.ub.edu\/ubterm\/wp-content\/uploads\/2020\/05\/homograf-pintura-e1588426048999-490x137.png 490w\" sizes=\"auto, (max-width: 1220px) 100vw, 1220px\" \/><\/p>\n\n<\/div><h2 class=\"tabtitle\">Estructura de les fitxes<\/h2>\n<div class=\"tabcontent\">\n\n<p>Totes les fitxes de l&#8217;UBTERM tenen el mateix patr\u00f3, per\u00f2 les informacions que cont\u00e9 cada fitxa s\u00f3n diferents segons les caracter\u00edstiques de l&#8217;obra de la qual procedeixen. Aix\u00ed, hi ha obres amb definicions (i notes) i altres obres que nom\u00e9s contenen denominacions equivalents. Tamb\u00e9 hi ha obres que contenen il\u00b7lustracions.<\/p>\n<p>L&#8217;estructura b\u00e0sica de les fitxes d&#8217;una obra amb definicions \u00e9s la seg\u00fcent:<\/p>\n<p><img loading=\"lazy\" decoding=\"async\" class=\"alignnone size-full wp-image-75750\" src=\"https:\/\/www.ub.edu\/ubterm\/wp-content\/uploads\/2021\/01\/estructura.png\" alt=\"\" width=\"1000\" height=\"616\" srcset=\"https:\/\/www.ub.edu\/ubterm\/wp-content\/uploads\/2021\/01\/estructura.png 1000w, https:\/\/www.ub.edu\/ubterm\/wp-content\/uploads\/2021\/01\/estructura-300x185.png 300w, https:\/\/www.ub.edu\/ubterm\/wp-content\/uploads\/2021\/01\/estructura-768x473.png 768w, https:\/\/www.ub.edu\/ubterm\/wp-content\/uploads\/2021\/01\/estructura-398x245.png 398w\" sizes=\"auto, (max-width: 1000px) 100vw, 1000px\" \/><\/p>\n<p>&nbsp;<\/p>\n\n<\/div><h2 class=\"tabtitle\">Codis<\/h2>\n<div class=\"tabcontent\">\n\n<h3>Codis i abreviacions que apareixen davant del terme<\/h3>\n<h4><strong>Indicadors de llengua<\/strong><\/h4>\n<table style=\"width: 100%;\">\n<tbody>\n<tr>\n<td width=\"30%\"><span style=\"color: blue;\">ca<\/span><\/td>\n<td width=\"70%\">terme catal\u00e0<\/td>\n<\/tr>\n<tr>\n<td><span style=\"color: blue;\">de<\/span><\/td>\n<td>terme alemany<\/td>\n<\/tr>\n<tr>\n<td><span style=\"color: blue;\">en<\/span><\/td>\n<td>terme angl\u00e8s<\/td>\n<\/tr>\n<tr>\n<td><span style=\"color: blue;\">es<\/span><\/td>\n<td>terme castell\u00e0<\/td>\n<\/tr>\n<tr>\n<td><span style=\"color: blue;\">fr<\/span><\/td>\n<td>terme franc\u00e8s<\/td>\n<\/tr>\n<tr>\n<td><span style=\"color: blue;\">it<\/span><\/td>\n<td>terme itali\u00e0<\/td>\n<\/tr>\n<\/tbody>\n<\/table>\n<h4><strong>Altres indicadors<\/strong><\/h4>\n<table style=\"width: 100%;\">\n<tbody>\n<tr>\n<td width=\"30%\"><span style=\"color: blue; font-size: 10pt;\">CODI<\/span><\/td>\n<td width=\"70%\"><\/td>\n<\/tr>\n<tr>\n<td width=\"30%\"><span style=\"color: blue; font-size: 10pt;\">M. MOL.<br \/>\n<\/span><\/td>\n<td width=\"70%\">massa molar<\/td>\n<\/tr>\n<tr>\n<td width=\"30%\"><span style=\"color: blue; font-size: 10pt;\">NORMA<\/span><\/td>\n<td width=\"70%\"><\/td>\n<\/tr>\n<tr>\n<td width=\"30%\"><span style=\"color: blue; font-size: 10pt;\">S\u00cdMBOL<\/span><\/td>\n<td width=\"70%\"><\/td>\n<\/tr>\n<tr>\n<td width=\"30%\"><span style=\"color: blue; font-size: 10pt;\">UNITAT<\/span><\/td>\n<td width=\"70%\"><\/td>\n<\/tr>\n<\/tbody>\n<\/table>\n<h3>Codis i abreviacions que apareixen darrere del terme<\/h3>\n<h4><strong>Categories l\u00e8xiques<\/strong><\/h4>\n<table style=\"width: 100%;\">\n<tbody>\n<tr>\n<td width=\"30%\"><span style=\"color: blue;\">adj<\/span><\/td>\n<td width=\"70%\">adjectiu<\/td>\n<\/tr>\n<tr>\n<td><span style=\"color: blue;\">adj\/f<\/span><\/td>\n<td>adjectiu i nom femen\u00ed<\/td>\n<\/tr>\n<tr>\n<td><span style=\"color: blue;\">adj\/m<\/span><\/td>\n<td>adjectiu i nom mascul\u00ed<\/td>\n<\/tr>\n<tr>\n<td><span style=\"color: blue;\">adj\/m\/f<\/span><\/td>\n<td>adjectiu i nom mascul\u00ed i nom femen\u00ed<\/td>\n<\/tr>\n<tr>\n<td><span style=\"color: blue;\">adj\/n<\/span><\/td>\n<td>adjectiu i nom (sense g\u00e8nere)<\/td>\n<\/tr>\n<tr>\n<td><span style=\"color: blue;\">f<\/span><\/td>\n<td>nom femen\u00ed<\/td>\n<\/tr>\n<tr>\n<td><span style=\"color: blue;\">f pl<\/span><\/td>\n<td>nom femen\u00ed plural<\/td>\n<\/tr>\n<tr>\n<td><span style=\"color: blue;\">loc<\/span><\/td>\n<td>locuci\u00f3<\/td>\n<\/tr>\n<tr>\n<td><span style=\"color: blue;\">m<\/span><\/td>\n<td>nom mascul\u00ed<\/td>\n<\/tr>\n<tr>\n<td><span style=\"color: blue;\">m pl<\/span><\/td>\n<td>nom mascul\u00ed<\/td>\n<\/tr>\n<tr>\n<td><span style=\"color: blue;\">m\/f<\/span><\/td>\n<td>nom mascul\u00ed i nom femen\u00ed<\/td>\n<\/tr>\n<tr>\n<td><span style=\"color: blue;\">m o f<\/span><\/td>\n<td>nom mascul\u00ed o nom femen\u00ed<\/td>\n<\/tr>\n<tr>\n<td><span style=\"color: blue;\">n<\/span><\/td>\n<td>nom (sense g\u00e8nere)<\/td>\n<\/tr>\n<tr>\n<td><span style=\"color: blue;\">v intr<\/span><\/td>\n<td>verb intransitiu<\/td>\n<\/tr>\n<tr>\n<td><span style=\"color: blue;\">v intr pron<\/span><\/td>\n<td>verb intransitiu pronominal<\/td>\n<\/tr>\n<tr>\n<td><span style=\"color: blue;\">v tr<\/span><\/td>\n<td>verb transitiu<\/td>\n<\/tr>\n<tr>\n<td><span style=\"color: blue;\">v tr pron<\/span><\/td>\n<td>verb transitiu pronominal<\/td>\n<\/tr>\n<\/tbody>\n<\/table>\n<h4><strong>Llengua de proced\u00e8ncia del terme<\/strong><\/h4>\n<p>S&#8217;utilitzen \u00fanicament quan la grafia del terme no respon a les normes ortogr\u00e0fiques del catal\u00e0 o del castell\u00e0, cosa que alerta sobre la pron\u00fancia i sobre la possibilitat que el mot es marqui amb cursiva en un text.<\/p>\n<table style=\"width: 100%;\">\n<tbody>\n<tr>\n<td width=\"30%\"><span style=\"color: blue;\">[de]<\/span><\/td>\n<td width=\"70%\">alemany<\/td>\n<\/tr>\n<tr>\n<td><span style=\"color: blue;\">[fr]<\/span><\/td>\n<td>franc\u00e8s<\/td>\n<\/tr>\n<tr>\n<td><span style=\"color: blue;\">[en]<\/span><\/td>\n<td>angl\u00e8s<\/td>\n<\/tr>\n<tr>\n<td><span style=\"color: blue;\">[ga]<\/span><\/td>\n<td>irland\u00e8s<\/td>\n<\/tr>\n<tr>\n<td><span style=\"color: blue;\">[it]<\/span><\/td>\n<td>itali\u00e0<\/td>\n<\/tr>\n<tr>\n<td><span style=\"color: blue;\">[la]<\/span><\/td>\n<td>llat\u00ed; a vegades aquesta indicaci\u00f3 afecta nom\u00e9s una part del terme, com en <span style=\"color: blue;\">diabetis mellitus [mellitus: la]<\/span><\/td>\n<\/tr>\n<\/tbody>\n<\/table>\n<h4><strong>Altres indicadors<\/strong><\/h4>\n<p>Alguns d&#8217;aquests indicadors apareixen nom\u00e9s en unes obres determinades.<\/p>\n<p>&nbsp;<\/p>\n<table style=\"width: 100%;\">\n<tbody>\n<tr>\n<td width=\"30%\"><span style=\"color: blue;\">[abreviatura]<\/span><\/td>\n<td width=\"70%\">per indicar que es tracta d&#8217;una abreviatura<\/td>\n<\/tr>\n<tr>\n<td width=\"30%\"><span style=\"color: blue;\">[GB]<\/span><\/td>\n<td width=\"70%\">variant pr\u00f2pia de l&#8217;angl\u00e8s brit\u00e0nic<\/td>\n<\/tr>\n<tr>\n<td><span style=\"color: blue;\">[nom sistem\u00e0tic]<\/span><\/td>\n<td>en nomenclatura qu\u00edmica, nom sistem\u00e0tic<\/td>\n<\/tr>\n<tr>\n<td><span style=\"color: blue;\">[pl]<\/span><\/td>\n<td>plural; s&#8217;usa per indicar alguns plurals irregulars o que se solen fer incorrectament, com en l&#8217;angl\u00e8s <span style=\"color: blue;\">quantum [pl: quanta]<\/span> i en el catal\u00e0 <span style=\"color: blue;\">qu\u00e0ntum [pl: qu\u00e0ntums]<\/span><\/td>\n<\/tr>\n<tr>\n<td><span style=\"color: blue;\">[sin. farmacol\u00f2gic]<\/span><\/td>\n<td>sin\u00f2nim farmacol\u00f2gic<\/td>\n<\/tr>\n<tr>\n<td><span style=\"color: blue;\">[sin. no recomanat]<\/span><\/td>\n<td>sin\u00f2nim no recomanat<\/td>\n<\/tr>\n<tr>\n<td><span style=\"color: blue;\">[sigla]<\/span><\/td>\n<td>per indicar que es tracta d&#8217;una sigla<\/td>\n<\/tr>\n<tr>\n<td width=\"30%\"><span style=\"color: blue;\">[US]<\/span><\/td>\n<td width=\"70%\">variant pr\u00f2pia de l&#8217;angl\u00e8s americ\u00e0<\/td>\n<\/tr>\n<tr>\n<td width=\"30%\"><span style=\"color: blue;\">[var. ling.]<\/span><\/td>\n<td width=\"70%\">variant ling\u00fc\u00edstica<\/td>\n<\/tr>\n<\/tbody>\n<\/table>\n<\/div><\/div>\n","protected":false},"excerpt":{"rendered":"<p>Per defecte, el cercador de termes cerca la cadena de car\u00e0cters introdu\u00efda a les denominacions en qualsevol llengua en totes les obres, de totes les categories (en el cas d&#8217;obres que continguin termes classificats en \u00e0rees tem\u00e0tiques diferents) i per a totes les lletres d&#8217;indexaci\u00f3. &nbsp; Aquesta cerca es pot restringir a una obra i, [&hellip;]<\/p>\n","protected":false},"author":4,"featured_media":0,"parent":0,"menu_order":0,"comment_status":"closed","ping_status":"closed","template":"","meta":{"_acf_changed":false,"footnotes":""},"class_list":["post-26995","page","type-page","status-publish","hentry"],"acf":[],"_links":{"self":[{"href":"https:\/\/www.ub.edu\/ubterm\/wp-json\/wp\/v2\/pages\/26995","targetHints":{"allow":["GET"]}}],"collection":[{"href":"https:\/\/www.ub.edu\/ubterm\/wp-json\/wp\/v2\/pages"}],"about":[{"href":"https:\/\/www.ub.edu\/ubterm\/wp-json\/wp\/v2\/types\/page"}],"author":[{"embeddable":true,"href":"https:\/\/www.ub.edu\/ubterm\/wp-json\/wp\/v2\/users\/4"}],"replies":[{"embeddable":true,"href":"https:\/\/www.ub.edu\/ubterm\/wp-json\/wp\/v2\/comments?post=26995"}],"version-history":[{"count":71,"href":"https:\/\/www.ub.edu\/ubterm\/wp-json\/wp\/v2\/pages\/26995\/revisions"}],"predecessor-version":[{"id":85061,"href":"https:\/\/www.ub.edu\/ubterm\/wp-json\/wp\/v2\/pages\/26995\/revisions\/85061"}],"wp:attachment":[{"href":"https:\/\/www.ub.edu\/ubterm\/wp-json\/wp\/v2\/media?parent=26995"}],"curies":[{"name":"wp","href":"https:\/\/api.w.org\/{rel}","templated":true}]}}