{"id":32390,"date":"2020-03-04T17:39:41","date_gmt":"2020-03-04T15:39:41","guid":{"rendered":"https:\/\/www.ub.edu\/ubterm\/?page_id=32390"},"modified":"2021-03-14T20:59:40","modified_gmt":"2021-03-14T18:59:40","slug":"illustracions-elm","status":"publish","type":"page","link":"https:\/\/www.ub.edu\/ubterm\/illustracions-elm\/","title":{"rendered":"Ap\u00e8ndix d&#8217;il\u00b7lustracions (El llibre manuscrit)"},"content":{"rendered":"<h2>\u00cdndex<\/h2>\n<p><a href=\"#acrostic\">acr\u00f2stic<\/a><br \/>\n<a href=\"#beatus\">beatus<\/a><br \/>\n<a href=\"#cartulari\">cartulari<\/a><br \/>\n<a href=\"#codex-biblic\">c\u00f2dex b\u00edblic<\/a><br \/>\n<a href=\"#codex-diplomatic\">c\u00f2dex diplom\u00e0tic<\/a><br \/>\n<a href=\"#codex-hagiografic\">c\u00f2dex hagiogr\u00e0fic<\/a><br \/>\n<a href=\"#codex-historic\">c\u00f2dex hist\u00f2ric<\/a><br \/>\n<a href=\"#codex-liturgic\">c\u00f2dex lit\u00fargic<\/a><br \/>\n<a href=\"#glossa-enquadrant\">glossa enquadrant<\/a><br \/>\n<a href=\"#lletra-remissio\">lletra de remissi\u00f3<\/a><br \/>\n<a href=\"#llibre\">llibre<\/a><br \/>\n<a href=\"#membra\"><i>membra disiecta<\/i><\/a><br \/>\n<a href=\"#ratllat\">ratllat<\/a><br \/>\n<a href=\"#requadre\">requadre<\/a><br \/>\n<a href=\"#sanefa\">sanefa<\/a><br \/>\n<a href=\"#semiorla\">semiorla o semirequadre<\/a><br \/>\n<a href=\"#taules-canoniques\">taules can\u00f2niques<\/a><br \/>\n<a href=\"#tela-verjurada\">tela verjurada<\/a><\/p>\n<p>&nbsp;<\/p>\n<p><a id=\"acrostic\"><\/a><strong>acr\u00f2stic<\/strong><\/p>\n<p>Biblioteca Nacional (Madrid), ms. 80502, <em>Moralia in Iob<\/em> (<em>Labyrinthe comm\u00e9moratif<\/em>), f. 32r. (<span style=\"font-variant: small-caps;\">Williams<\/span>, <em>Manuscrits\u2026<\/em>, l\u00e0m. 6).<br \/>\n<img loading=\"lazy\" decoding=\"async\" class=\"alignnone wp-image-75968\" src=\"https:\/\/www.ub.edu\/ubterm\/wp-content\/uploads\/2021\/03\/acrostic.jpg\" alt=\"\" width=\"684\" height=\"947\" srcset=\"https:\/\/www.ub.edu\/ubterm\/wp-content\/uploads\/2021\/03\/acrostic.jpg 722w, https:\/\/www.ub.edu\/ubterm\/wp-content\/uploads\/2021\/03\/acrostic-217x300.jpg 217w, https:\/\/www.ub.edu\/ubterm\/wp-content\/uploads\/2021\/03\/acrostic-177x245.jpg 177w\" sizes=\"auto, (max-width: 684px) 100vw, 684px\" \/><\/p>\n<p>&nbsp;<\/p>\n<p><a id=\"beatus\"><\/a><strong>beatus<\/strong><\/p>\n<p>Biblioth\u00e8que Nationale de France (Par\u00eds), ms. lat. 2290, <em>Beato del monasterio de San Andr\u00e9s de Arroyo<\/em>, f. 79r. (<em>Beato de Li\u00e9bana del monasterio\u2026<\/em>).<\/p>\n<p><img loading=\"lazy\" decoding=\"async\" class=\"alignnone size-full wp-image-75972\" src=\"https:\/\/www.ub.edu\/ubterm\/wp-content\/uploads\/2021\/03\/beatus-1.jpg\" alt=\"\" width=\"606\" height=\"811\" srcset=\"https:\/\/www.ub.edu\/ubterm\/wp-content\/uploads\/2021\/03\/beatus-1.jpg 606w, https:\/\/www.ub.edu\/ubterm\/wp-content\/uploads\/2021\/03\/beatus-1-224x300.jpg 224w, https:\/\/www.ub.edu\/ubterm\/wp-content\/uploads\/2021\/03\/beatus-1-183x245.jpg 183w\" sizes=\"auto, (max-width: 606px) 100vw, 606px\" \/><\/p>\n<p><a id=\"cartulari\"><\/a><strong>cartulari<\/strong><\/p>\n<p>Arxiu Capitular de Girona, ms. 7, <em>Llibre Verd<\/em>, f. 30r. (<span style=\"font-variant: small-caps;\">Arnall<\/span> i <span style=\"font-variant: small-caps;\">Pons<\/span>, <em>L\u2019escriptura\u2026<\/em>, l\u00e0m. 144).<\/p>\n<p><img loading=\"lazy\" decoding=\"async\" class=\"alignnone size-full wp-image-75974\" src=\"https:\/\/www.ub.edu\/ubterm\/wp-content\/uploads\/2021\/03\/cartulari.jpg\" alt=\"\" width=\"583\" height=\"848\" srcset=\"https:\/\/www.ub.edu\/ubterm\/wp-content\/uploads\/2021\/03\/cartulari.jpg 583w, https:\/\/www.ub.edu\/ubterm\/wp-content\/uploads\/2021\/03\/cartulari-206x300.jpg 206w, https:\/\/www.ub.edu\/ubterm\/wp-content\/uploads\/2021\/03\/cartulari-168x245.jpg 168w\" sizes=\"auto, (max-width: 583px) 100vw, 583px\" \/><\/p>\n<p>&nbsp;<\/p>\n<p><a id=\"codex-biblic\"><\/a><strong>c\u00f2dex b\u00edblic<\/strong><\/p>\n<p>Biblioteca Nacional (Madrid), ms. Vit. 21-4, <em>Biblia<\/em>. (<span style=\"font-variant: small-caps;\">Dom\u00ednguez Bordona<\/span>, <em>Manuscritos\u2026<\/em>, vol. I, p\u00e0g. 384, fig. 326).<br \/>\n<img loading=\"lazy\" decoding=\"async\" class=\"alignnone size-full wp-image-75976\" src=\"https:\/\/www.ub.edu\/ubterm\/wp-content\/uploads\/2021\/03\/codex-biblic.jpg\" alt=\"\" width=\"516\" height=\"788\" srcset=\"https:\/\/www.ub.edu\/ubterm\/wp-content\/uploads\/2021\/03\/codex-biblic.jpg 516w, https:\/\/www.ub.edu\/ubterm\/wp-content\/uploads\/2021\/03\/codex-biblic-196x300.jpg 196w, https:\/\/www.ub.edu\/ubterm\/wp-content\/uploads\/2021\/03\/codex-biblic-160x245.jpg 160w\" sizes=\"auto, (max-width: 516px) 100vw, 516px\" \/><\/p>\n<p>&nbsp;<\/p>\n<p><a id=\"codex-diplomatic\"><\/a><strong>c\u00f2dex diplom\u00e0tic<\/strong><\/p>\n<p>Arxiu Hist\u00f2ric de la Ciutat de Girona,<em> Llibre Vermell<\/em>, f. 9r. (<span style=\"font-variant: small-caps;\">Arnall<\/span> i <span style=\"font-variant: small-caps;\">Pons<\/span>, <em>L\u2019escriptura\u2026<\/em>, l\u00e0m. 150).<\/p>\n<p><img loading=\"lazy\" decoding=\"async\" class=\"alignnone size-full wp-image-75978\" src=\"https:\/\/www.ub.edu\/ubterm\/wp-content\/uploads\/2021\/03\/codex-diplomatic.jpg\" alt=\"\" width=\"583\" height=\"807\" srcset=\"https:\/\/www.ub.edu\/ubterm\/wp-content\/uploads\/2021\/03\/codex-diplomatic.jpg 583w, https:\/\/www.ub.edu\/ubterm\/wp-content\/uploads\/2021\/03\/codex-diplomatic-217x300.jpg 217w, https:\/\/www.ub.edu\/ubterm\/wp-content\/uploads\/2021\/03\/codex-diplomatic-177x245.jpg 177w\" sizes=\"auto, (max-width: 583px) 100vw, 583px\" \/><\/p>\n<p>&nbsp;<\/p>\n<p><a id=\"codex-hagiografic\"><\/a><strong>c\u00f2dex hagiogr\u00e0fic<\/strong><\/p>\n<p>Museu d\u2019Art de Girona, ms. MD, n\u00fam. 273, <em>Martirologio de Usuardo<\/em>, f. 2r. (<em>Martirologio\u2026<\/em>).<br \/>\n<img loading=\"lazy\" decoding=\"async\" class=\"alignnone size-full wp-image-75980\" src=\"https:\/\/www.ub.edu\/ubterm\/wp-content\/uploads\/2021\/03\/codex-hagiografic.jpg\" alt=\"\" width=\"573\" height=\"790\" srcset=\"https:\/\/www.ub.edu\/ubterm\/wp-content\/uploads\/2021\/03\/codex-hagiografic.jpg 573w, https:\/\/www.ub.edu\/ubterm\/wp-content\/uploads\/2021\/03\/codex-hagiografic-218x300.jpg 218w, https:\/\/www.ub.edu\/ubterm\/wp-content\/uploads\/2021\/03\/codex-hagiografic-178x245.jpg 178w\" sizes=\"auto, (max-width: 573px) 100vw, 573px\" \/><\/p>\n<p>&nbsp;<\/p>\n<p><a id=\"codex-historic\"><\/a><strong>c\u00f2dex hist\u00f2ric<\/strong><\/p>\n<p>Biblioteca de la Universitat de Barcelona, ms. 1, <em>Libre dels feyts del rey en Jacme<\/em>, f. 1r. (<em>Libre dels feyts\u2026<\/em>).<br \/>\n<img loading=\"lazy\" decoding=\"async\" class=\"alignnone size-full wp-image-75982\" src=\"https:\/\/www.ub.edu\/ubterm\/wp-content\/uploads\/2021\/03\/codex-historic.jpg\" alt=\"\" width=\"569\" height=\"812\" srcset=\"https:\/\/www.ub.edu\/ubterm\/wp-content\/uploads\/2021\/03\/codex-historic.jpg 569w, https:\/\/www.ub.edu\/ubterm\/wp-content\/uploads\/2021\/03\/codex-historic-210x300.jpg 210w, https:\/\/www.ub.edu\/ubterm\/wp-content\/uploads\/2021\/03\/codex-historic-172x245.jpg 172w\" sizes=\"auto, (max-width: 569px) 100vw, 569px\" \/><\/p>\n<p>&nbsp;<\/p>\n<p><a id=\"codex-liturgic\"><\/a><strong>c\u00f2dex lit\u00fargic<\/strong><\/p>\n<p>Biblioteca del Seminari de Girona, Fons de la Col\u00b7legiata de Sant Feliu, ms. 134, <em>Missale Gerundense<\/em>, f. 1r. (<span style=\"font-variant: small-caps;\">Arnall<\/span> i <span style=\"font-variant: small-caps;\">Pons<\/span>, <em>L\u2019escriptura\u2026<\/em>, l\u00e0m. 144).<br \/>\n<img loading=\"lazy\" decoding=\"async\" class=\"alignnone size-full wp-image-75984\" src=\"https:\/\/www.ub.edu\/ubterm\/wp-content\/uploads\/2021\/03\/codex-liturgic.jpg\" alt=\"\" width=\"579\" height=\"815\" srcset=\"https:\/\/www.ub.edu\/ubterm\/wp-content\/uploads\/2021\/03\/codex-liturgic.jpg 579w, https:\/\/www.ub.edu\/ubterm\/wp-content\/uploads\/2021\/03\/codex-liturgic-213x300.jpg 213w, https:\/\/www.ub.edu\/ubterm\/wp-content\/uploads\/2021\/03\/codex-liturgic-174x245.jpg 174w\" sizes=\"auto, (max-width: 579px) 100vw, 579px\" \/><\/p>\n<p>&nbsp;<\/p>\n<p><a id=\"glossa-enquadrant\"><\/a><strong>glossa enquadrant<\/strong><\/p>\n<p>Real Biblioteca del Monasterio de San Lorenzo (El Escorial), ms. H. I.1, <span style=\"font-variant: small-caps;\">Justiniano<\/span>, <em>Instituciones<\/em>, f. 12r. (<span style=\"font-variant: small-caps;\">Ruiz<\/span>, <em>Manual\u2026<\/em>, l\u00e0m. 14).<\/p>\n<p><img loading=\"lazy\" decoding=\"async\" class=\"alignnone wp-image-68547 \" src=\"https:\/\/www.ub.edu\/ubterm\/wp-content\/uploads\/2020\/11\/glossa-enquadrant.png\" alt=\"\" width=\"544\" height=\"865\" srcset=\"https:\/\/www.ub.edu\/ubterm\/wp-content\/uploads\/2020\/11\/glossa-enquadrant.png 612w, https:\/\/www.ub.edu\/ubterm\/wp-content\/uploads\/2020\/11\/glossa-enquadrant-189x300.png 189w, https:\/\/www.ub.edu\/ubterm\/wp-content\/uploads\/2020\/11\/glossa-enquadrant-154x245.png 154w\" sizes=\"auto, (max-width: 544px) 100vw, 544px\" \/><\/p>\n<p>&nbsp;<\/p>\n<p><a id=\"lletra-remissio\"><\/a><strong>lletra de remissi\u00f3<\/strong><\/p>\n<p>Biblioteca de Catalunya (Barcelona), ms. 985, Bernat <span style=\"font-variant: small-caps;\">Boades<\/span>, <em>Libre intitulat dels feyts d\u2019armes de Catalu\u00f1a<\/em>, f. 13r. (<span style=\"font-variant: small-caps;\">Arnall<\/span> i <span style=\"font-variant: small-caps;\">Pons<\/span>, <em>L\u2019escriptura\u2026<\/em>, l\u00e0m. 295).<br \/>\n<img loading=\"lazy\" decoding=\"async\" class=\"alignnone wp-image-68602 \" src=\"https:\/\/www.ub.edu\/ubterm\/wp-content\/uploads\/2020\/11\/lletra-remissio-729x1024.jpg\" alt=\"\" width=\"567\" height=\"797\" srcset=\"https:\/\/www.ub.edu\/ubterm\/wp-content\/uploads\/2020\/11\/lletra-remissio-729x1024.jpg 729w, https:\/\/www.ub.edu\/ubterm\/wp-content\/uploads\/2020\/11\/lletra-remissio-214x300.jpg 214w, https:\/\/www.ub.edu\/ubterm\/wp-content\/uploads\/2020\/11\/lletra-remissio-768x1079.jpg 768w, https:\/\/www.ub.edu\/ubterm\/wp-content\/uploads\/2020\/11\/lletra-remissio-174x245.jpg 174w, https:\/\/www.ub.edu\/ubterm\/wp-content\/uploads\/2020\/11\/lletra-remissio.jpg 894w\" sizes=\"auto, (max-width: 567px) 100vw, 567px\" \/><\/p>\n<p>&nbsp;<\/p>\n<p><a id=\"llibre\"><\/a><strong>llibre<\/strong><br \/>\n<img loading=\"lazy\" decoding=\"async\" class=\"alignnone wp-image-31118 \" src=\"https:\/\/www.ub.edu\/ubterm\/wp-content\/uploads\/2020\/02\/llibre.jpg\" alt=\"\" width=\"510\" height=\"504\" srcset=\"https:\/\/www.ub.edu\/ubterm\/wp-content\/uploads\/2020\/02\/llibre.jpg 480w, https:\/\/www.ub.edu\/ubterm\/wp-content\/uploads\/2020\/02\/llibre-300x296.jpg 300w, https:\/\/www.ub.edu\/ubterm\/wp-content\/uploads\/2020\/02\/llibre-248x245.jpg 248w\" sizes=\"auto, (max-width: 510px) 100vw, 510px\" \/><\/p>\n<p><a id=\"membra\"><\/a><strong><i>membra disiecta<\/i><\/strong><\/p>\n<p><img loading=\"lazy\" decoding=\"async\" class=\"alignnone wp-image-31118 size-full\" src=\"https:\/\/www.ub.edu\/ubterm\/wp-content\/data\/images\/el-llibre-manuscrit\/membra.png\" alt=\"\" width=\"450\" height=\"600\" \/><\/p>\n<p><a id=\"ratllat\"><\/a><strong>ratllat<\/strong><br \/>\n<img loading=\"lazy\" decoding=\"async\" class=\"alignnone wp-image-31114 size-full\" src=\"https:\/\/www.ub.edu\/ubterm\/wp-content\/uploads\/2020\/02\/ratllat.jpg\" alt=\"\" width=\"575\" height=\"825\" srcset=\"https:\/\/www.ub.edu\/ubterm\/wp-content\/uploads\/2020\/02\/ratllat.jpg 575w, https:\/\/www.ub.edu\/ubterm\/wp-content\/uploads\/2020\/02\/ratllat-209x300.jpg 209w, https:\/\/www.ub.edu\/ubterm\/wp-content\/uploads\/2020\/02\/ratllat-171x245.jpg 171w\" sizes=\"auto, (max-width: 575px) 100vw, 575px\" \/><\/p>\n<p>&nbsp;<\/p>\n<p><a id=\"requadre\"><\/a><strong>requadre\u00a0<\/strong><\/p>\n<p>Biblioteca del Seminari de Girona, Col\u00b7legiata de Sant Feliu, ms. 144,<em> Capitulare et Oracionale<\/em>, f. 14r. (<span style=\"font-variant: small-caps;\">Arnall<\/span> i <span style=\"font-variant: small-caps;\">Pons<\/span>, <em>L\u2019escriptura\u2026<\/em>, l\u00e0m. 204).<\/p>\n<p><img loading=\"lazy\" decoding=\"async\" class=\"alignnone wp-image-75803 \" src=\"https:\/\/www.ub.edu\/ubterm\/wp-content\/uploads\/2021\/02\/orla-748x1024.png\" alt=\"\" width=\"572\" height=\"783\" srcset=\"https:\/\/www.ub.edu\/ubterm\/wp-content\/uploads\/2021\/02\/orla-748x1024.png 748w, https:\/\/www.ub.edu\/ubterm\/wp-content\/uploads\/2021\/02\/orla-219x300.png 219w, https:\/\/www.ub.edu\/ubterm\/wp-content\/uploads\/2021\/02\/orla-768x1051.png 768w, https:\/\/www.ub.edu\/ubterm\/wp-content\/uploads\/2021\/02\/orla-179x245.png 179w, https:\/\/www.ub.edu\/ubterm\/wp-content\/uploads\/2021\/02\/orla.png 931w\" sizes=\"auto, (max-width: 572px) 100vw, 572px\" \/><\/p>\n<p>&nbsp;<\/p>\n<p><a id=\"sanefa\"><\/a><strong>sanefa<\/strong><\/p>\n<p>Pfarrbibliothek von Sankt Godehard (Hildesheim), SAINT ALBANS, <em>Psalter<\/em>, p\u00e0g. 73. (<span style=\"font-variant: small-caps;\">Alexander<\/span>, <em>The decorated\u2026<\/em>, p\u00e0g. 26, l\u00e0m. <span style=\"font-variant: small-caps;\">xxviii<\/span>).<br \/>\n<img loading=\"lazy\" decoding=\"async\" class=\"alignnone wp-image-75901\" src=\"https:\/\/www.ub.edu\/ubterm\/wp-content\/uploads\/2021\/02\/sanefa.png\" alt=\"\" width=\"588\" height=\"819\" srcset=\"https:\/\/www.ub.edu\/ubterm\/wp-content\/uploads\/2021\/02\/sanefa.png 658w, https:\/\/www.ub.edu\/ubterm\/wp-content\/uploads\/2021\/02\/sanefa-215x300.png 215w, https:\/\/www.ub.edu\/ubterm\/wp-content\/uploads\/2021\/02\/sanefa-176x245.png 176w\" sizes=\"auto, (max-width: 588px) 100vw, 588px\" \/><\/p>\n<p>&nbsp;<\/p>\n<p><a id=\"semiorla\"><\/a><strong>semiorla o semirequadre<\/strong><\/p>\n<p>Staatsbibliothek (Berl\u00edn), ms. Theol. IV, n\u00fam. 31, <em>Psalterium<\/em>, f. 71r. (<span style=\"font-variant: small-caps;\">Canellas<\/span>, <em>Exempla\u2026<\/em>, vol. <span style=\"font-variant: small-caps;\">i<\/span> (<em>Pars prior<\/em>), l\u00e0m. <span style=\"font-variant: small-caps;\">xlv<\/span>).<\/p>\n<p><img loading=\"lazy\" decoding=\"async\" class=\"alignnone wp-image-75805\" src=\"https:\/\/www.ub.edu\/ubterm\/wp-content\/uploads\/2021\/02\/semiorla.png\" alt=\"\" width=\"589\" height=\"883\" srcset=\"https:\/\/www.ub.edu\/ubterm\/wp-content\/uploads\/2021\/02\/semiorla.png 642w, https:\/\/www.ub.edu\/ubterm\/wp-content\/uploads\/2021\/02\/semiorla-200x300.png 200w, https:\/\/www.ub.edu\/ubterm\/wp-content\/uploads\/2021\/02\/semiorla-164x245.png 164w\" sizes=\"auto, (max-width: 589px) 100vw, 589px\" \/><\/p>\n<p><a id=\"taules-canoniques\"><\/a><strong>taules can\u00f2niques<\/strong><\/p>\n<p>Archivo Capitular de San Isidoro de Le\u00f3n, ms. 2, Biblia de San Isidoro (<em>Codex gothicus legionensis<\/em>), f. 325v. (<span style=\"font-variant: small-caps;\">Miguel<\/span>, <em>La Biblia\u2026<\/em>, l\u00e0m. 8).<\/p>\n<p><img loading=\"lazy\" decoding=\"async\" class=\"alignnone wp-image-75929\" src=\"https:\/\/www.ub.edu\/ubterm\/wp-content\/uploads\/2021\/03\/taules-canoniques.png\" alt=\"\" width=\"557\" height=\"809\" srcset=\"https:\/\/www.ub.edu\/ubterm\/wp-content\/uploads\/2021\/03\/taules-canoniques.png 747w, https:\/\/www.ub.edu\/ubterm\/wp-content\/uploads\/2021\/03\/taules-canoniques-207x300.png 207w, https:\/\/www.ub.edu\/ubterm\/wp-content\/uploads\/2021\/03\/taules-canoniques-705x1024.png 705w, https:\/\/www.ub.edu\/ubterm\/wp-content\/uploads\/2021\/03\/taules-canoniques-169x245.png 169w\" sizes=\"auto, (max-width: 557px) 100vw, 557px\" \/><\/p>\n<p>&nbsp;<\/p>\n<p><a id=\"tela-verjurada\"><\/a><strong>tela verjurada<\/strong><\/p>\n<p><img loading=\"lazy\" decoding=\"async\" class=\"alignnone wp-image-68521 size-full\" src=\"https:\/\/www.ub.edu\/ubterm\/wp-content\/uploads\/2020\/11\/tela-verjurada.png\" alt=\"\" width=\"567\" height=\"510\" srcset=\"https:\/\/www.ub.edu\/ubterm\/wp-content\/uploads\/2020\/11\/tela-verjurada.png 567w, https:\/\/www.ub.edu\/ubterm\/wp-content\/uploads\/2020\/11\/tela-verjurada-300x270.png 300w, https:\/\/www.ub.edu\/ubterm\/wp-content\/uploads\/2020\/11\/tela-verjurada-272x245.png 272w\" sizes=\"auto, (max-width: 567px) 100vw, 567px\" \/><\/p>\n","protected":false},"excerpt":{"rendered":"<p>\u00cdndex acr\u00f2stic beatus cartulari c\u00f2dex b\u00edblic c\u00f2dex diplom\u00e0tic c\u00f2dex hagiogr\u00e0fic c\u00f2dex hist\u00f2ric c\u00f2dex lit\u00fargic glossa enquadrant lletra de remissi\u00f3 llibre membra disiecta ratllat requadre sanefa semiorla o semirequadre taules can\u00f2niques tela verjurada &nbsp; acr\u00f2stic Biblioteca Nacional (Madrid), ms. 80502, Moralia in Iob (Labyrinthe comm\u00e9moratif), f. 32r. (Williams, Manuscrits\u2026, l\u00e0m. 6). &nbsp; beatus Biblioth\u00e8que Nationale de [&hellip;]<\/p>\n","protected":false},"author":4,"featured_media":0,"parent":0,"menu_order":0,"comment_status":"closed","ping_status":"closed","template":"","meta":{"_acf_changed":false,"footnotes":""},"class_list":["post-32390","page","type-page","status-publish","hentry"],"acf":[],"_links":{"self":[{"href":"https:\/\/www.ub.edu\/ubterm\/wp-json\/wp\/v2\/pages\/32390","targetHints":{"allow":["GET"]}}],"collection":[{"href":"https:\/\/www.ub.edu\/ubterm\/wp-json\/wp\/v2\/pages"}],"about":[{"href":"https:\/\/www.ub.edu\/ubterm\/wp-json\/wp\/v2\/types\/page"}],"author":[{"embeddable":true,"href":"https:\/\/www.ub.edu\/ubterm\/wp-json\/wp\/v2\/users\/4"}],"replies":[{"embeddable":true,"href":"https:\/\/www.ub.edu\/ubterm\/wp-json\/wp\/v2\/comments?post=32390"}],"version-history":[{"count":44,"href":"https:\/\/www.ub.edu\/ubterm\/wp-json\/wp\/v2\/pages\/32390\/revisions"}],"predecessor-version":[{"id":76003,"href":"https:\/\/www.ub.edu\/ubterm\/wp-json\/wp\/v2\/pages\/32390\/revisions\/76003"}],"wp:attachment":[{"href":"https:\/\/www.ub.edu\/ubterm\/wp-json\/wp\/v2\/media?parent=32390"}],"curies":[{"name":"wp","href":"https:\/\/api.w.org\/{rel}","templated":true}]}}