{"id":68214,"date":"2020-09-22T13:51:12","date_gmt":"2020-09-22T11:51:12","guid":{"rendered":"https:\/\/www.ub.edu\/ubterm\/?page_id=68214"},"modified":"2020-09-22T13:51:12","modified_gmt":"2020-09-22T11:51:12","slug":"suggeriments","status":"publish","type":"page","link":"https:\/\/www.ub.edu\/ubterm\/suggeriments\/","title":{"rendered":"Suggeriments"},"content":{"rendered":"<p>Si ens voleu fer arribar cap comentari o suggeriment, envieu-nos aquest formulari convenientment emplenat:<\/p>\n\n<div class=\"wpcf7 no-js\" id=\"wpcf7-f68213-o1\" lang=\"ca\" dir=\"ltr\" data-wpcf7-id=\"68213\">\n<div class=\"screen-reader-response\"><p role=\"status\" aria-live=\"polite\" aria-atomic=\"true\"><\/p> <ul><\/ul><\/div>\n<form action=\"\/ubterm\/wp-json\/wp\/v2\/pages\/68214#wpcf7-f68213-o1\" method=\"post\" class=\"wpcf7-form init\" aria-label=\"Formulari de contacte\" novalidate=\"novalidate\" data-status=\"init\">\n<fieldset class=\"hidden-fields-container\"><input type=\"hidden\" name=\"_wpcf7\" value=\"68213\" \/><input type=\"hidden\" name=\"_wpcf7_version\" value=\"6.1.5\" \/><input type=\"hidden\" name=\"_wpcf7_locale\" value=\"ca\" \/><input type=\"hidden\" name=\"_wpcf7_unit_tag\" value=\"wpcf7-f68213-o1\" \/><input type=\"hidden\" name=\"_wpcf7_container_post\" value=\"0\" \/><input type=\"hidden\" name=\"_wpcf7_posted_data_hash\" value=\"\" \/>\n<\/fieldset>\n<div class=\"wrap-fields\">\n\t<p><label> Nom i cognoms*<br \/>\n<span class=\"wpcf7-form-control-wrap\" data-name=\"your-name\"><input size=\"40\" maxlength=\"400\" class=\"wpcf7-form-control wpcf7-text wpcf7-validates-as-required\" aria-required=\"true\" aria-invalid=\"false\" value=\"\" type=\"text\" name=\"your-name\" \/><\/span> <\/label><label> Adre\u00e7a electr\u00f2nica*<br \/>\n<span class=\"wpcf7-form-control-wrap\" data-name=\"your-email\"><input size=\"40\" maxlength=\"400\" class=\"wpcf7-form-control wpcf7-email wpcf7-validates-as-required wpcf7-text wpcf7-validates-as-email\" aria-required=\"true\" aria-invalid=\"false\" value=\"\" type=\"email\" name=\"your-email\" \/><\/span> <\/label><label> Col\u00b7lectiu*<br \/>\n<span class=\"wpcf7-form-control-wrap\" data-name=\"collectiu\"><select class=\"wpcf7-form-control wpcf7-select wpcf7-validates-as-required\" aria-required=\"true\" aria-invalid=\"false\" name=\"collectiu\"><option value=\"\">&#8212;Trieu una opci\u00f3&#8212;<\/option><option value=\"UB &gt; PDI\">UB &gt; PDI<\/option><option value=\"UB &gt; PAS\">UB &gt; PAS<\/option><option value=\"UB &gt; Alumnat\">UB &gt; Alumnat<\/option><option value=\"Altres\">Altres<\/option><\/select><\/span><br \/>\n<\/label><label> Assumpte*<br \/>\n<span class=\"wpcf7-form-control-wrap\" data-name=\"your-subject\"><input size=\"40\" maxlength=\"400\" class=\"wpcf7-form-control wpcf7-text\" aria-invalid=\"false\" value=\"\" type=\"text\" name=\"your-subject\" \/><\/span> <\/label>\n\t<\/p>\n<\/div>\n<p><label> Comentari*<br \/>\n<span class=\"wpcf7-form-control-wrap\" data-name=\"your-message\"><textarea cols=\"40\" rows=\"10\" maxlength=\"2000\" class=\"wpcf7-form-control wpcf7-textarea\" aria-invalid=\"false\" name=\"your-message\"><\/textarea><\/span> <\/label>\n<\/p>\n<p class=\"privacitat\"><strong>Dret d\u2019informaci\u00f3 relatiu al tractament de dades personals<\/strong><small>(1) El responsable del tractament de les vostres dades personals \u00e9s la Secretaria General de la Universitat de Barcelona. (2) En el cas que presenteu una queixa, les vostres dades identificatives seran tractades de forma confidencial en el sentit que nom\u00e9s seran accessibles per part dels Serveis Ling\u00fc\u00edstics de la UB. (3) Teniu dret a accedir a les vostres dades, rectificar-les, suprimir-les, oposar-vos al seu tractament, sol\u00b7licitar-ne la portabilitat i la limitaci\u00f3 dels tractaments, en determinades circumst\u00e0ncies. (4) Podeu consultar la informaci\u00f3 detallada dels tractaments esmentats a <a href=\"https:\/\/www.ub.edu\/ubterm\/wp-content\/data\/dret-informacio-detallada.pdf\" target=\"_blank\">pol\u00edtica de privacitat<\/a>.<\/small>\n<\/p>\n<p><span class=\"wpcf7-form-control-wrap\" data-name=\"acceptance-555\"><span class=\"wpcf7-form-control wpcf7-acceptance\"><span class=\"wpcf7-list-item\"><label><input type=\"checkbox\" name=\"acceptance-555\" value=\"1\" aria-invalid=\"false\" \/><span class=\"wpcf7-list-item-label\">Declaro que he llegit el dret d\u2019informaci\u00f3<\/span><\/label><\/span><\/span><\/span>\n<\/p>\n<p><span class=\"wpcf7-form-control-wrap\" data-name=\"math-quiz\"><label><span class=\"wpcf7-quiz-label\">10+6=?<\/span> <input size=\"40\" class=\"wpcf7-form-control wpcf7-quiz\" autocomplete=\"off\" aria-required=\"true\" aria-invalid=\"false\" type=\"text\" name=\"math-quiz\" \/><\/label><input type=\"hidden\" name=\"_wpcf7_quiz_answer_math-quiz\" value=\"46ccd93ec89b9cf20f134f36e08bad94\" \/><\/span>\n<\/p>\n<p><input class=\"wpcf7-form-control wpcf7-submit has-spinner\" type=\"submit\" value=\"Envia\" \/>\n<\/p><div class=\"wpcf7-response-output\" aria-hidden=\"true\"><\/div>\n<\/form>\n<\/div>\n\n<p>&nbsp;<\/p>\n","protected":false},"excerpt":{"rendered":"<p>Si ens voleu fer arribar cap comentari o suggeriment, envieu-nos aquest formulari convenientment emplenat: &nbsp;<\/p>\n","protected":false},"author":2,"featured_media":0,"parent":0,"menu_order":0,"comment_status":"closed","ping_status":"closed","template":"","meta":{"_acf_changed":false,"footnotes":""},"class_list":["post-68214","page","type-page","status-publish","hentry"],"acf":[],"_links":{"self":[{"href":"https:\/\/www.ub.edu\/ubterm\/wp-json\/wp\/v2\/pages\/68214","targetHints":{"allow":["GET"]}}],"collection":[{"href":"https:\/\/www.ub.edu\/ubterm\/wp-json\/wp\/v2\/pages"}],"about":[{"href":"https:\/\/www.ub.edu\/ubterm\/wp-json\/wp\/v2\/types\/page"}],"author":[{"embeddable":true,"href":"https:\/\/www.ub.edu\/ubterm\/wp-json\/wp\/v2\/users\/2"}],"replies":[{"embeddable":true,"href":"https:\/\/www.ub.edu\/ubterm\/wp-json\/wp\/v2\/comments?post=68214"}],"version-history":[{"count":2,"href":"https:\/\/www.ub.edu\/ubterm\/wp-json\/wp\/v2\/pages\/68214\/revisions"}],"predecessor-version":[{"id":68216,"href":"https:\/\/www.ub.edu\/ubterm\/wp-json\/wp\/v2\/pages\/68214\/revisions\/68216"}],"wp:attachment":[{"href":"https:\/\/www.ub.edu\/ubterm\/wp-json\/wp\/v2\/media?parent=68214"}],"curies":[{"name":"wp","href":"https:\/\/api.w.org\/{rel}","templated":true}]}}