{"id":89,"date":"2021-12-20T18:04:36","date_gmt":"2021-12-20T16:04:36","guid":{"rendered":"http:\/\/ub-write-present.com.mialias.net\/?page_id=89"},"modified":"2024-02-13T11:58:08","modified_gmt":"2024-02-13T09:58:08","slug":"sobre-el-write-present","status":"publish","type":"page","link":"https:\/\/www.ub.edu\/write-present\/sobre-el-write-present\/","title":{"rendered":"Sobre el Write &#038; Present"},"content":{"rendered":"<div class=\"fusion-fullwidth fullwidth-box fusion-builder-row-1 fusion-flex-container nonhundred-percent-fullwidth non-hundred-percent-height-scrolling\" style=\"--awb-border-radius-top-left:0px;--awb-border-radius-top-right:0px;--awb-border-radius-bottom-right:0px;--awb-border-radius-bottom-left:0px;--awb-flex-wrap:wrap;\" ><div class=\"fusion-builder-row fusion-row fusion-flex-align-items-flex-start fusion-flex-content-wrap\" style=\"max-width:1144px;margin-left: calc(-4% \/ 2 );margin-right: calc(-4% \/ 2 );\"><div class=\"fusion-layout-column fusion_builder_column fusion-builder-column-0 fusion_builder_column_1_1 1_1 fusion-flex-column\" style=\"--awb-bg-size:cover;--awb-width-large:100%;--awb-margin-top-large:30px;--awb-spacing-right-large:1.92%;--awb-margin-bottom-large:20px;--awb-spacing-left-large:1.92%;--awb-width-medium:100%;--awb-order-medium:0;--awb-spacing-right-medium:1.92%;--awb-spacing-left-medium:1.92%;--awb-width-small:100%;--awb-order-small:0;--awb-spacing-right-small:1.92%;--awb-spacing-left-small:1.92%;\"><div class=\"fusion-column-wrapper fusion-column-has-shadow fusion-flex-justify-content-flex-start fusion-content-layout-column\"><div class=\"fusion-tabs fusion-tabs-1 classic nav-is-justified horizontal-tabs icon-position-left mobile-mode-accordion\" style=\"--awb-title-border-radius-top-left:0px;--awb-title-border-radius-top-right:0px;--awb-title-border-radius-bottom-right:0px;--awb-title-border-radius-bottom-left:0px;--awb-inactive-color:#f9f9fb;--awb-background-color:#ffffff;--awb-border-color:#e2e2e2;--awb-active-border-color:#0071cd;\"><div class=\"nav\"><ul class=\"nav-tabs nav-justified\" role=\"tablist\"><li class=\"active\" role=\"presentation\"><a class=\"tab-link\" data-toggle=\"tab\" role=\"tab\" aria-controls=\"tab-76a991a7cb9944b45c2\" aria-selected=\"true\" id=\"fusion-tab-presentaci\u00f3\" href=\"#tab-76a991a7cb9944b45c2\"><h4 class=\"fusion-tab-heading\">Presentaci\u00f3<\/h4><\/a><\/li><li role=\"presentation\"><a class=\"tab-link\" data-toggle=\"tab\" role=\"tab\" aria-controls=\"tab-1eae4f04a73cc37c694\" aria-selected=\"false\" tabindex=\"-1\" id=\"fusion-tab-xarxessocials\" href=\"#tab-1eae4f04a73cc37c694\"><h4 class=\"fusion-tab-heading\">Xarxes socials<\/h4><\/a><\/li><li role=\"presentation\"><a class=\"tab-link\" data-toggle=\"tab\" role=\"tab\" aria-controls=\"tab-86050f9123cd0060813\" aria-selected=\"false\" tabindex=\"-1\" id=\"fusion-tab-cr\u00e8dits\" href=\"#tab-86050f9123cd0060813\"><h4 class=\"fusion-tab-heading\">Cr\u00e8dits<\/h4><\/a><\/li><li role=\"presentation\"><a class=\"tab-link\" data-toggle=\"tab\" role=\"tab\" aria-controls=\"tab-586fd21db0f2fc3b563\" aria-selected=\"false\" tabindex=\"-1\" id=\"fusion-tab-llic\u00e8ncia\" href=\"#tab-586fd21db0f2fc3b563\"><h4 class=\"fusion-tab-heading\">Llic\u00e8ncia<\/h4><\/a><\/li><li role=\"presentation\"><a class=\"tab-link\" data-toggle=\"tab\" role=\"tab\" aria-controls=\"tab-5162011731cf6b94fc6\" aria-selected=\"false\" tabindex=\"-1\" id=\"fusion-tab-contacte\" href=\"#tab-5162011731cf6b94fc6\"><h4 class=\"fusion-tab-heading\">Contacte<\/h4><\/a><\/li><\/ul><\/div><div class=\"tab-content\"><div class=\"nav fusion-mobile-tab-nav\"><ul class=\"nav-tabs nav-justified\" role=\"tablist\"><li class=\"active\" role=\"presentation\"><a class=\"tab-link\" data-toggle=\"tab\" role=\"tab\" aria-controls=\"tab-76a991a7cb9944b45c2\" aria-selected=\"true\" id=\"mobile-fusion-tab-presentaci\u00f3\" href=\"#tab-76a991a7cb9944b45c2\"><h4 class=\"fusion-tab-heading\">Presentaci\u00f3<\/h4><\/a><\/li><\/ul><\/div><div class=\"tab-pane fade fusion-clearfix in active\" role=\"tabpanel\" tabindex=\"0\" aria-labelledby=\"fusion-tab-presentaci\u00f3\" id=\"tab-76a991a7cb9944b45c2\">\n<p>El Write &amp; Present \u00e9s un espai que s&#8217;adre\u00e7a a estudiants universitaris que volen fer assignatures universit\u00e0ries en angl\u00e8s i a tota persona que vulgui millorar l&#8217;expressi\u00f3 oral i escrita en angl\u00e8s en general.<\/p>\n<p>Cont\u00e9 dues seccions destinades a l&#8217;angl\u00e8s acad\u00e8mic: una t\u00e9 l&#8217;objectiu de donar suport en la redacci\u00f3 de treballs escrits i l&#8217;altra, en la preparaci\u00f3 de presentacions orals. Totes dues inclouen una selecci\u00f3 dels millors recursos gratu\u00efts en l\u00ednia per ajudar a preparar els treballs, a m\u00e9s d&#8217;un seguit de consells per avaluar-se i millorar.<\/p>\n<p>El web ofereix tamb\u00e9 dues seccions que s&#8217;adrecen a tothom que vulgui millorar l&#8217;expressi\u00f3 oral i escrita en angl\u00e8s en general. En cadascuna hi ha una selecci\u00f3 de recursos gratu\u00efts en l\u00ednia i un apartat amb consells per organitzar-se i aprendre efica\u00e7ment.<\/p>\n<p>A m\u00e9s, des del web es pot accedir a un espai en qu\u00e8 s&#8217;organitzen sessions d&#8217;angl\u00e8s acad\u00e8mic oral i escrit, gratu\u00eftes i exclusives per a estudiants de la UB.<\/p>\n<\/div><div class=\"nav fusion-mobile-tab-nav\"><ul class=\"nav-tabs nav-justified\" role=\"tablist\"><li role=\"presentation\"><a class=\"tab-link\" data-toggle=\"tab\" role=\"tab\" aria-controls=\"tab-1eae4f04a73cc37c694\" aria-selected=\"false\" tabindex=\"-1\" id=\"mobile-fusion-tab-xarxessocials\" href=\"#tab-1eae4f04a73cc37c694\"><h4 class=\"fusion-tab-heading\">Xarxes socials<\/h4><\/a><\/li><\/ul><\/div><div class=\"tab-pane fade fusion-clearfix\" role=\"tabpanel\" tabindex=\"0\" aria-labelledby=\"fusion-tab-xarxessocials\" id=\"tab-1eae4f04a73cc37c694\">\n<p>Les novetats del Write &amp; Present es publiquen tamb\u00e9 a les xarxes socials dels Serveis Ling\u00fc\u00edstics de la Universitat de Barcelona:<\/p>\n<ul>\n<li><a href=\"https:\/\/twitter.com\/llenguaUB\" target=\"_blank\" rel=\"noopener\">Twitter<\/a><\/li>\n<li><a href=\"https:\/\/www.facebook.com\/caldiagonal\/\" target=\"_blank\" rel=\"noopener\">Facebook<\/a><\/li>\n<li><a href=\"https:\/\/www.instagram.com\/caldiagonal\/\" target=\"_blank\" rel=\"noopener\">Instagram<\/a><\/li>\n<\/ul>\n<\/div><div class=\"nav fusion-mobile-tab-nav\"><ul class=\"nav-tabs nav-justified\" role=\"tablist\"><li role=\"presentation\"><a class=\"tab-link\" data-toggle=\"tab\" role=\"tab\" aria-controls=\"tab-86050f9123cd0060813\" aria-selected=\"false\" tabindex=\"-1\" id=\"mobile-fusion-tab-cr\u00e8dits\" href=\"#tab-86050f9123cd0060813\"><h4 class=\"fusion-tab-heading\">Cr\u00e8dits<\/h4><\/a><\/li><\/ul><\/div><div class=\"tab-pane fade fusion-clearfix\" role=\"tabpanel\" tabindex=\"0\" aria-labelledby=\"fusion-tab-cr\u00e8dits\" id=\"tab-86050f9123cd0060813\">\n<p><strong>Idea original, disseny del projecte, coordinaci\u00f3 i elaboraci\u00f3 de continguts<\/strong>: Gl\u00f2ria Vall\u00e8s Fit\u00f3.<\/p>\n<p><strong>Equip col\u00b7laborador<\/strong>: Priscila Diana Aguilar R\u00edos, Laia Casas Borr\u00e0s, Andrea Castells S\u00e1nchez, Julia Leonor Ferrari, Islena Ferreira de Araujo i Guillem Torres Yeste.<\/p>\n<p><strong>Aportacions i suggeriments<\/strong>: \u00c0ngels Egea Puigvent\u00f3s, Anna Grau Par\u00e9s i Marta Juncadella Fortuny.<\/p>\n<p><strong>Edici\u00f3, desenvolupament i disseny web<\/strong>: <a href=\"https:\/\/cromamedia.com\/\">Croma<\/a>.<\/p>\n<p><strong>Eina tecnol\u00f2gica<\/strong>: <a href=\"https:\/\/wordpress.org\/\">WordPress<\/a>.<\/p>\n<p><strong>Imatges<\/strong>: <a href=\"https:\/\/pixabay.com\/\" target=\"_blank\" rel=\"noopener\">Pixabay<\/a>, <a href=\"https:\/\/www.pexels.com\/ca-es\/\" target=\"_blank\" rel=\"noopener\">Pexels<\/a> i <a href=\"https:\/\/unsplash.com\/\" target=\"_blank\" rel=\"noopener\">Unsplash<\/a>.<\/p>\n<p><strong>Altres reconeixements<\/strong>: aquest portal recull algunes idees dels webs <a href=\"https:\/\/www.ub.edu\/tfg\/\">TFG<\/a>, <a href=\"https:\/\/www.upc.edu\/slt\/comcomunicar\/\">Com comunicar<\/a>\u00a0i <a href=\"https:\/\/oralitat.upf.edu\/\">Oralitat<\/a>. Per raons pr\u00e0ctiques, no ens ha estat possible citar textualment les idees que ens han servit d&#8217;inspiraci\u00f3. En demanem disculpes, i volem expressar l&#8217;agra\u00efment i la felicitaci\u00f3 als autors d&#8217;aquests recursos per l&#8217;excel\u00b7lent tasca que han fet.<\/p>\n<p>Projecte elaborat des del <a href=\"https:\/\/www.instagram.com\/caldiagonal\/\" target=\"_blank\" rel=\"noopener\">Centre d&#8217;Autoaprenentatge de Lleng\u00fces de Diagonal<\/a> de la Universitat de Barcelona.<\/p>\n<p>Aquest projecte ha rebut un ajut Interlingua de la Generalitat de Catalunya.<\/p>\n<p>Universitat de Barcelona<br \/>\nServeis Ling\u00fc\u00edstics<br \/>\nMelcior de Palau, 140<br \/>\n08014 Barcelona<\/p>\n<p>Inici del projecte: novembre de 2016<br \/>\nDarrera actualitzaci\u00f3: maig de 2022<\/p>\n<\/div><div class=\"nav fusion-mobile-tab-nav\"><ul class=\"nav-tabs nav-justified\" role=\"tablist\"><li role=\"presentation\"><a class=\"tab-link\" data-toggle=\"tab\" role=\"tab\" aria-controls=\"tab-586fd21db0f2fc3b563\" aria-selected=\"false\" tabindex=\"-1\" id=\"mobile-fusion-tab-llic\u00e8ncia\" href=\"#tab-586fd21db0f2fc3b563\"><h4 class=\"fusion-tab-heading\">Llic\u00e8ncia<\/h4><\/a><\/li><\/ul><\/div><div class=\"tab-pane fade fusion-clearfix\" role=\"tabpanel\" tabindex=\"0\" aria-labelledby=\"fusion-tab-llic\u00e8ncia\" id=\"tab-586fd21db0f2fc3b563\">\n<p>Els continguts del web estan subjectes a la llic\u00e8ncia de <a href=\"https:\/\/creativecommons.org\/licenses\/by-sa\/4.0\/deed.ca\" target=\"_blank\" rel=\"noopener\">Creative Commons: Reconeixement &#8211; Compartir igual 4.0 Internacional<\/a>.<\/p>\n<\/div><div class=\"nav fusion-mobile-tab-nav\"><ul class=\"nav-tabs nav-justified\" role=\"tablist\"><li role=\"presentation\"><a class=\"tab-link\" data-toggle=\"tab\" role=\"tab\" aria-controls=\"tab-5162011731cf6b94fc6\" aria-selected=\"false\" tabindex=\"-1\" id=\"mobile-fusion-tab-contacte\" href=\"#tab-5162011731cf6b94fc6\"><h4 class=\"fusion-tab-heading\">Contacte<\/h4><\/a><\/li><\/ul><\/div><div class=\"tab-pane fade fusion-clearfix\" role=\"tabpanel\" tabindex=\"0\" aria-labelledby=\"fusion-tab-contacte\" id=\"tab-5162011731cf6b94fc6\">\n<div class=\"fusion-form fusion-form-builder fusion-form-form-wrapper fusion-form-326\" style=\"--awb-tooltip-text-color:#ffffff;--awb-tooltip-background-color:#333333;--awb-form-focus-border-color:#000000;--awb-form-focus-border-hover-color:rgba(0,0,0,0.5);\" data-form-id=\"326\" data-config=\"{&quot;form_id&quot;:&quot;326&quot;,&quot;form_post_id&quot;:&quot;326&quot;,&quot;post_id&quot;:89,&quot;form_type&quot;:&quot;ajax&quot;,&quot;confirmation_type&quot;:&quot;message&quot;,&quot;redirect_url&quot;:&quot;&quot;,&quot;redirect_timeout&quot;:&quot;0&quot;,&quot;field_labels&quot;:{&quot;nom&quot;:&quot;Nom&quot;,&quot;adreca_electronica&quot;:&quot;Adre\\u00e7a electr\\u00f2nica&quot;,&quot;asumpte&quot;:&quot;Asumpte&quot;,&quot;missatge&quot;:&quot;Missatge&quot;,&quot;&quot;:&quot;&quot;},&quot;field_logics&quot;:{&quot;nom&quot;:&quot;&quot;,&quot;adreca_electronica&quot;:&quot;&quot;,&quot;asumpte&quot;:&quot;&quot;,&quot;missatge&quot;:&quot;&quot;,&quot;&quot;:&quot;&quot;,&quot;notice_1&quot;:&quot;&quot;,&quot;submit_1&quot;:&quot;&quot;},&quot;field_types&quot;:{&quot;nom&quot;:&quot;text&quot;,&quot;adreca_electronica&quot;:&quot;email&quot;,&quot;asumpte&quot;:&quot;text&quot;,&quot;missatge&quot;:&quot;textarea&quot;,&quot;&quot;:&quot;checkbox&quot;,&quot;notice_1&quot;:&quot;notice&quot;,&quot;submit_1&quot;:&quot;submit&quot;},&quot;nonce_method&quot;:&quot;ajax&quot;,&quot;form_views&quot;:&quot;ajax&quot;,&quot;form_views_counting&quot;:&quot;all&quot;}\"><form action=\"https:\/\/www.ub.edu\/write-present\/sobre-el-write-present\/\" method=\"post\" class=\"fusion-form fusion-form-326\"><div class=\"fusion-fullwidth fullwidth-box fusion-builder-row-1-1 fusion-flex-container nonhundred-percent-fullwidth non-hundred-percent-height-scrolling\" style=\"--awb-border-radius-top-left:0px;--awb-border-radius-top-right:0px;--awb-border-radius-bottom-right:0px;--awb-border-radius-bottom-left:0px;--awb-padding-right:8%;--awb-padding-left:8%;--awb-flex-wrap:wrap;\" ><div class=\"fusion-builder-row fusion-row fusion-flex-align-items-flex-start fusion-flex-content-wrap\" style=\"width:104% !important;max-width:104% !important;margin-left: calc(-4% \/ 2 );margin-right: calc(-4% \/ 2 );\"><div class=\"fusion-layout-column fusion_builder_column fusion-builder-column-1 fusion_builder_column_1_1 1_1 fusion-flex-column\" style=\"--awb-bg-size:cover;--awb-width-large:100%;--awb-flex-grow:0;--awb-flex-shrink:0;--awb-margin-top-large:20px;--awb-spacing-right-large:1.92%;--awb-margin-bottom-large:20px;--awb-spacing-left-large:1.92%;--awb-width-medium:100%;--awb-order-medium:0;--awb-flex-grow-medium:0;--awb-flex-shrink-medium:0;--awb-spacing-right-medium:1.92%;--awb-spacing-left-medium:1.92%;--awb-width-small:100%;--awb-order-small:0;--awb-flex-grow-small:0;--awb-flex-shrink-small:0;--awb-spacing-right-small:1.92%;--awb-spacing-left-small:1.92%;\"><div class=\"fusion-column-wrapper fusion-column-has-shadow fusion-flex-justify-content-flex-start fusion-content-layout-column\"><div class=\"fusion-form-field fusion-form-text-field fusion-form-label-above\" style=\"\" data-form-id=\"326\"><div class=\"fusion-form-label-wrapper\"><label for=\"nom\">Nom <abbr class=\"fusion-form-element-required\" title=\"required\">*<\/abbr><\/label><\/div><div class=\"fusion-form-input-with-icon\"><i class=\"awb-form-icon fa-user fas\"><\/i><input type=\"text\" autocomplete=\"off\" name=\"nom\" id=\"nom\" value=\"\"  class=\"fusion-form-input\" required=\"true\" aria-required=\"true\" data-holds-private-data=\"false\" minlength=\"0\"\/><\/div><\/div><div class=\"fusion-form-field fusion-form-email-field fusion-form-label-above\" style=\"\" data-form-id=\"326\"><div class=\"fusion-form-label-wrapper\"><label for=\"adreca_electronica\">Adre\u00e7a electr\u00f2nica <abbr class=\"fusion-form-element-required\" title=\"required\">*<\/abbr><\/label><\/div><div class=\"fusion-form-input-with-icon\"><i class=\"awb-form-icon fa-envelope fas\"><\/i><input type=\"email\" autocomplete=\"off\" name=\"adreca_electronica\" id=\"adreca_electronica\" value=\"\"  class=\"fusion-form-input\" required=\"true\" aria-required=\"true\" data-holds-private-data=\"false\"\/><\/div><\/div><div class=\"fusion-form-field fusion-form-text-field fusion-form-label-above\" style=\"\" data-form-id=\"326\"><div class=\"fusion-form-label-wrapper\"><label for=\"asumpte\">Asumpte<\/label><\/div><input type=\"text\" autocomplete=\"off\" name=\"asumpte\" id=\"asumpte\" value=\"\"  class=\"fusion-form-input\" data-holds-private-data=\"false\" minlength=\"0\"\/><\/div><div class=\"fusion-form-field fusion-form-textarea-field fusion-form-label-above\" style=\"\" data-form-id=\"326\"><label for=\"missatge\">Missatge<\/label><textarea cols=\"40\" autocomplete=\"off\"  minlength=\"0\"  rows=\"4\" tabindex=\"\" id=\"missatge\" name=\"missatge\" class=\"fusion-form-input\" data-holds-private-data=\"false\"><\/textarea><\/div><div class=\"fusion-form-field fusion-form-checkbox-field fusion-form-label-above\" style=\"\" data-form-id=\"326\"><fieldset><div class=\"fusion-form-checkbox\"><input tabindex=\"\" id=\"checkbox--1-0\" type=\"checkbox\" value=\"Accepto utilitzar les meves dades personals.\" name=\"[]\" class=\"fusion-form-input\" required=\"true\" aria-required=\"true\" data-holds-private-data=\"false\"\/><label for=\"checkbox--1-0\">Accepto utilitzar les meves dades personals.<\/label><\/div><\/fieldset><\/div><div class=\"form-submission-notices data-notice_1\" id=\"fusion-notices-1\" data-instance=\"1\"><div class=\"fusion-alert alert success alert-success fusion-alert-center fusion-form-response fusion-form-response-success awb-alert-native-link-color alert-dismissable awb-alert-close-boxed\" role=\"alert\"><div class=\"fusion-alert-content-wrapper\"><span class=\"alert-icon\"><i class=\"awb-icon-check-circle\" aria-hidden=\"true\"><\/i><\/span><span class=\"fusion-alert-content\">Gr\u00e0cies pel missatge. S\u2019ha enviat correctament.<\/span><\/div><button type=\"button\" class=\"close toggle-alert\" data-dismiss=\"alert\" aria-label=\"Close\">&times;<\/button><\/div><div class=\"fusion-alert alert error alert-danger fusion-alert-center fusion-form-response fusion-form-response-error awb-alert-native-link-color alert-dismissable awb-alert-close-boxed\" role=\"alert\"><div class=\"fusion-alert-content-wrapper\"><span class=\"alert-icon\"><i class=\"awb-icon-exclamation-triangle\" aria-hidden=\"true\"><\/i><\/span><span class=\"fusion-alert-content\">Hi ha hagut un error en intentar enviar el missatge. Torna-ho a provar m\u00e9s tard.<\/span><\/div><button type=\"button\" class=\"close toggle-alert\" data-dismiss=\"alert\" aria-label=\"Close\">&times;<\/button><\/div><\/div><div class=\"fusion-form-field fusion-form-submit-field fusion-form-label-above\" style=\"\" data-form-id=\"326\"><div ><button type=\"submit\" class=\"fusion-button button-flat fusion-button-default-size button-default fusion-button-default button-1 fusion-button-default-span  button-default form-form-submit\" data-form-number=\"326\" tabindex=\"\"><span class=\"fusion-button-text awb-button__text awb-button__text--default\">Envia<\/span><\/button><\/div><\/div><\/div><\/div><\/div><\/div><input type=\"hidden\" name=\"fusion_privacy_expiration_interval\" value=\"48\"><input type=\"hidden\" name=\"privacy_expiration_action\" value=\"anonymize\"><\/form><\/div>\n<\/div><\/div><\/div><\/div><\/div><\/div><\/div>\n","protected":false},"excerpt":{"rendered":"","protected":false},"author":3,"featured_media":260,"parent":0,"menu_order":0,"comment_status":"closed","ping_status":"closed","template":"","meta":{"_acf_changed":false,"footnotes":""},"class_list":["post-89","page","type-page","status-publish","has-post-thumbnail","hentry"],"acf":[],"_links":{"self":[{"href":"https:\/\/www.ub.edu\/write-present\/wp-json\/wp\/v2\/pages\/89","targetHints":{"allow":["GET"]}}],"collection":[{"href":"https:\/\/www.ub.edu\/write-present\/wp-json\/wp\/v2\/pages"}],"about":[{"href":"https:\/\/www.ub.edu\/write-present\/wp-json\/wp\/v2\/types\/page"}],"author":[{"embeddable":true,"href":"https:\/\/www.ub.edu\/write-present\/wp-json\/wp\/v2\/users\/3"}],"replies":[{"embeddable":true,"href":"https:\/\/www.ub.edu\/write-present\/wp-json\/wp\/v2\/comments?post=89"}],"version-history":[{"count":1,"href":"https:\/\/www.ub.edu\/write-present\/wp-json\/wp\/v2\/pages\/89\/revisions"}],"predecessor-version":[{"id":1637,"href":"https:\/\/www.ub.edu\/write-present\/wp-json\/wp\/v2\/pages\/89\/revisions\/1637"}],"wp:featuredmedia":[{"embeddable":true,"href":"https:\/\/www.ub.edu\/write-present\/wp-json\/wp\/v2\/media\/260"}],"wp:attachment":[{"href":"https:\/\/www.ub.edu\/write-present\/wp-json\/wp\/v2\/media?parent=89"}],"curies":[{"name":"wp","href":"https:\/\/api.w.org\/{rel}","templated":true}]}}