{"id":127,"date":"2023-05-15T00:10:12","date_gmt":"2023-05-14T22:10:12","guid":{"rendered":"https:\/\/www.ub.edu\/zero\/?page_id=127"},"modified":"2023-06-11T01:31:40","modified_gmt":"2023-06-10T23:31:40","slug":"anonim-projecte-tc-1-p2-2023","status":"publish","type":"page","link":"https:\/\/www.ub.edu\/zero\/anonim-projecte-tc-1-p2-2023\/","title":{"rendered":"An\u00f2nim, Projecte TC 1 P2, 2023"},"content":{"rendered":"<h1 style=\"text-align: center;\"><strong><img decoding=\"async\" class=\"aligncenter size-full wp-image-830\" src=\"https:\/\/www.ub.edu\/zero\/wp-content\/uploads\/2023\/06\/a-_1_.png\" alt=\"\" \/> <img decoding=\"async\" class=\"aligncenter size-full wp-image-831\" src=\"https:\/\/www.ub.edu\/zero\/wp-content\/uploads\/2023\/06\/a-_2_.png\" alt=\"\" \/>TC I P2 (2023)<\/strong><\/h1>\n<p>&nbsp;<\/p>\n<h2 style=\"padding-left: 40px;\"><strong>Proves sobre la translucidesa de la porcella (diferents gruixos, objectes&#8230;) i els patrons de diferentes bases (esmalt, \u00f2xids, colorants&#8230;)<\/strong><\/h2>\n<p>&nbsp;<\/p>\n<p>&nbsp;<\/p>\n<h3 style=\"padding-left: 40px;\"><strong>Referents<\/strong><\/h3>\n<p><img loading=\"lazy\" decoding=\"async\" class=\"alignnone wp-image-133\" src=\"https:\/\/www.ub.edu\/zero\/wp-content\/uploads\/2023\/05\/2023-05-14-8-300x169.png\" alt=\"\" width=\"558\" height=\"314\" srcset=\"https:\/\/www.ub.edu\/zero\/wp-content\/uploads\/2023\/05\/2023-05-14-8-300x169.png 300w, https:\/\/www.ub.edu\/zero\/wp-content\/uploads\/2023\/05\/2023-05-14-8-1024x576.png 1024w, https:\/\/www.ub.edu\/zero\/wp-content\/uploads\/2023\/05\/2023-05-14-8.png 1920w\" sizes=\"auto, (max-width: 558px) 100vw, 558px\" \/> <img loading=\"lazy\" decoding=\"async\" class=\"alignnone wp-image-132\" src=\"https:\/\/www.ub.edu\/zero\/wp-content\/uploads\/2023\/05\/2023-05-14-9-300x210.png\" alt=\"\" width=\"451\" height=\"316\" srcset=\"https:\/\/www.ub.edu\/zero\/wp-content\/uploads\/2023\/05\/2023-05-14-9-300x210.png 300w, https:\/\/www.ub.edu\/zero\/wp-content\/uploads\/2023\/05\/2023-05-14-9-1024x717.png 1024w, https:\/\/www.ub.edu\/zero\/wp-content\/uploads\/2023\/05\/2023-05-14-9.png 1294w\" sizes=\"auto, (max-width: 451px) 100vw, 451px\" \/> <img loading=\"lazy\" decoding=\"async\" class=\"alignnone wp-image-131\" src=\"https:\/\/www.ub.edu\/zero\/wp-content\/uploads\/2023\/05\/2023-05-14-10-300x155.png\" alt=\"\" width=\"515\" height=\"266\" srcset=\"https:\/\/www.ub.edu\/zero\/wp-content\/uploads\/2023\/05\/2023-05-14-10-300x155.png 300w, https:\/\/www.ub.edu\/zero\/wp-content\/uploads\/2023\/05\/2023-05-14-10-1024x527.png 1024w, https:\/\/www.ub.edu\/zero\/wp-content\/uploads\/2023\/05\/2023-05-14-10.png 1920w\" sizes=\"auto, (max-width: 515px) 100vw, 515px\" \/> <img loading=\"lazy\" decoding=\"async\" class=\"alignnone wp-image-130\" src=\"https:\/\/www.ub.edu\/zero\/wp-content\/uploads\/2023\/05\/2023-05-14-6-300x106.png\" alt=\"\" width=\"758\" height=\"268\" srcset=\"https:\/\/www.ub.edu\/zero\/wp-content\/uploads\/2023\/05\/2023-05-14-6-300x106.png 300w, https:\/\/www.ub.edu\/zero\/wp-content\/uploads\/2023\/05\/2023-05-14-6-1024x361.png 1024w, https:\/\/www.ub.edu\/zero\/wp-content\/uploads\/2023\/05\/2023-05-14-6.png 1397w\" sizes=\"auto, (max-width: 758px) 100vw, 758px\" \/><\/p>\n<p>&nbsp;<\/p>\n<p>&nbsp;<\/p>\n<p>&nbsp;<\/p>\n<h3 style=\"padding-left: 40px;\">Proves<\/h3>\n<p>&nbsp;<\/p>\n<p>&nbsp;<\/p>\n<ul>\n<li style=\"list-style-type: none;\">\n<ul>\n<li style=\"list-style-type: none;\">\n<ul>\n<li>\n<h4 style=\"padding-left: 60px;\">prova 1<\/h4>\n<\/li>\n<\/ul>\n<\/li>\n<\/ul>\n<\/li>\n<\/ul>\n<p>&nbsp;<\/p>\n<p style=\"padding-left: 60px;\">patr\u00f3 fet a base de porcellana amb colorant rosa.<\/p>\n<p>&nbsp;<\/p>\n<p><img loading=\"lazy\" decoding=\"async\" class=\"alignnone wp-image-134\" src=\"https:\/\/www.ub.edu\/zero\/wp-content\/uploads\/2023\/05\/20230513_113545-240x300.jpg\" alt=\"\" width=\"340\" height=\"425\" srcset=\"https:\/\/www.ub.edu\/zero\/wp-content\/uploads\/2023\/05\/20230513_113545-240x300.jpg 240w, https:\/\/www.ub.edu\/zero\/wp-content\/uploads\/2023\/05\/20230513_113545-820x1024.jpg 820w, https:\/\/www.ub.edu\/zero\/wp-content\/uploads\/2023\/05\/20230513_113545.jpg 2908w\" sizes=\"auto, (max-width: 340px) 100vw, 340px\" \/> <img loading=\"lazy\" decoding=\"async\" class=\"alignnone wp-image-136\" src=\"https:\/\/www.ub.edu\/zero\/wp-content\/uploads\/2023\/05\/20230513_113650-252x300.jpg\" alt=\"\" width=\"356\" height=\"423\" \/> <img loading=\"lazy\" decoding=\"async\" class=\"alignnone wp-image-135\" src=\"https:\/\/www.ub.edu\/zero\/wp-content\/uploads\/2023\/05\/20230513_113455-244x300.jpg\" alt=\"\" width=\"343\" height=\"421\" srcset=\"https:\/\/www.ub.edu\/zero\/wp-content\/uploads\/2023\/05\/20230513_113455-244x300.jpg 244w, https:\/\/www.ub.edu\/zero\/wp-content\/uploads\/2023\/05\/20230513_113455-834x1024.jpg 834w, https:\/\/www.ub.edu\/zero\/wp-content\/uploads\/2023\/05\/20230513_113455.jpg 3029w\" sizes=\"auto, (max-width: 343px) 100vw, 343px\" \/><\/p>\n<p>&nbsp;<\/p>\n<p>&nbsp;<\/p>\n<ul>\n<li style=\"list-style-type: none;\">\n<ul>\n<li style=\"list-style-type: none;\">\n<ul>\n<li>\n<h4 style=\"padding-left: 60px;\">prova 2<\/h4>\n<\/li>\n<\/ul>\n<\/li>\n<\/ul>\n<\/li>\n<\/ul>\n<p>&nbsp;<\/p>\n<p style=\"padding-left: 60px;\"><em>Kintsugi<\/em> per unir les peces, dos t\u00e8cniques la de or en relleu i la de or a ras.<\/p>\n<p>&nbsp;<\/p>\n<p><img loading=\"lazy\" decoding=\"async\" class=\"alignnone wp-image-138\" src=\"https:\/\/www.ub.edu\/zero\/wp-content\/uploads\/2023\/05\/20230513_113206-252x300.jpg\" alt=\"\" width=\"376\" height=\"448\" srcset=\"https:\/\/www.ub.edu\/zero\/wp-content\/uploads\/2023\/05\/20230513_113206-252x300.jpg 252w, https:\/\/www.ub.edu\/zero\/wp-content\/uploads\/2023\/05\/20230513_113206-859x1024.jpg 859w, https:\/\/www.ub.edu\/zero\/wp-content\/uploads\/2023\/05\/20230513_113206.jpg 3261w\" sizes=\"auto, (max-width: 376px) 100vw, 376px\" \/> <img loading=\"lazy\" decoding=\"async\" class=\"alignnone wp-image-137\" src=\"https:\/\/www.ub.edu\/zero\/wp-content\/uploads\/2023\/05\/20230513_113134-236x300.jpg\" alt=\"\" width=\"354\" height=\"450\" srcset=\"https:\/\/www.ub.edu\/zero\/wp-content\/uploads\/2023\/05\/20230513_113134-236x300.jpg 236w, https:\/\/www.ub.edu\/zero\/wp-content\/uploads\/2023\/05\/20230513_113134-805x1024.jpg 805w, https:\/\/www.ub.edu\/zero\/wp-content\/uploads\/2023\/05\/20230513_113134.jpg 3152w\" sizes=\"auto, (max-width: 354px) 100vw, 354px\" \/><\/p>\n<p>&nbsp;<\/p>\n<p>&nbsp;<\/p>\n<ul>\n<li style=\"list-style-type: none;\">\n<ul>\n<li style=\"list-style-type: none;\">\n<ul>\n<li>\n<h4 style=\"padding-left: 60px;\">prova 3<\/h4>\n<\/li>\n<\/ul>\n<\/li>\n<\/ul>\n<\/li>\n<\/ul>\n<p>&nbsp;<\/p>\n<p style=\"padding-left: 60px;\"><em>Kintsugi<\/em> amb peces de diferents objectes.<\/p>\n<p>&nbsp;<\/p>\n<p><img loading=\"lazy\" decoding=\"async\" class=\"alignnone wp-image-139\" src=\"https:\/\/www.ub.edu\/zero\/wp-content\/uploads\/2023\/05\/20230513_114133-252x300.jpg\" alt=\"\" width=\"360\" height=\"428\" srcset=\"https:\/\/www.ub.edu\/zero\/wp-content\/uploads\/2023\/05\/20230513_114133-252x300.jpg 252w, https:\/\/www.ub.edu\/zero\/wp-content\/uploads\/2023\/05\/20230513_114133-860x1024.jpg 860w, https:\/\/www.ub.edu\/zero\/wp-content\/uploads\/2023\/05\/20230513_114133.jpg 3137w\" sizes=\"auto, (max-width: 360px) 100vw, 360px\" \/> <img loading=\"lazy\" decoding=\"async\" class=\"alignnone wp-image-140\" src=\"https:\/\/www.ub.edu\/zero\/wp-content\/uploads\/2023\/05\/20230513_114236-281x300.jpg\" alt=\"\" width=\"402\" height=\"430\" srcset=\"https:\/\/www.ub.edu\/zero\/wp-content\/uploads\/2023\/05\/20230513_114236-281x300.jpg 281w, https:\/\/www.ub.edu\/zero\/wp-content\/uploads\/2023\/05\/20230513_114236-959x1024.jpg 959w, https:\/\/www.ub.edu\/zero\/wp-content\/uploads\/2023\/05\/20230513_114236.jpg 3358w\" sizes=\"auto, (max-width: 402px) 100vw, 402px\" \/> <img loading=\"lazy\" decoding=\"async\" class=\"alignnone wp-image-141\" style=\"background-color: #ffffff;\" src=\"https:\/\/www.ub.edu\/zero\/wp-content\/uploads\/2023\/05\/20230513_114316-254x300.jpg\" alt=\"\" width=\"365\" height=\"431\" srcset=\"https:\/\/www.ub.edu\/zero\/wp-content\/uploads\/2023\/05\/20230513_114316-254x300.jpg 254w, https:\/\/www.ub.edu\/zero\/wp-content\/uploads\/2023\/05\/20230513_114316-866x1024.jpg 866w, https:\/\/www.ub.edu\/zero\/wp-content\/uploads\/2023\/05\/20230513_114316.jpg 3115w\" sizes=\"auto, (max-width: 365px) 100vw, 365px\" \/> <img loading=\"lazy\" decoding=\"async\" class=\"alignnone wp-image-142\" style=\"background-color: #ffffff;\" src=\"https:\/\/www.ub.edu\/zero\/wp-content\/uploads\/2023\/05\/20230513_114407-251x300.jpg\" alt=\"\" width=\"360\" height=\"430\" srcset=\"https:\/\/www.ub.edu\/zero\/wp-content\/uploads\/2023\/05\/20230513_114407-251x300.jpg 251w, https:\/\/www.ub.edu\/zero\/wp-content\/uploads\/2023\/05\/20230513_114407-855x1024.jpg 855w, https:\/\/www.ub.edu\/zero\/wp-content\/uploads\/2023\/05\/20230513_114407.jpg 2810w\" sizes=\"auto, (max-width: 360px) 100vw, 360px\" \/><\/p>\n<p>&nbsp;<\/p>\n<p>&nbsp;<\/p>\n<ul>\n<li style=\"list-style-type: none;\">\n<ul>\n<li style=\"list-style-type: none;\">\n<ul>\n<li>\n<h4 style=\"padding-left: 60px;\">prova 4<\/h4>\n<\/li>\n<\/ul>\n<\/li>\n<\/ul>\n<\/li>\n<\/ul>\n<p>&nbsp;<\/p>\n<p style=\"padding-left: 60px;\">patr\u00f3 amb esmalt blau per\u00f2 aplicat amb diferentes quantitats creant aquest efecte.<\/p>\n<p>&nbsp;<\/p>\n<p><img loading=\"lazy\" decoding=\"async\" class=\"alignnone wp-image-154\" src=\"https:\/\/www.ub.edu\/zero\/wp-content\/uploads\/2023\/05\/2023-05-14-14-243x300.png\" alt=\"\" width=\"334\" height=\"412\" srcset=\"https:\/\/www.ub.edu\/zero\/wp-content\/uploads\/2023\/05\/2023-05-14-14-243x300.png 243w, https:\/\/www.ub.edu\/zero\/wp-content\/uploads\/2023\/05\/2023-05-14-14.png 720w\" sizes=\"auto, (max-width: 334px) 100vw, 334px\" \/> <img loading=\"lazy\" decoding=\"async\" class=\"alignnone wp-image-155\" src=\"https:\/\/www.ub.edu\/zero\/wp-content\/uploads\/2023\/05\/2023-05-14-15-252x300.png\" alt=\"\" width=\"346\" height=\"412\" srcset=\"https:\/\/www.ub.edu\/zero\/wp-content\/uploads\/2023\/05\/2023-05-14-15-252x300.png 252w, https:\/\/www.ub.edu\/zero\/wp-content\/uploads\/2023\/05\/2023-05-14-15.png 722w\" sizes=\"auto, (max-width: 346px) 100vw, 346px\" \/> <img loading=\"lazy\" decoding=\"async\" class=\"alignnone wp-image-156\" src=\"https:\/\/www.ub.edu\/zero\/wp-content\/uploads\/2023\/05\/2023-05-14-13-224x300.png\" alt=\"\" width=\"307\" height=\"411\" srcset=\"https:\/\/www.ub.edu\/zero\/wp-content\/uploads\/2023\/05\/2023-05-14-13-224x300.png 224w, https:\/\/www.ub.edu\/zero\/wp-content\/uploads\/2023\/05\/2023-05-14-13.png 726w\" sizes=\"auto, (max-width: 307px) 100vw, 307px\" \/><\/p>\n<p>&nbsp;<\/p>\n<p>&nbsp;<\/p>\n<p>&nbsp;<\/p>\n<h3 style=\"padding-left: 40px;\">Presentaci\u00f3 final (02-06-2023)<\/h3>\n<h4 style=\"padding-left: 60px;\"><img decoding=\"async\" class=\"aligncenter size-full wp-image-823\" src=\"https:\/\/www.ub.edu\/zero\/wp-content\/uploads\/2023\/06\/20230602_153456.jpg\" alt=\"\" \/><\/h4>\n<p>&nbsp;<\/p>\n<p><a href=\"https:\/\/www.ub.edu\/zero\/wp-content\/uploads\/2023\/06\/a-1-1.jpg\"><img decoding=\"async\" class=\"alignleft wp-image-1085 size-full\" src=\"https:\/\/www.ub.edu\/zero\/wp-content\/uploads\/2023\/06\/a-1-1.jpg\" alt=\"\" \/><\/a> <a href=\"https:\/\/www.ub.edu\/zero\/wp-content\/uploads\/2023\/06\/a-2-1.jpg\"><img decoding=\"async\" class=\"alignleft wp-image-1086 size-full\" src=\"https:\/\/www.ub.edu\/zero\/wp-content\/uploads\/2023\/06\/a-2-1.jpg\" alt=\"\" \/><\/a><\/p>\n<p>&nbsp;<\/p>\n<p>&nbsp;<\/p>\n<p><span style=\"font-weight: 500;\">Trobo que aquest treball de prova i error m\u2019ha servit per valorar i aprendre de cada experi\u00e8ncia. Cada pe\u00e7a acaba sent diferent encara que tots els factors siguin els mateixos (material, temps, temperatura\u2026 ). Aleshores em pregunto,<\/span><\/p>\n<p><span style=\"font-weight: 500; color: #000080;\">per a qu\u00e8 esfor\u00e7ar-me a mantenir una estructura uniforme?<\/span><\/p>\n<p><span style=\"font-weight: 500;\">quan el material em falla cada cop, quan el motlle no \u00e9s perfectament sim\u00e8tric, quan la pe\u00e7a no para d\u2019esquerdar-se, quan la transpar\u00e8ncia no em funciona tot i reduir el gruix\u2026 . \u00c9s la difer\u00e8ncia tant lleu que sembla que no avanci? I d\u2019aquesta manera decideixo <\/span><span style=\"font-weight: 500; color: #000080;\">anar als extrem<\/span><span style=\"font-weight: 500;\"><span style=\"color: #000080;\">s<\/span>, a sortir de la zona de comfort i <\/span><span style=\"font-weight: 500; color: #000080;\">embellir la deformitat<\/span><span style=\"font-weight: 500;\"> que tant evitava tal com fa el <\/span><i><span style=\"font-weight: 500;\">kintsugi<\/span><\/i><span style=\"font-weight: 500;\"> amb les esquerdes de les peces reparades que les exalta en daurat per embellir-les i donar a la pe\u00e7a una nova vida.<\/span><\/p>\n<p>&nbsp;<\/p>\n<p><span style=\"font-weight: 500;\">Aqu\u00ed \u00e9s quan giro la prefer\u00e8ncia alhora de fer les <\/span><span style=\"font-weight: 500;\">L\u00e0mpades de porcellana transl\u00facida<\/span><span style=\"font-weight: 500;\">, <\/span><span style=\"font-weight: 500;\">de<\/span><\/p>\n<p><span style=\"font-weight: 500;\">\u00a0 \u00a0 \u00a0 \u00a0 \u00a0 \u00a0 \u00a0 \u00a0 \u00a01. forma<\/span>\u00a0 \u00a0 \u00a0 \u00a0 \u00a0 \u00a0 \u00a0 \u00a0 \u00a0 <span style=\"font-weight: 500;\">2. translucidesa<\/span><\/p>\n<p><span style=\"font-weight: 500;\">a<\/span><span style=\"font-weight: 500;\">\u00a0 \u00a0 \u00a0 \u00a0 \u00a0 \u00a0 \u00a0 \u00a01. translucidesa<\/span>\u00a0 \u00a0 <span style=\"font-weight: 500;\">2. forma<\/span><\/p>\n<p><span style=\"font-weight: 500;\">En altres paraules, <\/span><span style=\"font-weight: 500; color: #000080;\">Porcellana transl\u00facida en forma de l\u00e0mpada.<\/span><\/p>\n<p>&nbsp;<\/p>\n<p>&nbsp;<\/p>\n<p>&nbsp;<\/p>\n<p>&nbsp;<\/p>\n<p>&nbsp;<\/p>\n","protected":false},"excerpt":{"rendered":"<p>TC I P2 (2023) &nbsp; Proves sobre la translucidesa de la porcella (diferents gruixos, objectes&#8230;) i els patrons de diferentes bases (esmalt, \u00f2xids, colorants&#8230;) &nbsp; &nbsp; Referents &nbsp; &nbsp; &nbsp; Proves &nbsp; &nbsp; prova 1 &nbsp; patr\u00f3 fet a base de porcellana amb colorant rosa. &nbsp; &nbsp; &nbsp; prova 2 &nbsp; Kintsugi per unir les <a href=\"https:\/\/www.ub.edu\/zero\/anonim-projecte-tc-1-p2-2023\/\" class=\"more-link\">&#8230;<span class=\"screen-reader-text\">  An\u00f2nim, Projecte TC 1 P2, 2023<\/span><\/a><\/p>\n","protected":false},"author":2,"featured_media":0,"parent":0,"menu_order":0,"comment_status":"closed","ping_status":"closed","template":"","meta":{"footnotes":""},"class_list":["post-127","page","type-page","status-publish","hentry"],"_links":{"self":[{"href":"https:\/\/www.ub.edu\/zero\/wp-json\/wp\/v2\/pages\/127","targetHints":{"allow":["GET"]}}],"collection":[{"href":"https:\/\/www.ub.edu\/zero\/wp-json\/wp\/v2\/pages"}],"about":[{"href":"https:\/\/www.ub.edu\/zero\/wp-json\/wp\/v2\/types\/page"}],"author":[{"embeddable":true,"href":"https:\/\/www.ub.edu\/zero\/wp-json\/wp\/v2\/users\/2"}],"replies":[{"embeddable":true,"href":"https:\/\/www.ub.edu\/zero\/wp-json\/wp\/v2\/comments?post=127"}],"version-history":[{"count":40,"href":"https:\/\/www.ub.edu\/zero\/wp-json\/wp\/v2\/pages\/127\/revisions"}],"predecessor-version":[{"id":833,"href":"https:\/\/www.ub.edu\/zero\/wp-json\/wp\/v2\/pages\/127\/revisions\/833"}],"wp:attachment":[{"href":"https:\/\/www.ub.edu\/zero\/wp-json\/wp\/v2\/media?parent=127"}],"curies":[{"name":"wp","href":"https:\/\/api.w.org\/{rel}","templated":true}]}}